{"id":983,"date":"2024-12-07T18:53:01","date_gmt":"2024-12-07T17:53:01","guid":{"rendered":"http:\/\/aliceonglerie.com\/?post_type=product&#038;p=983"},"modified":"2025-02-08T16:17:25","modified_gmt":"2025-02-08T15:17:25","slug":"my-color-arcade","status":"publish","type":"product","link":"https:\/\/aliceonglerie.com\/?product=my-color-arcade","title":{"rendered":"My Color Arcade"},"content":{"rendered":"<p><iframe loading=\"lazy\" title=\"My Color Arcade\" width=\"1080\" height=\"608\" src=\"https:\/\/www.youtube.com\/embed\/T5rcJjRbvbE?feature=oembed\"  allow=\"accelerometer; autoplay; clipboard-write; encrypted-media; gyroscope; picture-in-picture; web-share\" referrerpolicy=\"strict-origin-when-cross-origin\" allowfullscreen><\/iframe><\/p>\n","protected":false},"excerpt":{"rendered":"<p>Vernis semi-permanent My Color<\/p>\n<p>Une teinte sobre et moderne, parfaite pour des cr\u00e9ations \u00e9l\u00e9gantes ou un effet Nail Art raffin\u00e9.<\/p>\n<p>&#8211; Couleur : gris, chic et intemporel.<br \/>\n&#8211; Texture : medium, offrant une couvrance impeccable d\u00e8s la premi\u00e8re couche.<\/p>\n<p>Applications possibles :<br \/>\n&#8211; Ongles naturels<br \/>\n&#8211; Renfort Rubber<br \/>\n&#8211; Gel<br \/>\n&#8211; R\u00e9sine<br \/>\n&#8211; Acrygel<\/p>\n<p>Sa pigmentation intense permet \u00e9galement une utilisation id\u00e9ale pour le Nail Art.<\/p>\n<p>Tenue longue dur\u00e9e assur\u00e9e lorsqu\u2019il est associ\u00e9 \u00e0 notre base Rubber Clear pour une adh\u00e9rence optimale.<\/p>\n<p>Temps de catalysation :<br \/>\n&#8211; UV : 120 secondes<br \/>\n&#8211; CCFL : 90 secondes<br \/>\n&#8211; LED : 60 secondes<br \/>\n&#8211; Bowled : 40 secondes<\/p>\n<p>Contenance : flacon de 10 ml<\/p>\n<p>Disponible en click &amp; collect \u00e0 Mouscron<\/p>\n","protected":false},"featured_media":984,"comment_status":"open","ping_status":"closed","template":"","meta":{"_et_pb_use_builder":"","_et_pb_old_content":"","_et_gb_content_width":"","_glsr_average":0,"_glsr_ranking":0,"_glsr_reviews":0},"product_brand":[],"product_cat":[23],"product_tag":[],"class_list":{"0":"post-983","1":"product","2":"type-product","3":"status-publish","4":"has-post-thumbnail","6":"product_cat-my-color","8":"first","9":"instock","10":"shipping-taxable","11":"purchasable","12":"product-type-simple"},"yoast_head":"<!-- This site is optimized with the Yoast SEO plugin v24.5 - https:\/\/yoast.com\/wordpress\/plugins\/seo\/ -->\n<title>My Color Arcade - ALICE ONGLERIE<\/title>\n<meta name=\"robots\" content=\"index, follow, max-snippet:-1, max-image-preview:large, max-video-preview:-1\" \/>\n<link rel=\"canonical\" href=\"https:\/\/aliceonglerie.com\/?product=my-color-arcade\" \/>\n<meta property=\"og:locale\" content=\"en_US\" \/>\n<meta property=\"og:type\" content=\"article\" \/>\n<meta property=\"og:title\" content=\"My Color Arcade - ALICE ONGLERIE\" \/>\n<meta property=\"og:description\" content=\"Vernis semi-permanent My Color  Une teinte sobre et moderne, parfaite pour des cr\u00e9ations \u00e9l\u00e9gantes ou un effet Nail Art raffin\u00e9.  - Couleur : gris, chic et intemporel. - Texture : medium, offrant une couvrance impeccable d\u00e8s la premi\u00e8re couche.  Applications possibles : - Ongles naturels - Renfort Rubber - Gel - R\u00e9sine - Acrygel  Sa pigmentation intense permet \u00e9galement une utilisation id\u00e9ale pour le Nail Art.  Tenue longue dur\u00e9e assur\u00e9e lorsqu\u2019il est associ\u00e9 \u00e0 notre base Rubber Clear pour une adh\u00e9rence optimale.  Temps de catalysation : - UV : 120 secondes - CCFL : 90 secondes - LED : 60 secondes - Bowled : 40 secondes  Contenance : flacon de 10 ml  Disponible en click &amp; collect \u00e0 Mouscron\" \/>\n<meta property=\"og:url\" content=\"https:\/\/aliceonglerie.com\/?product=my-color-arcade\" \/>\n<meta property=\"og:site_name\" content=\"ALICE ONGLERIE\" \/>\n<meta property=\"article:publisher\" content=\"https:\/\/www.facebook.com\/aliceonglerie\" \/>\n<meta property=\"article:modified_time\" content=\"2025-02-08T15:17:25+00:00\" \/>\n<meta property=\"og:image\" content=\"https:\/\/aliceonglerie.com\/wp-content\/uploads\/2024\/12\/26852.jpg.webp\" \/>\n\t<meta property=\"og:image:width\" content=\"1080\" \/>\n\t<meta property=\"og:image:height\" content=\"1080\" \/>\n\t<meta property=\"og:image:type\" content=\"image\/webp\" \/>\n<meta name=\"twitter:card\" content=\"summary_large_image\" \/>\n<script type=\"application\/ld+json\" class=\"yoast-schema-graph\">{\"@context\":\"https:\/\/schema.org\",\"@graph\":[{\"@type\":\"WebPage\",\"@id\":\"https:\/\/aliceonglerie.com\/?product=my-color-arcade\",\"url\":\"https:\/\/aliceonglerie.com\/?product=my-color-arcade\",\"name\":\"My Color Arcade - ALICE ONGLERIE\",\"isPartOf\":{\"@id\":\"https:\/\/aliceonglerie.com\/#website\"},\"primaryImageOfPage\":{\"@id\":\"https:\/\/aliceonglerie.com\/?product=my-color-arcade#primaryimage\"},\"image\":{\"@id\":\"https:\/\/aliceonglerie.com\/?product=my-color-arcade#primaryimage\"},\"thumbnailUrl\":\"https:\/\/aliceonglerie.com\/wp-content\/uploads\/2024\/12\/26852.jpg.webp\",\"datePublished\":\"2024-12-07T17:53:01+00:00\",\"dateModified\":\"2025-02-08T15:17:25+00:00\",\"breadcrumb\":{\"@id\":\"https:\/\/aliceonglerie.com\/?product=my-color-arcade#breadcrumb\"},\"inLanguage\":\"en-US\",\"potentialAction\":[{\"@type\":\"ReadAction\",\"target\":[\"https:\/\/aliceonglerie.com\/?product=my-color-arcade\"]}]},{\"@type\":\"ImageObject\",\"inLanguage\":\"en-US\",\"@id\":\"https:\/\/aliceonglerie.com\/?product=my-color-arcade#primaryimage\",\"url\":\"https:\/\/aliceonglerie.com\/wp-content\/uploads\/2024\/12\/26852.jpg.webp\",\"contentUrl\":\"https:\/\/aliceonglerie.com\/wp-content\/uploads\/2024\/12\/26852.jpg.webp\",\"width\":1080,\"height\":1080,\"caption\":\"26852.jpg\"},{\"@type\":\"BreadcrumbList\",\"@id\":\"https:\/\/aliceonglerie.com\/?product=my-color-arcade#breadcrumb\",\"itemListElement\":[{\"@type\":\"ListItem\",\"position\":1,\"name\":\"Accueil\",\"item\":\"https:\/\/aliceonglerie.com\/\"},{\"@type\":\"ListItem\",\"position\":2,\"name\":\"Produits\",\"item\":\"https:\/\/aliceonglerie.com\/?post_type=product\"},{\"@type\":\"ListItem\",\"position\":3,\"name\":\"My Color Arcade\"}]},{\"@type\":\"WebSite\",\"@id\":\"https:\/\/aliceonglerie.com\/#website\",\"url\":\"https:\/\/aliceonglerie.com\/\",\"name\":\"ALICE ONGLERIE\",\"description\":\"\",\"publisher\":{\"@id\":\"https:\/\/aliceonglerie.com\/#organization\"},\"potentialAction\":[{\"@type\":\"SearchAction\",\"target\":{\"@type\":\"EntryPoint\",\"urlTemplate\":\"https:\/\/aliceonglerie.com\/?s={search_term_string}\"},\"query-input\":{\"@type\":\"PropertyValueSpecification\",\"valueRequired\":true,\"valueName\":\"search_term_string\"}}],\"inLanguage\":\"en-US\"},{\"@type\":\"Organization\",\"@id\":\"https:\/\/aliceonglerie.com\/#organization\",\"name\":\"ALICE ONGLERIE\",\"url\":\"https:\/\/aliceonglerie.com\/\",\"logo\":{\"@type\":\"ImageObject\",\"inLanguage\":\"en-US\",\"@id\":\"https:\/\/aliceonglerie.com\/#\/schema\/logo\/image\/\",\"url\":\"https:\/\/aliceonglerie.com\/wp-content\/uploads\/2024\/12\/Alice-1.png\",\"contentUrl\":\"https:\/\/aliceonglerie.com\/wp-content\/uploads\/2024\/12\/Alice-1.png\",\"width\":300,\"height\":100,\"caption\":\"ALICE ONGLERIE\"},\"image\":{\"@id\":\"https:\/\/aliceonglerie.com\/#\/schema\/logo\/image\/\"},\"sameAs\":[\"https:\/\/www.facebook.com\/aliceonglerie\",\"https:\/\/www.instagram.com\/aliceonglerie\/\"]}]}<\/script>\n<!-- \/ Yoast SEO plugin. -->","yoast_head_json":{"title":"My Color Arcade - ALICE ONGLERIE","robots":{"index":"index","follow":"follow","max-snippet":"max-snippet:-1","max-image-preview":"max-image-preview:large","max-video-preview":"max-video-preview:-1"},"canonical":"https:\/\/aliceonglerie.com\/?product=my-color-arcade","og_locale":"en_US","og_type":"article","og_title":"My Color Arcade - ALICE ONGLERIE","og_description":"Vernis semi-permanent My Color  Une teinte sobre et moderne, parfaite pour des cr\u00e9ations \u00e9l\u00e9gantes ou un effet Nail Art raffin\u00e9.  - Couleur : gris, chic et intemporel. - Texture : medium, offrant une couvrance impeccable d\u00e8s la premi\u00e8re couche.  Applications possibles : - Ongles naturels - Renfort Rubber - Gel - R\u00e9sine - Acrygel  Sa pigmentation intense permet \u00e9galement une utilisation id\u00e9ale pour le Nail Art.  Tenue longue dur\u00e9e assur\u00e9e lorsqu\u2019il est associ\u00e9 \u00e0 notre base Rubber Clear pour une adh\u00e9rence optimale.  Temps de catalysation : - UV : 120 secondes - CCFL : 90 secondes - LED : 60 secondes - Bowled : 40 secondes  Contenance : flacon de 10 ml  Disponible en click &amp; collect \u00e0 Mouscron","og_url":"https:\/\/aliceonglerie.com\/?product=my-color-arcade","og_site_name":"ALICE ONGLERIE","article_publisher":"https:\/\/www.facebook.com\/aliceonglerie","article_modified_time":"2025-02-08T15:17:25+00:00","og_image":[{"width":1080,"height":1080,"url":"https:\/\/aliceonglerie.com\/wp-content\/uploads\/2024\/12\/26852.jpg.webp","type":"image\/webp"}],"twitter_card":"summary_large_image","schema":{"@context":"https:\/\/schema.org","@graph":[{"@type":"WebPage","@id":"https:\/\/aliceonglerie.com\/?product=my-color-arcade","url":"https:\/\/aliceonglerie.com\/?product=my-color-arcade","name":"My Color Arcade - ALICE ONGLERIE","isPartOf":{"@id":"https:\/\/aliceonglerie.com\/#website"},"primaryImageOfPage":{"@id":"https:\/\/aliceonglerie.com\/?product=my-color-arcade#primaryimage"},"image":{"@id":"https:\/\/aliceonglerie.com\/?product=my-color-arcade#primaryimage"},"thumbnailUrl":"https:\/\/aliceonglerie.com\/wp-content\/uploads\/2024\/12\/26852.jpg.webp","datePublished":"2024-12-07T17:53:01+00:00","dateModified":"2025-02-08T15:17:25+00:00","breadcrumb":{"@id":"https:\/\/aliceonglerie.com\/?product=my-color-arcade#breadcrumb"},"inLanguage":"en-US","potentialAction":[{"@type":"ReadAction","target":["https:\/\/aliceonglerie.com\/?product=my-color-arcade"]}]},{"@type":"ImageObject","inLanguage":"en-US","@id":"https:\/\/aliceonglerie.com\/?product=my-color-arcade#primaryimage","url":"https:\/\/aliceonglerie.com\/wp-content\/uploads\/2024\/12\/26852.jpg.webp","contentUrl":"https:\/\/aliceonglerie.com\/wp-content\/uploads\/2024\/12\/26852.jpg.webp","width":1080,"height":1080,"caption":"26852.jpg"},{"@type":"BreadcrumbList","@id":"https:\/\/aliceonglerie.com\/?product=my-color-arcade#breadcrumb","itemListElement":[{"@type":"ListItem","position":1,"name":"Accueil","item":"https:\/\/aliceonglerie.com\/"},{"@type":"ListItem","position":2,"name":"Produits","item":"https:\/\/aliceonglerie.com\/?post_type=product"},{"@type":"ListItem","position":3,"name":"My Color Arcade"}]},{"@type":"WebSite","@id":"https:\/\/aliceonglerie.com\/#website","url":"https:\/\/aliceonglerie.com\/","name":"ALICE ONGLERIE","description":"","publisher":{"@id":"https:\/\/aliceonglerie.com\/#organization"},"potentialAction":[{"@type":"SearchAction","target":{"@type":"EntryPoint","urlTemplate":"https:\/\/aliceonglerie.com\/?s={search_term_string}"},"query-input":{"@type":"PropertyValueSpecification","valueRequired":true,"valueName":"search_term_string"}}],"inLanguage":"en-US"},{"@type":"Organization","@id":"https:\/\/aliceonglerie.com\/#organization","name":"ALICE ONGLERIE","url":"https:\/\/aliceonglerie.com\/","logo":{"@type":"ImageObject","inLanguage":"en-US","@id":"https:\/\/aliceonglerie.com\/#\/schema\/logo\/image\/","url":"https:\/\/aliceonglerie.com\/wp-content\/uploads\/2024\/12\/Alice-1.png","contentUrl":"https:\/\/aliceonglerie.com\/wp-content\/uploads\/2024\/12\/Alice-1.png","width":300,"height":100,"caption":"ALICE ONGLERIE"},"image":{"@id":"https:\/\/aliceonglerie.com\/#\/schema\/logo\/image\/"},"sameAs":["https:\/\/www.facebook.com\/aliceonglerie","https:\/\/www.instagram.com\/aliceonglerie\/"]}]}},"jetpack_sharing_enabled":true,"_links":{"self":[{"href":"https:\/\/aliceonglerie.com\/index.php?rest_route=\/wp\/v2\/product\/983","targetHints":{"allow":["GET"]}}],"collection":[{"href":"https:\/\/aliceonglerie.com\/index.php?rest_route=\/wp\/v2\/product"}],"about":[{"href":"https:\/\/aliceonglerie.com\/index.php?rest_route=\/wp\/v2\/types\/product"}],"replies":[{"embeddable":true,"href":"https:\/\/aliceonglerie.com\/index.php?rest_route=%2Fwp%2Fv2%2Fcomments&post=983"}],"wp:featuredmedia":[{"embeddable":true,"href":"https:\/\/aliceonglerie.com\/index.php?rest_route=\/wp\/v2\/media\/984"}],"wp:attachment":[{"href":"https:\/\/aliceonglerie.com\/index.php?rest_route=%2Fwp%2Fv2%2Fmedia&parent=983"}],"wp:term":[{"taxonomy":"product_brand","embeddable":true,"href":"https:\/\/aliceonglerie.com\/index.php?rest_route=%2Fwp%2Fv2%2Fproduct_brand&post=983"},{"taxonomy":"product_cat","embeddable":true,"href":"https:\/\/aliceonglerie.com\/index.php?rest_route=%2Fwp%2Fv2%2Fproduct_cat&post=983"},{"taxonomy":"product_tag","embeddable":true,"href":"https:\/\/aliceonglerie.com\/index.php?rest_route=%2Fwp%2Fv2%2Fproduct_tag&post=983"}],"curies":[{"name":"wp","href":"https:\/\/api.w.org\/{rel}","templated":true}]}}