{"id":932,"date":"2024-12-07T17:13:10","date_gmt":"2024-12-07T16:13:10","guid":{"rendered":"http:\/\/aliceonglerie.com\/?post_type=product&#038;p=932"},"modified":"2024-12-07T17:13:11","modified_gmt":"2024-12-07T16:13:11","slug":"rubber-flakes-whity","status":"publish","type":"product","link":"https:\/\/aliceonglerie.com\/?product=rubber-flakes-whity","title":{"rendered":"Rubber Flakes Whity"},"content":{"rendered":"<p><iframe loading=\"lazy\" title=\"Rubber Flakes Whity\" width=\"1080\" height=\"608\" src=\"https:\/\/www.youtube.com\/embed\/iD8r-U-tJ1g?feature=oembed\"  allow=\"accelerometer; autoplay; clipboard-write; encrypted-media; gyroscope; picture-in-picture; web-share\" referrerpolicy=\"strict-origin-when-cross-origin\" allowfullscreen><\/iframe><\/p>\n","protected":false},"excerpt":{"rendered":"<p>Vernis semi-permanent base builder enrichi en fibres de verre et vitamines, id\u00e9al pour renforcer les ongles mous, cassants ou fragiles.<\/p>\n<ul>\n<li>\ud83c\udf38 Couleur blanc tr\u00e8s l\u00e9g\u00e8rement ros\u00e9 paillet\u00e9 Flake<\/li>\n<li>\u00a0Sa composition flexible avec des agents adh\u00e9rents assure une excellente tenue et un confort optimal.<\/li>\n<li>Les vitamines qu\u2019il contient prot\u00e8gent la surface de l\u2019ongle.<\/li>\n<\/ul>\n<p>Utilisation en gainage, avec la possibilit\u00e9 de r\u00e9aliser des mini-extensions.<\/p>\n<ul>\n<li>\u00a0Prolonge la tenue du vernis semi-permanent en renfor\u00e7ant la base sous la couleur, parfait pour les ongles fins, mous et fragiles.<\/li>\n<li>\u00a0Id\u00e9al pour la technique &#8220;No File&#8221;.<\/li>\n<\/ul>\n<p><strong>Contenance<\/strong> : Flacon 15 ml<br \/>\n\u23f1 Temps de catalysation : 120 secondes<br \/>\n\ud83d\udccd Disponible en click &amp; collect \u00e0 Mouscron<\/p>\n","protected":false},"featured_media":933,"comment_status":"open","ping_status":"closed","template":"","meta":{"_et_pb_use_builder":"","_et_pb_old_content":"","_et_gb_content_width":"","_glsr_average":0,"_glsr_ranking":0,"_glsr_reviews":0},"product_brand":[],"product_cat":[22],"product_tag":[],"class_list":{"0":"post-932","1":"product","2":"type-product","3":"status-publish","4":"has-post-thumbnail","6":"product_cat-ruber-base","8":"first","9":"instock","10":"shipping-taxable","11":"product-type-simple"},"yoast_head":"<!-- This site is optimized with the Yoast SEO plugin v24.5 - https:\/\/yoast.com\/wordpress\/plugins\/seo\/ -->\n<title>Rubber Flakes Whity - ALICE ONGLERIE<\/title>\n<meta name=\"robots\" content=\"index, follow, max-snippet:-1, max-image-preview:large, max-video-preview:-1\" \/>\n<link rel=\"canonical\" href=\"https:\/\/aliceonglerie.com\/?product=rubber-flakes-whity\" \/>\n<meta property=\"og:locale\" content=\"en_US\" \/>\n<meta property=\"og:type\" content=\"article\" \/>\n<meta property=\"og:title\" content=\"Rubber Flakes Whity - ALICE ONGLERIE\" \/>\n<meta property=\"og:description\" content=\"Vernis semi-permanent base builder enrichi en fibres de verre et vitamines, id\u00e9al pour renforcer les ongles mous, cassants ou fragiles.   \ud83c\udf38 Couleur blanc tr\u00e8s l\u00e9g\u00e8rement ros\u00e9 paillet\u00e9 Flake  \u00a0Sa composition flexible avec des agents adh\u00e9rents assure une excellente tenue et un confort optimal.  Les vitamines qu\u2019il contient prot\u00e8gent la surface de l\u2019ongle.  Utilisation en gainage, avec la possibilit\u00e9 de r\u00e9aliser des mini-extensions.   \u00a0Prolonge la tenue du vernis semi-permanent en renfor\u00e7ant la base sous la couleur, parfait pour les ongles fins, mous et fragiles.  \u00a0Id\u00e9al pour la technique &quot;No File&quot;.  Contenance : Flacon 15 ml \u23f1 Temps de catalysation : 120 secondes \ud83d\udccd Disponible en click &amp; collect \u00e0 Mouscron\" \/>\n<meta property=\"og:url\" content=\"https:\/\/aliceonglerie.com\/?product=rubber-flakes-whity\" \/>\n<meta property=\"og:site_name\" content=\"ALICE ONGLERIE\" \/>\n<meta property=\"article:publisher\" content=\"https:\/\/www.facebook.com\/aliceonglerie\" \/>\n<meta property=\"article:modified_time\" content=\"2024-12-07T16:13:11+00:00\" \/>\n<meta property=\"og:image\" content=\"https:\/\/aliceonglerie.com\/wp-content\/uploads\/2024\/12\/rubber-base-flakes-whity.jpg.webp\" \/>\n\t<meta property=\"og:image:width\" content=\"800\" \/>\n\t<meta property=\"og:image:height\" content=\"800\" \/>\n\t<meta property=\"og:image:type\" content=\"image\/webp\" \/>\n<meta name=\"twitter:card\" content=\"summary_large_image\" \/>\n<script type=\"application\/ld+json\" class=\"yoast-schema-graph\">{\"@context\":\"https:\/\/schema.org\",\"@graph\":[{\"@type\":\"WebPage\",\"@id\":\"https:\/\/aliceonglerie.com\/?product=rubber-flakes-whity\",\"url\":\"https:\/\/aliceonglerie.com\/?product=rubber-flakes-whity\",\"name\":\"Rubber Flakes Whity - ALICE ONGLERIE\",\"isPartOf\":{\"@id\":\"https:\/\/aliceonglerie.com\/#website\"},\"primaryImageOfPage\":{\"@id\":\"https:\/\/aliceonglerie.com\/?product=rubber-flakes-whity#primaryimage\"},\"image\":{\"@id\":\"https:\/\/aliceonglerie.com\/?product=rubber-flakes-whity#primaryimage\"},\"thumbnailUrl\":\"https:\/\/aliceonglerie.com\/wp-content\/uploads\/2024\/12\/rubber-base-flakes-whity.jpg.webp\",\"datePublished\":\"2024-12-07T16:13:10+00:00\",\"dateModified\":\"2024-12-07T16:13:11+00:00\",\"breadcrumb\":{\"@id\":\"https:\/\/aliceonglerie.com\/?product=rubber-flakes-whity#breadcrumb\"},\"inLanguage\":\"en-US\",\"potentialAction\":[{\"@type\":\"ReadAction\",\"target\":[\"https:\/\/aliceonglerie.com\/?product=rubber-flakes-whity\"]}]},{\"@type\":\"ImageObject\",\"inLanguage\":\"en-US\",\"@id\":\"https:\/\/aliceonglerie.com\/?product=rubber-flakes-whity#primaryimage\",\"url\":\"https:\/\/aliceonglerie.com\/wp-content\/uploads\/2024\/12\/rubber-base-flakes-whity.jpg.webp\",\"contentUrl\":\"https:\/\/aliceonglerie.com\/wp-content\/uploads\/2024\/12\/rubber-base-flakes-whity.jpg.webp\",\"width\":800,\"height\":800,\"caption\":\"rubber-base-flakes-whity.jpg\"},{\"@type\":\"BreadcrumbList\",\"@id\":\"https:\/\/aliceonglerie.com\/?product=rubber-flakes-whity#breadcrumb\",\"itemListElement\":[{\"@type\":\"ListItem\",\"position\":1,\"name\":\"Accueil\",\"item\":\"https:\/\/aliceonglerie.com\/\"},{\"@type\":\"ListItem\",\"position\":2,\"name\":\"Produits\",\"item\":\"https:\/\/aliceonglerie.com\/?post_type=product\"},{\"@type\":\"ListItem\",\"position\":3,\"name\":\"Rubber Flakes Whity\"}]},{\"@type\":\"WebSite\",\"@id\":\"https:\/\/aliceonglerie.com\/#website\",\"url\":\"https:\/\/aliceonglerie.com\/\",\"name\":\"ALICE ONGLERIE\",\"description\":\"\",\"publisher\":{\"@id\":\"https:\/\/aliceonglerie.com\/#organization\"},\"potentialAction\":[{\"@type\":\"SearchAction\",\"target\":{\"@type\":\"EntryPoint\",\"urlTemplate\":\"https:\/\/aliceonglerie.com\/?s={search_term_string}\"},\"query-input\":{\"@type\":\"PropertyValueSpecification\",\"valueRequired\":true,\"valueName\":\"search_term_string\"}}],\"inLanguage\":\"en-US\"},{\"@type\":\"Organization\",\"@id\":\"https:\/\/aliceonglerie.com\/#organization\",\"name\":\"ALICE ONGLERIE\",\"url\":\"https:\/\/aliceonglerie.com\/\",\"logo\":{\"@type\":\"ImageObject\",\"inLanguage\":\"en-US\",\"@id\":\"https:\/\/aliceonglerie.com\/#\/schema\/logo\/image\/\",\"url\":\"https:\/\/aliceonglerie.com\/wp-content\/uploads\/2024\/12\/Alice-1.png\",\"contentUrl\":\"https:\/\/aliceonglerie.com\/wp-content\/uploads\/2024\/12\/Alice-1.png\",\"width\":300,\"height\":100,\"caption\":\"ALICE ONGLERIE\"},\"image\":{\"@id\":\"https:\/\/aliceonglerie.com\/#\/schema\/logo\/image\/\"},\"sameAs\":[\"https:\/\/www.facebook.com\/aliceonglerie\",\"https:\/\/www.instagram.com\/aliceonglerie\/\"]}]}<\/script>\n<!-- \/ Yoast SEO plugin. -->","yoast_head_json":{"title":"Rubber Flakes Whity - ALICE ONGLERIE","robots":{"index":"index","follow":"follow","max-snippet":"max-snippet:-1","max-image-preview":"max-image-preview:large","max-video-preview":"max-video-preview:-1"},"canonical":"https:\/\/aliceonglerie.com\/?product=rubber-flakes-whity","og_locale":"en_US","og_type":"article","og_title":"Rubber Flakes Whity - ALICE ONGLERIE","og_description":"Vernis semi-permanent base builder enrichi en fibres de verre et vitamines, id\u00e9al pour renforcer les ongles mous, cassants ou fragiles.   \ud83c\udf38 Couleur blanc tr\u00e8s l\u00e9g\u00e8rement ros\u00e9 paillet\u00e9 Flake  \u00a0Sa composition flexible avec des agents adh\u00e9rents assure une excellente tenue et un confort optimal.  Les vitamines qu\u2019il contient prot\u00e8gent la surface de l\u2019ongle.  Utilisation en gainage, avec la possibilit\u00e9 de r\u00e9aliser des mini-extensions.   \u00a0Prolonge la tenue du vernis semi-permanent en renfor\u00e7ant la base sous la couleur, parfait pour les ongles fins, mous et fragiles.  \u00a0Id\u00e9al pour la technique \"No File\".  Contenance : Flacon 15 ml \u23f1 Temps de catalysation : 120 secondes \ud83d\udccd Disponible en click &amp; collect \u00e0 Mouscron","og_url":"https:\/\/aliceonglerie.com\/?product=rubber-flakes-whity","og_site_name":"ALICE ONGLERIE","article_publisher":"https:\/\/www.facebook.com\/aliceonglerie","article_modified_time":"2024-12-07T16:13:11+00:00","og_image":[{"width":800,"height":800,"url":"https:\/\/aliceonglerie.com\/wp-content\/uploads\/2024\/12\/rubber-base-flakes-whity.jpg.webp","type":"image\/webp"}],"twitter_card":"summary_large_image","schema":{"@context":"https:\/\/schema.org","@graph":[{"@type":"WebPage","@id":"https:\/\/aliceonglerie.com\/?product=rubber-flakes-whity","url":"https:\/\/aliceonglerie.com\/?product=rubber-flakes-whity","name":"Rubber Flakes Whity - ALICE ONGLERIE","isPartOf":{"@id":"https:\/\/aliceonglerie.com\/#website"},"primaryImageOfPage":{"@id":"https:\/\/aliceonglerie.com\/?product=rubber-flakes-whity#primaryimage"},"image":{"@id":"https:\/\/aliceonglerie.com\/?product=rubber-flakes-whity#primaryimage"},"thumbnailUrl":"https:\/\/aliceonglerie.com\/wp-content\/uploads\/2024\/12\/rubber-base-flakes-whity.jpg.webp","datePublished":"2024-12-07T16:13:10+00:00","dateModified":"2024-12-07T16:13:11+00:00","breadcrumb":{"@id":"https:\/\/aliceonglerie.com\/?product=rubber-flakes-whity#breadcrumb"},"inLanguage":"en-US","potentialAction":[{"@type":"ReadAction","target":["https:\/\/aliceonglerie.com\/?product=rubber-flakes-whity"]}]},{"@type":"ImageObject","inLanguage":"en-US","@id":"https:\/\/aliceonglerie.com\/?product=rubber-flakes-whity#primaryimage","url":"https:\/\/aliceonglerie.com\/wp-content\/uploads\/2024\/12\/rubber-base-flakes-whity.jpg.webp","contentUrl":"https:\/\/aliceonglerie.com\/wp-content\/uploads\/2024\/12\/rubber-base-flakes-whity.jpg.webp","width":800,"height":800,"caption":"rubber-base-flakes-whity.jpg"},{"@type":"BreadcrumbList","@id":"https:\/\/aliceonglerie.com\/?product=rubber-flakes-whity#breadcrumb","itemListElement":[{"@type":"ListItem","position":1,"name":"Accueil","item":"https:\/\/aliceonglerie.com\/"},{"@type":"ListItem","position":2,"name":"Produits","item":"https:\/\/aliceonglerie.com\/?post_type=product"},{"@type":"ListItem","position":3,"name":"Rubber Flakes Whity"}]},{"@type":"WebSite","@id":"https:\/\/aliceonglerie.com\/#website","url":"https:\/\/aliceonglerie.com\/","name":"ALICE ONGLERIE","description":"","publisher":{"@id":"https:\/\/aliceonglerie.com\/#organization"},"potentialAction":[{"@type":"SearchAction","target":{"@type":"EntryPoint","urlTemplate":"https:\/\/aliceonglerie.com\/?s={search_term_string}"},"query-input":{"@type":"PropertyValueSpecification","valueRequired":true,"valueName":"search_term_string"}}],"inLanguage":"en-US"},{"@type":"Organization","@id":"https:\/\/aliceonglerie.com\/#organization","name":"ALICE ONGLERIE","url":"https:\/\/aliceonglerie.com\/","logo":{"@type":"ImageObject","inLanguage":"en-US","@id":"https:\/\/aliceonglerie.com\/#\/schema\/logo\/image\/","url":"https:\/\/aliceonglerie.com\/wp-content\/uploads\/2024\/12\/Alice-1.png","contentUrl":"https:\/\/aliceonglerie.com\/wp-content\/uploads\/2024\/12\/Alice-1.png","width":300,"height":100,"caption":"ALICE ONGLERIE"},"image":{"@id":"https:\/\/aliceonglerie.com\/#\/schema\/logo\/image\/"},"sameAs":["https:\/\/www.facebook.com\/aliceonglerie","https:\/\/www.instagram.com\/aliceonglerie\/"]}]}},"jetpack_sharing_enabled":true,"_links":{"self":[{"href":"https:\/\/aliceonglerie.com\/index.php?rest_route=\/wp\/v2\/product\/932","targetHints":{"allow":["GET"]}}],"collection":[{"href":"https:\/\/aliceonglerie.com\/index.php?rest_route=\/wp\/v2\/product"}],"about":[{"href":"https:\/\/aliceonglerie.com\/index.php?rest_route=\/wp\/v2\/types\/product"}],"replies":[{"embeddable":true,"href":"https:\/\/aliceonglerie.com\/index.php?rest_route=%2Fwp%2Fv2%2Fcomments&post=932"}],"wp:featuredmedia":[{"embeddable":true,"href":"https:\/\/aliceonglerie.com\/index.php?rest_route=\/wp\/v2\/media\/933"}],"wp:attachment":[{"href":"https:\/\/aliceonglerie.com\/index.php?rest_route=%2Fwp%2Fv2%2Fmedia&parent=932"}],"wp:term":[{"taxonomy":"product_brand","embeddable":true,"href":"https:\/\/aliceonglerie.com\/index.php?rest_route=%2Fwp%2Fv2%2Fproduct_brand&post=932"},{"taxonomy":"product_cat","embeddable":true,"href":"https:\/\/aliceonglerie.com\/index.php?rest_route=%2Fwp%2Fv2%2Fproduct_cat&post=932"},{"taxonomy":"product_tag","embeddable":true,"href":"https:\/\/aliceonglerie.com\/index.php?rest_route=%2Fwp%2Fv2%2Fproduct_tag&post=932"}],"curies":[{"name":"wp","href":"https:\/\/api.w.org\/{rel}","templated":true}]}}