{"id":919,"date":"2024-12-07T16:49:56","date_gmt":"2024-12-07T15:49:56","guid":{"rendered":"http:\/\/aliceonglerie.com\/?post_type=product&#038;p=919"},"modified":"2024-12-07T16:49:56","modified_gmt":"2024-12-07T15:49:56","slug":"rubber-flakes-pastel-violet","status":"publish","type":"product","link":"https:\/\/aliceonglerie.com\/?product=rubber-flakes-pastel-violet","title":{"rendered":"Rubber Flakes Pastel Violet"},"content":{"rendered":"<p><iframe loading=\"lazy\" title=\"Rubber Flakes Pastel Violet\" width=\"1080\" height=\"608\" src=\"https:\/\/www.youtube.com\/embed\/i680JGzr7DU?feature=oembed\"  allow=\"accelerometer; autoplay; clipboard-write; encrypted-media; gyroscope; picture-in-picture; web-share\" referrerpolicy=\"strict-origin-when-cross-origin\" allowfullscreen><\/iframe><\/p>\n","protected":false},"excerpt":{"rendered":"<p>Vernis semi-permanent base builder enrichi en fibres de verre et vitamines, id\u00e9al pour renforcer les ongles mous, cassants ou fragiles.<\/p>\n<ul>\n<li>Couleur Pastel violet paillet\u00e9 Flake.<\/li>\n<li>Sa composition flexible avec des agents adh\u00e9rents assure une excellente tenue et un confort optimal.<\/li>\n<li>\u00a0Les vitamines qu\u2019il contient prot\u00e8gent la surface de l\u2019ongle.<\/li>\n<\/ul>\n<p>Utilisation en gainage, avec la possibilit\u00e9 de r\u00e9aliser des mini-extensions.<\/p>\n<ul>\n<li>Prolonge la tenue du vernis semi-permanent en renfor\u00e7ant la base sous la couleur, parfait pour les ongles fins, mous et fragiles.<\/li>\n<li>\u00a0Id\u00e9al pour la technique &#8220;No File&#8221;.<\/li>\n<\/ul>\n<p><strong>Contenance<\/strong> : Flacon 15 ml<br \/>\n\u23f1 Temps de catalysation : 120 secondes<br \/>\n\ud83d\udccd Disponible en click &amp; collect \u00e0 Mouscron<\/p>\n","protected":false},"featured_media":922,"comment_status":"open","ping_status":"closed","template":"","meta":{"_et_pb_use_builder":"","_et_pb_old_content":"","_et_gb_content_width":"","_glsr_average":0,"_glsr_ranking":0,"_glsr_reviews":0},"product_brand":[],"product_cat":[22],"product_tag":[],"class_list":{"0":"post-919","1":"product","2":"type-product","3":"status-publish","4":"has-post-thumbnail","6":"product_cat-ruber-base","8":"first","9":"instock","10":"shipping-taxable","11":"product-type-simple"},"yoast_head":"<!-- This site is optimized with the Yoast SEO plugin v24.5 - https:\/\/yoast.com\/wordpress\/plugins\/seo\/ -->\n<title>Rubber Flakes Pastel Violet - ALICE ONGLERIE<\/title>\n<meta name=\"robots\" content=\"index, follow, max-snippet:-1, max-image-preview:large, max-video-preview:-1\" \/>\n<link rel=\"canonical\" href=\"https:\/\/aliceonglerie.com\/?product=rubber-flakes-pastel-violet\" \/>\n<meta property=\"og:locale\" content=\"en_US\" \/>\n<meta property=\"og:type\" content=\"article\" \/>\n<meta property=\"og:title\" content=\"Rubber Flakes Pastel Violet - ALICE ONGLERIE\" \/>\n<meta property=\"og:description\" content=\"Vernis semi-permanent base builder enrichi en fibres de verre et vitamines, id\u00e9al pour renforcer les ongles mous, cassants ou fragiles.   Couleur Pastel violet paillet\u00e9 Flake.  Sa composition flexible avec des agents adh\u00e9rents assure une excellente tenue et un confort optimal.  \u00a0Les vitamines qu\u2019il contient prot\u00e8gent la surface de l\u2019ongle.  Utilisation en gainage, avec la possibilit\u00e9 de r\u00e9aliser des mini-extensions.   Prolonge la tenue du vernis semi-permanent en renfor\u00e7ant la base sous la couleur, parfait pour les ongles fins, mous et fragiles.  \u00a0Id\u00e9al pour la technique &quot;No File&quot;.  Contenance : Flacon 15 ml \u23f1 Temps de catalysation : 120 secondes \ud83d\udccd Disponible en click &amp; collect \u00e0 Mouscron\" \/>\n<meta property=\"og:url\" content=\"https:\/\/aliceonglerie.com\/?product=rubber-flakes-pastel-violet\" \/>\n<meta property=\"og:site_name\" content=\"ALICE ONGLERIE\" \/>\n<meta property=\"article:publisher\" content=\"https:\/\/www.facebook.com\/aliceonglerie\" \/>\n<meta property=\"og:image\" content=\"https:\/\/aliceonglerie.com\/wp-content\/uploads\/2024\/12\/23319.jpg.webp\" \/>\n\t<meta property=\"og:image:width\" content=\"1080\" \/>\n\t<meta property=\"og:image:height\" content=\"1080\" \/>\n\t<meta property=\"og:image:type\" content=\"image\/webp\" \/>\n<meta name=\"twitter:card\" content=\"summary_large_image\" \/>\n<script type=\"application\/ld+json\" class=\"yoast-schema-graph\">{\"@context\":\"https:\/\/schema.org\",\"@graph\":[{\"@type\":\"WebPage\",\"@id\":\"https:\/\/aliceonglerie.com\/?product=rubber-flakes-pastel-violet\",\"url\":\"https:\/\/aliceonglerie.com\/?product=rubber-flakes-pastel-violet\",\"name\":\"Rubber Flakes Pastel Violet - ALICE ONGLERIE\",\"isPartOf\":{\"@id\":\"https:\/\/aliceonglerie.com\/#website\"},\"primaryImageOfPage\":{\"@id\":\"https:\/\/aliceonglerie.com\/?product=rubber-flakes-pastel-violet#primaryimage\"},\"image\":{\"@id\":\"https:\/\/aliceonglerie.com\/?product=rubber-flakes-pastel-violet#primaryimage\"},\"thumbnailUrl\":\"https:\/\/aliceonglerie.com\/wp-content\/uploads\/2024\/12\/23319.jpg.webp\",\"datePublished\":\"2024-12-07T15:49:56+00:00\",\"breadcrumb\":{\"@id\":\"https:\/\/aliceonglerie.com\/?product=rubber-flakes-pastel-violet#breadcrumb\"},\"inLanguage\":\"en-US\",\"potentialAction\":[{\"@type\":\"ReadAction\",\"target\":[\"https:\/\/aliceonglerie.com\/?product=rubber-flakes-pastel-violet\"]}]},{\"@type\":\"ImageObject\",\"inLanguage\":\"en-US\",\"@id\":\"https:\/\/aliceonglerie.com\/?product=rubber-flakes-pastel-violet#primaryimage\",\"url\":\"https:\/\/aliceonglerie.com\/wp-content\/uploads\/2024\/12\/23319.jpg.webp\",\"contentUrl\":\"https:\/\/aliceonglerie.com\/wp-content\/uploads\/2024\/12\/23319.jpg.webp\",\"width\":1080,\"height\":1080,\"caption\":\"23319.jpg\"},{\"@type\":\"BreadcrumbList\",\"@id\":\"https:\/\/aliceonglerie.com\/?product=rubber-flakes-pastel-violet#breadcrumb\",\"itemListElement\":[{\"@type\":\"ListItem\",\"position\":1,\"name\":\"Accueil\",\"item\":\"https:\/\/aliceonglerie.com\/\"},{\"@type\":\"ListItem\",\"position\":2,\"name\":\"Produits\",\"item\":\"https:\/\/aliceonglerie.com\/?post_type=product\"},{\"@type\":\"ListItem\",\"position\":3,\"name\":\"Rubber Flakes Pastel Violet\"}]},{\"@type\":\"WebSite\",\"@id\":\"https:\/\/aliceonglerie.com\/#website\",\"url\":\"https:\/\/aliceonglerie.com\/\",\"name\":\"ALICE ONGLERIE\",\"description\":\"\",\"publisher\":{\"@id\":\"https:\/\/aliceonglerie.com\/#organization\"},\"potentialAction\":[{\"@type\":\"SearchAction\",\"target\":{\"@type\":\"EntryPoint\",\"urlTemplate\":\"https:\/\/aliceonglerie.com\/?s={search_term_string}\"},\"query-input\":{\"@type\":\"PropertyValueSpecification\",\"valueRequired\":true,\"valueName\":\"search_term_string\"}}],\"inLanguage\":\"en-US\"},{\"@type\":\"Organization\",\"@id\":\"https:\/\/aliceonglerie.com\/#organization\",\"name\":\"ALICE ONGLERIE\",\"url\":\"https:\/\/aliceonglerie.com\/\",\"logo\":{\"@type\":\"ImageObject\",\"inLanguage\":\"en-US\",\"@id\":\"https:\/\/aliceonglerie.com\/#\/schema\/logo\/image\/\",\"url\":\"https:\/\/aliceonglerie.com\/wp-content\/uploads\/2024\/12\/Alice-1.png\",\"contentUrl\":\"https:\/\/aliceonglerie.com\/wp-content\/uploads\/2024\/12\/Alice-1.png\",\"width\":300,\"height\":100,\"caption\":\"ALICE ONGLERIE\"},\"image\":{\"@id\":\"https:\/\/aliceonglerie.com\/#\/schema\/logo\/image\/\"},\"sameAs\":[\"https:\/\/www.facebook.com\/aliceonglerie\",\"https:\/\/www.instagram.com\/aliceonglerie\/\"]}]}<\/script>\n<!-- \/ Yoast SEO plugin. -->","yoast_head_json":{"title":"Rubber Flakes Pastel Violet - ALICE ONGLERIE","robots":{"index":"index","follow":"follow","max-snippet":"max-snippet:-1","max-image-preview":"max-image-preview:large","max-video-preview":"max-video-preview:-1"},"canonical":"https:\/\/aliceonglerie.com\/?product=rubber-flakes-pastel-violet","og_locale":"en_US","og_type":"article","og_title":"Rubber Flakes Pastel Violet - ALICE ONGLERIE","og_description":"Vernis semi-permanent base builder enrichi en fibres de verre et vitamines, id\u00e9al pour renforcer les ongles mous, cassants ou fragiles.   Couleur Pastel violet paillet\u00e9 Flake.  Sa composition flexible avec des agents adh\u00e9rents assure une excellente tenue et un confort optimal.  \u00a0Les vitamines qu\u2019il contient prot\u00e8gent la surface de l\u2019ongle.  Utilisation en gainage, avec la possibilit\u00e9 de r\u00e9aliser des mini-extensions.   Prolonge la tenue du vernis semi-permanent en renfor\u00e7ant la base sous la couleur, parfait pour les ongles fins, mous et fragiles.  \u00a0Id\u00e9al pour la technique \"No File\".  Contenance : Flacon 15 ml \u23f1 Temps de catalysation : 120 secondes \ud83d\udccd Disponible en click &amp; collect \u00e0 Mouscron","og_url":"https:\/\/aliceonglerie.com\/?product=rubber-flakes-pastel-violet","og_site_name":"ALICE ONGLERIE","article_publisher":"https:\/\/www.facebook.com\/aliceonglerie","og_image":[{"width":1080,"height":1080,"url":"https:\/\/aliceonglerie.com\/wp-content\/uploads\/2024\/12\/23319.jpg.webp","type":"image\/webp"}],"twitter_card":"summary_large_image","schema":{"@context":"https:\/\/schema.org","@graph":[{"@type":"WebPage","@id":"https:\/\/aliceonglerie.com\/?product=rubber-flakes-pastel-violet","url":"https:\/\/aliceonglerie.com\/?product=rubber-flakes-pastel-violet","name":"Rubber Flakes Pastel Violet - ALICE ONGLERIE","isPartOf":{"@id":"https:\/\/aliceonglerie.com\/#website"},"primaryImageOfPage":{"@id":"https:\/\/aliceonglerie.com\/?product=rubber-flakes-pastel-violet#primaryimage"},"image":{"@id":"https:\/\/aliceonglerie.com\/?product=rubber-flakes-pastel-violet#primaryimage"},"thumbnailUrl":"https:\/\/aliceonglerie.com\/wp-content\/uploads\/2024\/12\/23319.jpg.webp","datePublished":"2024-12-07T15:49:56+00:00","breadcrumb":{"@id":"https:\/\/aliceonglerie.com\/?product=rubber-flakes-pastel-violet#breadcrumb"},"inLanguage":"en-US","potentialAction":[{"@type":"ReadAction","target":["https:\/\/aliceonglerie.com\/?product=rubber-flakes-pastel-violet"]}]},{"@type":"ImageObject","inLanguage":"en-US","@id":"https:\/\/aliceonglerie.com\/?product=rubber-flakes-pastel-violet#primaryimage","url":"https:\/\/aliceonglerie.com\/wp-content\/uploads\/2024\/12\/23319.jpg.webp","contentUrl":"https:\/\/aliceonglerie.com\/wp-content\/uploads\/2024\/12\/23319.jpg.webp","width":1080,"height":1080,"caption":"23319.jpg"},{"@type":"BreadcrumbList","@id":"https:\/\/aliceonglerie.com\/?product=rubber-flakes-pastel-violet#breadcrumb","itemListElement":[{"@type":"ListItem","position":1,"name":"Accueil","item":"https:\/\/aliceonglerie.com\/"},{"@type":"ListItem","position":2,"name":"Produits","item":"https:\/\/aliceonglerie.com\/?post_type=product"},{"@type":"ListItem","position":3,"name":"Rubber Flakes Pastel Violet"}]},{"@type":"WebSite","@id":"https:\/\/aliceonglerie.com\/#website","url":"https:\/\/aliceonglerie.com\/","name":"ALICE ONGLERIE","description":"","publisher":{"@id":"https:\/\/aliceonglerie.com\/#organization"},"potentialAction":[{"@type":"SearchAction","target":{"@type":"EntryPoint","urlTemplate":"https:\/\/aliceonglerie.com\/?s={search_term_string}"},"query-input":{"@type":"PropertyValueSpecification","valueRequired":true,"valueName":"search_term_string"}}],"inLanguage":"en-US"},{"@type":"Organization","@id":"https:\/\/aliceonglerie.com\/#organization","name":"ALICE ONGLERIE","url":"https:\/\/aliceonglerie.com\/","logo":{"@type":"ImageObject","inLanguage":"en-US","@id":"https:\/\/aliceonglerie.com\/#\/schema\/logo\/image\/","url":"https:\/\/aliceonglerie.com\/wp-content\/uploads\/2024\/12\/Alice-1.png","contentUrl":"https:\/\/aliceonglerie.com\/wp-content\/uploads\/2024\/12\/Alice-1.png","width":300,"height":100,"caption":"ALICE ONGLERIE"},"image":{"@id":"https:\/\/aliceonglerie.com\/#\/schema\/logo\/image\/"},"sameAs":["https:\/\/www.facebook.com\/aliceonglerie","https:\/\/www.instagram.com\/aliceonglerie\/"]}]}},"jetpack_sharing_enabled":true,"_links":{"self":[{"href":"https:\/\/aliceonglerie.com\/index.php?rest_route=\/wp\/v2\/product\/919","targetHints":{"allow":["GET"]}}],"collection":[{"href":"https:\/\/aliceonglerie.com\/index.php?rest_route=\/wp\/v2\/product"}],"about":[{"href":"https:\/\/aliceonglerie.com\/index.php?rest_route=\/wp\/v2\/types\/product"}],"replies":[{"embeddable":true,"href":"https:\/\/aliceonglerie.com\/index.php?rest_route=%2Fwp%2Fv2%2Fcomments&post=919"}],"wp:featuredmedia":[{"embeddable":true,"href":"https:\/\/aliceonglerie.com\/index.php?rest_route=\/wp\/v2\/media\/922"}],"wp:attachment":[{"href":"https:\/\/aliceonglerie.com\/index.php?rest_route=%2Fwp%2Fv2%2Fmedia&parent=919"}],"wp:term":[{"taxonomy":"product_brand","embeddable":true,"href":"https:\/\/aliceonglerie.com\/index.php?rest_route=%2Fwp%2Fv2%2Fproduct_brand&post=919"},{"taxonomy":"product_cat","embeddable":true,"href":"https:\/\/aliceonglerie.com\/index.php?rest_route=%2Fwp%2Fv2%2Fproduct_cat&post=919"},{"taxonomy":"product_tag","embeddable":true,"href":"https:\/\/aliceonglerie.com\/index.php?rest_route=%2Fwp%2Fv2%2Fproduct_tag&post=919"}],"curies":[{"name":"wp","href":"https:\/\/api.w.org\/{rel}","templated":true}]}}