{"id":880,"date":"2024-12-06T19:06:58","date_gmt":"2024-12-06T18:06:58","guid":{"rendered":"http:\/\/aliceonglerie.com\/?post_type=product&#038;p=880"},"modified":"2025-01-01T14:59:52","modified_gmt":"2025-01-01T13:59:52","slug":"rubber-base-ultra-pink","status":"publish","type":"product","link":"https:\/\/aliceonglerie.com\/?product=rubber-base-ultra-pink","title":{"rendered":"Rubber Base Ultra Pink"},"content":{"rendered":"<p><iframe loading=\"lazy\" title=\"rubber base ultra pink\" width=\"1080\" height=\"608\" src=\"https:\/\/www.youtube.com\/embed\/AcGw93HW6xs?feature=oembed\"  allow=\"accelerometer; autoplay; clipboard-write; encrypted-media; gyroscope; picture-in-picture; web-share\" referrerpolicy=\"strict-origin-when-cross-origin\" allowfullscreen><\/iframe><\/p>\n","protected":false},"excerpt":{"rendered":"<h3>Description du Produit<\/h3>\n<p>La formulation et la texture de notre Rubber Base ont \u00e9t\u00e9 soigneusement \u00e9labor\u00e9es pour assurer un confort d&#8217;application et une tenue optimale.<\/p>\n<p><strong>Vernis semi-permanent base builder<\/strong> : con\u00e7u pour renforcer les ongles naturels.<\/p>\n<ul>\n<li><strong>Couleur<\/strong> : rose intense<\/li>\n<li>Sa texture flexible, enrichie en agents adh\u00e9rents, garantit une excellente adh\u00e9rence et un grand confort.<\/li>\n<\/ul>\n<p>Utilis\u00e9e en gainage, elle permet \u00e9galement de r\u00e9aliser de petites extensions. Elle prolonge la tenue du vernis semi-permanent, offrant un soutien aux ongles fins, mous et fragiles.<\/p>\n<p>Peut \u00eatre appliqu\u00e9e comme base sous votre vernis semi-permanent ou vos poses en gels et Acrygels.<\/p>\n<ul>\n<li><strong>Caract\u00e9ristiques<\/strong> : texture auto-\u00e9galissante, non collante et sans bulles.<\/li>\n<li>Id\u00e9ale pour la technique &#8220;No File&#8221;.<\/li>\n<\/ul>\n<p><strong>Contenance<\/strong> : 15 ml en bouteille, sans Hema.<\/p>\n","protected":false},"featured_media":881,"comment_status":"open","ping_status":"closed","template":"","meta":{"_et_pb_use_builder":"","_et_pb_old_content":"","_et_gb_content_width":"","_glsr_average":0,"_glsr_ranking":0,"_glsr_reviews":0},"product_brand":[],"product_cat":[17],"product_tag":[],"class_list":{"0":"post-880","1":"product","2":"type-product","3":"status-publish","4":"has-post-thumbnail","6":"product_cat-non-classe","8":"first","9":"instock","10":"shipping-taxable","11":"purchasable","12":"product-type-simple"},"yoast_head":"<!-- This site is optimized with the Yoast SEO plugin v24.5 - https:\/\/yoast.com\/wordpress\/plugins\/seo\/ -->\n<title>Rubber Base Ultra Pink - ALICE ONGLERIE<\/title>\n<meta name=\"robots\" content=\"index, follow, max-snippet:-1, max-image-preview:large, max-video-preview:-1\" \/>\n<link rel=\"canonical\" href=\"https:\/\/aliceonglerie.com\/?product=rubber-base-ultra-pink\" \/>\n<meta property=\"og:locale\" content=\"en_US\" \/>\n<meta property=\"og:type\" content=\"article\" \/>\n<meta property=\"og:title\" content=\"Rubber Base Ultra Pink - ALICE ONGLERIE\" \/>\n<meta property=\"og:description\" content=\"Description du Produit La formulation et la texture de notre Rubber Base ont \u00e9t\u00e9 soigneusement \u00e9labor\u00e9es pour assurer un confort d&#039;application et une tenue optimale.  Vernis semi-permanent base builder : con\u00e7u pour renforcer les ongles naturels.   Couleur : rose intense  Sa texture flexible, enrichie en agents adh\u00e9rents, garantit une excellente adh\u00e9rence et un grand confort.  Utilis\u00e9e en gainage, elle permet \u00e9galement de r\u00e9aliser de petites extensions. Elle prolonge la tenue du vernis semi-permanent, offrant un soutien aux ongles fins, mous et fragiles.  Peut \u00eatre appliqu\u00e9e comme base sous votre vernis semi-permanent ou vos poses en gels et Acrygels.   Caract\u00e9ristiques : texture auto-\u00e9galissante, non collante et sans bulles.  Id\u00e9ale pour la technique &quot;No File&quot;.  Contenance : 15 ml en bouteille, sans Hema.\" \/>\n<meta property=\"og:url\" content=\"https:\/\/aliceonglerie.com\/?product=rubber-base-ultra-pink\" \/>\n<meta property=\"og:site_name\" content=\"ALICE ONGLERIE\" \/>\n<meta property=\"article:publisher\" content=\"https:\/\/www.facebook.com\/aliceonglerie\" \/>\n<meta property=\"article:modified_time\" content=\"2025-01-01T13:59:52+00:00\" \/>\n<meta property=\"og:image\" content=\"https:\/\/aliceonglerie.com\/wp-content\/uploads\/2024\/12\/26712.jpg.webp\" \/>\n\t<meta property=\"og:image:width\" content=\"1080\" \/>\n\t<meta property=\"og:image:height\" content=\"1080\" \/>\n\t<meta property=\"og:image:type\" content=\"image\/webp\" \/>\n<meta name=\"twitter:card\" content=\"summary_large_image\" \/>\n<script type=\"application\/ld+json\" class=\"yoast-schema-graph\">{\"@context\":\"https:\/\/schema.org\",\"@graph\":[{\"@type\":\"WebPage\",\"@id\":\"https:\/\/aliceonglerie.com\/?product=rubber-base-ultra-pink\",\"url\":\"https:\/\/aliceonglerie.com\/?product=rubber-base-ultra-pink\",\"name\":\"Rubber Base Ultra Pink - ALICE ONGLERIE\",\"isPartOf\":{\"@id\":\"https:\/\/aliceonglerie.com\/#website\"},\"primaryImageOfPage\":{\"@id\":\"https:\/\/aliceonglerie.com\/?product=rubber-base-ultra-pink#primaryimage\"},\"image\":{\"@id\":\"https:\/\/aliceonglerie.com\/?product=rubber-base-ultra-pink#primaryimage\"},\"thumbnailUrl\":\"https:\/\/aliceonglerie.com\/wp-content\/uploads\/2024\/12\/26712.jpg.webp\",\"datePublished\":\"2024-12-06T18:06:58+00:00\",\"dateModified\":\"2025-01-01T13:59:52+00:00\",\"breadcrumb\":{\"@id\":\"https:\/\/aliceonglerie.com\/?product=rubber-base-ultra-pink#breadcrumb\"},\"inLanguage\":\"en-US\",\"potentialAction\":[{\"@type\":\"ReadAction\",\"target\":[\"https:\/\/aliceonglerie.com\/?product=rubber-base-ultra-pink\"]}]},{\"@type\":\"ImageObject\",\"inLanguage\":\"en-US\",\"@id\":\"https:\/\/aliceonglerie.com\/?product=rubber-base-ultra-pink#primaryimage\",\"url\":\"https:\/\/aliceonglerie.com\/wp-content\/uploads\/2024\/12\/26712.jpg.webp\",\"contentUrl\":\"https:\/\/aliceonglerie.com\/wp-content\/uploads\/2024\/12\/26712.jpg.webp\",\"width\":1080,\"height\":1080,\"caption\":\"26712.jpg\"},{\"@type\":\"BreadcrumbList\",\"@id\":\"https:\/\/aliceonglerie.com\/?product=rubber-base-ultra-pink#breadcrumb\",\"itemListElement\":[{\"@type\":\"ListItem\",\"position\":1,\"name\":\"Accueil\",\"item\":\"https:\/\/aliceonglerie.com\/\"},{\"@type\":\"ListItem\",\"position\":2,\"name\":\"Produits\",\"item\":\"https:\/\/aliceonglerie.com\/?post_type=product\"},{\"@type\":\"ListItem\",\"position\":3,\"name\":\"Rubber Base Ultra Pink\"}]},{\"@type\":\"WebSite\",\"@id\":\"https:\/\/aliceonglerie.com\/#website\",\"url\":\"https:\/\/aliceonglerie.com\/\",\"name\":\"ALICE ONGLERIE\",\"description\":\"\",\"publisher\":{\"@id\":\"https:\/\/aliceonglerie.com\/#organization\"},\"potentialAction\":[{\"@type\":\"SearchAction\",\"target\":{\"@type\":\"EntryPoint\",\"urlTemplate\":\"https:\/\/aliceonglerie.com\/?s={search_term_string}\"},\"query-input\":{\"@type\":\"PropertyValueSpecification\",\"valueRequired\":true,\"valueName\":\"search_term_string\"}}],\"inLanguage\":\"en-US\"},{\"@type\":\"Organization\",\"@id\":\"https:\/\/aliceonglerie.com\/#organization\",\"name\":\"ALICE ONGLERIE\",\"url\":\"https:\/\/aliceonglerie.com\/\",\"logo\":{\"@type\":\"ImageObject\",\"inLanguage\":\"en-US\",\"@id\":\"https:\/\/aliceonglerie.com\/#\/schema\/logo\/image\/\",\"url\":\"https:\/\/aliceonglerie.com\/wp-content\/uploads\/2024\/12\/Alice-1.png\",\"contentUrl\":\"https:\/\/aliceonglerie.com\/wp-content\/uploads\/2024\/12\/Alice-1.png\",\"width\":300,\"height\":100,\"caption\":\"ALICE ONGLERIE\"},\"image\":{\"@id\":\"https:\/\/aliceonglerie.com\/#\/schema\/logo\/image\/\"},\"sameAs\":[\"https:\/\/www.facebook.com\/aliceonglerie\",\"https:\/\/www.instagram.com\/aliceonglerie\/\"]}]}<\/script>\n<!-- \/ Yoast SEO plugin. -->","yoast_head_json":{"title":"Rubber Base Ultra Pink - ALICE ONGLERIE","robots":{"index":"index","follow":"follow","max-snippet":"max-snippet:-1","max-image-preview":"max-image-preview:large","max-video-preview":"max-video-preview:-1"},"canonical":"https:\/\/aliceonglerie.com\/?product=rubber-base-ultra-pink","og_locale":"en_US","og_type":"article","og_title":"Rubber Base Ultra Pink - ALICE ONGLERIE","og_description":"Description du Produit La formulation et la texture de notre Rubber Base ont \u00e9t\u00e9 soigneusement \u00e9labor\u00e9es pour assurer un confort d'application et une tenue optimale.  Vernis semi-permanent base builder : con\u00e7u pour renforcer les ongles naturels.   Couleur : rose intense  Sa texture flexible, enrichie en agents adh\u00e9rents, garantit une excellente adh\u00e9rence et un grand confort.  Utilis\u00e9e en gainage, elle permet \u00e9galement de r\u00e9aliser de petites extensions. Elle prolonge la tenue du vernis semi-permanent, offrant un soutien aux ongles fins, mous et fragiles.  Peut \u00eatre appliqu\u00e9e comme base sous votre vernis semi-permanent ou vos poses en gels et Acrygels.   Caract\u00e9ristiques : texture auto-\u00e9galissante, non collante et sans bulles.  Id\u00e9ale pour la technique \"No File\".  Contenance : 15 ml en bouteille, sans Hema.","og_url":"https:\/\/aliceonglerie.com\/?product=rubber-base-ultra-pink","og_site_name":"ALICE ONGLERIE","article_publisher":"https:\/\/www.facebook.com\/aliceonglerie","article_modified_time":"2025-01-01T13:59:52+00:00","og_image":[{"width":1080,"height":1080,"url":"https:\/\/aliceonglerie.com\/wp-content\/uploads\/2024\/12\/26712.jpg.webp","type":"image\/webp"}],"twitter_card":"summary_large_image","schema":{"@context":"https:\/\/schema.org","@graph":[{"@type":"WebPage","@id":"https:\/\/aliceonglerie.com\/?product=rubber-base-ultra-pink","url":"https:\/\/aliceonglerie.com\/?product=rubber-base-ultra-pink","name":"Rubber Base Ultra Pink - ALICE ONGLERIE","isPartOf":{"@id":"https:\/\/aliceonglerie.com\/#website"},"primaryImageOfPage":{"@id":"https:\/\/aliceonglerie.com\/?product=rubber-base-ultra-pink#primaryimage"},"image":{"@id":"https:\/\/aliceonglerie.com\/?product=rubber-base-ultra-pink#primaryimage"},"thumbnailUrl":"https:\/\/aliceonglerie.com\/wp-content\/uploads\/2024\/12\/26712.jpg.webp","datePublished":"2024-12-06T18:06:58+00:00","dateModified":"2025-01-01T13:59:52+00:00","breadcrumb":{"@id":"https:\/\/aliceonglerie.com\/?product=rubber-base-ultra-pink#breadcrumb"},"inLanguage":"en-US","potentialAction":[{"@type":"ReadAction","target":["https:\/\/aliceonglerie.com\/?product=rubber-base-ultra-pink"]}]},{"@type":"ImageObject","inLanguage":"en-US","@id":"https:\/\/aliceonglerie.com\/?product=rubber-base-ultra-pink#primaryimage","url":"https:\/\/aliceonglerie.com\/wp-content\/uploads\/2024\/12\/26712.jpg.webp","contentUrl":"https:\/\/aliceonglerie.com\/wp-content\/uploads\/2024\/12\/26712.jpg.webp","width":1080,"height":1080,"caption":"26712.jpg"},{"@type":"BreadcrumbList","@id":"https:\/\/aliceonglerie.com\/?product=rubber-base-ultra-pink#breadcrumb","itemListElement":[{"@type":"ListItem","position":1,"name":"Accueil","item":"https:\/\/aliceonglerie.com\/"},{"@type":"ListItem","position":2,"name":"Produits","item":"https:\/\/aliceonglerie.com\/?post_type=product"},{"@type":"ListItem","position":3,"name":"Rubber Base Ultra Pink"}]},{"@type":"WebSite","@id":"https:\/\/aliceonglerie.com\/#website","url":"https:\/\/aliceonglerie.com\/","name":"ALICE ONGLERIE","description":"","publisher":{"@id":"https:\/\/aliceonglerie.com\/#organization"},"potentialAction":[{"@type":"SearchAction","target":{"@type":"EntryPoint","urlTemplate":"https:\/\/aliceonglerie.com\/?s={search_term_string}"},"query-input":{"@type":"PropertyValueSpecification","valueRequired":true,"valueName":"search_term_string"}}],"inLanguage":"en-US"},{"@type":"Organization","@id":"https:\/\/aliceonglerie.com\/#organization","name":"ALICE ONGLERIE","url":"https:\/\/aliceonglerie.com\/","logo":{"@type":"ImageObject","inLanguage":"en-US","@id":"https:\/\/aliceonglerie.com\/#\/schema\/logo\/image\/","url":"https:\/\/aliceonglerie.com\/wp-content\/uploads\/2024\/12\/Alice-1.png","contentUrl":"https:\/\/aliceonglerie.com\/wp-content\/uploads\/2024\/12\/Alice-1.png","width":300,"height":100,"caption":"ALICE ONGLERIE"},"image":{"@id":"https:\/\/aliceonglerie.com\/#\/schema\/logo\/image\/"},"sameAs":["https:\/\/www.facebook.com\/aliceonglerie","https:\/\/www.instagram.com\/aliceonglerie\/"]}]}},"jetpack_sharing_enabled":true,"_links":{"self":[{"href":"https:\/\/aliceonglerie.com\/index.php?rest_route=\/wp\/v2\/product\/880","targetHints":{"allow":["GET"]}}],"collection":[{"href":"https:\/\/aliceonglerie.com\/index.php?rest_route=\/wp\/v2\/product"}],"about":[{"href":"https:\/\/aliceonglerie.com\/index.php?rest_route=\/wp\/v2\/types\/product"}],"replies":[{"embeddable":true,"href":"https:\/\/aliceonglerie.com\/index.php?rest_route=%2Fwp%2Fv2%2Fcomments&post=880"}],"wp:featuredmedia":[{"embeddable":true,"href":"https:\/\/aliceonglerie.com\/index.php?rest_route=\/wp\/v2\/media\/881"}],"wp:attachment":[{"href":"https:\/\/aliceonglerie.com\/index.php?rest_route=%2Fwp%2Fv2%2Fmedia&parent=880"}],"wp:term":[{"taxonomy":"product_brand","embeddable":true,"href":"https:\/\/aliceonglerie.com\/index.php?rest_route=%2Fwp%2Fv2%2Fproduct_brand&post=880"},{"taxonomy":"product_cat","embeddable":true,"href":"https:\/\/aliceonglerie.com\/index.php?rest_route=%2Fwp%2Fv2%2Fproduct_cat&post=880"},{"taxonomy":"product_tag","embeddable":true,"href":"https:\/\/aliceonglerie.com\/index.php?rest_route=%2Fwp%2Fv2%2Fproduct_tag&post=880"}],"curies":[{"name":"wp","href":"https:\/\/api.w.org\/{rel}","templated":true}]}}