{"id":876,"date":"2024-12-06T18:59:13","date_gmt":"2024-12-06T17:59:13","guid":{"rendered":"http:\/\/aliceonglerie.com\/?post_type=product&#038;p=876"},"modified":"2025-01-01T15:06:56","modified_gmt":"2025-01-01T14:06:56","slug":"rubber-base-soft-white","status":"publish","type":"product","link":"https:\/\/aliceonglerie.com\/?product=rubber-base-soft-white","title":{"rendered":"Rubber Base Soft White"},"content":{"rendered":"<p><iframe loading=\"lazy\" title=\"Rubber Base Soft White\" width=\"1080\" height=\"608\" src=\"https:\/\/www.youtube.com\/embed\/dnpYZPsdOAE?feature=oembed\"  allow=\"accelerometer; autoplay; clipboard-write; encrypted-media; gyroscope; picture-in-picture; web-share\" referrerpolicy=\"strict-origin-when-cross-origin\" allowfullscreen><\/iframe><\/p>\n","protected":false},"excerpt":{"rendered":"<h3>Description du Produit<\/h3>\n<p>D\u00e9couvrez notre nouvelle formule de bases Rubber !<\/p>\n<p>Les compositions et textures ont \u00e9t\u00e9 retravaill\u00e9es pour vous offrir un confort d&#8217;application et une tenue optimale.<\/p>\n<p><strong>Vernis semi-permanent base builder<\/strong> : con\u00e7u pour renforcer les ongles naturels.<\/p>\n<ul>\n<li><strong>Couleur<\/strong> : blanc milky<\/li>\n<li>\u00c0 base de fibre de verre.<\/li>\n<\/ul>\n<p>Sa texture flexible, enrichie en agents adh\u00e9rents, garantit une excellente adh\u00e9rence et un grand confort.<\/p>\n<p>Utilis\u00e9e en gainage, elle permet \u00e9galement la r\u00e9alisation de petites extensions. Elle prolonge la tenue du vernis semi-permanent, offrant un soutien aux ongles fins, mous et fragiles.<\/p>\n<p>Peut \u00eatre appliqu\u00e9e comme base sous votre vernis semi-permanent ou vos poses en gels et Acrygels.<\/p>\n<ul>\n<li><strong>Caract\u00e9ristiques<\/strong> : texture auto-\u00e9galissante, non collante et sans bulles.<\/li>\n<li>Id\u00e9ale pour la technique &#8220;No File&#8221;.<\/li>\n<\/ul>\n<p><strong>Contenance<\/strong> : 15 ml en pot.<\/p>\n","protected":false},"featured_media":877,"comment_status":"open","ping_status":"closed","template":"","meta":{"_et_pb_use_builder":"","_et_pb_old_content":"","_et_gb_content_width":"","_glsr_average":0,"_glsr_ranking":0,"_glsr_reviews":0},"product_brand":[],"product_cat":[22],"product_tag":[],"class_list":{"0":"post-876","1":"product","2":"type-product","3":"status-publish","4":"has-post-thumbnail","6":"product_cat-ruber-base","8":"first","9":"instock","10":"shipping-taxable","11":"purchasable","12":"product-type-simple"},"yoast_head":"<!-- This site is optimized with the Yoast SEO plugin v24.5 - https:\/\/yoast.com\/wordpress\/plugins\/seo\/ -->\n<title>Rubber Base Soft White - ALICE ONGLERIE<\/title>\n<meta name=\"robots\" content=\"index, follow, max-snippet:-1, max-image-preview:large, max-video-preview:-1\" \/>\n<link rel=\"canonical\" href=\"https:\/\/aliceonglerie.com\/?product=rubber-base-soft-white\" \/>\n<meta property=\"og:locale\" content=\"en_US\" \/>\n<meta property=\"og:type\" content=\"article\" \/>\n<meta property=\"og:title\" content=\"Rubber Base Soft White - ALICE ONGLERIE\" \/>\n<meta property=\"og:description\" content=\"Description du Produit D\u00e9couvrez notre nouvelle formule de bases Rubber !  Les compositions et textures ont \u00e9t\u00e9 retravaill\u00e9es pour vous offrir un confort d&#039;application et une tenue optimale.  Vernis semi-permanent base builder : con\u00e7u pour renforcer les ongles naturels.   Couleur : blanc milky  \u00c0 base de fibre de verre.  Sa texture flexible, enrichie en agents adh\u00e9rents, garantit une excellente adh\u00e9rence et un grand confort.  Utilis\u00e9e en gainage, elle permet \u00e9galement la r\u00e9alisation de petites extensions. Elle prolonge la tenue du vernis semi-permanent, offrant un soutien aux ongles fins, mous et fragiles.  Peut \u00eatre appliqu\u00e9e comme base sous votre vernis semi-permanent ou vos poses en gels et Acrygels.   Caract\u00e9ristiques : texture auto-\u00e9galissante, non collante et sans bulles.  Id\u00e9ale pour la technique &quot;No File&quot;.  Contenance : 15 ml en pot.\" \/>\n<meta property=\"og:url\" content=\"https:\/\/aliceonglerie.com\/?product=rubber-base-soft-white\" \/>\n<meta property=\"og:site_name\" content=\"ALICE ONGLERIE\" \/>\n<meta property=\"article:publisher\" content=\"https:\/\/www.facebook.com\/aliceonglerie\" \/>\n<meta property=\"article:modified_time\" content=\"2025-01-01T14:06:56+00:00\" \/>\n<meta property=\"og:image\" content=\"https:\/\/aliceonglerie.com\/wp-content\/uploads\/2024\/12\/23922.jpg.webp\" \/>\n\t<meta property=\"og:image:width\" content=\"1080\" \/>\n\t<meta property=\"og:image:height\" content=\"1080\" \/>\n\t<meta property=\"og:image:type\" content=\"image\/webp\" \/>\n<meta name=\"twitter:card\" content=\"summary_large_image\" \/>\n<script type=\"application\/ld+json\" class=\"yoast-schema-graph\">{\"@context\":\"https:\/\/schema.org\",\"@graph\":[{\"@type\":\"WebPage\",\"@id\":\"https:\/\/aliceonglerie.com\/?product=rubber-base-soft-white\",\"url\":\"https:\/\/aliceonglerie.com\/?product=rubber-base-soft-white\",\"name\":\"Rubber Base Soft White - ALICE ONGLERIE\",\"isPartOf\":{\"@id\":\"https:\/\/aliceonglerie.com\/#website\"},\"primaryImageOfPage\":{\"@id\":\"https:\/\/aliceonglerie.com\/?product=rubber-base-soft-white#primaryimage\"},\"image\":{\"@id\":\"https:\/\/aliceonglerie.com\/?product=rubber-base-soft-white#primaryimage\"},\"thumbnailUrl\":\"https:\/\/aliceonglerie.com\/wp-content\/uploads\/2024\/12\/23922.jpg.webp\",\"datePublished\":\"2024-12-06T17:59:13+00:00\",\"dateModified\":\"2025-01-01T14:06:56+00:00\",\"breadcrumb\":{\"@id\":\"https:\/\/aliceonglerie.com\/?product=rubber-base-soft-white#breadcrumb\"},\"inLanguage\":\"en-US\",\"potentialAction\":[{\"@type\":\"ReadAction\",\"target\":[\"https:\/\/aliceonglerie.com\/?product=rubber-base-soft-white\"]}]},{\"@type\":\"ImageObject\",\"inLanguage\":\"en-US\",\"@id\":\"https:\/\/aliceonglerie.com\/?product=rubber-base-soft-white#primaryimage\",\"url\":\"https:\/\/aliceonglerie.com\/wp-content\/uploads\/2024\/12\/23922.jpg.webp\",\"contentUrl\":\"https:\/\/aliceonglerie.com\/wp-content\/uploads\/2024\/12\/23922.jpg.webp\",\"width\":1080,\"height\":1080,\"caption\":\"23922.jpg\"},{\"@type\":\"BreadcrumbList\",\"@id\":\"https:\/\/aliceonglerie.com\/?product=rubber-base-soft-white#breadcrumb\",\"itemListElement\":[{\"@type\":\"ListItem\",\"position\":1,\"name\":\"Accueil\",\"item\":\"https:\/\/aliceonglerie.com\/\"},{\"@type\":\"ListItem\",\"position\":2,\"name\":\"Produits\",\"item\":\"https:\/\/aliceonglerie.com\/?post_type=product\"},{\"@type\":\"ListItem\",\"position\":3,\"name\":\"Rubber Base Soft White\"}]},{\"@type\":\"WebSite\",\"@id\":\"https:\/\/aliceonglerie.com\/#website\",\"url\":\"https:\/\/aliceonglerie.com\/\",\"name\":\"ALICE ONGLERIE\",\"description\":\"\",\"publisher\":{\"@id\":\"https:\/\/aliceonglerie.com\/#organization\"},\"potentialAction\":[{\"@type\":\"SearchAction\",\"target\":{\"@type\":\"EntryPoint\",\"urlTemplate\":\"https:\/\/aliceonglerie.com\/?s={search_term_string}\"},\"query-input\":{\"@type\":\"PropertyValueSpecification\",\"valueRequired\":true,\"valueName\":\"search_term_string\"}}],\"inLanguage\":\"en-US\"},{\"@type\":\"Organization\",\"@id\":\"https:\/\/aliceonglerie.com\/#organization\",\"name\":\"ALICE ONGLERIE\",\"url\":\"https:\/\/aliceonglerie.com\/\",\"logo\":{\"@type\":\"ImageObject\",\"inLanguage\":\"en-US\",\"@id\":\"https:\/\/aliceonglerie.com\/#\/schema\/logo\/image\/\",\"url\":\"https:\/\/aliceonglerie.com\/wp-content\/uploads\/2024\/12\/Alice-1.png\",\"contentUrl\":\"https:\/\/aliceonglerie.com\/wp-content\/uploads\/2024\/12\/Alice-1.png\",\"width\":300,\"height\":100,\"caption\":\"ALICE ONGLERIE\"},\"image\":{\"@id\":\"https:\/\/aliceonglerie.com\/#\/schema\/logo\/image\/\"},\"sameAs\":[\"https:\/\/www.facebook.com\/aliceonglerie\",\"https:\/\/www.instagram.com\/aliceonglerie\/\"]}]}<\/script>\n<!-- \/ Yoast SEO plugin. -->","yoast_head_json":{"title":"Rubber Base Soft White - ALICE ONGLERIE","robots":{"index":"index","follow":"follow","max-snippet":"max-snippet:-1","max-image-preview":"max-image-preview:large","max-video-preview":"max-video-preview:-1"},"canonical":"https:\/\/aliceonglerie.com\/?product=rubber-base-soft-white","og_locale":"en_US","og_type":"article","og_title":"Rubber Base Soft White - ALICE ONGLERIE","og_description":"Description du Produit D\u00e9couvrez notre nouvelle formule de bases Rubber !  Les compositions et textures ont \u00e9t\u00e9 retravaill\u00e9es pour vous offrir un confort d'application et une tenue optimale.  Vernis semi-permanent base builder : con\u00e7u pour renforcer les ongles naturels.   Couleur : blanc milky  \u00c0 base de fibre de verre.  Sa texture flexible, enrichie en agents adh\u00e9rents, garantit une excellente adh\u00e9rence et un grand confort.  Utilis\u00e9e en gainage, elle permet \u00e9galement la r\u00e9alisation de petites extensions. Elle prolonge la tenue du vernis semi-permanent, offrant un soutien aux ongles fins, mous et fragiles.  Peut \u00eatre appliqu\u00e9e comme base sous votre vernis semi-permanent ou vos poses en gels et Acrygels.   Caract\u00e9ristiques : texture auto-\u00e9galissante, non collante et sans bulles.  Id\u00e9ale pour la technique \"No File\".  Contenance : 15 ml en pot.","og_url":"https:\/\/aliceonglerie.com\/?product=rubber-base-soft-white","og_site_name":"ALICE ONGLERIE","article_publisher":"https:\/\/www.facebook.com\/aliceonglerie","article_modified_time":"2025-01-01T14:06:56+00:00","og_image":[{"width":1080,"height":1080,"url":"https:\/\/aliceonglerie.com\/wp-content\/uploads\/2024\/12\/23922.jpg.webp","type":"image\/webp"}],"twitter_card":"summary_large_image","schema":{"@context":"https:\/\/schema.org","@graph":[{"@type":"WebPage","@id":"https:\/\/aliceonglerie.com\/?product=rubber-base-soft-white","url":"https:\/\/aliceonglerie.com\/?product=rubber-base-soft-white","name":"Rubber Base Soft White - ALICE ONGLERIE","isPartOf":{"@id":"https:\/\/aliceonglerie.com\/#website"},"primaryImageOfPage":{"@id":"https:\/\/aliceonglerie.com\/?product=rubber-base-soft-white#primaryimage"},"image":{"@id":"https:\/\/aliceonglerie.com\/?product=rubber-base-soft-white#primaryimage"},"thumbnailUrl":"https:\/\/aliceonglerie.com\/wp-content\/uploads\/2024\/12\/23922.jpg.webp","datePublished":"2024-12-06T17:59:13+00:00","dateModified":"2025-01-01T14:06:56+00:00","breadcrumb":{"@id":"https:\/\/aliceonglerie.com\/?product=rubber-base-soft-white#breadcrumb"},"inLanguage":"en-US","potentialAction":[{"@type":"ReadAction","target":["https:\/\/aliceonglerie.com\/?product=rubber-base-soft-white"]}]},{"@type":"ImageObject","inLanguage":"en-US","@id":"https:\/\/aliceonglerie.com\/?product=rubber-base-soft-white#primaryimage","url":"https:\/\/aliceonglerie.com\/wp-content\/uploads\/2024\/12\/23922.jpg.webp","contentUrl":"https:\/\/aliceonglerie.com\/wp-content\/uploads\/2024\/12\/23922.jpg.webp","width":1080,"height":1080,"caption":"23922.jpg"},{"@type":"BreadcrumbList","@id":"https:\/\/aliceonglerie.com\/?product=rubber-base-soft-white#breadcrumb","itemListElement":[{"@type":"ListItem","position":1,"name":"Accueil","item":"https:\/\/aliceonglerie.com\/"},{"@type":"ListItem","position":2,"name":"Produits","item":"https:\/\/aliceonglerie.com\/?post_type=product"},{"@type":"ListItem","position":3,"name":"Rubber Base Soft White"}]},{"@type":"WebSite","@id":"https:\/\/aliceonglerie.com\/#website","url":"https:\/\/aliceonglerie.com\/","name":"ALICE ONGLERIE","description":"","publisher":{"@id":"https:\/\/aliceonglerie.com\/#organization"},"potentialAction":[{"@type":"SearchAction","target":{"@type":"EntryPoint","urlTemplate":"https:\/\/aliceonglerie.com\/?s={search_term_string}"},"query-input":{"@type":"PropertyValueSpecification","valueRequired":true,"valueName":"search_term_string"}}],"inLanguage":"en-US"},{"@type":"Organization","@id":"https:\/\/aliceonglerie.com\/#organization","name":"ALICE ONGLERIE","url":"https:\/\/aliceonglerie.com\/","logo":{"@type":"ImageObject","inLanguage":"en-US","@id":"https:\/\/aliceonglerie.com\/#\/schema\/logo\/image\/","url":"https:\/\/aliceonglerie.com\/wp-content\/uploads\/2024\/12\/Alice-1.png","contentUrl":"https:\/\/aliceonglerie.com\/wp-content\/uploads\/2024\/12\/Alice-1.png","width":300,"height":100,"caption":"ALICE ONGLERIE"},"image":{"@id":"https:\/\/aliceonglerie.com\/#\/schema\/logo\/image\/"},"sameAs":["https:\/\/www.facebook.com\/aliceonglerie","https:\/\/www.instagram.com\/aliceonglerie\/"]}]}},"jetpack_sharing_enabled":true,"_links":{"self":[{"href":"https:\/\/aliceonglerie.com\/index.php?rest_route=\/wp\/v2\/product\/876","targetHints":{"allow":["GET"]}}],"collection":[{"href":"https:\/\/aliceonglerie.com\/index.php?rest_route=\/wp\/v2\/product"}],"about":[{"href":"https:\/\/aliceonglerie.com\/index.php?rest_route=\/wp\/v2\/types\/product"}],"replies":[{"embeddable":true,"href":"https:\/\/aliceonglerie.com\/index.php?rest_route=%2Fwp%2Fv2%2Fcomments&post=876"}],"wp:featuredmedia":[{"embeddable":true,"href":"https:\/\/aliceonglerie.com\/index.php?rest_route=\/wp\/v2\/media\/877"}],"wp:attachment":[{"href":"https:\/\/aliceonglerie.com\/index.php?rest_route=%2Fwp%2Fv2%2Fmedia&parent=876"}],"wp:term":[{"taxonomy":"product_brand","embeddable":true,"href":"https:\/\/aliceonglerie.com\/index.php?rest_route=%2Fwp%2Fv2%2Fproduct_brand&post=876"},{"taxonomy":"product_cat","embeddable":true,"href":"https:\/\/aliceonglerie.com\/index.php?rest_route=%2Fwp%2Fv2%2Fproduct_cat&post=876"},{"taxonomy":"product_tag","embeddable":true,"href":"https:\/\/aliceonglerie.com\/index.php?rest_route=%2Fwp%2Fv2%2Fproduct_tag&post=876"}],"curies":[{"name":"wp","href":"https:\/\/api.w.org\/{rel}","templated":true}]}}