{"id":871,"date":"2024-12-06T18:53:22","date_gmt":"2024-12-06T17:53:22","guid":{"rendered":"http:\/\/aliceonglerie.com\/?post_type=product&#038;p=871"},"modified":"2024-12-06T18:53:22","modified_gmt":"2024-12-06T17:53:22","slug":"rubber-base-shimmer","status":"publish","type":"product","link":"https:\/\/aliceonglerie.com\/?product=rubber-base-shimmer","title":{"rendered":"Rubber Base Shimmer"},"content":{"rendered":"<p><iframe loading=\"lazy\" title=\"rubber base shimmer\" width=\"1080\" height=\"608\" src=\"https:\/\/www.youtube.com\/embed\/FTp7FmKlGWM?feature=oembed\"  allow=\"accelerometer; autoplay; clipboard-write; encrypted-media; gyroscope; picture-in-picture; web-share\" referrerpolicy=\"strict-origin-when-cross-origin\" allowfullscreen><\/iframe><\/p>\n","protected":false},"excerpt":{"rendered":"<div class=\"flex-shrink-0 flex flex-col relative items-end\">\n<div>\n<div class=\"pt-0\">\n<div class=\"gizmo-bot-avatar flex h-8 w-8 items-center justify-center overflow-hidden rounded-full\">\n<div class=\"relative p-1 rounded-sm flex items-center justify-center bg-token-main-surface-primary text-token-text-primary h-8 w-8\">La composition et la texture des Rubber Base ont \u00e9t\u00e9 sp\u00e9cialement con\u00e7ues pour vous offrir un confort de travail optimal et une tenue longue dur\u00e9e.<\/div>\n<\/div>\n<\/div>\n<\/div>\n<\/div>\n<div class=\"group\/conversation-turn relative flex w-full min-w-0 flex-col agent-turn\">\n<div class=\"flex-col gap-1 md:gap-3\">\n<div class=\"flex max-w-full flex-col flex-grow\">\n<div class=\"min-h-8 text-message flex w-full flex-col items-end gap-2 whitespace-normal break-words text-start [.text-message+&amp;]:mt-5\" dir=\"auto\" data-message-author-role=\"assistant\" data-message-id=\"78d43992-d0fa-4b02-b9a9-ae8b3c79db30\" data-message-model-slug=\"gpt-4o-mini\">\n<div class=\"flex w-full flex-col gap-1 empty:hidden first:pt-[3px]\">\n<div class=\"markdown prose w-full break-words dark:prose-invert dark\">\n<p>Vernis semi-permanent base builder con\u00e7u pour renforcer les ongles naturels.<\/p>\n<ul>\n<li>\u00a0Couleur blanc milky paillet\u00e9 aurora, subtilement scintillante.<\/li>\n<li>\u00a0Sa formule flexible et enrichie en agents adh\u00e9rents garantit une excellente tenue et un confort de pose incomparable.<\/li>\n<li>\u00a0Id\u00e9ale en application pour le gainage, avec la possibilit\u00e9 de r\u00e9aliser de petites extensions.<\/li>\n<\/ul>\n<p>Prolonge la tenue du vernis semi-permanent en renfor\u00e7ant la base sous la couleur, pour les ongles fins, mous et fragiles.<\/p>\n<ul>\n<li>Utilisable comme base sous votre vernis semi-permanent ou pour vos poses en gel et acrygel.<\/li>\n<\/ul>\n<p>Caract\u00e9ristiques techniques :<\/p>\n<ul>\n<li>Texture auto-\u00e9galisante, non collante et sans bulle pour une application impeccable.<\/li>\n<li>Parfaite pour la technique rapide &#8220;No File&#8221;.<\/li>\n<\/ul>\n<p><strong>Contenance<\/strong> : Flacon 15 ml<br \/>\n\ud83d\udccd Disponible en click &amp; collect \u00e0 Mouscron<br \/>\n\u274c Sans Hema<\/p>\n<\/div>\n<\/div>\n<\/div>\n<\/div>\n<\/div>\n<\/div>\n","protected":false},"featured_media":872,"comment_status":"open","ping_status":"closed","template":"","meta":{"_et_pb_use_builder":"","_et_pb_old_content":"","_et_gb_content_width":"","_glsr_average":0,"_glsr_ranking":0,"_glsr_reviews":0},"product_brand":[],"product_cat":[22],"product_tag":[],"class_list":{"0":"post-871","1":"product","2":"type-product","3":"status-publish","4":"has-post-thumbnail","6":"product_cat-ruber-base","8":"first","9":"instock","10":"shipping-taxable","11":"product-type-simple"},"yoast_head":"<!-- This site is optimized with the Yoast SEO plugin v24.5 - https:\/\/yoast.com\/wordpress\/plugins\/seo\/ -->\n<title>Rubber Base Shimmer - ALICE ONGLERIE<\/title>\n<meta name=\"robots\" content=\"index, follow, max-snippet:-1, max-image-preview:large, max-video-preview:-1\" \/>\n<link rel=\"canonical\" href=\"https:\/\/aliceonglerie.com\/?product=rubber-base-shimmer\" \/>\n<meta property=\"og:locale\" content=\"en_US\" \/>\n<meta property=\"og:type\" content=\"article\" \/>\n<meta property=\"og:title\" content=\"Rubber Base Shimmer - ALICE ONGLERIE\" \/>\n<meta property=\"og:description\" content=\"La composition et la texture des Rubber Base ont \u00e9t\u00e9 sp\u00e9cialement con\u00e7ues pour vous offrir un confort de travail optimal et une tenue longue dur\u00e9e.            Vernis semi-permanent base builder con\u00e7u pour renforcer les ongles naturels.   \u00a0Couleur blanc milky paillet\u00e9 aurora, subtilement scintillante.  \u00a0Sa formule flexible et enrichie en agents adh\u00e9rents garantit une excellente tenue et un confort de pose incomparable.  \u00a0Id\u00e9ale en application pour le gainage, avec la possibilit\u00e9 de r\u00e9aliser de petites extensions.  Prolonge la tenue du vernis semi-permanent en renfor\u00e7ant la base sous la couleur, pour les ongles fins, mous et fragiles.   Utilisable comme base sous votre vernis semi-permanent ou pour vos poses en gel et acrygel.  Caract\u00e9ristiques techniques :   Texture auto-\u00e9galisante, non collante et sans bulle pour une application impeccable.  Parfaite pour la technique rapide &quot;No File&quot;.  Contenance : Flacon 15 ml \ud83d\udccd Disponible en click &amp; collect \u00e0 Mouscron \u274c Sans Hema\" \/>\n<meta property=\"og:url\" content=\"https:\/\/aliceonglerie.com\/?product=rubber-base-shimmer\" \/>\n<meta property=\"og:site_name\" content=\"ALICE ONGLERIE\" \/>\n<meta property=\"article:publisher\" content=\"https:\/\/www.facebook.com\/aliceonglerie\" \/>\n<meta property=\"og:image\" content=\"https:\/\/aliceonglerie.com\/wp-content\/uploads\/2024\/12\/26722.jpg.webp\" \/>\n\t<meta property=\"og:image:width\" content=\"1080\" \/>\n\t<meta property=\"og:image:height\" content=\"1080\" \/>\n\t<meta property=\"og:image:type\" content=\"image\/webp\" \/>\n<meta name=\"twitter:card\" content=\"summary_large_image\" \/>\n<script type=\"application\/ld+json\" class=\"yoast-schema-graph\">{\"@context\":\"https:\/\/schema.org\",\"@graph\":[{\"@type\":\"WebPage\",\"@id\":\"https:\/\/aliceonglerie.com\/?product=rubber-base-shimmer\",\"url\":\"https:\/\/aliceonglerie.com\/?product=rubber-base-shimmer\",\"name\":\"Rubber Base Shimmer - ALICE ONGLERIE\",\"isPartOf\":{\"@id\":\"https:\/\/aliceonglerie.com\/#website\"},\"primaryImageOfPage\":{\"@id\":\"https:\/\/aliceonglerie.com\/?product=rubber-base-shimmer#primaryimage\"},\"image\":{\"@id\":\"https:\/\/aliceonglerie.com\/?product=rubber-base-shimmer#primaryimage\"},\"thumbnailUrl\":\"https:\/\/aliceonglerie.com\/wp-content\/uploads\/2024\/12\/26722.jpg.webp\",\"datePublished\":\"2024-12-06T17:53:22+00:00\",\"breadcrumb\":{\"@id\":\"https:\/\/aliceonglerie.com\/?product=rubber-base-shimmer#breadcrumb\"},\"inLanguage\":\"en-US\",\"potentialAction\":[{\"@type\":\"ReadAction\",\"target\":[\"https:\/\/aliceonglerie.com\/?product=rubber-base-shimmer\"]}]},{\"@type\":\"ImageObject\",\"inLanguage\":\"en-US\",\"@id\":\"https:\/\/aliceonglerie.com\/?product=rubber-base-shimmer#primaryimage\",\"url\":\"https:\/\/aliceonglerie.com\/wp-content\/uploads\/2024\/12\/26722.jpg.webp\",\"contentUrl\":\"https:\/\/aliceonglerie.com\/wp-content\/uploads\/2024\/12\/26722.jpg.webp\",\"width\":1080,\"height\":1080,\"caption\":\"26722.jpg\"},{\"@type\":\"BreadcrumbList\",\"@id\":\"https:\/\/aliceonglerie.com\/?product=rubber-base-shimmer#breadcrumb\",\"itemListElement\":[{\"@type\":\"ListItem\",\"position\":1,\"name\":\"Accueil\",\"item\":\"https:\/\/aliceonglerie.com\/\"},{\"@type\":\"ListItem\",\"position\":2,\"name\":\"Produits\",\"item\":\"https:\/\/aliceonglerie.com\/?post_type=product\"},{\"@type\":\"ListItem\",\"position\":3,\"name\":\"Rubber Base Shimmer\"}]},{\"@type\":\"WebSite\",\"@id\":\"https:\/\/aliceonglerie.com\/#website\",\"url\":\"https:\/\/aliceonglerie.com\/\",\"name\":\"ALICE ONGLERIE\",\"description\":\"\",\"publisher\":{\"@id\":\"https:\/\/aliceonglerie.com\/#organization\"},\"potentialAction\":[{\"@type\":\"SearchAction\",\"target\":{\"@type\":\"EntryPoint\",\"urlTemplate\":\"https:\/\/aliceonglerie.com\/?s={search_term_string}\"},\"query-input\":{\"@type\":\"PropertyValueSpecification\",\"valueRequired\":true,\"valueName\":\"search_term_string\"}}],\"inLanguage\":\"en-US\"},{\"@type\":\"Organization\",\"@id\":\"https:\/\/aliceonglerie.com\/#organization\",\"name\":\"ALICE ONGLERIE\",\"url\":\"https:\/\/aliceonglerie.com\/\",\"logo\":{\"@type\":\"ImageObject\",\"inLanguage\":\"en-US\",\"@id\":\"https:\/\/aliceonglerie.com\/#\/schema\/logo\/image\/\",\"url\":\"https:\/\/aliceonglerie.com\/wp-content\/uploads\/2024\/12\/Alice-1.png\",\"contentUrl\":\"https:\/\/aliceonglerie.com\/wp-content\/uploads\/2024\/12\/Alice-1.png\",\"width\":300,\"height\":100,\"caption\":\"ALICE ONGLERIE\"},\"image\":{\"@id\":\"https:\/\/aliceonglerie.com\/#\/schema\/logo\/image\/\"},\"sameAs\":[\"https:\/\/www.facebook.com\/aliceonglerie\",\"https:\/\/www.instagram.com\/aliceonglerie\/\"]}]}<\/script>\n<!-- \/ Yoast SEO plugin. -->","yoast_head_json":{"title":"Rubber Base Shimmer - ALICE ONGLERIE","robots":{"index":"index","follow":"follow","max-snippet":"max-snippet:-1","max-image-preview":"max-image-preview:large","max-video-preview":"max-video-preview:-1"},"canonical":"https:\/\/aliceonglerie.com\/?product=rubber-base-shimmer","og_locale":"en_US","og_type":"article","og_title":"Rubber Base Shimmer - ALICE ONGLERIE","og_description":"La composition et la texture des Rubber Base ont \u00e9t\u00e9 sp\u00e9cialement con\u00e7ues pour vous offrir un confort de travail optimal et une tenue longue dur\u00e9e.            Vernis semi-permanent base builder con\u00e7u pour renforcer les ongles naturels.   \u00a0Couleur blanc milky paillet\u00e9 aurora, subtilement scintillante.  \u00a0Sa formule flexible et enrichie en agents adh\u00e9rents garantit une excellente tenue et un confort de pose incomparable.  \u00a0Id\u00e9ale en application pour le gainage, avec la possibilit\u00e9 de r\u00e9aliser de petites extensions.  Prolonge la tenue du vernis semi-permanent en renfor\u00e7ant la base sous la couleur, pour les ongles fins, mous et fragiles.   Utilisable comme base sous votre vernis semi-permanent ou pour vos poses en gel et acrygel.  Caract\u00e9ristiques techniques :   Texture auto-\u00e9galisante, non collante et sans bulle pour une application impeccable.  Parfaite pour la technique rapide \"No File\".  Contenance : Flacon 15 ml \ud83d\udccd Disponible en click &amp; collect \u00e0 Mouscron \u274c Sans Hema","og_url":"https:\/\/aliceonglerie.com\/?product=rubber-base-shimmer","og_site_name":"ALICE ONGLERIE","article_publisher":"https:\/\/www.facebook.com\/aliceonglerie","og_image":[{"width":1080,"height":1080,"url":"https:\/\/aliceonglerie.com\/wp-content\/uploads\/2024\/12\/26722.jpg.webp","type":"image\/webp"}],"twitter_card":"summary_large_image","schema":{"@context":"https:\/\/schema.org","@graph":[{"@type":"WebPage","@id":"https:\/\/aliceonglerie.com\/?product=rubber-base-shimmer","url":"https:\/\/aliceonglerie.com\/?product=rubber-base-shimmer","name":"Rubber Base Shimmer - ALICE ONGLERIE","isPartOf":{"@id":"https:\/\/aliceonglerie.com\/#website"},"primaryImageOfPage":{"@id":"https:\/\/aliceonglerie.com\/?product=rubber-base-shimmer#primaryimage"},"image":{"@id":"https:\/\/aliceonglerie.com\/?product=rubber-base-shimmer#primaryimage"},"thumbnailUrl":"https:\/\/aliceonglerie.com\/wp-content\/uploads\/2024\/12\/26722.jpg.webp","datePublished":"2024-12-06T17:53:22+00:00","breadcrumb":{"@id":"https:\/\/aliceonglerie.com\/?product=rubber-base-shimmer#breadcrumb"},"inLanguage":"en-US","potentialAction":[{"@type":"ReadAction","target":["https:\/\/aliceonglerie.com\/?product=rubber-base-shimmer"]}]},{"@type":"ImageObject","inLanguage":"en-US","@id":"https:\/\/aliceonglerie.com\/?product=rubber-base-shimmer#primaryimage","url":"https:\/\/aliceonglerie.com\/wp-content\/uploads\/2024\/12\/26722.jpg.webp","contentUrl":"https:\/\/aliceonglerie.com\/wp-content\/uploads\/2024\/12\/26722.jpg.webp","width":1080,"height":1080,"caption":"26722.jpg"},{"@type":"BreadcrumbList","@id":"https:\/\/aliceonglerie.com\/?product=rubber-base-shimmer#breadcrumb","itemListElement":[{"@type":"ListItem","position":1,"name":"Accueil","item":"https:\/\/aliceonglerie.com\/"},{"@type":"ListItem","position":2,"name":"Produits","item":"https:\/\/aliceonglerie.com\/?post_type=product"},{"@type":"ListItem","position":3,"name":"Rubber Base Shimmer"}]},{"@type":"WebSite","@id":"https:\/\/aliceonglerie.com\/#website","url":"https:\/\/aliceonglerie.com\/","name":"ALICE ONGLERIE","description":"","publisher":{"@id":"https:\/\/aliceonglerie.com\/#organization"},"potentialAction":[{"@type":"SearchAction","target":{"@type":"EntryPoint","urlTemplate":"https:\/\/aliceonglerie.com\/?s={search_term_string}"},"query-input":{"@type":"PropertyValueSpecification","valueRequired":true,"valueName":"search_term_string"}}],"inLanguage":"en-US"},{"@type":"Organization","@id":"https:\/\/aliceonglerie.com\/#organization","name":"ALICE ONGLERIE","url":"https:\/\/aliceonglerie.com\/","logo":{"@type":"ImageObject","inLanguage":"en-US","@id":"https:\/\/aliceonglerie.com\/#\/schema\/logo\/image\/","url":"https:\/\/aliceonglerie.com\/wp-content\/uploads\/2024\/12\/Alice-1.png","contentUrl":"https:\/\/aliceonglerie.com\/wp-content\/uploads\/2024\/12\/Alice-1.png","width":300,"height":100,"caption":"ALICE ONGLERIE"},"image":{"@id":"https:\/\/aliceonglerie.com\/#\/schema\/logo\/image\/"},"sameAs":["https:\/\/www.facebook.com\/aliceonglerie","https:\/\/www.instagram.com\/aliceonglerie\/"]}]}},"jetpack_sharing_enabled":true,"_links":{"self":[{"href":"https:\/\/aliceonglerie.com\/index.php?rest_route=\/wp\/v2\/product\/871","targetHints":{"allow":["GET"]}}],"collection":[{"href":"https:\/\/aliceonglerie.com\/index.php?rest_route=\/wp\/v2\/product"}],"about":[{"href":"https:\/\/aliceonglerie.com\/index.php?rest_route=\/wp\/v2\/types\/product"}],"replies":[{"embeddable":true,"href":"https:\/\/aliceonglerie.com\/index.php?rest_route=%2Fwp%2Fv2%2Fcomments&post=871"}],"wp:featuredmedia":[{"embeddable":true,"href":"https:\/\/aliceonglerie.com\/index.php?rest_route=\/wp\/v2\/media\/872"}],"wp:attachment":[{"href":"https:\/\/aliceonglerie.com\/index.php?rest_route=%2Fwp%2Fv2%2Fmedia&parent=871"}],"wp:term":[{"taxonomy":"product_brand","embeddable":true,"href":"https:\/\/aliceonglerie.com\/index.php?rest_route=%2Fwp%2Fv2%2Fproduct_brand&post=871"},{"taxonomy":"product_cat","embeddable":true,"href":"https:\/\/aliceonglerie.com\/index.php?rest_route=%2Fwp%2Fv2%2Fproduct_cat&post=871"},{"taxonomy":"product_tag","embeddable":true,"href":"https:\/\/aliceonglerie.com\/index.php?rest_route=%2Fwp%2Fv2%2Fproduct_tag&post=871"}],"curies":[{"name":"wp","href":"https:\/\/api.w.org\/{rel}","templated":true}]}}