{"id":855,"date":"2024-12-06T18:36:40","date_gmt":"2024-12-06T17:36:40","guid":{"rendered":"http:\/\/aliceonglerie.com\/?post_type=product&#038;p=855"},"modified":"2024-12-06T18:36:40","modified_gmt":"2024-12-06T17:36:40","slug":"rubber-base-nude-glitter","status":"publish","type":"product","link":"https:\/\/aliceonglerie.com\/?product=rubber-base-nude-glitter","title":{"rendered":"Rubber Base Nude Glitter"},"content":{"rendered":"","protected":false},"excerpt":{"rendered":"<p>Bases Rubber !<br \/>\nLes compositions et textures ont \u00e9t\u00e9 retravaill\u00e9es afin de vous procurer un confort de travail et une tenue optimale.<\/p>\n<p>Vernis semi-permanent base builder con\u00e7u pour le renfort des ongles naturels.<\/p>\n<ul>\n<li>\u00a0Couleur nude beige ros\u00e9, id\u00e9ale pour une finition \u00e9l\u00e9gante.<\/li>\n<li>\u00a0Composition flexible avec des agents adh\u00e9rents pour une tenue renforc\u00e9e et un confort maximal.<\/li>\n<li>\u00a0Utilisation en gainage, avec la possibilit\u00e9 de r\u00e9aliser de mini extensions.<\/li>\n<\/ul>\n<p>Allonge la tenue du vernis semi-permanent en renfort sous la couleur pour les ongles fins, mous et fragiles.<\/p>\n<ul>\n<li>\u00a0Peut \u00eatre utilis\u00e9e comme base sous votre vernis semi-permanent ou pour vos poses en gel et acrygel.<\/li>\n<\/ul>\n<p>Des qualit\u00e9s techniques sup\u00e9rieures :<\/p>\n<ul>\n<li>\u00a0Texture auto-\u00e9galisante, non collante, ne bulle pas.<\/li>\n<li>\u00a0Id\u00e9ale pour la technique rapide &#8220;No File&#8221;.<\/li>\n<\/ul>\n<p>Contenance : Flacon 15 ml<br \/>\n\ud83d\udccd Disponible en click &amp; collect \u00e0 Mouscron<\/p>\n","protected":false},"featured_media":858,"comment_status":"open","ping_status":"closed","template":"","meta":{"_et_pb_use_builder":"","_et_pb_old_content":"","_et_gb_content_width":"","_glsr_average":0,"_glsr_ranking":0,"_glsr_reviews":0},"product_brand":[],"product_cat":[22],"product_tag":[],"class_list":{"0":"post-855","1":"product","2":"type-product","3":"status-publish","4":"has-post-thumbnail","6":"product_cat-ruber-base","8":"first","9":"instock","10":"shipping-taxable","11":"product-type-simple"},"yoast_head":"<!-- This site is optimized with the Yoast SEO plugin v24.5 - https:\/\/yoast.com\/wordpress\/plugins\/seo\/ -->\n<title>Rubber Base Nude Glitter - ALICE ONGLERIE<\/title>\n<meta name=\"robots\" content=\"index, follow, max-snippet:-1, max-image-preview:large, max-video-preview:-1\" \/>\n<link rel=\"canonical\" href=\"https:\/\/aliceonglerie.com\/?product=rubber-base-nude-glitter\" \/>\n<meta property=\"og:locale\" content=\"en_US\" \/>\n<meta property=\"og:type\" content=\"article\" \/>\n<meta property=\"og:title\" content=\"Rubber Base Nude Glitter - ALICE ONGLERIE\" \/>\n<meta property=\"og:description\" content=\"Bases Rubber ! Les compositions et textures ont \u00e9t\u00e9 retravaill\u00e9es afin de vous procurer un confort de travail et une tenue optimale.  Vernis semi-permanent base builder con\u00e7u pour le renfort des ongles naturels.   \u00a0Couleur nude beige ros\u00e9, id\u00e9ale pour une finition \u00e9l\u00e9gante.  \u00a0Composition flexible avec des agents adh\u00e9rents pour une tenue renforc\u00e9e et un confort maximal.  \u00a0Utilisation en gainage, avec la possibilit\u00e9 de r\u00e9aliser de mini extensions.  Allonge la tenue du vernis semi-permanent en renfort sous la couleur pour les ongles fins, mous et fragiles.   \u00a0Peut \u00eatre utilis\u00e9e comme base sous votre vernis semi-permanent ou pour vos poses en gel et acrygel.  Des qualit\u00e9s techniques sup\u00e9rieures :   \u00a0Texture auto-\u00e9galisante, non collante, ne bulle pas.  \u00a0Id\u00e9ale pour la technique rapide &quot;No File&quot;.  Contenance : Flacon 15 ml \ud83d\udccd Disponible en click &amp; collect \u00e0 Mouscron\" \/>\n<meta property=\"og:url\" content=\"https:\/\/aliceonglerie.com\/?product=rubber-base-nude-glitter\" \/>\n<meta property=\"og:site_name\" content=\"ALICE ONGLERIE\" \/>\n<meta property=\"article:publisher\" content=\"https:\/\/www.facebook.com\/aliceonglerie\" \/>\n<meta property=\"og:image\" content=\"https:\/\/aliceonglerie.com\/wp-content\/uploads\/2024\/12\/23919.jpg.webp\" \/>\n\t<meta property=\"og:image:width\" content=\"1080\" \/>\n\t<meta property=\"og:image:height\" content=\"1080\" \/>\n\t<meta property=\"og:image:type\" content=\"image\/webp\" \/>\n<meta name=\"twitter:card\" content=\"summary_large_image\" \/>\n<script type=\"application\/ld+json\" class=\"yoast-schema-graph\">{\"@context\":\"https:\/\/schema.org\",\"@graph\":[{\"@type\":\"WebPage\",\"@id\":\"https:\/\/aliceonglerie.com\/?product=rubber-base-nude-glitter\",\"url\":\"https:\/\/aliceonglerie.com\/?product=rubber-base-nude-glitter\",\"name\":\"Rubber Base Nude Glitter - ALICE ONGLERIE\",\"isPartOf\":{\"@id\":\"https:\/\/aliceonglerie.com\/#website\"},\"primaryImageOfPage\":{\"@id\":\"https:\/\/aliceonglerie.com\/?product=rubber-base-nude-glitter#primaryimage\"},\"image\":{\"@id\":\"https:\/\/aliceonglerie.com\/?product=rubber-base-nude-glitter#primaryimage\"},\"thumbnailUrl\":\"https:\/\/aliceonglerie.com\/wp-content\/uploads\/2024\/12\/23919.jpg.webp\",\"datePublished\":\"2024-12-06T17:36:40+00:00\",\"breadcrumb\":{\"@id\":\"https:\/\/aliceonglerie.com\/?product=rubber-base-nude-glitter#breadcrumb\"},\"inLanguage\":\"en-US\",\"potentialAction\":[{\"@type\":\"ReadAction\",\"target\":[\"https:\/\/aliceonglerie.com\/?product=rubber-base-nude-glitter\"]}]},{\"@type\":\"ImageObject\",\"inLanguage\":\"en-US\",\"@id\":\"https:\/\/aliceonglerie.com\/?product=rubber-base-nude-glitter#primaryimage\",\"url\":\"https:\/\/aliceonglerie.com\/wp-content\/uploads\/2024\/12\/23919.jpg.webp\",\"contentUrl\":\"https:\/\/aliceonglerie.com\/wp-content\/uploads\/2024\/12\/23919.jpg.webp\",\"width\":1080,\"height\":1080,\"caption\":\"23919.jpg\"},{\"@type\":\"BreadcrumbList\",\"@id\":\"https:\/\/aliceonglerie.com\/?product=rubber-base-nude-glitter#breadcrumb\",\"itemListElement\":[{\"@type\":\"ListItem\",\"position\":1,\"name\":\"Accueil\",\"item\":\"https:\/\/aliceonglerie.com\/\"},{\"@type\":\"ListItem\",\"position\":2,\"name\":\"Produits\",\"item\":\"https:\/\/aliceonglerie.com\/?post_type=product\"},{\"@type\":\"ListItem\",\"position\":3,\"name\":\"Rubber Base Nude Glitter\"}]},{\"@type\":\"WebSite\",\"@id\":\"https:\/\/aliceonglerie.com\/#website\",\"url\":\"https:\/\/aliceonglerie.com\/\",\"name\":\"ALICE ONGLERIE\",\"description\":\"\",\"publisher\":{\"@id\":\"https:\/\/aliceonglerie.com\/#organization\"},\"potentialAction\":[{\"@type\":\"SearchAction\",\"target\":{\"@type\":\"EntryPoint\",\"urlTemplate\":\"https:\/\/aliceonglerie.com\/?s={search_term_string}\"},\"query-input\":{\"@type\":\"PropertyValueSpecification\",\"valueRequired\":true,\"valueName\":\"search_term_string\"}}],\"inLanguage\":\"en-US\"},{\"@type\":\"Organization\",\"@id\":\"https:\/\/aliceonglerie.com\/#organization\",\"name\":\"ALICE ONGLERIE\",\"url\":\"https:\/\/aliceonglerie.com\/\",\"logo\":{\"@type\":\"ImageObject\",\"inLanguage\":\"en-US\",\"@id\":\"https:\/\/aliceonglerie.com\/#\/schema\/logo\/image\/\",\"url\":\"https:\/\/aliceonglerie.com\/wp-content\/uploads\/2024\/12\/Alice-1.png\",\"contentUrl\":\"https:\/\/aliceonglerie.com\/wp-content\/uploads\/2024\/12\/Alice-1.png\",\"width\":300,\"height\":100,\"caption\":\"ALICE ONGLERIE\"},\"image\":{\"@id\":\"https:\/\/aliceonglerie.com\/#\/schema\/logo\/image\/\"},\"sameAs\":[\"https:\/\/www.facebook.com\/aliceonglerie\",\"https:\/\/www.instagram.com\/aliceonglerie\/\"]}]}<\/script>\n<!-- \/ Yoast SEO plugin. -->","yoast_head_json":{"title":"Rubber Base Nude Glitter - ALICE ONGLERIE","robots":{"index":"index","follow":"follow","max-snippet":"max-snippet:-1","max-image-preview":"max-image-preview:large","max-video-preview":"max-video-preview:-1"},"canonical":"https:\/\/aliceonglerie.com\/?product=rubber-base-nude-glitter","og_locale":"en_US","og_type":"article","og_title":"Rubber Base Nude Glitter - ALICE ONGLERIE","og_description":"Bases Rubber ! Les compositions et textures ont \u00e9t\u00e9 retravaill\u00e9es afin de vous procurer un confort de travail et une tenue optimale.  Vernis semi-permanent base builder con\u00e7u pour le renfort des ongles naturels.   \u00a0Couleur nude beige ros\u00e9, id\u00e9ale pour une finition \u00e9l\u00e9gante.  \u00a0Composition flexible avec des agents adh\u00e9rents pour une tenue renforc\u00e9e et un confort maximal.  \u00a0Utilisation en gainage, avec la possibilit\u00e9 de r\u00e9aliser de mini extensions.  Allonge la tenue du vernis semi-permanent en renfort sous la couleur pour les ongles fins, mous et fragiles.   \u00a0Peut \u00eatre utilis\u00e9e comme base sous votre vernis semi-permanent ou pour vos poses en gel et acrygel.  Des qualit\u00e9s techniques sup\u00e9rieures :   \u00a0Texture auto-\u00e9galisante, non collante, ne bulle pas.  \u00a0Id\u00e9ale pour la technique rapide \"No File\".  Contenance : Flacon 15 ml \ud83d\udccd Disponible en click &amp; collect \u00e0 Mouscron","og_url":"https:\/\/aliceonglerie.com\/?product=rubber-base-nude-glitter","og_site_name":"ALICE ONGLERIE","article_publisher":"https:\/\/www.facebook.com\/aliceonglerie","og_image":[{"width":1080,"height":1080,"url":"https:\/\/aliceonglerie.com\/wp-content\/uploads\/2024\/12\/23919.jpg.webp","type":"image\/webp"}],"twitter_card":"summary_large_image","schema":{"@context":"https:\/\/schema.org","@graph":[{"@type":"WebPage","@id":"https:\/\/aliceonglerie.com\/?product=rubber-base-nude-glitter","url":"https:\/\/aliceonglerie.com\/?product=rubber-base-nude-glitter","name":"Rubber Base Nude Glitter - ALICE ONGLERIE","isPartOf":{"@id":"https:\/\/aliceonglerie.com\/#website"},"primaryImageOfPage":{"@id":"https:\/\/aliceonglerie.com\/?product=rubber-base-nude-glitter#primaryimage"},"image":{"@id":"https:\/\/aliceonglerie.com\/?product=rubber-base-nude-glitter#primaryimage"},"thumbnailUrl":"https:\/\/aliceonglerie.com\/wp-content\/uploads\/2024\/12\/23919.jpg.webp","datePublished":"2024-12-06T17:36:40+00:00","breadcrumb":{"@id":"https:\/\/aliceonglerie.com\/?product=rubber-base-nude-glitter#breadcrumb"},"inLanguage":"en-US","potentialAction":[{"@type":"ReadAction","target":["https:\/\/aliceonglerie.com\/?product=rubber-base-nude-glitter"]}]},{"@type":"ImageObject","inLanguage":"en-US","@id":"https:\/\/aliceonglerie.com\/?product=rubber-base-nude-glitter#primaryimage","url":"https:\/\/aliceonglerie.com\/wp-content\/uploads\/2024\/12\/23919.jpg.webp","contentUrl":"https:\/\/aliceonglerie.com\/wp-content\/uploads\/2024\/12\/23919.jpg.webp","width":1080,"height":1080,"caption":"23919.jpg"},{"@type":"BreadcrumbList","@id":"https:\/\/aliceonglerie.com\/?product=rubber-base-nude-glitter#breadcrumb","itemListElement":[{"@type":"ListItem","position":1,"name":"Accueil","item":"https:\/\/aliceonglerie.com\/"},{"@type":"ListItem","position":2,"name":"Produits","item":"https:\/\/aliceonglerie.com\/?post_type=product"},{"@type":"ListItem","position":3,"name":"Rubber Base Nude Glitter"}]},{"@type":"WebSite","@id":"https:\/\/aliceonglerie.com\/#website","url":"https:\/\/aliceonglerie.com\/","name":"ALICE ONGLERIE","description":"","publisher":{"@id":"https:\/\/aliceonglerie.com\/#organization"},"potentialAction":[{"@type":"SearchAction","target":{"@type":"EntryPoint","urlTemplate":"https:\/\/aliceonglerie.com\/?s={search_term_string}"},"query-input":{"@type":"PropertyValueSpecification","valueRequired":true,"valueName":"search_term_string"}}],"inLanguage":"en-US"},{"@type":"Organization","@id":"https:\/\/aliceonglerie.com\/#organization","name":"ALICE ONGLERIE","url":"https:\/\/aliceonglerie.com\/","logo":{"@type":"ImageObject","inLanguage":"en-US","@id":"https:\/\/aliceonglerie.com\/#\/schema\/logo\/image\/","url":"https:\/\/aliceonglerie.com\/wp-content\/uploads\/2024\/12\/Alice-1.png","contentUrl":"https:\/\/aliceonglerie.com\/wp-content\/uploads\/2024\/12\/Alice-1.png","width":300,"height":100,"caption":"ALICE ONGLERIE"},"image":{"@id":"https:\/\/aliceonglerie.com\/#\/schema\/logo\/image\/"},"sameAs":["https:\/\/www.facebook.com\/aliceonglerie","https:\/\/www.instagram.com\/aliceonglerie\/"]}]}},"jetpack_sharing_enabled":true,"_links":{"self":[{"href":"https:\/\/aliceonglerie.com\/index.php?rest_route=\/wp\/v2\/product\/855","targetHints":{"allow":["GET"]}}],"collection":[{"href":"https:\/\/aliceonglerie.com\/index.php?rest_route=\/wp\/v2\/product"}],"about":[{"href":"https:\/\/aliceonglerie.com\/index.php?rest_route=\/wp\/v2\/types\/product"}],"replies":[{"embeddable":true,"href":"https:\/\/aliceonglerie.com\/index.php?rest_route=%2Fwp%2Fv2%2Fcomments&post=855"}],"wp:featuredmedia":[{"embeddable":true,"href":"https:\/\/aliceonglerie.com\/index.php?rest_route=\/wp\/v2\/media\/858"}],"wp:attachment":[{"href":"https:\/\/aliceonglerie.com\/index.php?rest_route=%2Fwp%2Fv2%2Fmedia&parent=855"}],"wp:term":[{"taxonomy":"product_brand","embeddable":true,"href":"https:\/\/aliceonglerie.com\/index.php?rest_route=%2Fwp%2Fv2%2Fproduct_brand&post=855"},{"taxonomy":"product_cat","embeddable":true,"href":"https:\/\/aliceonglerie.com\/index.php?rest_route=%2Fwp%2Fv2%2Fproduct_cat&post=855"},{"taxonomy":"product_tag","embeddable":true,"href":"https:\/\/aliceonglerie.com\/index.php?rest_route=%2Fwp%2Fv2%2Fproduct_tag&post=855"}],"curies":[{"name":"wp","href":"https:\/\/api.w.org\/{rel}","templated":true}]}}