{"id":829,"date":"2024-12-06T17:54:13","date_gmt":"2024-12-06T16:54:13","guid":{"rendered":"http:\/\/aliceonglerie.com\/?post_type=product&#038;p=829"},"modified":"2024-12-06T17:54:13","modified_gmt":"2024-12-06T16:54:13","slug":"rubber-base-cover-milky","status":"publish","type":"product","link":"https:\/\/aliceonglerie.com\/?product=rubber-base-cover-milky","title":{"rendered":"RUBBER BASE &#8211;  COVER MILKY"},"content":{"rendered":"<p><iframe loading=\"lazy\" title=\"rubber base cover milky\" width=\"1080\" height=\"608\" src=\"https:\/\/www.youtube.com\/embed\/_MMZAMWnh14?feature=oembed\"  allow=\"accelerometer; autoplay; clipboard-write; encrypted-media; gyroscope; picture-in-picture; web-share\" referrerpolicy=\"strict-origin-when-cross-origin\" allowfullscreen><\/iframe><\/p>\n","protected":false},"excerpt":{"rendered":"<p>Rubber Base COD Nails &#8211; Cover P\u00eache Sans HEMA<\/p>\n<p>Base builder haute qualit\u00e9, formul\u00e9e sans HEMA :<\/p>\n<ul>\n<li>Teinte cover p\u00eache naturelle<\/li>\n<li>Renforce l&#8217;ongle en douceur<\/li>\n<li>Id\u00e9ale pour gainage et mini extensions<\/li>\n<li>Convient aux ongles sensibles<\/li>\n<\/ul>\n<p>Propri\u00e9t\u00e9s techniques sup\u00e9rieures :<\/p>\n<ul>\n<li>Texture auto-\u00e9galisante<\/li>\n<li>Adh\u00e9rence longue dur\u00e9e<\/li>\n<li>Z\u00e9ro bulle<\/li>\n<li>Fini non collant<\/li>\n<li>Parfaite pour &#8220;No File&#8221;<\/li>\n<\/ul>\n<p>Utilisations multiples :<\/p>\n<ul>\n<li>Base sous semi-permanent<\/li>\n<li>Compatible gel et acrygel<\/li>\n<li>Protection des ongles fragiles<\/li>\n<li>Rallonge la tenue des poses<\/li>\n<\/ul>\n<p>Format : flacon 15 ml, \u00e0 retirer en click &amp; collect \u00e0 Mouscron.<\/p>\n<p>\ud83c\udf51 Bonus : Sa teinte p\u00eache d\u00e9licate sublime le naturel de l&#8217;ongle tout en masquant les imperfections.<\/p>\n","protected":false},"featured_media":830,"comment_status":"open","ping_status":"closed","template":"","meta":{"_et_pb_use_builder":"","_et_pb_old_content":"","_et_gb_content_width":"","_glsr_average":0,"_glsr_ranking":0,"_glsr_reviews":0},"product_brand":[],"product_cat":[22],"product_tag":[],"class_list":{"0":"post-829","1":"product","2":"type-product","3":"status-publish","4":"has-post-thumbnail","6":"product_cat-ruber-base","8":"first","9":"instock","10":"shipping-taxable","11":"product-type-simple"},"yoast_head":"<!-- This site is optimized with the Yoast SEO plugin v24.5 - https:\/\/yoast.com\/wordpress\/plugins\/seo\/ -->\n<title>RUBBER BASE - COVER MILKY - ALICE ONGLERIE<\/title>\n<meta name=\"robots\" content=\"index, follow, max-snippet:-1, max-image-preview:large, max-video-preview:-1\" \/>\n<link rel=\"canonical\" href=\"https:\/\/aliceonglerie.com\/?product=rubber-base-cover-milky\" \/>\n<meta property=\"og:locale\" content=\"en_US\" \/>\n<meta property=\"og:type\" content=\"article\" \/>\n<meta property=\"og:title\" content=\"RUBBER BASE - COVER MILKY - ALICE ONGLERIE\" \/>\n<meta property=\"og:description\" content=\"Rubber Base COD Nails - Cover P\u00eache Sans HEMA  Base builder haute qualit\u00e9, formul\u00e9e sans HEMA :   Teinte cover p\u00eache naturelle  Renforce l&#039;ongle en douceur  Id\u00e9ale pour gainage et mini extensions  Convient aux ongles sensibles  Propri\u00e9t\u00e9s techniques sup\u00e9rieures :   Texture auto-\u00e9galisante  Adh\u00e9rence longue dur\u00e9e  Z\u00e9ro bulle  Fini non collant  Parfaite pour &quot;No File&quot;  Utilisations multiples :   Base sous semi-permanent  Compatible gel et acrygel  Protection des ongles fragiles  Rallonge la tenue des poses  Format : flacon 15 ml, \u00e0 retirer en click &amp; collect \u00e0 Mouscron.  \ud83c\udf51 Bonus : Sa teinte p\u00eache d\u00e9licate sublime le naturel de l&#039;ongle tout en masquant les imperfections.\" \/>\n<meta property=\"og:url\" content=\"https:\/\/aliceonglerie.com\/?product=rubber-base-cover-milky\" \/>\n<meta property=\"og:site_name\" content=\"ALICE ONGLERIE\" \/>\n<meta property=\"article:publisher\" content=\"https:\/\/www.facebook.com\/aliceonglerie\" \/>\n<meta property=\"og:image\" content=\"https:\/\/aliceonglerie.com\/wp-content\/uploads\/2024\/12\/26708.jpg.webp\" \/>\n\t<meta property=\"og:image:width\" content=\"1080\" \/>\n\t<meta property=\"og:image:height\" content=\"1080\" \/>\n\t<meta property=\"og:image:type\" content=\"image\/webp\" \/>\n<meta name=\"twitter:card\" content=\"summary_large_image\" \/>\n<script type=\"application\/ld+json\" class=\"yoast-schema-graph\">{\"@context\":\"https:\/\/schema.org\",\"@graph\":[{\"@type\":\"WebPage\",\"@id\":\"https:\/\/aliceonglerie.com\/?product=rubber-base-cover-milky\",\"url\":\"https:\/\/aliceonglerie.com\/?product=rubber-base-cover-milky\",\"name\":\"RUBBER BASE - COVER MILKY - ALICE ONGLERIE\",\"isPartOf\":{\"@id\":\"https:\/\/aliceonglerie.com\/#website\"},\"primaryImageOfPage\":{\"@id\":\"https:\/\/aliceonglerie.com\/?product=rubber-base-cover-milky#primaryimage\"},\"image\":{\"@id\":\"https:\/\/aliceonglerie.com\/?product=rubber-base-cover-milky#primaryimage\"},\"thumbnailUrl\":\"https:\/\/aliceonglerie.com\/wp-content\/uploads\/2024\/12\/26708.jpg.webp\",\"datePublished\":\"2024-12-06T16:54:13+00:00\",\"breadcrumb\":{\"@id\":\"https:\/\/aliceonglerie.com\/?product=rubber-base-cover-milky#breadcrumb\"},\"inLanguage\":\"en-US\",\"potentialAction\":[{\"@type\":\"ReadAction\",\"target\":[\"https:\/\/aliceonglerie.com\/?product=rubber-base-cover-milky\"]}]},{\"@type\":\"ImageObject\",\"inLanguage\":\"en-US\",\"@id\":\"https:\/\/aliceonglerie.com\/?product=rubber-base-cover-milky#primaryimage\",\"url\":\"https:\/\/aliceonglerie.com\/wp-content\/uploads\/2024\/12\/26708.jpg.webp\",\"contentUrl\":\"https:\/\/aliceonglerie.com\/wp-content\/uploads\/2024\/12\/26708.jpg.webp\",\"width\":1080,\"height\":1080,\"caption\":\"26708.jpg\"},{\"@type\":\"BreadcrumbList\",\"@id\":\"https:\/\/aliceonglerie.com\/?product=rubber-base-cover-milky#breadcrumb\",\"itemListElement\":[{\"@type\":\"ListItem\",\"position\":1,\"name\":\"Accueil\",\"item\":\"https:\/\/aliceonglerie.com\/\"},{\"@type\":\"ListItem\",\"position\":2,\"name\":\"Produits\",\"item\":\"https:\/\/aliceonglerie.com\/?post_type=product\"},{\"@type\":\"ListItem\",\"position\":3,\"name\":\"RUBBER BASE &#8211; COVER MILKY\"}]},{\"@type\":\"WebSite\",\"@id\":\"https:\/\/aliceonglerie.com\/#website\",\"url\":\"https:\/\/aliceonglerie.com\/\",\"name\":\"ALICE ONGLERIE\",\"description\":\"\",\"publisher\":{\"@id\":\"https:\/\/aliceonglerie.com\/#organization\"},\"potentialAction\":[{\"@type\":\"SearchAction\",\"target\":{\"@type\":\"EntryPoint\",\"urlTemplate\":\"https:\/\/aliceonglerie.com\/?s={search_term_string}\"},\"query-input\":{\"@type\":\"PropertyValueSpecification\",\"valueRequired\":true,\"valueName\":\"search_term_string\"}}],\"inLanguage\":\"en-US\"},{\"@type\":\"Organization\",\"@id\":\"https:\/\/aliceonglerie.com\/#organization\",\"name\":\"ALICE ONGLERIE\",\"url\":\"https:\/\/aliceonglerie.com\/\",\"logo\":{\"@type\":\"ImageObject\",\"inLanguage\":\"en-US\",\"@id\":\"https:\/\/aliceonglerie.com\/#\/schema\/logo\/image\/\",\"url\":\"https:\/\/aliceonglerie.com\/wp-content\/uploads\/2024\/12\/Alice-1.png\",\"contentUrl\":\"https:\/\/aliceonglerie.com\/wp-content\/uploads\/2024\/12\/Alice-1.png\",\"width\":300,\"height\":100,\"caption\":\"ALICE ONGLERIE\"},\"image\":{\"@id\":\"https:\/\/aliceonglerie.com\/#\/schema\/logo\/image\/\"},\"sameAs\":[\"https:\/\/www.facebook.com\/aliceonglerie\",\"https:\/\/www.instagram.com\/aliceonglerie\/\"]}]}<\/script>\n<!-- \/ Yoast SEO plugin. -->","yoast_head_json":{"title":"RUBBER BASE - COVER MILKY - ALICE ONGLERIE","robots":{"index":"index","follow":"follow","max-snippet":"max-snippet:-1","max-image-preview":"max-image-preview:large","max-video-preview":"max-video-preview:-1"},"canonical":"https:\/\/aliceonglerie.com\/?product=rubber-base-cover-milky","og_locale":"en_US","og_type":"article","og_title":"RUBBER BASE - COVER MILKY - ALICE ONGLERIE","og_description":"Rubber Base COD Nails - Cover P\u00eache Sans HEMA  Base builder haute qualit\u00e9, formul\u00e9e sans HEMA :   Teinte cover p\u00eache naturelle  Renforce l'ongle en douceur  Id\u00e9ale pour gainage et mini extensions  Convient aux ongles sensibles  Propri\u00e9t\u00e9s techniques sup\u00e9rieures :   Texture auto-\u00e9galisante  Adh\u00e9rence longue dur\u00e9e  Z\u00e9ro bulle  Fini non collant  Parfaite pour \"No File\"  Utilisations multiples :   Base sous semi-permanent  Compatible gel et acrygel  Protection des ongles fragiles  Rallonge la tenue des poses  Format : flacon 15 ml, \u00e0 retirer en click &amp; collect \u00e0 Mouscron.  \ud83c\udf51 Bonus : Sa teinte p\u00eache d\u00e9licate sublime le naturel de l'ongle tout en masquant les imperfections.","og_url":"https:\/\/aliceonglerie.com\/?product=rubber-base-cover-milky","og_site_name":"ALICE ONGLERIE","article_publisher":"https:\/\/www.facebook.com\/aliceonglerie","og_image":[{"width":1080,"height":1080,"url":"https:\/\/aliceonglerie.com\/wp-content\/uploads\/2024\/12\/26708.jpg.webp","type":"image\/webp"}],"twitter_card":"summary_large_image","schema":{"@context":"https:\/\/schema.org","@graph":[{"@type":"WebPage","@id":"https:\/\/aliceonglerie.com\/?product=rubber-base-cover-milky","url":"https:\/\/aliceonglerie.com\/?product=rubber-base-cover-milky","name":"RUBBER BASE - COVER MILKY - ALICE ONGLERIE","isPartOf":{"@id":"https:\/\/aliceonglerie.com\/#website"},"primaryImageOfPage":{"@id":"https:\/\/aliceonglerie.com\/?product=rubber-base-cover-milky#primaryimage"},"image":{"@id":"https:\/\/aliceonglerie.com\/?product=rubber-base-cover-milky#primaryimage"},"thumbnailUrl":"https:\/\/aliceonglerie.com\/wp-content\/uploads\/2024\/12\/26708.jpg.webp","datePublished":"2024-12-06T16:54:13+00:00","breadcrumb":{"@id":"https:\/\/aliceonglerie.com\/?product=rubber-base-cover-milky#breadcrumb"},"inLanguage":"en-US","potentialAction":[{"@type":"ReadAction","target":["https:\/\/aliceonglerie.com\/?product=rubber-base-cover-milky"]}]},{"@type":"ImageObject","inLanguage":"en-US","@id":"https:\/\/aliceonglerie.com\/?product=rubber-base-cover-milky#primaryimage","url":"https:\/\/aliceonglerie.com\/wp-content\/uploads\/2024\/12\/26708.jpg.webp","contentUrl":"https:\/\/aliceonglerie.com\/wp-content\/uploads\/2024\/12\/26708.jpg.webp","width":1080,"height":1080,"caption":"26708.jpg"},{"@type":"BreadcrumbList","@id":"https:\/\/aliceonglerie.com\/?product=rubber-base-cover-milky#breadcrumb","itemListElement":[{"@type":"ListItem","position":1,"name":"Accueil","item":"https:\/\/aliceonglerie.com\/"},{"@type":"ListItem","position":2,"name":"Produits","item":"https:\/\/aliceonglerie.com\/?post_type=product"},{"@type":"ListItem","position":3,"name":"RUBBER BASE &#8211; COVER MILKY"}]},{"@type":"WebSite","@id":"https:\/\/aliceonglerie.com\/#website","url":"https:\/\/aliceonglerie.com\/","name":"ALICE ONGLERIE","description":"","publisher":{"@id":"https:\/\/aliceonglerie.com\/#organization"},"potentialAction":[{"@type":"SearchAction","target":{"@type":"EntryPoint","urlTemplate":"https:\/\/aliceonglerie.com\/?s={search_term_string}"},"query-input":{"@type":"PropertyValueSpecification","valueRequired":true,"valueName":"search_term_string"}}],"inLanguage":"en-US"},{"@type":"Organization","@id":"https:\/\/aliceonglerie.com\/#organization","name":"ALICE ONGLERIE","url":"https:\/\/aliceonglerie.com\/","logo":{"@type":"ImageObject","inLanguage":"en-US","@id":"https:\/\/aliceonglerie.com\/#\/schema\/logo\/image\/","url":"https:\/\/aliceonglerie.com\/wp-content\/uploads\/2024\/12\/Alice-1.png","contentUrl":"https:\/\/aliceonglerie.com\/wp-content\/uploads\/2024\/12\/Alice-1.png","width":300,"height":100,"caption":"ALICE ONGLERIE"},"image":{"@id":"https:\/\/aliceonglerie.com\/#\/schema\/logo\/image\/"},"sameAs":["https:\/\/www.facebook.com\/aliceonglerie","https:\/\/www.instagram.com\/aliceonglerie\/"]}]}},"jetpack_sharing_enabled":true,"_links":{"self":[{"href":"https:\/\/aliceonglerie.com\/index.php?rest_route=\/wp\/v2\/product\/829","targetHints":{"allow":["GET"]}}],"collection":[{"href":"https:\/\/aliceonglerie.com\/index.php?rest_route=\/wp\/v2\/product"}],"about":[{"href":"https:\/\/aliceonglerie.com\/index.php?rest_route=\/wp\/v2\/types\/product"}],"replies":[{"embeddable":true,"href":"https:\/\/aliceonglerie.com\/index.php?rest_route=%2Fwp%2Fv2%2Fcomments&post=829"}],"wp:featuredmedia":[{"embeddable":true,"href":"https:\/\/aliceonglerie.com\/index.php?rest_route=\/wp\/v2\/media\/830"}],"wp:attachment":[{"href":"https:\/\/aliceonglerie.com\/index.php?rest_route=%2Fwp%2Fv2%2Fmedia&parent=829"}],"wp:term":[{"taxonomy":"product_brand","embeddable":true,"href":"https:\/\/aliceonglerie.com\/index.php?rest_route=%2Fwp%2Fv2%2Fproduct_brand&post=829"},{"taxonomy":"product_cat","embeddable":true,"href":"https:\/\/aliceonglerie.com\/index.php?rest_route=%2Fwp%2Fv2%2Fproduct_cat&post=829"},{"taxonomy":"product_tag","embeddable":true,"href":"https:\/\/aliceonglerie.com\/index.php?rest_route=%2Fwp%2Fv2%2Fproduct_tag&post=829"}],"curies":[{"name":"wp","href":"https:\/\/api.w.org\/{rel}","templated":true}]}}