{"id":3940,"date":"2025-03-01T16:09:50","date_gmt":"2025-03-01T15:09:50","guid":{"rendered":"https:\/\/aliceonglerie.com\/?post_type=product&#038;p=3940"},"modified":"2025-03-01T16:09:51","modified_gmt":"2025-03-01T15:09:51","slug":"supreme-gloss-milky-rose","status":"publish","type":"product","link":"https:\/\/aliceonglerie.com\/?product=supreme-gloss-milky-rose","title":{"rendered":"Supreme Gloss Milky Rose"},"content":{"rendered":"","protected":false},"excerpt":{"rendered":"<p>Le\u00a0<strong>gel de finition rose laiteux souple sans r\u00e9sidu<\/strong>\u00a0est un incontournable pour des ongles impeccables et \u00e9l\u00e9gants. Gr\u00e2ce \u00e0 sa texture \u00e9paisse et \u00e0 son application facile, ce gel de finition offre une brillance extr\u00eame et durable, tout en prot\u00e9geant contre le jaunissement avec son filtre anti-UV. Parfait pour finaliser vos poses de\u00a0<strong>Babyboomers<\/strong>\u00a0ou sublimer vos\u00a0<strong>constructions naturelles<\/strong>, ce gel garantit une finition professionnelle et r\u00e9siste aux agressions du quotidien.<\/p>\n","protected":false},"featured_media":3941,"comment_status":"open","ping_status":"closed","template":"","meta":{"_et_pb_use_builder":"","_et_pb_old_content":"","_et_gb_content_width":"","_glsr_average":0,"_glsr_ranking":0,"_glsr_reviews":0},"product_brand":[],"product_cat":[52,25],"product_tag":[],"class_list":{"0":"post-3940","1":"product","2":"type-product","3":"status-publish","4":"has-post-thumbnail","6":"product_cat-finitions","7":"product_cat-gel","9":"first","10":"instock","11":"shipping-taxable","12":"product-type-simple"},"yoast_head":"<!-- This site is optimized with the Yoast SEO plugin v24.5 - https:\/\/yoast.com\/wordpress\/plugins\/seo\/ -->\n<title>Supreme Gloss Milky Rose - ALICE ONGLERIE<\/title>\n<meta name=\"robots\" content=\"index, follow, max-snippet:-1, max-image-preview:large, max-video-preview:-1\" \/>\n<link rel=\"canonical\" href=\"https:\/\/aliceonglerie.com\/?product=supreme-gloss-milky-rose\" \/>\n<meta property=\"og:locale\" content=\"en_US\" \/>\n<meta property=\"og:type\" content=\"article\" \/>\n<meta property=\"og:title\" content=\"Supreme Gloss Milky Rose - ALICE ONGLERIE\" \/>\n<meta property=\"og:description\" content=\"Le\u00a0gel de finition rose laiteux souple sans r\u00e9sidu\u00a0est un incontournable pour des ongles impeccables et \u00e9l\u00e9gants. Gr\u00e2ce \u00e0 sa texture \u00e9paisse et \u00e0 son application facile, ce gel de finition offre une brillance extr\u00eame et durable, tout en prot\u00e9geant contre le jaunissement avec son filtre anti-UV. Parfait pour finaliser vos poses de\u00a0Babyboomers\u00a0ou sublimer vos\u00a0constructions naturelles, ce gel garantit une finition professionnelle et r\u00e9siste aux agressions du quotidien.\" \/>\n<meta property=\"og:url\" content=\"https:\/\/aliceonglerie.com\/?product=supreme-gloss-milky-rose\" \/>\n<meta property=\"og:site_name\" content=\"ALICE ONGLERIE\" \/>\n<meta property=\"article:publisher\" content=\"https:\/\/www.facebook.com\/aliceonglerie\" \/>\n<meta property=\"article:modified_time\" content=\"2025-03-01T15:09:51+00:00\" \/>\n<meta property=\"og:image\" content=\"https:\/\/aliceonglerie.com\/wp-content\/uploads\/2025\/03\/27646.webp\" \/>\n\t<meta property=\"og:image:width\" content=\"1080\" \/>\n\t<meta property=\"og:image:height\" content=\"1080\" \/>\n\t<meta property=\"og:image:type\" content=\"image\/webp\" \/>\n<meta name=\"twitter:card\" content=\"summary_large_image\" \/>\n<meta name=\"twitter:label1\" content=\"Est. reading time\" \/>\n\t<meta name=\"twitter:data1\" content=\"1 minute\" \/>\n<script type=\"application\/ld+json\" class=\"yoast-schema-graph\">{\"@context\":\"https:\/\/schema.org\",\"@graph\":[{\"@type\":\"WebPage\",\"@id\":\"https:\/\/aliceonglerie.com\/?product=supreme-gloss-milky-rose\",\"url\":\"https:\/\/aliceonglerie.com\/?product=supreme-gloss-milky-rose\",\"name\":\"Supreme Gloss Milky Rose - ALICE ONGLERIE\",\"isPartOf\":{\"@id\":\"https:\/\/aliceonglerie.com\/#website\"},\"primaryImageOfPage\":{\"@id\":\"https:\/\/aliceonglerie.com\/?product=supreme-gloss-milky-rose#primaryimage\"},\"image\":{\"@id\":\"https:\/\/aliceonglerie.com\/?product=supreme-gloss-milky-rose#primaryimage\"},\"thumbnailUrl\":\"https:\/\/aliceonglerie.com\/wp-content\/uploads\/2025\/03\/27646.webp\",\"datePublished\":\"2025-03-01T15:09:50+00:00\",\"dateModified\":\"2025-03-01T15:09:51+00:00\",\"breadcrumb\":{\"@id\":\"https:\/\/aliceonglerie.com\/?product=supreme-gloss-milky-rose#breadcrumb\"},\"inLanguage\":\"en-US\",\"potentialAction\":[{\"@type\":\"ReadAction\",\"target\":[\"https:\/\/aliceonglerie.com\/?product=supreme-gloss-milky-rose\"]}]},{\"@type\":\"ImageObject\",\"inLanguage\":\"en-US\",\"@id\":\"https:\/\/aliceonglerie.com\/?product=supreme-gloss-milky-rose#primaryimage\",\"url\":\"https:\/\/aliceonglerie.com\/wp-content\/uploads\/2025\/03\/27646.webp\",\"contentUrl\":\"https:\/\/aliceonglerie.com\/wp-content\/uploads\/2025\/03\/27646.webp\",\"width\":1080,\"height\":1080},{\"@type\":\"BreadcrumbList\",\"@id\":\"https:\/\/aliceonglerie.com\/?product=supreme-gloss-milky-rose#breadcrumb\",\"itemListElement\":[{\"@type\":\"ListItem\",\"position\":1,\"name\":\"Accueil\",\"item\":\"https:\/\/aliceonglerie.com\/\"},{\"@type\":\"ListItem\",\"position\":2,\"name\":\"Produits\",\"item\":\"https:\/\/aliceonglerie.com\/?post_type=product\"},{\"@type\":\"ListItem\",\"position\":3,\"name\":\"Supreme Gloss Milky Rose\"}]},{\"@type\":\"WebSite\",\"@id\":\"https:\/\/aliceonglerie.com\/#website\",\"url\":\"https:\/\/aliceonglerie.com\/\",\"name\":\"ALICE ONGLERIE\",\"description\":\"\",\"publisher\":{\"@id\":\"https:\/\/aliceonglerie.com\/#organization\"},\"potentialAction\":[{\"@type\":\"SearchAction\",\"target\":{\"@type\":\"EntryPoint\",\"urlTemplate\":\"https:\/\/aliceonglerie.com\/?s={search_term_string}\"},\"query-input\":{\"@type\":\"PropertyValueSpecification\",\"valueRequired\":true,\"valueName\":\"search_term_string\"}}],\"inLanguage\":\"en-US\"},{\"@type\":\"Organization\",\"@id\":\"https:\/\/aliceonglerie.com\/#organization\",\"name\":\"ALICE ONGLERIE\",\"url\":\"https:\/\/aliceonglerie.com\/\",\"logo\":{\"@type\":\"ImageObject\",\"inLanguage\":\"en-US\",\"@id\":\"https:\/\/aliceonglerie.com\/#\/schema\/logo\/image\/\",\"url\":\"https:\/\/aliceonglerie.com\/wp-content\/uploads\/2024\/12\/Alice-1.png\",\"contentUrl\":\"https:\/\/aliceonglerie.com\/wp-content\/uploads\/2024\/12\/Alice-1.png\",\"width\":300,\"height\":100,\"caption\":\"ALICE ONGLERIE\"},\"image\":{\"@id\":\"https:\/\/aliceonglerie.com\/#\/schema\/logo\/image\/\"},\"sameAs\":[\"https:\/\/www.facebook.com\/aliceonglerie\",\"https:\/\/www.instagram.com\/aliceonglerie\/\"]}]}<\/script>\n<!-- \/ Yoast SEO plugin. -->","yoast_head_json":{"title":"Supreme Gloss Milky Rose - ALICE ONGLERIE","robots":{"index":"index","follow":"follow","max-snippet":"max-snippet:-1","max-image-preview":"max-image-preview:large","max-video-preview":"max-video-preview:-1"},"canonical":"https:\/\/aliceonglerie.com\/?product=supreme-gloss-milky-rose","og_locale":"en_US","og_type":"article","og_title":"Supreme Gloss Milky Rose - ALICE ONGLERIE","og_description":"Le\u00a0gel de finition rose laiteux souple sans r\u00e9sidu\u00a0est un incontournable pour des ongles impeccables et \u00e9l\u00e9gants. Gr\u00e2ce \u00e0 sa texture \u00e9paisse et \u00e0 son application facile, ce gel de finition offre une brillance extr\u00eame et durable, tout en prot\u00e9geant contre le jaunissement avec son filtre anti-UV. Parfait pour finaliser vos poses de\u00a0Babyboomers\u00a0ou sublimer vos\u00a0constructions naturelles, ce gel garantit une finition professionnelle et r\u00e9siste aux agressions du quotidien.","og_url":"https:\/\/aliceonglerie.com\/?product=supreme-gloss-milky-rose","og_site_name":"ALICE ONGLERIE","article_publisher":"https:\/\/www.facebook.com\/aliceonglerie","article_modified_time":"2025-03-01T15:09:51+00:00","og_image":[{"width":1080,"height":1080,"url":"https:\/\/aliceonglerie.com\/wp-content\/uploads\/2025\/03\/27646.webp","type":"image\/webp"}],"twitter_card":"summary_large_image","twitter_misc":{"Est. reading time":"1 minute"},"schema":{"@context":"https:\/\/schema.org","@graph":[{"@type":"WebPage","@id":"https:\/\/aliceonglerie.com\/?product=supreme-gloss-milky-rose","url":"https:\/\/aliceonglerie.com\/?product=supreme-gloss-milky-rose","name":"Supreme Gloss Milky Rose - ALICE ONGLERIE","isPartOf":{"@id":"https:\/\/aliceonglerie.com\/#website"},"primaryImageOfPage":{"@id":"https:\/\/aliceonglerie.com\/?product=supreme-gloss-milky-rose#primaryimage"},"image":{"@id":"https:\/\/aliceonglerie.com\/?product=supreme-gloss-milky-rose#primaryimage"},"thumbnailUrl":"https:\/\/aliceonglerie.com\/wp-content\/uploads\/2025\/03\/27646.webp","datePublished":"2025-03-01T15:09:50+00:00","dateModified":"2025-03-01T15:09:51+00:00","breadcrumb":{"@id":"https:\/\/aliceonglerie.com\/?product=supreme-gloss-milky-rose#breadcrumb"},"inLanguage":"en-US","potentialAction":[{"@type":"ReadAction","target":["https:\/\/aliceonglerie.com\/?product=supreme-gloss-milky-rose"]}]},{"@type":"ImageObject","inLanguage":"en-US","@id":"https:\/\/aliceonglerie.com\/?product=supreme-gloss-milky-rose#primaryimage","url":"https:\/\/aliceonglerie.com\/wp-content\/uploads\/2025\/03\/27646.webp","contentUrl":"https:\/\/aliceonglerie.com\/wp-content\/uploads\/2025\/03\/27646.webp","width":1080,"height":1080},{"@type":"BreadcrumbList","@id":"https:\/\/aliceonglerie.com\/?product=supreme-gloss-milky-rose#breadcrumb","itemListElement":[{"@type":"ListItem","position":1,"name":"Accueil","item":"https:\/\/aliceonglerie.com\/"},{"@type":"ListItem","position":2,"name":"Produits","item":"https:\/\/aliceonglerie.com\/?post_type=product"},{"@type":"ListItem","position":3,"name":"Supreme Gloss Milky Rose"}]},{"@type":"WebSite","@id":"https:\/\/aliceonglerie.com\/#website","url":"https:\/\/aliceonglerie.com\/","name":"ALICE ONGLERIE","description":"","publisher":{"@id":"https:\/\/aliceonglerie.com\/#organization"},"potentialAction":[{"@type":"SearchAction","target":{"@type":"EntryPoint","urlTemplate":"https:\/\/aliceonglerie.com\/?s={search_term_string}"},"query-input":{"@type":"PropertyValueSpecification","valueRequired":true,"valueName":"search_term_string"}}],"inLanguage":"en-US"},{"@type":"Organization","@id":"https:\/\/aliceonglerie.com\/#organization","name":"ALICE ONGLERIE","url":"https:\/\/aliceonglerie.com\/","logo":{"@type":"ImageObject","inLanguage":"en-US","@id":"https:\/\/aliceonglerie.com\/#\/schema\/logo\/image\/","url":"https:\/\/aliceonglerie.com\/wp-content\/uploads\/2024\/12\/Alice-1.png","contentUrl":"https:\/\/aliceonglerie.com\/wp-content\/uploads\/2024\/12\/Alice-1.png","width":300,"height":100,"caption":"ALICE ONGLERIE"},"image":{"@id":"https:\/\/aliceonglerie.com\/#\/schema\/logo\/image\/"},"sameAs":["https:\/\/www.facebook.com\/aliceonglerie","https:\/\/www.instagram.com\/aliceonglerie\/"]}]}},"jetpack_sharing_enabled":true,"_links":{"self":[{"href":"https:\/\/aliceonglerie.com\/index.php?rest_route=\/wp\/v2\/product\/3940","targetHints":{"allow":["GET"]}}],"collection":[{"href":"https:\/\/aliceonglerie.com\/index.php?rest_route=\/wp\/v2\/product"}],"about":[{"href":"https:\/\/aliceonglerie.com\/index.php?rest_route=\/wp\/v2\/types\/product"}],"replies":[{"embeddable":true,"href":"https:\/\/aliceonglerie.com\/index.php?rest_route=%2Fwp%2Fv2%2Fcomments&post=3940"}],"wp:featuredmedia":[{"embeddable":true,"href":"https:\/\/aliceonglerie.com\/index.php?rest_route=\/wp\/v2\/media\/3941"}],"wp:attachment":[{"href":"https:\/\/aliceonglerie.com\/index.php?rest_route=%2Fwp%2Fv2%2Fmedia&parent=3940"}],"wp:term":[{"taxonomy":"product_brand","embeddable":true,"href":"https:\/\/aliceonglerie.com\/index.php?rest_route=%2Fwp%2Fv2%2Fproduct_brand&post=3940"},{"taxonomy":"product_cat","embeddable":true,"href":"https:\/\/aliceonglerie.com\/index.php?rest_route=%2Fwp%2Fv2%2Fproduct_cat&post=3940"},{"taxonomy":"product_tag","embeddable":true,"href":"https:\/\/aliceonglerie.com\/index.php?rest_route=%2Fwp%2Fv2%2Fproduct_tag&post=3940"}],"curies":[{"name":"wp","href":"https:\/\/api.w.org\/{rel}","templated":true}]}}