{"id":3865,"date":"2025-02-26T16:03:11","date_gmt":"2025-02-26T15:03:11","guid":{"rendered":"https:\/\/aliceonglerie.com\/?post_type=product&#038;p=3865"},"modified":"2025-02-26T16:03:11","modified_gmt":"2025-02-26T15:03:11","slug":"fiber-ultra-pink-2","status":"publish","type":"product","link":"https:\/\/aliceonglerie.com\/?product=fiber-ultra-pink-2","title":{"rendered":"Fiber Ultra Pink"},"content":{"rendered":"<p>Gel de construction enrichi en fibres de verres.<\/p>\n<p>Couvre parfaitement en moyenne couche tout en apportant une couleur naturelle rose pastel<br \/>\nD\u2019une extr\u00eame solidit\u00e9 , ce gel sera votre alli\u00e9 pour toutes vos Clientes manuelles, rongeuses.<br \/>\nUtilisation pour vos extensions, construction et gainage.<br \/>\nTexture medium, ne colle pas.<\/p>\n<p>Sa formule auto \u00e9galisante sans couler conviendra \u00e0 toutes vos poses salon, semi artistiques et vous apportera une facilit\u00e9 et une rapidit\u00e9 de travail stup\u00e9fiante.<br \/>\nNous pr\u00e9conisons un travail doigt par doigt.<br \/>\nNous garantissons une tenue \u00e0 toutes \u00e9preuves avec notre base Rubber Clear<\/p>\n<p>&nbsp;<\/p>\n<p>Temps de catalysation:<\/p>\n<p>UV : 120 secondes<\/p>\n<p>CCFL : 90 secondes<\/p>\n<p>UV LED : 60 secondes<\/p>\n<p><iframe loading=\"lazy\" title=\"Fiber Ultra Pink\" width=\"1080\" height=\"608\" src=\"https:\/\/www.youtube.com\/embed\/w-OTzaGtJkw?feature=oembed\"  allow=\"accelerometer; autoplay; clipboard-write; encrypted-media; gyroscope; picture-in-picture; web-share\" referrerpolicy=\"strict-origin-when-cross-origin\" allowfullscreen><\/iframe><\/p>\n","protected":false},"excerpt":{"rendered":"<p>Builder cover rigide rose intense enrichi en fibres de verres.<\/p>\n<p>D&#8217;une extr\u00eame solidit\u00e9\u00a0 ce gel pourra \u00eatre utilis\u00e9 pour vos extensions, constructions et gainages<br \/>\nTexture medium, ne colle pas.<\/p>\n<p>Auto \u00e9galisant sans couler<\/p>\n<p>Nous garantissons une tenue \u00e0 toutes \u00e9preuves avec notre base Rubber Clear<\/p>\n<p>Contenance disponible en 15-50 et 100 ml<\/p>\n","protected":false},"featured_media":3869,"comment_status":"open","ping_status":"closed","template":"","meta":{"_et_pb_use_builder":"","_et_pb_old_content":"","_et_gb_content_width":"","_glsr_average":0,"_glsr_ranking":0,"_glsr_reviews":0},"product_brand":[],"product_cat":[36,25],"product_tag":[],"class_list":{"0":"post-3865","1":"product","2":"type-product","3":"status-publish","4":"has-post-thumbnail","6":"product_cat-fiber","7":"product_cat-gel","9":"first","10":"instock","11":"shipping-taxable","12":"purchasable","13":"product-type-variable"},"yoast_head":"<!-- This site is optimized with the Yoast SEO plugin v24.5 - https:\/\/yoast.com\/wordpress\/plugins\/seo\/ -->\n<title>Fiber Ultra Pink - ALICE ONGLERIE<\/title>\n<meta name=\"robots\" content=\"index, follow, max-snippet:-1, max-image-preview:large, max-video-preview:-1\" \/>\n<link rel=\"canonical\" href=\"https:\/\/aliceonglerie.com\/?product=fiber-ultra-pink-2\" \/>\n<meta property=\"og:locale\" content=\"en_US\" \/>\n<meta property=\"og:type\" content=\"article\" \/>\n<meta property=\"og:title\" content=\"Fiber Ultra Pink - ALICE ONGLERIE\" \/>\n<meta property=\"og:description\" content=\"Builder cover rigide rose intense enrichi en fibres de verres.  D&#039;une extr\u00eame solidit\u00e9\u00a0 ce gel pourra \u00eatre utilis\u00e9 pour vos extensions, constructions et gainages Texture medium, ne colle pas.  Auto \u00e9galisant sans couler  Nous garantissons une tenue \u00e0 toutes \u00e9preuves avec notre base Rubber Clear  Contenance disponible en 15-50 et 100 ml\" \/>\n<meta property=\"og:url\" content=\"https:\/\/aliceonglerie.com\/?product=fiber-ultra-pink-2\" \/>\n<meta property=\"og:site_name\" content=\"ALICE ONGLERIE\" \/>\n<meta property=\"article:publisher\" content=\"https:\/\/www.facebook.com\/aliceonglerie\" \/>\n<meta property=\"og:image\" content=\"https:\/\/aliceonglerie.com\/wp-content\/uploads\/2025\/02\/26624.webp\" \/>\n\t<meta property=\"og:image:width\" content=\"1080\" \/>\n\t<meta property=\"og:image:height\" content=\"1080\" \/>\n\t<meta property=\"og:image:type\" content=\"image\/webp\" \/>\n<meta name=\"twitter:card\" content=\"summary_large_image\" \/>\n<meta name=\"twitter:label1\" content=\"Est. reading time\" \/>\n\t<meta name=\"twitter:data1\" content=\"1 minute\" \/>\n<script type=\"application\/ld+json\" class=\"yoast-schema-graph\">{\"@context\":\"https:\/\/schema.org\",\"@graph\":[{\"@type\":\"WebPage\",\"@id\":\"https:\/\/aliceonglerie.com\/?product=fiber-ultra-pink-2\",\"url\":\"https:\/\/aliceonglerie.com\/?product=fiber-ultra-pink-2\",\"name\":\"Fiber Ultra Pink - ALICE ONGLERIE\",\"isPartOf\":{\"@id\":\"https:\/\/aliceonglerie.com\/#website\"},\"primaryImageOfPage\":{\"@id\":\"https:\/\/aliceonglerie.com\/?product=fiber-ultra-pink-2#primaryimage\"},\"image\":{\"@id\":\"https:\/\/aliceonglerie.com\/?product=fiber-ultra-pink-2#primaryimage\"},\"thumbnailUrl\":\"https:\/\/aliceonglerie.com\/wp-content\/uploads\/2025\/02\/26624.webp\",\"datePublished\":\"2025-02-26T15:03:11+00:00\",\"breadcrumb\":{\"@id\":\"https:\/\/aliceonglerie.com\/?product=fiber-ultra-pink-2#breadcrumb\"},\"inLanguage\":\"en-US\",\"potentialAction\":[{\"@type\":\"ReadAction\",\"target\":[\"https:\/\/aliceonglerie.com\/?product=fiber-ultra-pink-2\"]}]},{\"@type\":\"ImageObject\",\"inLanguage\":\"en-US\",\"@id\":\"https:\/\/aliceonglerie.com\/?product=fiber-ultra-pink-2#primaryimage\",\"url\":\"https:\/\/aliceonglerie.com\/wp-content\/uploads\/2025\/02\/26624.webp\",\"contentUrl\":\"https:\/\/aliceonglerie.com\/wp-content\/uploads\/2025\/02\/26624.webp\",\"width\":1080,\"height\":1080},{\"@type\":\"BreadcrumbList\",\"@id\":\"https:\/\/aliceonglerie.com\/?product=fiber-ultra-pink-2#breadcrumb\",\"itemListElement\":[{\"@type\":\"ListItem\",\"position\":1,\"name\":\"Accueil\",\"item\":\"https:\/\/aliceonglerie.com\/\"},{\"@type\":\"ListItem\",\"position\":2,\"name\":\"Produits\",\"item\":\"https:\/\/aliceonglerie.com\/?post_type=product\"},{\"@type\":\"ListItem\",\"position\":3,\"name\":\"Fiber Ultra Pink\"}]},{\"@type\":\"WebSite\",\"@id\":\"https:\/\/aliceonglerie.com\/#website\",\"url\":\"https:\/\/aliceonglerie.com\/\",\"name\":\"ALICE ONGLERIE\",\"description\":\"\",\"publisher\":{\"@id\":\"https:\/\/aliceonglerie.com\/#organization\"},\"potentialAction\":[{\"@type\":\"SearchAction\",\"target\":{\"@type\":\"EntryPoint\",\"urlTemplate\":\"https:\/\/aliceonglerie.com\/?s={search_term_string}\"},\"query-input\":{\"@type\":\"PropertyValueSpecification\",\"valueRequired\":true,\"valueName\":\"search_term_string\"}}],\"inLanguage\":\"en-US\"},{\"@type\":\"Organization\",\"@id\":\"https:\/\/aliceonglerie.com\/#organization\",\"name\":\"ALICE ONGLERIE\",\"url\":\"https:\/\/aliceonglerie.com\/\",\"logo\":{\"@type\":\"ImageObject\",\"inLanguage\":\"en-US\",\"@id\":\"https:\/\/aliceonglerie.com\/#\/schema\/logo\/image\/\",\"url\":\"https:\/\/aliceonglerie.com\/wp-content\/uploads\/2024\/12\/Alice-1.png\",\"contentUrl\":\"https:\/\/aliceonglerie.com\/wp-content\/uploads\/2024\/12\/Alice-1.png\",\"width\":300,\"height\":100,\"caption\":\"ALICE ONGLERIE\"},\"image\":{\"@id\":\"https:\/\/aliceonglerie.com\/#\/schema\/logo\/image\/\"},\"sameAs\":[\"https:\/\/www.facebook.com\/aliceonglerie\",\"https:\/\/www.instagram.com\/aliceonglerie\/\"]}]}<\/script>\n<!-- \/ Yoast SEO plugin. -->","yoast_head_json":{"title":"Fiber Ultra Pink - ALICE ONGLERIE","robots":{"index":"index","follow":"follow","max-snippet":"max-snippet:-1","max-image-preview":"max-image-preview:large","max-video-preview":"max-video-preview:-1"},"canonical":"https:\/\/aliceonglerie.com\/?product=fiber-ultra-pink-2","og_locale":"en_US","og_type":"article","og_title":"Fiber Ultra Pink - ALICE ONGLERIE","og_description":"Builder cover rigide rose intense enrichi en fibres de verres.  D'une extr\u00eame solidit\u00e9\u00a0 ce gel pourra \u00eatre utilis\u00e9 pour vos extensions, constructions et gainages Texture medium, ne colle pas.  Auto \u00e9galisant sans couler  Nous garantissons une tenue \u00e0 toutes \u00e9preuves avec notre base Rubber Clear  Contenance disponible en 15-50 et 100 ml","og_url":"https:\/\/aliceonglerie.com\/?product=fiber-ultra-pink-2","og_site_name":"ALICE ONGLERIE","article_publisher":"https:\/\/www.facebook.com\/aliceonglerie","og_image":[{"width":1080,"height":1080,"url":"https:\/\/aliceonglerie.com\/wp-content\/uploads\/2025\/02\/26624.webp","type":"image\/webp"}],"twitter_card":"summary_large_image","twitter_misc":{"Est. reading time":"1 minute"},"schema":{"@context":"https:\/\/schema.org","@graph":[{"@type":"WebPage","@id":"https:\/\/aliceonglerie.com\/?product=fiber-ultra-pink-2","url":"https:\/\/aliceonglerie.com\/?product=fiber-ultra-pink-2","name":"Fiber Ultra Pink - ALICE ONGLERIE","isPartOf":{"@id":"https:\/\/aliceonglerie.com\/#website"},"primaryImageOfPage":{"@id":"https:\/\/aliceonglerie.com\/?product=fiber-ultra-pink-2#primaryimage"},"image":{"@id":"https:\/\/aliceonglerie.com\/?product=fiber-ultra-pink-2#primaryimage"},"thumbnailUrl":"https:\/\/aliceonglerie.com\/wp-content\/uploads\/2025\/02\/26624.webp","datePublished":"2025-02-26T15:03:11+00:00","breadcrumb":{"@id":"https:\/\/aliceonglerie.com\/?product=fiber-ultra-pink-2#breadcrumb"},"inLanguage":"en-US","potentialAction":[{"@type":"ReadAction","target":["https:\/\/aliceonglerie.com\/?product=fiber-ultra-pink-2"]}]},{"@type":"ImageObject","inLanguage":"en-US","@id":"https:\/\/aliceonglerie.com\/?product=fiber-ultra-pink-2#primaryimage","url":"https:\/\/aliceonglerie.com\/wp-content\/uploads\/2025\/02\/26624.webp","contentUrl":"https:\/\/aliceonglerie.com\/wp-content\/uploads\/2025\/02\/26624.webp","width":1080,"height":1080},{"@type":"BreadcrumbList","@id":"https:\/\/aliceonglerie.com\/?product=fiber-ultra-pink-2#breadcrumb","itemListElement":[{"@type":"ListItem","position":1,"name":"Accueil","item":"https:\/\/aliceonglerie.com\/"},{"@type":"ListItem","position":2,"name":"Produits","item":"https:\/\/aliceonglerie.com\/?post_type=product"},{"@type":"ListItem","position":3,"name":"Fiber Ultra Pink"}]},{"@type":"WebSite","@id":"https:\/\/aliceonglerie.com\/#website","url":"https:\/\/aliceonglerie.com\/","name":"ALICE ONGLERIE","description":"","publisher":{"@id":"https:\/\/aliceonglerie.com\/#organization"},"potentialAction":[{"@type":"SearchAction","target":{"@type":"EntryPoint","urlTemplate":"https:\/\/aliceonglerie.com\/?s={search_term_string}"},"query-input":{"@type":"PropertyValueSpecification","valueRequired":true,"valueName":"search_term_string"}}],"inLanguage":"en-US"},{"@type":"Organization","@id":"https:\/\/aliceonglerie.com\/#organization","name":"ALICE ONGLERIE","url":"https:\/\/aliceonglerie.com\/","logo":{"@type":"ImageObject","inLanguage":"en-US","@id":"https:\/\/aliceonglerie.com\/#\/schema\/logo\/image\/","url":"https:\/\/aliceonglerie.com\/wp-content\/uploads\/2024\/12\/Alice-1.png","contentUrl":"https:\/\/aliceonglerie.com\/wp-content\/uploads\/2024\/12\/Alice-1.png","width":300,"height":100,"caption":"ALICE ONGLERIE"},"image":{"@id":"https:\/\/aliceonglerie.com\/#\/schema\/logo\/image\/"},"sameAs":["https:\/\/www.facebook.com\/aliceonglerie","https:\/\/www.instagram.com\/aliceonglerie\/"]}]}},"jetpack_sharing_enabled":true,"_links":{"self":[{"href":"https:\/\/aliceonglerie.com\/index.php?rest_route=\/wp\/v2\/product\/3865","targetHints":{"allow":["GET"]}}],"collection":[{"href":"https:\/\/aliceonglerie.com\/index.php?rest_route=\/wp\/v2\/product"}],"about":[{"href":"https:\/\/aliceonglerie.com\/index.php?rest_route=\/wp\/v2\/types\/product"}],"replies":[{"embeddable":true,"href":"https:\/\/aliceonglerie.com\/index.php?rest_route=%2Fwp%2Fv2%2Fcomments&post=3865"}],"wp:featuredmedia":[{"embeddable":true,"href":"https:\/\/aliceonglerie.com\/index.php?rest_route=\/wp\/v2\/media\/3869"}],"wp:attachment":[{"href":"https:\/\/aliceonglerie.com\/index.php?rest_route=%2Fwp%2Fv2%2Fmedia&parent=3865"}],"wp:term":[{"taxonomy":"product_brand","embeddable":true,"href":"https:\/\/aliceonglerie.com\/index.php?rest_route=%2Fwp%2Fv2%2Fproduct_brand&post=3865"},{"taxonomy":"product_cat","embeddable":true,"href":"https:\/\/aliceonglerie.com\/index.php?rest_route=%2Fwp%2Fv2%2Fproduct_cat&post=3865"},{"taxonomy":"product_tag","embeddable":true,"href":"https:\/\/aliceonglerie.com\/index.php?rest_route=%2Fwp%2Fv2%2Fproduct_tag&post=3865"}],"curies":[{"name":"wp","href":"https:\/\/api.w.org\/{rel}","templated":true}]}}