{"id":3760,"date":"2025-02-09T17:27:55","date_gmt":"2025-02-09T16:27:55","guid":{"rendered":"https:\/\/aliceonglerie.com\/?post_type=product&#038;p=3760"},"modified":"2025-02-09T17:27:56","modified_gmt":"2025-02-09T16:27:56","slug":"kit-pinceaux-details","status":"publish","type":"product","link":"https:\/\/aliceonglerie.com\/?product=kit-pinceaux-details","title":{"rendered":"Kit pinceaux d\u00e9tails"},"content":{"rendered":"","protected":false},"excerpt":{"rendered":"<div class=\"elementor-element elementor-element-9473ce1 elementor-widget elementor-widget-heading\" data-id=\"9473ce1\" data-element_type=\"widget\" data-widget_type=\"heading.default\">\n<div class=\"elementor-widget-container\">\n<h1 class=\"elementor-heading-title\">Kit pinceaux d\u00e9tails<\/h1>\n<\/div>\n<\/div>\n<div class=\"elementor-element elementor-element-a7a944e elementor--star-style-star_fontawesome elementor-widget elementor-widget-star-rating\" data-id=\"a7a944e\" data-element_type=\"widget\" data-widget_type=\"star-rating.default\">\n<div class=\"elementor-widget-container\">\n<div class=\"elementor-star-rating__wrapper\">\n<div class=\"elementor-star-rating\" title=\"5\/5\"><i class=\"elementor-star-full\">\uf005<\/i><i class=\"elementor-star-full\">\uf005<\/i><i class=\"elementor-star-full\">\uf005<\/i><i class=\"elementor-star-full\">\uf005<\/i><i class=\"elementor-star-full\">\uf005<\/i><span class=\"elementor-screen-only\">5\/5<\/span><\/div>\n<\/div>\n<\/div>\n<\/div>\n<div class=\"elementor-element elementor-element-86d5b69 ce-product-prices--layout-inline elementor-widget elementor-widget-product-price elementor-overflow-hidden\" data-id=\"86d5b69\" data-element_type=\"widget\" data-widget_type=\"product-price.default\">\n<div class=\"elementor-widget-container\">\n<div class=\"ce-product-prices\">\n<div class=\"ce-product-price \">7,30\u00a0\u20ac<\/div>\n<div class=\"ce-tax-shipping-delivery-label\">TTC<\/div>\n<p><small>6.08 HT<\/small><\/div>\n<div class=\"alma-pp-container ps17\">\n<div id=\"alma-installments-4544\" class=\"alma-widget-container\" data-settings=\"{&quot;merchantId&quot;:&quot;merchant_11w4S867AU2rMeIedRsar54R7mVLA5bdhN&quot;,&quot;apiMode&quot;:&quot;live&quot;,&quot;amount&quot;:730,&quot;plans&quot;:[{&quot;installmentsCount&quot;:2,&quot;minAmount&quot;:20000,&quot;maxAmount&quot;:200000,&quot;deferredDays&quot;:0,&quot;deferredMonths&quot;:0},{&quot;installmentsCount&quot;:3,&quot;minAmount&quot;:20000,&quot;maxAmount&quot;:200000,&quot;deferredDays&quot;:0,&quot;deferredMonths&quot;:0}],&quot;refreshPrice&quot;:false,&quot;decimalSeparator&quot;:&quot;,&quot;,&quot;thousandSeparator&quot;:&quot;\\u202f&quot;,&quot;showIfNotEligible&quot;:true,&quot;locale&quot;:&quot;fr&quot;}\"><\/div>\n<\/div>\n<div class=\"alma-pp-container ps17\">\n<div id=\"alma-installments-4544\" class=\"alma-widget-container\" data-settings=\"{&quot;merchantId&quot;:&quot;merchant_11w4S867AU2rMeIedRsar54R7mVLA5bdhN&quot;,&quot;apiMode&quot;:&quot;live&quot;,&quot;amount&quot;:730,&quot;plans&quot;:[{&quot;installmentsCount&quot;:2,&quot;minAmount&quot;:20000,&quot;maxAmount&quot;:200000,&quot;deferredDays&quot;:0,&quot;deferredMonths&quot;:0},{&quot;installmentsCount&quot;:3,&quot;minAmount&quot;:20000,&quot;maxAmount&quot;:200000,&quot;deferredDays&quot;:0,&quot;deferredMonths&quot;:0}],&quot;refreshPrice&quot;:false,&quot;decimalSeparator&quot;:&quot;,&quot;,&quot;thousandSeparator&quot;:&quot;\\u202f&quot;,&quot;showIfNotEligible&quot;:true,&quot;locale&quot;:&quot;fr&quot;}\"><\/div>\n<\/div>\n<\/div>\n<\/div>\n<div class=\"elementor-element elementor-element-55e210f ce-product-variants--layout-inline elementor-widget elementor-widget-product-variants elementor-overflow-hidden\" data-id=\"55e210f\" data-element_type=\"widget\" data-widget_type=\"product-variants.default\">\n<div class=\"elementor-widget-container\">\n<div class=\"ce-product-variants\"><\/div>\n<\/div>\n<\/div>\n<div class=\"elementor-element elementor-element-54fa6dc elementor-widget__width-auto label-qte elementor-hidden-tablet elementor-hidden-phone elementor-widget elementor-widget-heading\" data-id=\"54fa6dc\" data-element_type=\"widget\" data-widget_type=\"heading.default\">\n<div class=\"elementor-widget-container\"><span class=\"elementor-heading-title\">Quantit\u00e9 :<\/span><\/div>\n<\/div>\n<div class=\"elementor-element elementor-element-d170965 elementor-widget__width-auto ce-product-quantity--view-default elementor-widget elementor-widget-product-quantity\" data-id=\"d170965\" data-element_type=\"widget\" data-widget_type=\"product-quantity.default\">\n<div class=\"elementor-widget-container\">\n<div class=\"ce-product-quantity elementor-field-group\">\n<div class=\"input-group  bootstrap-touchspin bootstrap-touchspin-injected\"><input class=\"elementor-field elementor-field-textual elementor-size-sm form-control\" form=\"add-to-cart-or-refresh\" min=\"1\" name=\"qty\" type=\"number\" value=\"1\" \/><span class=\"input-group-addon bootstrap-touchspin-vertical-button-wrapper\"><span class=\"input-group-btn-vertical\"><button class=\"btn btn-primary bootstrap-touchspin-up glyphicon glyphicon-plus\" tabindex=\"-1\" type=\"button\">+<\/button>\u00a0<button class=\"btn btn-primary bootstrap-touchspin-down glyphicon glyphicon-minus\" tabindex=\"-1\" type=\"button\">\u2212<\/button><\/span><\/span><\/div>\n<\/div>\n<\/div>\n<\/div>\n<div class=\"elementor-element elementor-element-75beebe elementor-widget__width-auto elementor-widget elementor-widget-product-add-to-cart elementor-widget-button\" data-id=\"75beebe\" data-element_type=\"widget\" data-widget_type=\"product-add-to-cart.default\">\n<div class=\"elementor-widget-container\">\n<div class=\"elementor-button-wrapper\"><a class=\"elementor-button elementor-size-sm\" role=\"button\" href=\"https:\/\/www.creaongles-distribution.com\/fr\/pinceau\/4544-kit-pinceau-details-87173336.html#ce-action=addToCart{}\"><span class=\"elementor-button-content-wrapper\"><i class=\"ceicon ceicon-cart-solid\" aria-hidden=\"true\"><\/i><span class=\"elementor-button-text\">Ajouter au panier<\/span><\/span><\/a><\/div>\n<\/div>\n<\/div>\n<div class=\"elementor-element elementor-element-36d62cc elementor-widget elementor-widget-spacer\" data-id=\"36d62cc\" data-element_type=\"widget\" data-widget_type=\"spacer.default\">\n<div class=\"elementor-widget-container\">\n<div class=\"elementor-spacer\">\n<div class=\"elementor-spacer-inner\"><\/div>\n<\/div>\n<\/div>\n<\/div>\n<div class=\"elementor-element elementor-element-7edfc36 elementor-widget elementor-widget-shortcode\" data-id=\"7edfc36\" data-element_type=\"widget\" data-widget_type=\"shortcode.default\">\n<div class=\"elementor-widget-container\"><\/div>\n<\/div>\n<section class=\"elementor-element elementor-element-2da1ff1 alma-product-display elementor-section-boxed elementor-section-height-default elementor-section-height-default elementor-section elementor-inner-section\" data-id=\"2da1ff1\" data-element_type=\"section\">\n<div class=\"_TSkFv _1lr-q alma-payment-plans-container\" data-testid=\"widget-button\">\n<div class=\"_bMClc alma-payment-plans-eligibility-line\">\n<div class=\"_17c_S alma-payment-plans-eligibility-options\">\n<div class=\"_2Kqjn _3dG_J alma-payment-plans-active-option _2hx83 _3O1bg alma-payment-plans-not-eligible-option\">2x<\/div>\n<div class=\"_2Kqjn _3O1bg alma-payment-plans-not-eligible-option\">3x<\/div>\n<\/div>\n<\/div>\n<div class=\"_25GrF _3O1bg alma-payment-plans-not-eligible-option alma-payment-plans-payment-info\">\u00c0 partir de\u00a0200,00\u00a0\u20ac<\/div>\n<\/div>\n<\/section>\n<div class=\"elementor-element elementor-element-004c8a6 elementor-widget elementor-widget-spacer\" data-id=\"004c8a6\" data-element_type=\"widget\" data-widget_type=\"spacer.default\">\n<div class=\"elementor-widget-container\">\n<div class=\"elementor-spacer\">\n<div class=\"elementor-spacer-inner\"><\/div>\n<\/div>\n<\/div>\n<\/div>\n<div class=\"elementor-element elementor-element-ab55c31 elementor-widget elementor-widget-product-description-short elementor-widget-text-editor\" data-id=\"ab55c31\" data-element_type=\"widget\" data-widget_type=\"product-description-short.default\">\n<div class=\"elementor-widget-container\">\n<div class=\"ce-product-description-short\">\n<p>3 pinceaux de d\u00e9tails pour le nail art finition en pointe tr\u00e8s fine<\/p>\n<p>Taille de la longueur des poils: 0.7cm-0.9cm-1.1cm<\/p>\n<p>Pour la r\u00e9alisation de tout type de Nail Art<\/p>\n<\/div>\n<\/div>\n<\/div>\n","protected":false},"featured_media":3761,"comment_status":"open","ping_status":"closed","template":"","meta":{"_et_pb_use_builder":"","_et_pb_old_content":"","_et_gb_content_width":"","_glsr_average":0,"_glsr_ranking":0,"_glsr_reviews":0},"product_brand":[],"product_cat":[48,50],"product_tag":[],"class_list":{"0":"post-3760","1":"product","2":"type-product","3":"status-publish","4":"has-post-thumbnail","6":"product_cat-materiel","7":"product_cat-pinceau","9":"first","10":"instock","11":"shipping-taxable","12":"purchasable","13":"product-type-simple"},"yoast_head":"<!-- This site is optimized with the Yoast SEO plugin v24.5 - https:\/\/yoast.com\/wordpress\/plugins\/seo\/ -->\n<title>Kit pinceaux d\u00e9tails - ALICE ONGLERIE<\/title>\n<meta name=\"robots\" content=\"index, follow, max-snippet:-1, max-image-preview:large, max-video-preview:-1\" \/>\n<link rel=\"canonical\" href=\"https:\/\/aliceonglerie.com\/?product=kit-pinceaux-details\" \/>\n<meta property=\"og:locale\" content=\"en_US\" \/>\n<meta property=\"og:type\" content=\"article\" \/>\n<meta property=\"og:title\" content=\"Kit pinceaux d\u00e9tails - ALICE ONGLERIE\" \/>\n<meta property=\"og:description\" content=\"Kit pinceaux d\u00e9tails      \uf005\uf005\uf005\uf005\uf0055\/5       7,30\u00a0\u20ac TTC 6.08 HT               Quantit\u00e9 :     +\u00a0\u2212      Ajouter au panier                 2x 3x   \u00c0 partir de\u00a0200,00\u00a0\u20ac              3 pinceaux de d\u00e9tails pour le nail art finition en pointe tr\u00e8s fine  Taille de la longueur des poils: 0.7cm-0.9cm-1.1cm  Pour la r\u00e9alisation de tout type de Nail Art\" \/>\n<meta property=\"og:url\" content=\"https:\/\/aliceonglerie.com\/?product=kit-pinceaux-details\" \/>\n<meta property=\"og:site_name\" content=\"ALICE ONGLERIE\" \/>\n<meta property=\"article:publisher\" content=\"https:\/\/www.facebook.com\/aliceonglerie\" \/>\n<meta property=\"article:modified_time\" content=\"2025-02-09T16:27:56+00:00\" \/>\n<meta property=\"og:image\" content=\"https:\/\/aliceonglerie.com\/wp-content\/uploads\/2025\/02\/25868.webp\" \/>\n\t<meta property=\"og:image:width\" content=\"1080\" \/>\n\t<meta property=\"og:image:height\" content=\"1080\" \/>\n\t<meta property=\"og:image:type\" content=\"image\/webp\" \/>\n<meta name=\"twitter:card\" content=\"summary_large_image\" \/>\n<script type=\"application\/ld+json\" class=\"yoast-schema-graph\">{\"@context\":\"https:\/\/schema.org\",\"@graph\":[{\"@type\":\"WebPage\",\"@id\":\"https:\/\/aliceonglerie.com\/?product=kit-pinceaux-details\",\"url\":\"https:\/\/aliceonglerie.com\/?product=kit-pinceaux-details\",\"name\":\"Kit pinceaux d\u00e9tails - ALICE ONGLERIE\",\"isPartOf\":{\"@id\":\"https:\/\/aliceonglerie.com\/#website\"},\"primaryImageOfPage\":{\"@id\":\"https:\/\/aliceonglerie.com\/?product=kit-pinceaux-details#primaryimage\"},\"image\":{\"@id\":\"https:\/\/aliceonglerie.com\/?product=kit-pinceaux-details#primaryimage\"},\"thumbnailUrl\":\"https:\/\/aliceonglerie.com\/wp-content\/uploads\/2025\/02\/25868.webp\",\"datePublished\":\"2025-02-09T16:27:55+00:00\",\"dateModified\":\"2025-02-09T16:27:56+00:00\",\"breadcrumb\":{\"@id\":\"https:\/\/aliceonglerie.com\/?product=kit-pinceaux-details#breadcrumb\"},\"inLanguage\":\"en-US\",\"potentialAction\":[{\"@type\":\"ReadAction\",\"target\":[\"https:\/\/aliceonglerie.com\/?product=kit-pinceaux-details\"]}]},{\"@type\":\"ImageObject\",\"inLanguage\":\"en-US\",\"@id\":\"https:\/\/aliceonglerie.com\/?product=kit-pinceaux-details#primaryimage\",\"url\":\"https:\/\/aliceonglerie.com\/wp-content\/uploads\/2025\/02\/25868.webp\",\"contentUrl\":\"https:\/\/aliceonglerie.com\/wp-content\/uploads\/2025\/02\/25868.webp\",\"width\":1080,\"height\":1080},{\"@type\":\"BreadcrumbList\",\"@id\":\"https:\/\/aliceonglerie.com\/?product=kit-pinceaux-details#breadcrumb\",\"itemListElement\":[{\"@type\":\"ListItem\",\"position\":1,\"name\":\"Accueil\",\"item\":\"https:\/\/aliceonglerie.com\/\"},{\"@type\":\"ListItem\",\"position\":2,\"name\":\"Produits\",\"item\":\"https:\/\/aliceonglerie.com\/?post_type=product\"},{\"@type\":\"ListItem\",\"position\":3,\"name\":\"Kit pinceaux d\u00e9tails\"}]},{\"@type\":\"WebSite\",\"@id\":\"https:\/\/aliceonglerie.com\/#website\",\"url\":\"https:\/\/aliceonglerie.com\/\",\"name\":\"ALICE ONGLERIE\",\"description\":\"\",\"publisher\":{\"@id\":\"https:\/\/aliceonglerie.com\/#organization\"},\"potentialAction\":[{\"@type\":\"SearchAction\",\"target\":{\"@type\":\"EntryPoint\",\"urlTemplate\":\"https:\/\/aliceonglerie.com\/?s={search_term_string}\"},\"query-input\":{\"@type\":\"PropertyValueSpecification\",\"valueRequired\":true,\"valueName\":\"search_term_string\"}}],\"inLanguage\":\"en-US\"},{\"@type\":\"Organization\",\"@id\":\"https:\/\/aliceonglerie.com\/#organization\",\"name\":\"ALICE ONGLERIE\",\"url\":\"https:\/\/aliceonglerie.com\/\",\"logo\":{\"@type\":\"ImageObject\",\"inLanguage\":\"en-US\",\"@id\":\"https:\/\/aliceonglerie.com\/#\/schema\/logo\/image\/\",\"url\":\"https:\/\/aliceonglerie.com\/wp-content\/uploads\/2024\/12\/Alice-1.png\",\"contentUrl\":\"https:\/\/aliceonglerie.com\/wp-content\/uploads\/2024\/12\/Alice-1.png\",\"width\":300,\"height\":100,\"caption\":\"ALICE ONGLERIE\"},\"image\":{\"@id\":\"https:\/\/aliceonglerie.com\/#\/schema\/logo\/image\/\"},\"sameAs\":[\"https:\/\/www.facebook.com\/aliceonglerie\",\"https:\/\/www.instagram.com\/aliceonglerie\/\"]}]}<\/script>\n<!-- \/ Yoast SEO plugin. -->","yoast_head_json":{"title":"Kit pinceaux d\u00e9tails - ALICE ONGLERIE","robots":{"index":"index","follow":"follow","max-snippet":"max-snippet:-1","max-image-preview":"max-image-preview:large","max-video-preview":"max-video-preview:-1"},"canonical":"https:\/\/aliceonglerie.com\/?product=kit-pinceaux-details","og_locale":"en_US","og_type":"article","og_title":"Kit pinceaux d\u00e9tails - ALICE ONGLERIE","og_description":"Kit pinceaux d\u00e9tails      \uf005\uf005\uf005\uf005\uf0055\/5       7,30\u00a0\u20ac TTC 6.08 HT               Quantit\u00e9 :     +\u00a0\u2212      Ajouter au panier                 2x 3x   \u00c0 partir de\u00a0200,00\u00a0\u20ac              3 pinceaux de d\u00e9tails pour le nail art finition en pointe tr\u00e8s fine  Taille de la longueur des poils: 0.7cm-0.9cm-1.1cm  Pour la r\u00e9alisation de tout type de Nail Art","og_url":"https:\/\/aliceonglerie.com\/?product=kit-pinceaux-details","og_site_name":"ALICE ONGLERIE","article_publisher":"https:\/\/www.facebook.com\/aliceonglerie","article_modified_time":"2025-02-09T16:27:56+00:00","og_image":[{"width":1080,"height":1080,"url":"https:\/\/aliceonglerie.com\/wp-content\/uploads\/2025\/02\/25868.webp","type":"image\/webp"}],"twitter_card":"summary_large_image","schema":{"@context":"https:\/\/schema.org","@graph":[{"@type":"WebPage","@id":"https:\/\/aliceonglerie.com\/?product=kit-pinceaux-details","url":"https:\/\/aliceonglerie.com\/?product=kit-pinceaux-details","name":"Kit pinceaux d\u00e9tails - ALICE ONGLERIE","isPartOf":{"@id":"https:\/\/aliceonglerie.com\/#website"},"primaryImageOfPage":{"@id":"https:\/\/aliceonglerie.com\/?product=kit-pinceaux-details#primaryimage"},"image":{"@id":"https:\/\/aliceonglerie.com\/?product=kit-pinceaux-details#primaryimage"},"thumbnailUrl":"https:\/\/aliceonglerie.com\/wp-content\/uploads\/2025\/02\/25868.webp","datePublished":"2025-02-09T16:27:55+00:00","dateModified":"2025-02-09T16:27:56+00:00","breadcrumb":{"@id":"https:\/\/aliceonglerie.com\/?product=kit-pinceaux-details#breadcrumb"},"inLanguage":"en-US","potentialAction":[{"@type":"ReadAction","target":["https:\/\/aliceonglerie.com\/?product=kit-pinceaux-details"]}]},{"@type":"ImageObject","inLanguage":"en-US","@id":"https:\/\/aliceonglerie.com\/?product=kit-pinceaux-details#primaryimage","url":"https:\/\/aliceonglerie.com\/wp-content\/uploads\/2025\/02\/25868.webp","contentUrl":"https:\/\/aliceonglerie.com\/wp-content\/uploads\/2025\/02\/25868.webp","width":1080,"height":1080},{"@type":"BreadcrumbList","@id":"https:\/\/aliceonglerie.com\/?product=kit-pinceaux-details#breadcrumb","itemListElement":[{"@type":"ListItem","position":1,"name":"Accueil","item":"https:\/\/aliceonglerie.com\/"},{"@type":"ListItem","position":2,"name":"Produits","item":"https:\/\/aliceonglerie.com\/?post_type=product"},{"@type":"ListItem","position":3,"name":"Kit pinceaux d\u00e9tails"}]},{"@type":"WebSite","@id":"https:\/\/aliceonglerie.com\/#website","url":"https:\/\/aliceonglerie.com\/","name":"ALICE ONGLERIE","description":"","publisher":{"@id":"https:\/\/aliceonglerie.com\/#organization"},"potentialAction":[{"@type":"SearchAction","target":{"@type":"EntryPoint","urlTemplate":"https:\/\/aliceonglerie.com\/?s={search_term_string}"},"query-input":{"@type":"PropertyValueSpecification","valueRequired":true,"valueName":"search_term_string"}}],"inLanguage":"en-US"},{"@type":"Organization","@id":"https:\/\/aliceonglerie.com\/#organization","name":"ALICE ONGLERIE","url":"https:\/\/aliceonglerie.com\/","logo":{"@type":"ImageObject","inLanguage":"en-US","@id":"https:\/\/aliceonglerie.com\/#\/schema\/logo\/image\/","url":"https:\/\/aliceonglerie.com\/wp-content\/uploads\/2024\/12\/Alice-1.png","contentUrl":"https:\/\/aliceonglerie.com\/wp-content\/uploads\/2024\/12\/Alice-1.png","width":300,"height":100,"caption":"ALICE ONGLERIE"},"image":{"@id":"https:\/\/aliceonglerie.com\/#\/schema\/logo\/image\/"},"sameAs":["https:\/\/www.facebook.com\/aliceonglerie","https:\/\/www.instagram.com\/aliceonglerie\/"]}]}},"jetpack_sharing_enabled":true,"_links":{"self":[{"href":"https:\/\/aliceonglerie.com\/index.php?rest_route=\/wp\/v2\/product\/3760","targetHints":{"allow":["GET"]}}],"collection":[{"href":"https:\/\/aliceonglerie.com\/index.php?rest_route=\/wp\/v2\/product"}],"about":[{"href":"https:\/\/aliceonglerie.com\/index.php?rest_route=\/wp\/v2\/types\/product"}],"replies":[{"embeddable":true,"href":"https:\/\/aliceonglerie.com\/index.php?rest_route=%2Fwp%2Fv2%2Fcomments&post=3760"}],"wp:featuredmedia":[{"embeddable":true,"href":"https:\/\/aliceonglerie.com\/index.php?rest_route=\/wp\/v2\/media\/3761"}],"wp:attachment":[{"href":"https:\/\/aliceonglerie.com\/index.php?rest_route=%2Fwp%2Fv2%2Fmedia&parent=3760"}],"wp:term":[{"taxonomy":"product_brand","embeddable":true,"href":"https:\/\/aliceonglerie.com\/index.php?rest_route=%2Fwp%2Fv2%2Fproduct_brand&post=3760"},{"taxonomy":"product_cat","embeddable":true,"href":"https:\/\/aliceonglerie.com\/index.php?rest_route=%2Fwp%2Fv2%2Fproduct_cat&post=3760"},{"taxonomy":"product_tag","embeddable":true,"href":"https:\/\/aliceonglerie.com\/index.php?rest_route=%2Fwp%2Fv2%2Fproduct_tag&post=3760"}],"curies":[{"name":"wp","href":"https:\/\/api.w.org\/{rel}","templated":true}]}}