{"id":3381,"date":"2025-01-24T22:25:12","date_gmt":"2025-01-24T21:25:12","guid":{"rendered":"https:\/\/aliceonglerie.com\/?post_type=product&#038;p=3381"},"modified":"2025-02-08T14:21:52","modified_gmt":"2025-02-08T13:21:52","slug":"my-color-venera","status":"publish","type":"product","link":"https:\/\/aliceonglerie.com\/?product=my-color-venera","title":{"rendered":"My color Venera"},"content":{"rendered":"<p class=\"p1\"><b>Vernis Semi-Permanent My Color<\/b><\/p>\n<p class=\"p2\">Notre collection de vernis semi-permanents \u00ab My Color \u00bb est con\u00e7ue pour r\u00e9pondre aux attentes les plus \u00e9lev\u00e9es de notre client\u00e8le professionnelle.<\/p>\n<ul class=\"ul1\">\n<li class=\"li2\"><b>Textures Vari\u00e9es<\/b> : Chaque couleur dispose d&#8217;une texture sp\u00e9cifique pour garantir une haute couvrance d\u00e8s la premi\u00e8re application.<\/li>\n<li class=\"li2\"><b>Flacon \u00c9l\u00e9gant et Pratique<\/b> : Le flacon est dot\u00e9 d&#8217;un pinceau plat, de taille id\u00e9ale, qui facilite une application rapide et confortable.<\/li>\n<li class=\"li2\"><b>Couleurs Tendance<\/b> : Nos teintes sont soigneusement choisies pour r\u00e9pondre aux exigences actuelles du march\u00e9.<\/li>\n<li class=\"li2\"><b>Polyvalence d&#8217;Utilisation<\/b> : La qualit\u00e9 de nos vernis permet de les utiliser pour une vari\u00e9t\u00e9 de services :\n<ul class=\"ul1\">\n<li class=\"li2\">Manucure classique sur ongles naturels<\/li>\n<li class=\"li2\">Renfort \u00ab rubber \u00bb<\/li>\n<li class=\"li2\">Ongles en gel, r\u00e9sine, Acrygel en French ou couleur pleine<\/li>\n<li class=\"li2\">Nail Art, incluant d\u00e9grad\u00e9s, Babyboomers, BabyGlitters, Babycolors et dessins.<\/li>\n<\/ul>\n<\/li>\n<\/ul>\n<p class=\"p2\">Nous avons \u00e9galement d\u00e9velopp\u00e9 une base \u00ab Rubber \u00bb qui se combine parfaitement avec My Color, que ce soit comme base, renfort (mini construction) ou pour de petites extensions.<\/p>\n<p class=\"p2\"><b>Retrait de la Manucure<\/b> : Deux options s&#8217;offrent \u00e0 vous :<\/p>\n<ul class=\"ul1\">\n<li class=\"li2\">Utilisation d&#8217;une solution de fonte \u00ab Remover \u00bb<\/li>\n<li class=\"li2\">Limage m\u00e9canique avec votre ponceuse et un embout extra fin.<\/li>\n<\/ul>\n<p class=\"p2\"><b>Attention<\/b> :<br \/>\n\u00c0 l&#8217;ouverture du flacon My Color, des r\u00e9sidus du pas de vis peuvent parfois se trouver sur le goulot. Veuillez nettoyer soigneusement avant utilisation pour \u00e9viter d&#8217;incorporer des particules dans le flacon.<\/p>\n<p class=\"p1\"><b>Protocole de Pose :<\/b><\/p>\n<ol class=\"ol1\">\n<li class=\"li2\">Pr\u00e9parez l\u2019ongle avec une lime douce.<\/li>\n<li class=\"li2\">Appliquez le Nail Prep.<\/li>\n<li class=\"li2\">Posez une couche de Rubber Base Clear et catalysez.<\/li>\n<li class=\"li2\">Appliquez une ou deux couches de My Color selon votre pr\u00e9f\u00e9rence et catalysez.<\/li>\n<li class=\"li2\">Terminez avec la Supreme Gloss et une huile \u00e0 cuticules.<\/li>\n<\/ol>\n<p class=\"p2\">Notre packaging a \u00e9t\u00e9 soigneusement s\u00e9lectionn\u00e9 pour garantir confort de travail tout en offrant un design \u00e9l\u00e9gant.<\/p>\n","protected":false},"excerpt":{"rendered":"<h3>D\u00e9couvrez le Vernis Semi-Permanent My Color Cat Eye 9D<\/h3>\n<p>Une formule innovante qui offre un effet cam\u00e9l\u00e9on captivant et un rendu Cat Eye exceptionnel. Parfait pour les professionnels exigeants \u00e0 la recherche d&#8217;originalit\u00e9 et de qualit\u00e9.<\/p>\n<p><strong>Caract\u00e9ristiques du produit :<\/strong><\/p>\n<ul>\n<li><strong>Effet :<\/strong> Cat Eye 9D avec reflets cam\u00e9l\u00e9ons<\/li>\n<li><strong>Couleur :<\/strong> Nuances \u00e9clatantes et multidimensionnelles<\/li>\n<li><strong>Texture :<\/strong> Moyenne, pour une application facile et uniforme<\/li>\n<\/ul>\n<p><strong>Polyvalence :<\/strong> Peut \u00eatre appliqu\u00e9 sur :<\/p>\n<ul>\n<li>Ongles naturels<\/li>\n<li>Renfort avec base Rubber<\/li>\n<li>Ongles en gel, r\u00e9sine ou acrygel<\/li>\n<\/ul>\n<p><strong>Mode d&#8217;application :<\/strong><\/p>\n<ul>\n<li><strong>Seul :<\/strong> Appliquez en deux couches pour un effet intense.<\/li>\n<li><strong>Sur une base color\u00e9e :<\/strong> Une seule couche suffit pour accentuer la teinte et sublimer l&#8217;effet Cat Eye.<\/li>\n<\/ul>\n<p><strong>Catalysation :<\/strong><\/p>\n<ul>\n<li>Lampe UV : 120 secondes<\/li>\n<li>Lampe LED : 60 secondes<\/li>\n<\/ul>\n<p><strong>Contenance :<\/strong> Flacon de 10 ml<\/p>\n","protected":false},"featured_media":3382,"comment_status":"open","ping_status":"closed","template":"","meta":{"_et_pb_use_builder":"","_et_pb_old_content":"","_et_gb_content_width":"","_glsr_average":0,"_glsr_ranking":0,"_glsr_reviews":0},"product_brand":[],"product_cat":[21,23],"product_tag":[],"class_list":{"0":"post-3381","1":"product","2":"type-product","3":"status-publish","4":"has-post-thumbnail","6":"product_cat-gel-polish","7":"product_cat-my-color","9":"first","10":"instock","11":"shipping-taxable","12":"purchasable","13":"product-type-simple"},"yoast_head":"<!-- This site is optimized with the Yoast SEO plugin v24.5 - https:\/\/yoast.com\/wordpress\/plugins\/seo\/ -->\n<title>My color Venera - ALICE ONGLERIE<\/title>\n<meta name=\"robots\" content=\"index, follow, max-snippet:-1, max-image-preview:large, max-video-preview:-1\" \/>\n<link rel=\"canonical\" href=\"https:\/\/aliceonglerie.com\/?product=my-color-venera\" \/>\n<meta property=\"og:locale\" content=\"en_US\" \/>\n<meta property=\"og:type\" content=\"article\" \/>\n<meta property=\"og:title\" content=\"My color Venera - ALICE ONGLERIE\" \/>\n<meta property=\"og:description\" content=\"D\u00e9couvrez le Vernis Semi-Permanent My Color Cat Eye 9D Une formule innovante qui offre un effet cam\u00e9l\u00e9on captivant et un rendu Cat Eye exceptionnel. Parfait pour les professionnels exigeants \u00e0 la recherche d&#039;originalit\u00e9 et de qualit\u00e9.  Caract\u00e9ristiques du produit :   Effet : Cat Eye 9D avec reflets cam\u00e9l\u00e9ons  Couleur : Nuances \u00e9clatantes et multidimensionnelles  Texture : Moyenne, pour une application facile et uniforme  Polyvalence : Peut \u00eatre appliqu\u00e9 sur :   Ongles naturels  Renfort avec base Rubber  Ongles en gel, r\u00e9sine ou acrygel  Mode d&#039;application :   Seul : Appliquez en deux couches pour un effet intense.  Sur une base color\u00e9e : Une seule couche suffit pour accentuer la teinte et sublimer l&#039;effet Cat Eye.  Catalysation :   Lampe UV : 120 secondes  Lampe LED : 60 secondes  Contenance : Flacon de 10 ml\" \/>\n<meta property=\"og:url\" content=\"https:\/\/aliceonglerie.com\/?product=my-color-venera\" \/>\n<meta property=\"og:site_name\" content=\"ALICE ONGLERIE\" \/>\n<meta property=\"article:publisher\" content=\"https:\/\/www.facebook.com\/aliceonglerie\" \/>\n<meta property=\"article:modified_time\" content=\"2025-02-08T13:21:52+00:00\" \/>\n<meta property=\"og:image\" content=\"https:\/\/aliceonglerie.com\/wp-content\/uploads\/2025\/01\/27845.webp\" \/>\n\t<meta property=\"og:image:width\" content=\"1080\" \/>\n\t<meta property=\"og:image:height\" content=\"1080\" \/>\n\t<meta property=\"og:image:type\" content=\"image\/webp\" \/>\n<meta name=\"twitter:card\" content=\"summary_large_image\" \/>\n<meta name=\"twitter:label1\" content=\"Est. reading time\" \/>\n\t<meta name=\"twitter:data1\" content=\"1 minute\" \/>\n<script type=\"application\/ld+json\" class=\"yoast-schema-graph\">{\"@context\":\"https:\/\/schema.org\",\"@graph\":[{\"@type\":\"WebPage\",\"@id\":\"https:\/\/aliceonglerie.com\/?product=my-color-venera\",\"url\":\"https:\/\/aliceonglerie.com\/?product=my-color-venera\",\"name\":\"My color Venera - ALICE ONGLERIE\",\"isPartOf\":{\"@id\":\"https:\/\/aliceonglerie.com\/#website\"},\"primaryImageOfPage\":{\"@id\":\"https:\/\/aliceonglerie.com\/?product=my-color-venera#primaryimage\"},\"image\":{\"@id\":\"https:\/\/aliceonglerie.com\/?product=my-color-venera#primaryimage\"},\"thumbnailUrl\":\"https:\/\/aliceonglerie.com\/wp-content\/uploads\/2025\/01\/27845.webp\",\"datePublished\":\"2025-01-24T21:25:12+00:00\",\"dateModified\":\"2025-02-08T13:21:52+00:00\",\"breadcrumb\":{\"@id\":\"https:\/\/aliceonglerie.com\/?product=my-color-venera#breadcrumb\"},\"inLanguage\":\"en-US\",\"potentialAction\":[{\"@type\":\"ReadAction\",\"target\":[\"https:\/\/aliceonglerie.com\/?product=my-color-venera\"]}]},{\"@type\":\"ImageObject\",\"inLanguage\":\"en-US\",\"@id\":\"https:\/\/aliceonglerie.com\/?product=my-color-venera#primaryimage\",\"url\":\"https:\/\/aliceonglerie.com\/wp-content\/uploads\/2025\/01\/27845.webp\",\"contentUrl\":\"https:\/\/aliceonglerie.com\/wp-content\/uploads\/2025\/01\/27845.webp\",\"width\":1080,\"height\":1080},{\"@type\":\"BreadcrumbList\",\"@id\":\"https:\/\/aliceonglerie.com\/?product=my-color-venera#breadcrumb\",\"itemListElement\":[{\"@type\":\"ListItem\",\"position\":1,\"name\":\"Accueil\",\"item\":\"https:\/\/aliceonglerie.com\/\"},{\"@type\":\"ListItem\",\"position\":2,\"name\":\"Produits\",\"item\":\"https:\/\/aliceonglerie.com\/?post_type=product\"},{\"@type\":\"ListItem\",\"position\":3,\"name\":\"My color Venera\"}]},{\"@type\":\"WebSite\",\"@id\":\"https:\/\/aliceonglerie.com\/#website\",\"url\":\"https:\/\/aliceonglerie.com\/\",\"name\":\"ALICE ONGLERIE\",\"description\":\"\",\"publisher\":{\"@id\":\"https:\/\/aliceonglerie.com\/#organization\"},\"potentialAction\":[{\"@type\":\"SearchAction\",\"target\":{\"@type\":\"EntryPoint\",\"urlTemplate\":\"https:\/\/aliceonglerie.com\/?s={search_term_string}\"},\"query-input\":{\"@type\":\"PropertyValueSpecification\",\"valueRequired\":true,\"valueName\":\"search_term_string\"}}],\"inLanguage\":\"en-US\"},{\"@type\":\"Organization\",\"@id\":\"https:\/\/aliceonglerie.com\/#organization\",\"name\":\"ALICE ONGLERIE\",\"url\":\"https:\/\/aliceonglerie.com\/\",\"logo\":{\"@type\":\"ImageObject\",\"inLanguage\":\"en-US\",\"@id\":\"https:\/\/aliceonglerie.com\/#\/schema\/logo\/image\/\",\"url\":\"https:\/\/aliceonglerie.com\/wp-content\/uploads\/2024\/12\/Alice-1.png\",\"contentUrl\":\"https:\/\/aliceonglerie.com\/wp-content\/uploads\/2024\/12\/Alice-1.png\",\"width\":300,\"height\":100,\"caption\":\"ALICE ONGLERIE\"},\"image\":{\"@id\":\"https:\/\/aliceonglerie.com\/#\/schema\/logo\/image\/\"},\"sameAs\":[\"https:\/\/www.facebook.com\/aliceonglerie\",\"https:\/\/www.instagram.com\/aliceonglerie\/\"]}]}<\/script>\n<!-- \/ Yoast SEO plugin. -->","yoast_head_json":{"title":"My color Venera - ALICE ONGLERIE","robots":{"index":"index","follow":"follow","max-snippet":"max-snippet:-1","max-image-preview":"max-image-preview:large","max-video-preview":"max-video-preview:-1"},"canonical":"https:\/\/aliceonglerie.com\/?product=my-color-venera","og_locale":"en_US","og_type":"article","og_title":"My color Venera - ALICE ONGLERIE","og_description":"D\u00e9couvrez le Vernis Semi-Permanent My Color Cat Eye 9D Une formule innovante qui offre un effet cam\u00e9l\u00e9on captivant et un rendu Cat Eye exceptionnel. Parfait pour les professionnels exigeants \u00e0 la recherche d'originalit\u00e9 et de qualit\u00e9.  Caract\u00e9ristiques du produit :   Effet : Cat Eye 9D avec reflets cam\u00e9l\u00e9ons  Couleur : Nuances \u00e9clatantes et multidimensionnelles  Texture : Moyenne, pour une application facile et uniforme  Polyvalence : Peut \u00eatre appliqu\u00e9 sur :   Ongles naturels  Renfort avec base Rubber  Ongles en gel, r\u00e9sine ou acrygel  Mode d'application :   Seul : Appliquez en deux couches pour un effet intense.  Sur une base color\u00e9e : Une seule couche suffit pour accentuer la teinte et sublimer l'effet Cat Eye.  Catalysation :   Lampe UV : 120 secondes  Lampe LED : 60 secondes  Contenance : Flacon de 10 ml","og_url":"https:\/\/aliceonglerie.com\/?product=my-color-venera","og_site_name":"ALICE ONGLERIE","article_publisher":"https:\/\/www.facebook.com\/aliceonglerie","article_modified_time":"2025-02-08T13:21:52+00:00","og_image":[{"width":1080,"height":1080,"url":"https:\/\/aliceonglerie.com\/wp-content\/uploads\/2025\/01\/27845.webp","type":"image\/webp"}],"twitter_card":"summary_large_image","twitter_misc":{"Est. reading time":"1 minute"},"schema":{"@context":"https:\/\/schema.org","@graph":[{"@type":"WebPage","@id":"https:\/\/aliceonglerie.com\/?product=my-color-venera","url":"https:\/\/aliceonglerie.com\/?product=my-color-venera","name":"My color Venera - ALICE ONGLERIE","isPartOf":{"@id":"https:\/\/aliceonglerie.com\/#website"},"primaryImageOfPage":{"@id":"https:\/\/aliceonglerie.com\/?product=my-color-venera#primaryimage"},"image":{"@id":"https:\/\/aliceonglerie.com\/?product=my-color-venera#primaryimage"},"thumbnailUrl":"https:\/\/aliceonglerie.com\/wp-content\/uploads\/2025\/01\/27845.webp","datePublished":"2025-01-24T21:25:12+00:00","dateModified":"2025-02-08T13:21:52+00:00","breadcrumb":{"@id":"https:\/\/aliceonglerie.com\/?product=my-color-venera#breadcrumb"},"inLanguage":"en-US","potentialAction":[{"@type":"ReadAction","target":["https:\/\/aliceonglerie.com\/?product=my-color-venera"]}]},{"@type":"ImageObject","inLanguage":"en-US","@id":"https:\/\/aliceonglerie.com\/?product=my-color-venera#primaryimage","url":"https:\/\/aliceonglerie.com\/wp-content\/uploads\/2025\/01\/27845.webp","contentUrl":"https:\/\/aliceonglerie.com\/wp-content\/uploads\/2025\/01\/27845.webp","width":1080,"height":1080},{"@type":"BreadcrumbList","@id":"https:\/\/aliceonglerie.com\/?product=my-color-venera#breadcrumb","itemListElement":[{"@type":"ListItem","position":1,"name":"Accueil","item":"https:\/\/aliceonglerie.com\/"},{"@type":"ListItem","position":2,"name":"Produits","item":"https:\/\/aliceonglerie.com\/?post_type=product"},{"@type":"ListItem","position":3,"name":"My color Venera"}]},{"@type":"WebSite","@id":"https:\/\/aliceonglerie.com\/#website","url":"https:\/\/aliceonglerie.com\/","name":"ALICE ONGLERIE","description":"","publisher":{"@id":"https:\/\/aliceonglerie.com\/#organization"},"potentialAction":[{"@type":"SearchAction","target":{"@type":"EntryPoint","urlTemplate":"https:\/\/aliceonglerie.com\/?s={search_term_string}"},"query-input":{"@type":"PropertyValueSpecification","valueRequired":true,"valueName":"search_term_string"}}],"inLanguage":"en-US"},{"@type":"Organization","@id":"https:\/\/aliceonglerie.com\/#organization","name":"ALICE ONGLERIE","url":"https:\/\/aliceonglerie.com\/","logo":{"@type":"ImageObject","inLanguage":"en-US","@id":"https:\/\/aliceonglerie.com\/#\/schema\/logo\/image\/","url":"https:\/\/aliceonglerie.com\/wp-content\/uploads\/2024\/12\/Alice-1.png","contentUrl":"https:\/\/aliceonglerie.com\/wp-content\/uploads\/2024\/12\/Alice-1.png","width":300,"height":100,"caption":"ALICE ONGLERIE"},"image":{"@id":"https:\/\/aliceonglerie.com\/#\/schema\/logo\/image\/"},"sameAs":["https:\/\/www.facebook.com\/aliceonglerie","https:\/\/www.instagram.com\/aliceonglerie\/"]}]}},"jetpack_sharing_enabled":true,"_links":{"self":[{"href":"https:\/\/aliceonglerie.com\/index.php?rest_route=\/wp\/v2\/product\/3381","targetHints":{"allow":["GET"]}}],"collection":[{"href":"https:\/\/aliceonglerie.com\/index.php?rest_route=\/wp\/v2\/product"}],"about":[{"href":"https:\/\/aliceonglerie.com\/index.php?rest_route=\/wp\/v2\/types\/product"}],"replies":[{"embeddable":true,"href":"https:\/\/aliceonglerie.com\/index.php?rest_route=%2Fwp%2Fv2%2Fcomments&post=3381"}],"wp:featuredmedia":[{"embeddable":true,"href":"https:\/\/aliceonglerie.com\/index.php?rest_route=\/wp\/v2\/media\/3382"}],"wp:attachment":[{"href":"https:\/\/aliceonglerie.com\/index.php?rest_route=%2Fwp%2Fv2%2Fmedia&parent=3381"}],"wp:term":[{"taxonomy":"product_brand","embeddable":true,"href":"https:\/\/aliceonglerie.com\/index.php?rest_route=%2Fwp%2Fv2%2Fproduct_brand&post=3381"},{"taxonomy":"product_cat","embeddable":true,"href":"https:\/\/aliceonglerie.com\/index.php?rest_route=%2Fwp%2Fv2%2Fproduct_cat&post=3381"},{"taxonomy":"product_tag","embeddable":true,"href":"https:\/\/aliceonglerie.com\/index.php?rest_route=%2Fwp%2Fv2%2Fproduct_tag&post=3381"}],"curies":[{"name":"wp","href":"https:\/\/api.w.org\/{rel}","templated":true}]}}