{"id":3158,"date":"2025-01-23T22:46:37","date_gmt":"2025-01-23T21:46:37","guid":{"rendered":"https:\/\/aliceonglerie.com\/?post_type=product&#038;p=3158"},"modified":"2025-01-23T22:46:38","modified_gmt":"2025-01-23T21:46:38","slug":"pigment-dust-aurora-2","status":"publish","type":"product","link":"https:\/\/aliceonglerie.com\/?product=pigment-dust-aurora-2","title":{"rendered":"Pigment Dust Aurora 2"},"content":{"rendered":"","protected":false},"excerpt":{"rendered":"<p>Nouvelle version du c\u00e9l\u00e8bre pigment Aurora<\/p>\n<p>Plus fin , plus lisse pour un effet encore plus \u00e9poustouflant<\/p>\n<p>Ce pigment vous garantie un effet miroir Aurora sans r\u00e9sidu de micro paillette .<\/p>\n<p>Reflet\u00a0rose et vert<\/p>\n<p>Contenance 1.5ml<\/p>\n<p>&nbsp;<\/p>\n<p>Poser la Supreme Gloss catalys\u00e9 +-40\/60 s ou tout autre finition sans r\u00e9sidu.<\/p>\n<p>avec une \u00e9ponge \u00e0 d\u00e9grad\u00e9, un applicateur \u00e9ponge ou un pinceau silicone appliquer le pigment en petite quantit\u00e9 tout en lustrant.<\/p>\n<p>Limer l\u00e9g\u00e8rement les bords libres de l&#8217;ongle<\/p>\n<p>Recouvrir\u00a0avec 2 couches de finition gel<\/p>\n","protected":false},"featured_media":3159,"comment_status":"open","ping_status":"closed","template":"","meta":{"_et_pb_use_builder":"","_et_pb_old_content":"","_et_gb_content_width":"","_glsr_average":0,"_glsr_ranking":0,"_glsr_reviews":0},"product_brand":[],"product_cat":[39,40],"product_tag":[],"class_list":{"0":"post-3158","1":"product","2":"type-product","3":"status-publish","4":"has-post-thumbnail","6":"product_cat-glitter-pigment","7":"product_cat-pigments","9":"first","10":"instock","11":"shipping-taxable","12":"purchasable","13":"product-type-simple"},"yoast_head":"<!-- This site is optimized with the Yoast SEO plugin v24.5 - https:\/\/yoast.com\/wordpress\/plugins\/seo\/ -->\n<title>Pigment Dust Aurora 2 - ALICE ONGLERIE<\/title>\n<meta name=\"robots\" content=\"index, follow, max-snippet:-1, max-image-preview:large, max-video-preview:-1\" \/>\n<link rel=\"canonical\" href=\"https:\/\/aliceonglerie.com\/?product=pigment-dust-aurora-2\" \/>\n<meta property=\"og:locale\" content=\"en_US\" \/>\n<meta property=\"og:type\" content=\"article\" \/>\n<meta property=\"og:title\" content=\"Pigment Dust Aurora 2 - ALICE ONGLERIE\" \/>\n<meta property=\"og:description\" content=\"Nouvelle version du c\u00e9l\u00e8bre pigment Aurora  Plus fin , plus lisse pour un effet encore plus \u00e9poustouflant  Ce pigment vous garantie un effet miroir Aurora sans r\u00e9sidu de micro paillette .  Reflet\u00a0rose et vert  Contenance 1.5ml  &nbsp;  Poser la Supreme Gloss catalys\u00e9 +-40\/60 s ou tout autre finition sans r\u00e9sidu.  avec une \u00e9ponge \u00e0 d\u00e9grad\u00e9, un applicateur \u00e9ponge ou un pinceau silicone appliquer le pigment en petite quantit\u00e9 tout en lustrant.  Limer l\u00e9g\u00e8rement les bords libres de l&#039;ongle  Recouvrir\u00a0avec 2 couches de finition gel\" \/>\n<meta property=\"og:url\" content=\"https:\/\/aliceonglerie.com\/?product=pigment-dust-aurora-2\" \/>\n<meta property=\"og:site_name\" content=\"ALICE ONGLERIE\" \/>\n<meta property=\"article:publisher\" content=\"https:\/\/www.facebook.com\/aliceonglerie\" \/>\n<meta property=\"article:modified_time\" content=\"2025-01-23T21:46:38+00:00\" \/>\n<meta property=\"og:image\" content=\"https:\/\/aliceonglerie.com\/wp-content\/uploads\/2025\/01\/25398.webp\" \/>\n\t<meta property=\"og:image:width\" content=\"1080\" \/>\n\t<meta property=\"og:image:height\" content=\"1080\" \/>\n\t<meta property=\"og:image:type\" content=\"image\/webp\" \/>\n<meta name=\"twitter:card\" content=\"summary_large_image\" \/>\n<script type=\"application\/ld+json\" class=\"yoast-schema-graph\">{\"@context\":\"https:\/\/schema.org\",\"@graph\":[{\"@type\":\"WebPage\",\"@id\":\"https:\/\/aliceonglerie.com\/?product=pigment-dust-aurora-2\",\"url\":\"https:\/\/aliceonglerie.com\/?product=pigment-dust-aurora-2\",\"name\":\"Pigment Dust Aurora 2 - ALICE ONGLERIE\",\"isPartOf\":{\"@id\":\"https:\/\/aliceonglerie.com\/#website\"},\"primaryImageOfPage\":{\"@id\":\"https:\/\/aliceonglerie.com\/?product=pigment-dust-aurora-2#primaryimage\"},\"image\":{\"@id\":\"https:\/\/aliceonglerie.com\/?product=pigment-dust-aurora-2#primaryimage\"},\"thumbnailUrl\":\"https:\/\/aliceonglerie.com\/wp-content\/uploads\/2025\/01\/25398.webp\",\"datePublished\":\"2025-01-23T21:46:37+00:00\",\"dateModified\":\"2025-01-23T21:46:38+00:00\",\"breadcrumb\":{\"@id\":\"https:\/\/aliceonglerie.com\/?product=pigment-dust-aurora-2#breadcrumb\"},\"inLanguage\":\"en-US\",\"potentialAction\":[{\"@type\":\"ReadAction\",\"target\":[\"https:\/\/aliceonglerie.com\/?product=pigment-dust-aurora-2\"]}]},{\"@type\":\"ImageObject\",\"inLanguage\":\"en-US\",\"@id\":\"https:\/\/aliceonglerie.com\/?product=pigment-dust-aurora-2#primaryimage\",\"url\":\"https:\/\/aliceonglerie.com\/wp-content\/uploads\/2025\/01\/25398.webp\",\"contentUrl\":\"https:\/\/aliceonglerie.com\/wp-content\/uploads\/2025\/01\/25398.webp\",\"width\":1080,\"height\":1080},{\"@type\":\"BreadcrumbList\",\"@id\":\"https:\/\/aliceonglerie.com\/?product=pigment-dust-aurora-2#breadcrumb\",\"itemListElement\":[{\"@type\":\"ListItem\",\"position\":1,\"name\":\"Accueil\",\"item\":\"https:\/\/aliceonglerie.com\/\"},{\"@type\":\"ListItem\",\"position\":2,\"name\":\"Produits\",\"item\":\"https:\/\/aliceonglerie.com\/?post_type=product\"},{\"@type\":\"ListItem\",\"position\":3,\"name\":\"Pigment Dust Aurora 2\"}]},{\"@type\":\"WebSite\",\"@id\":\"https:\/\/aliceonglerie.com\/#website\",\"url\":\"https:\/\/aliceonglerie.com\/\",\"name\":\"ALICE ONGLERIE\",\"description\":\"\",\"publisher\":{\"@id\":\"https:\/\/aliceonglerie.com\/#organization\"},\"potentialAction\":[{\"@type\":\"SearchAction\",\"target\":{\"@type\":\"EntryPoint\",\"urlTemplate\":\"https:\/\/aliceonglerie.com\/?s={search_term_string}\"},\"query-input\":{\"@type\":\"PropertyValueSpecification\",\"valueRequired\":true,\"valueName\":\"search_term_string\"}}],\"inLanguage\":\"en-US\"},{\"@type\":\"Organization\",\"@id\":\"https:\/\/aliceonglerie.com\/#organization\",\"name\":\"ALICE ONGLERIE\",\"url\":\"https:\/\/aliceonglerie.com\/\",\"logo\":{\"@type\":\"ImageObject\",\"inLanguage\":\"en-US\",\"@id\":\"https:\/\/aliceonglerie.com\/#\/schema\/logo\/image\/\",\"url\":\"https:\/\/aliceonglerie.com\/wp-content\/uploads\/2024\/12\/Alice-1.png\",\"contentUrl\":\"https:\/\/aliceonglerie.com\/wp-content\/uploads\/2024\/12\/Alice-1.png\",\"width\":300,\"height\":100,\"caption\":\"ALICE ONGLERIE\"},\"image\":{\"@id\":\"https:\/\/aliceonglerie.com\/#\/schema\/logo\/image\/\"},\"sameAs\":[\"https:\/\/www.facebook.com\/aliceonglerie\",\"https:\/\/www.instagram.com\/aliceonglerie\/\"]}]}<\/script>\n<!-- \/ Yoast SEO plugin. -->","yoast_head_json":{"title":"Pigment Dust Aurora 2 - ALICE ONGLERIE","robots":{"index":"index","follow":"follow","max-snippet":"max-snippet:-1","max-image-preview":"max-image-preview:large","max-video-preview":"max-video-preview:-1"},"canonical":"https:\/\/aliceonglerie.com\/?product=pigment-dust-aurora-2","og_locale":"en_US","og_type":"article","og_title":"Pigment Dust Aurora 2 - ALICE ONGLERIE","og_description":"Nouvelle version du c\u00e9l\u00e8bre pigment Aurora  Plus fin , plus lisse pour un effet encore plus \u00e9poustouflant  Ce pigment vous garantie un effet miroir Aurora sans r\u00e9sidu de micro paillette .  Reflet\u00a0rose et vert  Contenance 1.5ml  &nbsp;  Poser la Supreme Gloss catalys\u00e9 +-40\/60 s ou tout autre finition sans r\u00e9sidu.  avec une \u00e9ponge \u00e0 d\u00e9grad\u00e9, un applicateur \u00e9ponge ou un pinceau silicone appliquer le pigment en petite quantit\u00e9 tout en lustrant.  Limer l\u00e9g\u00e8rement les bords libres de l'ongle  Recouvrir\u00a0avec 2 couches de finition gel","og_url":"https:\/\/aliceonglerie.com\/?product=pigment-dust-aurora-2","og_site_name":"ALICE ONGLERIE","article_publisher":"https:\/\/www.facebook.com\/aliceonglerie","article_modified_time":"2025-01-23T21:46:38+00:00","og_image":[{"width":1080,"height":1080,"url":"https:\/\/aliceonglerie.com\/wp-content\/uploads\/2025\/01\/25398.webp","type":"image\/webp"}],"twitter_card":"summary_large_image","schema":{"@context":"https:\/\/schema.org","@graph":[{"@type":"WebPage","@id":"https:\/\/aliceonglerie.com\/?product=pigment-dust-aurora-2","url":"https:\/\/aliceonglerie.com\/?product=pigment-dust-aurora-2","name":"Pigment Dust Aurora 2 - ALICE ONGLERIE","isPartOf":{"@id":"https:\/\/aliceonglerie.com\/#website"},"primaryImageOfPage":{"@id":"https:\/\/aliceonglerie.com\/?product=pigment-dust-aurora-2#primaryimage"},"image":{"@id":"https:\/\/aliceonglerie.com\/?product=pigment-dust-aurora-2#primaryimage"},"thumbnailUrl":"https:\/\/aliceonglerie.com\/wp-content\/uploads\/2025\/01\/25398.webp","datePublished":"2025-01-23T21:46:37+00:00","dateModified":"2025-01-23T21:46:38+00:00","breadcrumb":{"@id":"https:\/\/aliceonglerie.com\/?product=pigment-dust-aurora-2#breadcrumb"},"inLanguage":"en-US","potentialAction":[{"@type":"ReadAction","target":["https:\/\/aliceonglerie.com\/?product=pigment-dust-aurora-2"]}]},{"@type":"ImageObject","inLanguage":"en-US","@id":"https:\/\/aliceonglerie.com\/?product=pigment-dust-aurora-2#primaryimage","url":"https:\/\/aliceonglerie.com\/wp-content\/uploads\/2025\/01\/25398.webp","contentUrl":"https:\/\/aliceonglerie.com\/wp-content\/uploads\/2025\/01\/25398.webp","width":1080,"height":1080},{"@type":"BreadcrumbList","@id":"https:\/\/aliceonglerie.com\/?product=pigment-dust-aurora-2#breadcrumb","itemListElement":[{"@type":"ListItem","position":1,"name":"Accueil","item":"https:\/\/aliceonglerie.com\/"},{"@type":"ListItem","position":2,"name":"Produits","item":"https:\/\/aliceonglerie.com\/?post_type=product"},{"@type":"ListItem","position":3,"name":"Pigment Dust Aurora 2"}]},{"@type":"WebSite","@id":"https:\/\/aliceonglerie.com\/#website","url":"https:\/\/aliceonglerie.com\/","name":"ALICE ONGLERIE","description":"","publisher":{"@id":"https:\/\/aliceonglerie.com\/#organization"},"potentialAction":[{"@type":"SearchAction","target":{"@type":"EntryPoint","urlTemplate":"https:\/\/aliceonglerie.com\/?s={search_term_string}"},"query-input":{"@type":"PropertyValueSpecification","valueRequired":true,"valueName":"search_term_string"}}],"inLanguage":"en-US"},{"@type":"Organization","@id":"https:\/\/aliceonglerie.com\/#organization","name":"ALICE ONGLERIE","url":"https:\/\/aliceonglerie.com\/","logo":{"@type":"ImageObject","inLanguage":"en-US","@id":"https:\/\/aliceonglerie.com\/#\/schema\/logo\/image\/","url":"https:\/\/aliceonglerie.com\/wp-content\/uploads\/2024\/12\/Alice-1.png","contentUrl":"https:\/\/aliceonglerie.com\/wp-content\/uploads\/2024\/12\/Alice-1.png","width":300,"height":100,"caption":"ALICE ONGLERIE"},"image":{"@id":"https:\/\/aliceonglerie.com\/#\/schema\/logo\/image\/"},"sameAs":["https:\/\/www.facebook.com\/aliceonglerie","https:\/\/www.instagram.com\/aliceonglerie\/"]}]}},"jetpack_sharing_enabled":true,"_links":{"self":[{"href":"https:\/\/aliceonglerie.com\/index.php?rest_route=\/wp\/v2\/product\/3158","targetHints":{"allow":["GET"]}}],"collection":[{"href":"https:\/\/aliceonglerie.com\/index.php?rest_route=\/wp\/v2\/product"}],"about":[{"href":"https:\/\/aliceonglerie.com\/index.php?rest_route=\/wp\/v2\/types\/product"}],"replies":[{"embeddable":true,"href":"https:\/\/aliceonglerie.com\/index.php?rest_route=%2Fwp%2Fv2%2Fcomments&post=3158"}],"wp:featuredmedia":[{"embeddable":true,"href":"https:\/\/aliceonglerie.com\/index.php?rest_route=\/wp\/v2\/media\/3159"}],"wp:attachment":[{"href":"https:\/\/aliceonglerie.com\/index.php?rest_route=%2Fwp%2Fv2%2Fmedia&parent=3158"}],"wp:term":[{"taxonomy":"product_brand","embeddable":true,"href":"https:\/\/aliceonglerie.com\/index.php?rest_route=%2Fwp%2Fv2%2Fproduct_brand&post=3158"},{"taxonomy":"product_cat","embeddable":true,"href":"https:\/\/aliceonglerie.com\/index.php?rest_route=%2Fwp%2Fv2%2Fproduct_cat&post=3158"},{"taxonomy":"product_tag","embeddable":true,"href":"https:\/\/aliceonglerie.com\/index.php?rest_route=%2Fwp%2Fv2%2Fproduct_tag&post=3158"}],"curies":[{"name":"wp","href":"https:\/\/api.w.org\/{rel}","templated":true}]}}