{"id":3023,"date":"2025-01-23T14:04:55","date_gmt":"2025-01-23T13:04:55","guid":{"rendered":"https:\/\/aliceonglerie.com\/?post_type=product&#038;p=3023"},"modified":"2025-01-23T14:04:55","modified_gmt":"2025-01-23T13:04:55","slug":"paillettes-holofine-16","status":"publish","type":"product","link":"https:\/\/aliceonglerie.com\/?product=paillettes-holofine-16","title":{"rendered":"Paillettes Holofine 16"},"content":{"rendered":"","protected":false},"excerpt":{"rendered":"<h3>Poudres de Paillettes<\/h3>\n<p><strong>Finesse In\u00e9gal\u00e9e :<\/strong> Id\u00e9ales pour cr\u00e9er un effet holographique.<\/p>\n<h4>Protocole pour l&#8217;Effet Sucr\u00e9 :<\/h4>\n<ol>\n<li>Appliquez une finition sans r\u00e9sidu en une fine couche, puis saupoudrez de paillettes.<\/li>\n<li>Catalysez pendant 2 minutes.<\/li>\n<li>R\u00e9p\u00e9tez une seconde fois.<\/li>\n<\/ol>\n<h4>Protocole pour l&#8217;Effet Holographique :<\/h4>\n<ol>\n<li>Appliquez une couleur et catalysez pendant 20 secondes sous UV LED ou 40 secondes sous UV.<\/li>\n<li>Saupoudrez de paillettes et frottez d\u00e9licatement avec votre doigt.<\/li>\n<li>Terminez par une catalyse de 60 secondes pour les couleurs claires et 120 secondes pour les couleurs fonc\u00e9es.<\/li>\n<li>Appliquez une finition.<\/li>\n<\/ol>\n<p><strong>Contenance :<\/strong> 2 g.<\/p>\n","protected":false},"featured_media":3024,"comment_status":"open","ping_status":"closed","template":"","meta":{"_et_pb_use_builder":"","_et_pb_old_content":"","_et_gb_content_width":"","_glsr_average":0,"_glsr_ranking":0,"_glsr_reviews":0},"product_brand":[],"product_cat":[39],"product_tag":[],"class_list":{"0":"post-3023","1":"product","2":"type-product","3":"status-publish","4":"has-post-thumbnail","6":"product_cat-glitter-pigment","8":"first","9":"instock","10":"shipping-taxable","11":"purchasable","12":"product-type-simple"},"yoast_head":"<!-- This site is optimized with the Yoast SEO plugin v24.5 - https:\/\/yoast.com\/wordpress\/plugins\/seo\/ -->\n<title>Paillettes Holofine 16 - ALICE ONGLERIE<\/title>\n<meta name=\"robots\" content=\"index, follow, max-snippet:-1, max-image-preview:large, max-video-preview:-1\" \/>\n<link rel=\"canonical\" href=\"https:\/\/aliceonglerie.com\/?product=paillettes-holofine-16\" \/>\n<meta property=\"og:locale\" content=\"en_US\" \/>\n<meta property=\"og:type\" content=\"article\" \/>\n<meta property=\"og:title\" content=\"Paillettes Holofine 16 - ALICE ONGLERIE\" \/>\n<meta property=\"og:description\" content=\"Poudres de Paillettes Finesse In\u00e9gal\u00e9e : Id\u00e9ales pour cr\u00e9er un effet holographique. Protocole pour l&#039;Effet Sucr\u00e9 :   Appliquez une finition sans r\u00e9sidu en une fine couche, puis saupoudrez de paillettes.  Catalysez pendant 2 minutes.  R\u00e9p\u00e9tez une seconde fois.  Protocole pour l&#039;Effet Holographique :   Appliquez une couleur et catalysez pendant 20 secondes sous UV LED ou 40 secondes sous UV.  Saupoudrez de paillettes et frottez d\u00e9licatement avec votre doigt.  Terminez par une catalyse de 60 secondes pour les couleurs claires et 120 secondes pour les couleurs fonc\u00e9es.  Appliquez une finition.  Contenance : 2 g.\" \/>\n<meta property=\"og:url\" content=\"https:\/\/aliceonglerie.com\/?product=paillettes-holofine-16\" \/>\n<meta property=\"og:site_name\" content=\"ALICE ONGLERIE\" \/>\n<meta property=\"article:publisher\" content=\"https:\/\/www.facebook.com\/aliceonglerie\" \/>\n<meta property=\"og:image\" content=\"https:\/\/aliceonglerie.com\/wp-content\/uploads\/2025\/01\/23551.png\" \/>\n\t<meta property=\"og:image:width\" content=\"1080\" \/>\n\t<meta property=\"og:image:height\" content=\"1080\" \/>\n\t<meta property=\"og:image:type\" content=\"image\/png\" \/>\n<meta name=\"twitter:card\" content=\"summary_large_image\" \/>\n<script type=\"application\/ld+json\" class=\"yoast-schema-graph\">{\"@context\":\"https:\/\/schema.org\",\"@graph\":[{\"@type\":\"WebPage\",\"@id\":\"https:\/\/aliceonglerie.com\/?product=paillettes-holofine-16\",\"url\":\"https:\/\/aliceonglerie.com\/?product=paillettes-holofine-16\",\"name\":\"Paillettes Holofine 16 - ALICE ONGLERIE\",\"isPartOf\":{\"@id\":\"https:\/\/aliceonglerie.com\/#website\"},\"primaryImageOfPage\":{\"@id\":\"https:\/\/aliceonglerie.com\/?product=paillettes-holofine-16#primaryimage\"},\"image\":{\"@id\":\"https:\/\/aliceonglerie.com\/?product=paillettes-holofine-16#primaryimage\"},\"thumbnailUrl\":\"https:\/\/aliceonglerie.com\/wp-content\/uploads\/2025\/01\/23551.png\",\"datePublished\":\"2025-01-23T13:04:55+00:00\",\"breadcrumb\":{\"@id\":\"https:\/\/aliceonglerie.com\/?product=paillettes-holofine-16#breadcrumb\"},\"inLanguage\":\"en-US\",\"potentialAction\":[{\"@type\":\"ReadAction\",\"target\":[\"https:\/\/aliceonglerie.com\/?product=paillettes-holofine-16\"]}]},{\"@type\":\"ImageObject\",\"inLanguage\":\"en-US\",\"@id\":\"https:\/\/aliceonglerie.com\/?product=paillettes-holofine-16#primaryimage\",\"url\":\"https:\/\/aliceonglerie.com\/wp-content\/uploads\/2025\/01\/23551.png\",\"contentUrl\":\"https:\/\/aliceonglerie.com\/wp-content\/uploads\/2025\/01\/23551.png\",\"width\":1080,\"height\":1080},{\"@type\":\"BreadcrumbList\",\"@id\":\"https:\/\/aliceonglerie.com\/?product=paillettes-holofine-16#breadcrumb\",\"itemListElement\":[{\"@type\":\"ListItem\",\"position\":1,\"name\":\"Accueil\",\"item\":\"https:\/\/aliceonglerie.com\/\"},{\"@type\":\"ListItem\",\"position\":2,\"name\":\"Produits\",\"item\":\"https:\/\/aliceonglerie.com\/?post_type=product\"},{\"@type\":\"ListItem\",\"position\":3,\"name\":\"Paillettes Holofine 16\"}]},{\"@type\":\"WebSite\",\"@id\":\"https:\/\/aliceonglerie.com\/#website\",\"url\":\"https:\/\/aliceonglerie.com\/\",\"name\":\"ALICE ONGLERIE\",\"description\":\"\",\"publisher\":{\"@id\":\"https:\/\/aliceonglerie.com\/#organization\"},\"potentialAction\":[{\"@type\":\"SearchAction\",\"target\":{\"@type\":\"EntryPoint\",\"urlTemplate\":\"https:\/\/aliceonglerie.com\/?s={search_term_string}\"},\"query-input\":{\"@type\":\"PropertyValueSpecification\",\"valueRequired\":true,\"valueName\":\"search_term_string\"}}],\"inLanguage\":\"en-US\"},{\"@type\":\"Organization\",\"@id\":\"https:\/\/aliceonglerie.com\/#organization\",\"name\":\"ALICE ONGLERIE\",\"url\":\"https:\/\/aliceonglerie.com\/\",\"logo\":{\"@type\":\"ImageObject\",\"inLanguage\":\"en-US\",\"@id\":\"https:\/\/aliceonglerie.com\/#\/schema\/logo\/image\/\",\"url\":\"https:\/\/aliceonglerie.com\/wp-content\/uploads\/2024\/12\/Alice-1.png\",\"contentUrl\":\"https:\/\/aliceonglerie.com\/wp-content\/uploads\/2024\/12\/Alice-1.png\",\"width\":300,\"height\":100,\"caption\":\"ALICE ONGLERIE\"},\"image\":{\"@id\":\"https:\/\/aliceonglerie.com\/#\/schema\/logo\/image\/\"},\"sameAs\":[\"https:\/\/www.facebook.com\/aliceonglerie\",\"https:\/\/www.instagram.com\/aliceonglerie\/\"]}]}<\/script>\n<!-- \/ Yoast SEO plugin. -->","yoast_head_json":{"title":"Paillettes Holofine 16 - ALICE ONGLERIE","robots":{"index":"index","follow":"follow","max-snippet":"max-snippet:-1","max-image-preview":"max-image-preview:large","max-video-preview":"max-video-preview:-1"},"canonical":"https:\/\/aliceonglerie.com\/?product=paillettes-holofine-16","og_locale":"en_US","og_type":"article","og_title":"Paillettes Holofine 16 - ALICE ONGLERIE","og_description":"Poudres de Paillettes Finesse In\u00e9gal\u00e9e : Id\u00e9ales pour cr\u00e9er un effet holographique. Protocole pour l'Effet Sucr\u00e9 :   Appliquez une finition sans r\u00e9sidu en une fine couche, puis saupoudrez de paillettes.  Catalysez pendant 2 minutes.  R\u00e9p\u00e9tez une seconde fois.  Protocole pour l'Effet Holographique :   Appliquez une couleur et catalysez pendant 20 secondes sous UV LED ou 40 secondes sous UV.  Saupoudrez de paillettes et frottez d\u00e9licatement avec votre doigt.  Terminez par une catalyse de 60 secondes pour les couleurs claires et 120 secondes pour les couleurs fonc\u00e9es.  Appliquez une finition.  Contenance : 2 g.","og_url":"https:\/\/aliceonglerie.com\/?product=paillettes-holofine-16","og_site_name":"ALICE ONGLERIE","article_publisher":"https:\/\/www.facebook.com\/aliceonglerie","og_image":[{"width":1080,"height":1080,"url":"https:\/\/aliceonglerie.com\/wp-content\/uploads\/2025\/01\/23551.png","type":"image\/png"}],"twitter_card":"summary_large_image","schema":{"@context":"https:\/\/schema.org","@graph":[{"@type":"WebPage","@id":"https:\/\/aliceonglerie.com\/?product=paillettes-holofine-16","url":"https:\/\/aliceonglerie.com\/?product=paillettes-holofine-16","name":"Paillettes Holofine 16 - ALICE ONGLERIE","isPartOf":{"@id":"https:\/\/aliceonglerie.com\/#website"},"primaryImageOfPage":{"@id":"https:\/\/aliceonglerie.com\/?product=paillettes-holofine-16#primaryimage"},"image":{"@id":"https:\/\/aliceonglerie.com\/?product=paillettes-holofine-16#primaryimage"},"thumbnailUrl":"https:\/\/aliceonglerie.com\/wp-content\/uploads\/2025\/01\/23551.png","datePublished":"2025-01-23T13:04:55+00:00","breadcrumb":{"@id":"https:\/\/aliceonglerie.com\/?product=paillettes-holofine-16#breadcrumb"},"inLanguage":"en-US","potentialAction":[{"@type":"ReadAction","target":["https:\/\/aliceonglerie.com\/?product=paillettes-holofine-16"]}]},{"@type":"ImageObject","inLanguage":"en-US","@id":"https:\/\/aliceonglerie.com\/?product=paillettes-holofine-16#primaryimage","url":"https:\/\/aliceonglerie.com\/wp-content\/uploads\/2025\/01\/23551.png","contentUrl":"https:\/\/aliceonglerie.com\/wp-content\/uploads\/2025\/01\/23551.png","width":1080,"height":1080},{"@type":"BreadcrumbList","@id":"https:\/\/aliceonglerie.com\/?product=paillettes-holofine-16#breadcrumb","itemListElement":[{"@type":"ListItem","position":1,"name":"Accueil","item":"https:\/\/aliceonglerie.com\/"},{"@type":"ListItem","position":2,"name":"Produits","item":"https:\/\/aliceonglerie.com\/?post_type=product"},{"@type":"ListItem","position":3,"name":"Paillettes Holofine 16"}]},{"@type":"WebSite","@id":"https:\/\/aliceonglerie.com\/#website","url":"https:\/\/aliceonglerie.com\/","name":"ALICE ONGLERIE","description":"","publisher":{"@id":"https:\/\/aliceonglerie.com\/#organization"},"potentialAction":[{"@type":"SearchAction","target":{"@type":"EntryPoint","urlTemplate":"https:\/\/aliceonglerie.com\/?s={search_term_string}"},"query-input":{"@type":"PropertyValueSpecification","valueRequired":true,"valueName":"search_term_string"}}],"inLanguage":"en-US"},{"@type":"Organization","@id":"https:\/\/aliceonglerie.com\/#organization","name":"ALICE ONGLERIE","url":"https:\/\/aliceonglerie.com\/","logo":{"@type":"ImageObject","inLanguage":"en-US","@id":"https:\/\/aliceonglerie.com\/#\/schema\/logo\/image\/","url":"https:\/\/aliceonglerie.com\/wp-content\/uploads\/2024\/12\/Alice-1.png","contentUrl":"https:\/\/aliceonglerie.com\/wp-content\/uploads\/2024\/12\/Alice-1.png","width":300,"height":100,"caption":"ALICE ONGLERIE"},"image":{"@id":"https:\/\/aliceonglerie.com\/#\/schema\/logo\/image\/"},"sameAs":["https:\/\/www.facebook.com\/aliceonglerie","https:\/\/www.instagram.com\/aliceonglerie\/"]}]}},"jetpack_sharing_enabled":true,"_links":{"self":[{"href":"https:\/\/aliceonglerie.com\/index.php?rest_route=\/wp\/v2\/product\/3023","targetHints":{"allow":["GET"]}}],"collection":[{"href":"https:\/\/aliceonglerie.com\/index.php?rest_route=\/wp\/v2\/product"}],"about":[{"href":"https:\/\/aliceonglerie.com\/index.php?rest_route=\/wp\/v2\/types\/product"}],"replies":[{"embeddable":true,"href":"https:\/\/aliceonglerie.com\/index.php?rest_route=%2Fwp%2Fv2%2Fcomments&post=3023"}],"wp:featuredmedia":[{"embeddable":true,"href":"https:\/\/aliceonglerie.com\/index.php?rest_route=\/wp\/v2\/media\/3024"}],"wp:attachment":[{"href":"https:\/\/aliceonglerie.com\/index.php?rest_route=%2Fwp%2Fv2%2Fmedia&parent=3023"}],"wp:term":[{"taxonomy":"product_brand","embeddable":true,"href":"https:\/\/aliceonglerie.com\/index.php?rest_route=%2Fwp%2Fv2%2Fproduct_brand&post=3023"},{"taxonomy":"product_cat","embeddable":true,"href":"https:\/\/aliceonglerie.com\/index.php?rest_route=%2Fwp%2Fv2%2Fproduct_cat&post=3023"},{"taxonomy":"product_tag","embeddable":true,"href":"https:\/\/aliceonglerie.com\/index.php?rest_route=%2Fwp%2Fv2%2Fproduct_tag&post=3023"}],"curies":[{"name":"wp","href":"https:\/\/api.w.org\/{rel}","templated":true}]}}