{"id":2953,"date":"2025-01-23T12:48:53","date_gmt":"2025-01-23T11:48:53","guid":{"rendered":"https:\/\/aliceonglerie.com\/?post_type=product&#038;p=2953"},"modified":"2025-01-23T12:48:53","modified_gmt":"2025-01-23T11:48:53","slug":"pigment-chrome-cosmos","status":"publish","type":"product","link":"https:\/\/aliceonglerie.com\/?product=pigment-chrome-cosmos","title":{"rendered":"Pigment Chrome Cosmos"},"content":{"rendered":"","protected":false},"excerpt":{"rendered":"<h3>Pigment Prune pour un Effet Chrom\u00e9<\/h3>\n<p><strong>Protocole :<\/strong><\/p>\n<ol>\n<li>Appliquez la finition Supreme Gloss et catalysez pendant 1 minute.<\/li>\n<li>D\u00e9posez le pigment en lustrant avec un applicateur \u00e9ponge ou une \u00e9ponge d\u00e9grad\u00e9e pr\u00e9alablement coup\u00e9e.<\/li>\n<li>Retirez l\u2019exc\u00e8s de pigment avec un pinceau \u00e9ventail.<\/li>\n<li>Limez l\u00e9g\u00e8rement les bords libres de l&#8217;ongle.<\/li>\n<li>Appliquez deux couches de finition souple.<\/li>\n<\/ol>\n","protected":false},"featured_media":2954,"comment_status":"open","ping_status":"closed","template":"","meta":{"_et_pb_use_builder":"","_et_pb_old_content":"","_et_gb_content_width":"","_glsr_average":0,"_glsr_ranking":0,"_glsr_reviews":0},"product_brand":[],"product_cat":[39],"product_tag":[],"class_list":{"0":"post-2953","1":"product","2":"type-product","3":"status-publish","4":"has-post-thumbnail","6":"product_cat-glitter-pigment","8":"first","9":"instock","10":"shipping-taxable","11":"purchasable","12":"product-type-simple"},"yoast_head":"<!-- This site is optimized with the Yoast SEO plugin v24.5 - https:\/\/yoast.com\/wordpress\/plugins\/seo\/ -->\n<title>Pigment Chrome Cosmos - ALICE ONGLERIE<\/title>\n<meta name=\"robots\" content=\"index, follow, max-snippet:-1, max-image-preview:large, max-video-preview:-1\" \/>\n<link rel=\"canonical\" href=\"https:\/\/aliceonglerie.com\/?product=pigment-chrome-cosmos\" \/>\n<meta property=\"og:locale\" content=\"en_US\" \/>\n<meta property=\"og:type\" content=\"article\" \/>\n<meta property=\"og:title\" content=\"Pigment Chrome Cosmos - ALICE ONGLERIE\" \/>\n<meta property=\"og:description\" content=\"Pigment Prune pour un Effet Chrom\u00e9 Protocole :   Appliquez la finition Supreme Gloss et catalysez pendant 1 minute.  D\u00e9posez le pigment en lustrant avec un applicateur \u00e9ponge ou une \u00e9ponge d\u00e9grad\u00e9e pr\u00e9alablement coup\u00e9e.  Retirez l\u2019exc\u00e8s de pigment avec un pinceau \u00e9ventail.  Limez l\u00e9g\u00e8rement les bords libres de l&#039;ongle.  Appliquez deux couches de finition souple.\" \/>\n<meta property=\"og:url\" content=\"https:\/\/aliceonglerie.com\/?product=pigment-chrome-cosmos\" \/>\n<meta property=\"og:site_name\" content=\"ALICE ONGLERIE\" \/>\n<meta property=\"article:publisher\" content=\"https:\/\/www.facebook.com\/aliceonglerie\" \/>\n<meta property=\"og:image\" content=\"https:\/\/aliceonglerie.com\/wp-content\/uploads\/2025\/01\/25563.webp\" \/>\n\t<meta property=\"og:image:width\" content=\"1080\" \/>\n\t<meta property=\"og:image:height\" content=\"1080\" \/>\n\t<meta property=\"og:image:type\" content=\"image\/webp\" \/>\n<meta name=\"twitter:card\" content=\"summary_large_image\" \/>\n<script type=\"application\/ld+json\" class=\"yoast-schema-graph\">{\"@context\":\"https:\/\/schema.org\",\"@graph\":[{\"@type\":\"WebPage\",\"@id\":\"https:\/\/aliceonglerie.com\/?product=pigment-chrome-cosmos\",\"url\":\"https:\/\/aliceonglerie.com\/?product=pigment-chrome-cosmos\",\"name\":\"Pigment Chrome Cosmos - ALICE ONGLERIE\",\"isPartOf\":{\"@id\":\"https:\/\/aliceonglerie.com\/#website\"},\"primaryImageOfPage\":{\"@id\":\"https:\/\/aliceonglerie.com\/?product=pigment-chrome-cosmos#primaryimage\"},\"image\":{\"@id\":\"https:\/\/aliceonglerie.com\/?product=pigment-chrome-cosmos#primaryimage\"},\"thumbnailUrl\":\"https:\/\/aliceonglerie.com\/wp-content\/uploads\/2025\/01\/25563.webp\",\"datePublished\":\"2025-01-23T11:48:53+00:00\",\"breadcrumb\":{\"@id\":\"https:\/\/aliceonglerie.com\/?product=pigment-chrome-cosmos#breadcrumb\"},\"inLanguage\":\"en-US\",\"potentialAction\":[{\"@type\":\"ReadAction\",\"target\":[\"https:\/\/aliceonglerie.com\/?product=pigment-chrome-cosmos\"]}]},{\"@type\":\"ImageObject\",\"inLanguage\":\"en-US\",\"@id\":\"https:\/\/aliceonglerie.com\/?product=pigment-chrome-cosmos#primaryimage\",\"url\":\"https:\/\/aliceonglerie.com\/wp-content\/uploads\/2025\/01\/25563.webp\",\"contentUrl\":\"https:\/\/aliceonglerie.com\/wp-content\/uploads\/2025\/01\/25563.webp\",\"width\":1080,\"height\":1080},{\"@type\":\"BreadcrumbList\",\"@id\":\"https:\/\/aliceonglerie.com\/?product=pigment-chrome-cosmos#breadcrumb\",\"itemListElement\":[{\"@type\":\"ListItem\",\"position\":1,\"name\":\"Accueil\",\"item\":\"https:\/\/aliceonglerie.com\/\"},{\"@type\":\"ListItem\",\"position\":2,\"name\":\"Produits\",\"item\":\"https:\/\/aliceonglerie.com\/?post_type=product\"},{\"@type\":\"ListItem\",\"position\":3,\"name\":\"Pigment Chrome Cosmos\"}]},{\"@type\":\"WebSite\",\"@id\":\"https:\/\/aliceonglerie.com\/#website\",\"url\":\"https:\/\/aliceonglerie.com\/\",\"name\":\"ALICE ONGLERIE\",\"description\":\"\",\"publisher\":{\"@id\":\"https:\/\/aliceonglerie.com\/#organization\"},\"potentialAction\":[{\"@type\":\"SearchAction\",\"target\":{\"@type\":\"EntryPoint\",\"urlTemplate\":\"https:\/\/aliceonglerie.com\/?s={search_term_string}\"},\"query-input\":{\"@type\":\"PropertyValueSpecification\",\"valueRequired\":true,\"valueName\":\"search_term_string\"}}],\"inLanguage\":\"en-US\"},{\"@type\":\"Organization\",\"@id\":\"https:\/\/aliceonglerie.com\/#organization\",\"name\":\"ALICE ONGLERIE\",\"url\":\"https:\/\/aliceonglerie.com\/\",\"logo\":{\"@type\":\"ImageObject\",\"inLanguage\":\"en-US\",\"@id\":\"https:\/\/aliceonglerie.com\/#\/schema\/logo\/image\/\",\"url\":\"https:\/\/aliceonglerie.com\/wp-content\/uploads\/2024\/12\/Alice-1.png\",\"contentUrl\":\"https:\/\/aliceonglerie.com\/wp-content\/uploads\/2024\/12\/Alice-1.png\",\"width\":300,\"height\":100,\"caption\":\"ALICE ONGLERIE\"},\"image\":{\"@id\":\"https:\/\/aliceonglerie.com\/#\/schema\/logo\/image\/\"},\"sameAs\":[\"https:\/\/www.facebook.com\/aliceonglerie\",\"https:\/\/www.instagram.com\/aliceonglerie\/\"]}]}<\/script>\n<!-- \/ Yoast SEO plugin. -->","yoast_head_json":{"title":"Pigment Chrome Cosmos - ALICE ONGLERIE","robots":{"index":"index","follow":"follow","max-snippet":"max-snippet:-1","max-image-preview":"max-image-preview:large","max-video-preview":"max-video-preview:-1"},"canonical":"https:\/\/aliceonglerie.com\/?product=pigment-chrome-cosmos","og_locale":"en_US","og_type":"article","og_title":"Pigment Chrome Cosmos - ALICE ONGLERIE","og_description":"Pigment Prune pour un Effet Chrom\u00e9 Protocole :   Appliquez la finition Supreme Gloss et catalysez pendant 1 minute.  D\u00e9posez le pigment en lustrant avec un applicateur \u00e9ponge ou une \u00e9ponge d\u00e9grad\u00e9e pr\u00e9alablement coup\u00e9e.  Retirez l\u2019exc\u00e8s de pigment avec un pinceau \u00e9ventail.  Limez l\u00e9g\u00e8rement les bords libres de l'ongle.  Appliquez deux couches de finition souple.","og_url":"https:\/\/aliceonglerie.com\/?product=pigment-chrome-cosmos","og_site_name":"ALICE ONGLERIE","article_publisher":"https:\/\/www.facebook.com\/aliceonglerie","og_image":[{"width":1080,"height":1080,"url":"https:\/\/aliceonglerie.com\/wp-content\/uploads\/2025\/01\/25563.webp","type":"image\/webp"}],"twitter_card":"summary_large_image","schema":{"@context":"https:\/\/schema.org","@graph":[{"@type":"WebPage","@id":"https:\/\/aliceonglerie.com\/?product=pigment-chrome-cosmos","url":"https:\/\/aliceonglerie.com\/?product=pigment-chrome-cosmos","name":"Pigment Chrome Cosmos - ALICE ONGLERIE","isPartOf":{"@id":"https:\/\/aliceonglerie.com\/#website"},"primaryImageOfPage":{"@id":"https:\/\/aliceonglerie.com\/?product=pigment-chrome-cosmos#primaryimage"},"image":{"@id":"https:\/\/aliceonglerie.com\/?product=pigment-chrome-cosmos#primaryimage"},"thumbnailUrl":"https:\/\/aliceonglerie.com\/wp-content\/uploads\/2025\/01\/25563.webp","datePublished":"2025-01-23T11:48:53+00:00","breadcrumb":{"@id":"https:\/\/aliceonglerie.com\/?product=pigment-chrome-cosmos#breadcrumb"},"inLanguage":"en-US","potentialAction":[{"@type":"ReadAction","target":["https:\/\/aliceonglerie.com\/?product=pigment-chrome-cosmos"]}]},{"@type":"ImageObject","inLanguage":"en-US","@id":"https:\/\/aliceonglerie.com\/?product=pigment-chrome-cosmos#primaryimage","url":"https:\/\/aliceonglerie.com\/wp-content\/uploads\/2025\/01\/25563.webp","contentUrl":"https:\/\/aliceonglerie.com\/wp-content\/uploads\/2025\/01\/25563.webp","width":1080,"height":1080},{"@type":"BreadcrumbList","@id":"https:\/\/aliceonglerie.com\/?product=pigment-chrome-cosmos#breadcrumb","itemListElement":[{"@type":"ListItem","position":1,"name":"Accueil","item":"https:\/\/aliceonglerie.com\/"},{"@type":"ListItem","position":2,"name":"Produits","item":"https:\/\/aliceonglerie.com\/?post_type=product"},{"@type":"ListItem","position":3,"name":"Pigment Chrome Cosmos"}]},{"@type":"WebSite","@id":"https:\/\/aliceonglerie.com\/#website","url":"https:\/\/aliceonglerie.com\/","name":"ALICE ONGLERIE","description":"","publisher":{"@id":"https:\/\/aliceonglerie.com\/#organization"},"potentialAction":[{"@type":"SearchAction","target":{"@type":"EntryPoint","urlTemplate":"https:\/\/aliceonglerie.com\/?s={search_term_string}"},"query-input":{"@type":"PropertyValueSpecification","valueRequired":true,"valueName":"search_term_string"}}],"inLanguage":"en-US"},{"@type":"Organization","@id":"https:\/\/aliceonglerie.com\/#organization","name":"ALICE ONGLERIE","url":"https:\/\/aliceonglerie.com\/","logo":{"@type":"ImageObject","inLanguage":"en-US","@id":"https:\/\/aliceonglerie.com\/#\/schema\/logo\/image\/","url":"https:\/\/aliceonglerie.com\/wp-content\/uploads\/2024\/12\/Alice-1.png","contentUrl":"https:\/\/aliceonglerie.com\/wp-content\/uploads\/2024\/12\/Alice-1.png","width":300,"height":100,"caption":"ALICE ONGLERIE"},"image":{"@id":"https:\/\/aliceonglerie.com\/#\/schema\/logo\/image\/"},"sameAs":["https:\/\/www.facebook.com\/aliceonglerie","https:\/\/www.instagram.com\/aliceonglerie\/"]}]}},"jetpack_sharing_enabled":true,"_links":{"self":[{"href":"https:\/\/aliceonglerie.com\/index.php?rest_route=\/wp\/v2\/product\/2953","targetHints":{"allow":["GET"]}}],"collection":[{"href":"https:\/\/aliceonglerie.com\/index.php?rest_route=\/wp\/v2\/product"}],"about":[{"href":"https:\/\/aliceonglerie.com\/index.php?rest_route=\/wp\/v2\/types\/product"}],"replies":[{"embeddable":true,"href":"https:\/\/aliceonglerie.com\/index.php?rest_route=%2Fwp%2Fv2%2Fcomments&post=2953"}],"wp:featuredmedia":[{"embeddable":true,"href":"https:\/\/aliceonglerie.com\/index.php?rest_route=\/wp\/v2\/media\/2954"}],"wp:attachment":[{"href":"https:\/\/aliceonglerie.com\/index.php?rest_route=%2Fwp%2Fv2%2Fmedia&parent=2953"}],"wp:term":[{"taxonomy":"product_brand","embeddable":true,"href":"https:\/\/aliceonglerie.com\/index.php?rest_route=%2Fwp%2Fv2%2Fproduct_brand&post=2953"},{"taxonomy":"product_cat","embeddable":true,"href":"https:\/\/aliceonglerie.com\/index.php?rest_route=%2Fwp%2Fv2%2Fproduct_cat&post=2953"},{"taxonomy":"product_tag","embeddable":true,"href":"https:\/\/aliceonglerie.com\/index.php?rest_route=%2Fwp%2Fv2%2Fproduct_tag&post=2953"}],"curies":[{"name":"wp","href":"https:\/\/api.w.org\/{rel}","templated":true}]}}