{"id":2930,"date":"2025-01-23T12:27:55","date_gmt":"2025-01-23T11:27:55","guid":{"rendered":"https:\/\/aliceonglerie.com\/?post_type=product&#038;p=2930"},"modified":"2025-01-23T12:27:55","modified_gmt":"2025-01-23T11:27:55","slug":"pigment-chrome-eclipse","status":"publish","type":"product","link":"https:\/\/aliceonglerie.com\/?product=pigment-chrome-eclipse","title":{"rendered":"Pigment Chrome Eclipse"},"content":{"rendered":"","protected":false},"excerpt":{"rendered":"<h3>Pigment Vieux Rose pour un Effet Chrom\u00e9<\/h3>\n<p><strong>Protocole :<\/strong><\/p>\n<ol>\n<li>Appliquez la Supreme Gloss et catalysez pendant 1 minute.<\/li>\n<li>D\u00e9posez le pigment en lustrant avec un applicateur \u00e9ponge ou une \u00e9ponge d\u00e9grad\u00e9e pr\u00e9alablement coup\u00e9e.<\/li>\n<li>Retirez l\u2019exc\u00e8s de pigment avec un pinceau \u00e9ventail.<\/li>\n<li>Limez l\u00e9g\u00e8rement les bords libres de l&#8217;ongle.<\/li>\n<li>Appliquez deux couches de finition souple.<\/li>\n<\/ol>\n","protected":false},"featured_media":2931,"comment_status":"open","ping_status":"closed","template":"","meta":{"_et_pb_use_builder":"","_et_pb_old_content":"","_et_gb_content_width":"","_glsr_average":0,"_glsr_ranking":0,"_glsr_reviews":0},"product_brand":[],"product_cat":[39],"product_tag":[],"class_list":{"0":"post-2930","1":"product","2":"type-product","3":"status-publish","4":"has-post-thumbnail","6":"product_cat-glitter-pigment","8":"first","9":"instock","10":"shipping-taxable","11":"purchasable","12":"product-type-simple"},"yoast_head":"<!-- This site is optimized with the Yoast SEO plugin v24.5 - https:\/\/yoast.com\/wordpress\/plugins\/seo\/ -->\n<title>Pigment Chrome Eclipse - ALICE ONGLERIE<\/title>\n<meta name=\"robots\" content=\"index, follow, max-snippet:-1, max-image-preview:large, max-video-preview:-1\" \/>\n<link rel=\"canonical\" href=\"https:\/\/aliceonglerie.com\/?product=pigment-chrome-eclipse\" \/>\n<meta property=\"og:locale\" content=\"en_US\" \/>\n<meta property=\"og:type\" content=\"article\" \/>\n<meta property=\"og:title\" content=\"Pigment Chrome Eclipse - ALICE ONGLERIE\" \/>\n<meta property=\"og:description\" content=\"Pigment Vieux Rose pour un Effet Chrom\u00e9 Protocole :   Appliquez la Supreme Gloss et catalysez pendant 1 minute.  D\u00e9posez le pigment en lustrant avec un applicateur \u00e9ponge ou une \u00e9ponge d\u00e9grad\u00e9e pr\u00e9alablement coup\u00e9e.  Retirez l\u2019exc\u00e8s de pigment avec un pinceau \u00e9ventail.  Limez l\u00e9g\u00e8rement les bords libres de l&#039;ongle.  Appliquez deux couches de finition souple.\" \/>\n<meta property=\"og:url\" content=\"https:\/\/aliceonglerie.com\/?product=pigment-chrome-eclipse\" \/>\n<meta property=\"og:site_name\" content=\"ALICE ONGLERIE\" \/>\n<meta property=\"article:publisher\" content=\"https:\/\/www.facebook.com\/aliceonglerie\" \/>\n<meta property=\"og:image\" content=\"https:\/\/aliceonglerie.com\/wp-content\/uploads\/2025\/01\/25569.webp\" \/>\n\t<meta property=\"og:image:width\" content=\"1080\" \/>\n\t<meta property=\"og:image:height\" content=\"1080\" \/>\n\t<meta property=\"og:image:type\" content=\"image\/webp\" \/>\n<meta name=\"twitter:card\" content=\"summary_large_image\" \/>\n<script type=\"application\/ld+json\" class=\"yoast-schema-graph\">{\"@context\":\"https:\/\/schema.org\",\"@graph\":[{\"@type\":\"WebPage\",\"@id\":\"https:\/\/aliceonglerie.com\/?product=pigment-chrome-eclipse\",\"url\":\"https:\/\/aliceonglerie.com\/?product=pigment-chrome-eclipse\",\"name\":\"Pigment Chrome Eclipse - ALICE ONGLERIE\",\"isPartOf\":{\"@id\":\"https:\/\/aliceonglerie.com\/#website\"},\"primaryImageOfPage\":{\"@id\":\"https:\/\/aliceonglerie.com\/?product=pigment-chrome-eclipse#primaryimage\"},\"image\":{\"@id\":\"https:\/\/aliceonglerie.com\/?product=pigment-chrome-eclipse#primaryimage\"},\"thumbnailUrl\":\"https:\/\/aliceonglerie.com\/wp-content\/uploads\/2025\/01\/25569.webp\",\"datePublished\":\"2025-01-23T11:27:55+00:00\",\"breadcrumb\":{\"@id\":\"https:\/\/aliceonglerie.com\/?product=pigment-chrome-eclipse#breadcrumb\"},\"inLanguage\":\"en-US\",\"potentialAction\":[{\"@type\":\"ReadAction\",\"target\":[\"https:\/\/aliceonglerie.com\/?product=pigment-chrome-eclipse\"]}]},{\"@type\":\"ImageObject\",\"inLanguage\":\"en-US\",\"@id\":\"https:\/\/aliceonglerie.com\/?product=pigment-chrome-eclipse#primaryimage\",\"url\":\"https:\/\/aliceonglerie.com\/wp-content\/uploads\/2025\/01\/25569.webp\",\"contentUrl\":\"https:\/\/aliceonglerie.com\/wp-content\/uploads\/2025\/01\/25569.webp\",\"width\":1080,\"height\":1080},{\"@type\":\"BreadcrumbList\",\"@id\":\"https:\/\/aliceonglerie.com\/?product=pigment-chrome-eclipse#breadcrumb\",\"itemListElement\":[{\"@type\":\"ListItem\",\"position\":1,\"name\":\"Accueil\",\"item\":\"https:\/\/aliceonglerie.com\/\"},{\"@type\":\"ListItem\",\"position\":2,\"name\":\"Produits\",\"item\":\"https:\/\/aliceonglerie.com\/?post_type=product\"},{\"@type\":\"ListItem\",\"position\":3,\"name\":\"Pigment Chrome Eclipse\"}]},{\"@type\":\"WebSite\",\"@id\":\"https:\/\/aliceonglerie.com\/#website\",\"url\":\"https:\/\/aliceonglerie.com\/\",\"name\":\"ALICE ONGLERIE\",\"description\":\"\",\"publisher\":{\"@id\":\"https:\/\/aliceonglerie.com\/#organization\"},\"potentialAction\":[{\"@type\":\"SearchAction\",\"target\":{\"@type\":\"EntryPoint\",\"urlTemplate\":\"https:\/\/aliceonglerie.com\/?s={search_term_string}\"},\"query-input\":{\"@type\":\"PropertyValueSpecification\",\"valueRequired\":true,\"valueName\":\"search_term_string\"}}],\"inLanguage\":\"en-US\"},{\"@type\":\"Organization\",\"@id\":\"https:\/\/aliceonglerie.com\/#organization\",\"name\":\"ALICE ONGLERIE\",\"url\":\"https:\/\/aliceonglerie.com\/\",\"logo\":{\"@type\":\"ImageObject\",\"inLanguage\":\"en-US\",\"@id\":\"https:\/\/aliceonglerie.com\/#\/schema\/logo\/image\/\",\"url\":\"https:\/\/aliceonglerie.com\/wp-content\/uploads\/2024\/12\/Alice-1.png\",\"contentUrl\":\"https:\/\/aliceonglerie.com\/wp-content\/uploads\/2024\/12\/Alice-1.png\",\"width\":300,\"height\":100,\"caption\":\"ALICE ONGLERIE\"},\"image\":{\"@id\":\"https:\/\/aliceonglerie.com\/#\/schema\/logo\/image\/\"},\"sameAs\":[\"https:\/\/www.facebook.com\/aliceonglerie\",\"https:\/\/www.instagram.com\/aliceonglerie\/\"]}]}<\/script>\n<!-- \/ Yoast SEO plugin. -->","yoast_head_json":{"title":"Pigment Chrome Eclipse - ALICE ONGLERIE","robots":{"index":"index","follow":"follow","max-snippet":"max-snippet:-1","max-image-preview":"max-image-preview:large","max-video-preview":"max-video-preview:-1"},"canonical":"https:\/\/aliceonglerie.com\/?product=pigment-chrome-eclipse","og_locale":"en_US","og_type":"article","og_title":"Pigment Chrome Eclipse - ALICE ONGLERIE","og_description":"Pigment Vieux Rose pour un Effet Chrom\u00e9 Protocole :   Appliquez la Supreme Gloss et catalysez pendant 1 minute.  D\u00e9posez le pigment en lustrant avec un applicateur \u00e9ponge ou une \u00e9ponge d\u00e9grad\u00e9e pr\u00e9alablement coup\u00e9e.  Retirez l\u2019exc\u00e8s de pigment avec un pinceau \u00e9ventail.  Limez l\u00e9g\u00e8rement les bords libres de l'ongle.  Appliquez deux couches de finition souple.","og_url":"https:\/\/aliceonglerie.com\/?product=pigment-chrome-eclipse","og_site_name":"ALICE ONGLERIE","article_publisher":"https:\/\/www.facebook.com\/aliceonglerie","og_image":[{"width":1080,"height":1080,"url":"https:\/\/aliceonglerie.com\/wp-content\/uploads\/2025\/01\/25569.webp","type":"image\/webp"}],"twitter_card":"summary_large_image","schema":{"@context":"https:\/\/schema.org","@graph":[{"@type":"WebPage","@id":"https:\/\/aliceonglerie.com\/?product=pigment-chrome-eclipse","url":"https:\/\/aliceonglerie.com\/?product=pigment-chrome-eclipse","name":"Pigment Chrome Eclipse - ALICE ONGLERIE","isPartOf":{"@id":"https:\/\/aliceonglerie.com\/#website"},"primaryImageOfPage":{"@id":"https:\/\/aliceonglerie.com\/?product=pigment-chrome-eclipse#primaryimage"},"image":{"@id":"https:\/\/aliceonglerie.com\/?product=pigment-chrome-eclipse#primaryimage"},"thumbnailUrl":"https:\/\/aliceonglerie.com\/wp-content\/uploads\/2025\/01\/25569.webp","datePublished":"2025-01-23T11:27:55+00:00","breadcrumb":{"@id":"https:\/\/aliceonglerie.com\/?product=pigment-chrome-eclipse#breadcrumb"},"inLanguage":"en-US","potentialAction":[{"@type":"ReadAction","target":["https:\/\/aliceonglerie.com\/?product=pigment-chrome-eclipse"]}]},{"@type":"ImageObject","inLanguage":"en-US","@id":"https:\/\/aliceonglerie.com\/?product=pigment-chrome-eclipse#primaryimage","url":"https:\/\/aliceonglerie.com\/wp-content\/uploads\/2025\/01\/25569.webp","contentUrl":"https:\/\/aliceonglerie.com\/wp-content\/uploads\/2025\/01\/25569.webp","width":1080,"height":1080},{"@type":"BreadcrumbList","@id":"https:\/\/aliceonglerie.com\/?product=pigment-chrome-eclipse#breadcrumb","itemListElement":[{"@type":"ListItem","position":1,"name":"Accueil","item":"https:\/\/aliceonglerie.com\/"},{"@type":"ListItem","position":2,"name":"Produits","item":"https:\/\/aliceonglerie.com\/?post_type=product"},{"@type":"ListItem","position":3,"name":"Pigment Chrome Eclipse"}]},{"@type":"WebSite","@id":"https:\/\/aliceonglerie.com\/#website","url":"https:\/\/aliceonglerie.com\/","name":"ALICE ONGLERIE","description":"","publisher":{"@id":"https:\/\/aliceonglerie.com\/#organization"},"potentialAction":[{"@type":"SearchAction","target":{"@type":"EntryPoint","urlTemplate":"https:\/\/aliceonglerie.com\/?s={search_term_string}"},"query-input":{"@type":"PropertyValueSpecification","valueRequired":true,"valueName":"search_term_string"}}],"inLanguage":"en-US"},{"@type":"Organization","@id":"https:\/\/aliceonglerie.com\/#organization","name":"ALICE ONGLERIE","url":"https:\/\/aliceonglerie.com\/","logo":{"@type":"ImageObject","inLanguage":"en-US","@id":"https:\/\/aliceonglerie.com\/#\/schema\/logo\/image\/","url":"https:\/\/aliceonglerie.com\/wp-content\/uploads\/2024\/12\/Alice-1.png","contentUrl":"https:\/\/aliceonglerie.com\/wp-content\/uploads\/2024\/12\/Alice-1.png","width":300,"height":100,"caption":"ALICE ONGLERIE"},"image":{"@id":"https:\/\/aliceonglerie.com\/#\/schema\/logo\/image\/"},"sameAs":["https:\/\/www.facebook.com\/aliceonglerie","https:\/\/www.instagram.com\/aliceonglerie\/"]}]}},"jetpack_sharing_enabled":true,"_links":{"self":[{"href":"https:\/\/aliceonglerie.com\/index.php?rest_route=\/wp\/v2\/product\/2930","targetHints":{"allow":["GET"]}}],"collection":[{"href":"https:\/\/aliceonglerie.com\/index.php?rest_route=\/wp\/v2\/product"}],"about":[{"href":"https:\/\/aliceonglerie.com\/index.php?rest_route=\/wp\/v2\/types\/product"}],"replies":[{"embeddable":true,"href":"https:\/\/aliceonglerie.com\/index.php?rest_route=%2Fwp%2Fv2%2Fcomments&post=2930"}],"wp:featuredmedia":[{"embeddable":true,"href":"https:\/\/aliceonglerie.com\/index.php?rest_route=\/wp\/v2\/media\/2931"}],"wp:attachment":[{"href":"https:\/\/aliceonglerie.com\/index.php?rest_route=%2Fwp%2Fv2%2Fmedia&parent=2930"}],"wp:term":[{"taxonomy":"product_brand","embeddable":true,"href":"https:\/\/aliceonglerie.com\/index.php?rest_route=%2Fwp%2Fv2%2Fproduct_brand&post=2930"},{"taxonomy":"product_cat","embeddable":true,"href":"https:\/\/aliceonglerie.com\/index.php?rest_route=%2Fwp%2Fv2%2Fproduct_cat&post=2930"},{"taxonomy":"product_tag","embeddable":true,"href":"https:\/\/aliceonglerie.com\/index.php?rest_route=%2Fwp%2Fv2%2Fproduct_tag&post=2930"}],"curies":[{"name":"wp","href":"https:\/\/api.w.org\/{rel}","templated":true}]}}