{"id":2319,"date":"2025-01-11T15:48:25","date_gmt":"2025-01-11T14:48:25","guid":{"rendered":"http:\/\/aliceonglerie.com\/?post_type=product&#038;p=2319"},"modified":"2025-02-08T15:36:07","modified_gmt":"2025-02-08T14:36:07","slug":"my-color-reflect-galactic","status":"publish","type":"product","link":"https:\/\/aliceonglerie.com\/?product=my-color-reflect-galactic","title":{"rendered":"My Color Reflect Galactic"},"content":{"rendered":"<p><strong>Notre gamme de vernis semi permanent \u00ab\u00a0My Color\u00a0\u00bb r\u00e9pond aux exigences les plus pointues de notre client\u00e8le professionnelle.<\/strong><\/p>\n<p>-Un choix de texture diff\u00e9rent en fonction de la couleur afin d\u2019apporter une haute couvrance d\u00e8s la premi\u00e8re couche.<\/p>\n<p>-Un flacon alliant \u00e9l\u00e9gance et confort de travail avec son pinceau plat, fin ni trop long ni trop court qui vous apportera une facilit\u00e9 et une rapidit\u00e9 de pose surprenante.<\/p>\n<p>-Des couleurs tendances pour satisfaire la demande actuelle.<\/p>\n<p>-La qualit\u00e9 de nos vernis semi permanent permet de les travailler sur de nombreuses prestations\u00a0!<\/p>\n<p>Manucure classique sur ongles naturels , renfort \u00ab\u00a0Rubber\u00a0\u00bb , ongles en gels, r\u00e9sines, Acrygels en french, full Color.<\/p>\n<p>Et tout aussi bien en Nail art , pour vos d\u00e9grad\u00e9s , Babyboomers, BabyGlitters, Babycolors et vos dessins.<\/p>\n<p>Nous avons \u00e9labor\u00e9 une base \u00ab\u00a0Rubber\u00a0\u00bb qui sera votre alli\u00e9e sans faille combin\u00e9e \u00e0 votre My color que ce soit en base en renfort (mini construction) ou en petite extension.<\/p>\n<p>Pour le retrait de votre manucure deux possibilit\u00e9s s\u2019offrent \u00e0 vous\u00a0:<\/p>\n<p>&#8211; avec une solution de fonte \u00ab\u00a0Remover\u00a0\u00bb<\/p>\n<p>-Un limage m\u00e9canique avec votre ponceuse et un embout extra fin.<\/p>\n<p>&nbsp;<\/p>\n<p><strong>Le flacon est pourvu d&#8217;un petit capuchon transparent sur le haut du bouchon afin d&#8217;y appliquer la couleur pour personnaliser votre flacon.<br \/>\n<\/strong><\/p>\n<p>&nbsp;<\/p>\n<p><strong>Protocole de pose:\u00a0<\/strong><\/p>\n<p>-Pr\u00e9paration de l&#8217;ongle avec une lime douce<\/p>\n<p>-Appliquer le Nail Prep<\/p>\n<p>-Poser une couche de Rubber base Clear , catalyser<\/p>\n<p>&#8211; une ou deux couches selon votre pr\u00e9f\u00e9rence de My Color catalyser<\/p>\n<p>&#8211; Finir avec la Supreme Gloss et l&#8217;huile \u00e0 cuticules<\/p>\n<p>Notre packaging \u00e0 \u00e9t\u00e9 choisi minutieusement afin de vous garantir un confort de travail tout en apportant un design \u00e9l\u00e9gant<\/p>\n<p><iframe loading=\"lazy\" title=\"My Color Reflect Galactic\" width=\"1080\" height=\"608\" src=\"https:\/\/www.youtube.com\/embed\/hwHAVG6Cy8o?feature=oembed\"  allow=\"accelerometer; autoplay; clipboard-write; encrypted-media; gyroscope; picture-in-picture; web-share\" referrerpolicy=\"strict-origin-when-cross-origin\" allowfullscreen><\/iframe><\/p>\n","protected":false},"excerpt":{"rendered":"<p>&nbsp;<\/p>\n<h3>Vernis Semi-Permanent My Color R\u00e9flective<\/h3>\n<p><strong>Description<\/strong><br \/>\nR\u00e9agit au flash et \u00e0 la lumi\u00e8re du soleil.<\/p>\n<p><strong>Couleur<\/strong><br \/>\nMicro paillet\u00e9 bleu p\u00e9trole.<\/p>\n<p><strong>Texture<\/strong><br \/>\nMedium, semi-couvrante en une seule couche.<\/p>\n<p><strong>Applications<\/strong><br \/>\nConvient pour :<\/p>\n<ul>\n<li>Ongles naturels<\/li>\n<li>Renfort \u00ab rubber \u00bb<\/li>\n<li>Gel<\/li>\n<li>R\u00e9sine<\/li>\n<li>Acrygel<\/li>\n<\/ul>\n<p>Sa pigmentation riche permet \u00e9galement une utilisation pour le Nail Art.<\/p>\n<p><strong>Tenue<\/strong><br \/>\nDur\u00e9e prolong\u00e9e, \u00e0 associer avec notre base Rubber Clear.<\/p>\n<p><strong>Temps de Catalysation<\/strong><\/p>\n<ul>\n<li>UV : 120 s<\/li>\n<li>CCFL : 90 s<\/li>\n<li>LED : 60 s<\/li>\n<li>Bowled : 60 s<\/li>\n<\/ul>\n<p><strong>Contenance<\/strong><br \/>\n10 ml<\/p>\n","protected":false},"featured_media":2321,"comment_status":"open","ping_status":"closed","template":"","meta":{"_et_pb_use_builder":"","_et_pb_old_content":"","_et_gb_content_width":"","_glsr_average":0,"_glsr_ranking":0,"_glsr_reviews":0},"product_brand":[],"product_cat":[21,23],"product_tag":[],"class_list":{"0":"post-2319","1":"product","2":"type-product","3":"status-publish","4":"has-post-thumbnail","6":"product_cat-gel-polish","7":"product_cat-my-color","9":"first","10":"instock","11":"shipping-taxable","12":"purchasable","13":"product-type-simple"},"yoast_head":"<!-- This site is optimized with the Yoast SEO plugin v24.5 - https:\/\/yoast.com\/wordpress\/plugins\/seo\/ -->\n<title>My Color Reflect Galactic - ALICE ONGLERIE<\/title>\n<meta name=\"robots\" content=\"index, follow, max-snippet:-1, max-image-preview:large, max-video-preview:-1\" \/>\n<link rel=\"canonical\" href=\"https:\/\/aliceonglerie.com\/?product=my-color-reflect-galactic\" \/>\n<meta property=\"og:locale\" content=\"en_US\" \/>\n<meta property=\"og:type\" content=\"article\" \/>\n<meta property=\"og:title\" content=\"My Color Reflect Galactic - ALICE ONGLERIE\" \/>\n<meta property=\"og:description\" content=\"&nbsp; Vernis Semi-Permanent My Color R\u00e9flective Description R\u00e9agit au flash et \u00e0 la lumi\u00e8re du soleil.  Couleur Micro paillet\u00e9 bleu p\u00e9trole.  Texture Medium, semi-couvrante en une seule couche.  Applications Convient pour :   Ongles naturels  Renfort \u00ab rubber \u00bb  Gel  R\u00e9sine  Acrygel  Sa pigmentation riche permet \u00e9galement une utilisation pour le Nail Art.  Tenue Dur\u00e9e prolong\u00e9e, \u00e0 associer avec notre base Rubber Clear.  Temps de Catalysation   UV : 120 s  CCFL : 90 s  LED : 60 s  Bowled : 60 s  Contenance 10 ml\" \/>\n<meta property=\"og:url\" content=\"https:\/\/aliceonglerie.com\/?product=my-color-reflect-galactic\" \/>\n<meta property=\"og:site_name\" content=\"ALICE ONGLERIE\" \/>\n<meta property=\"article:publisher\" content=\"https:\/\/www.facebook.com\/aliceonglerie\" \/>\n<meta property=\"article:modified_time\" content=\"2025-02-08T14:36:07+00:00\" \/>\n<meta property=\"og:image\" content=\"https:\/\/aliceonglerie.com\/wp-content\/uploads\/2025\/01\/23403.png\" \/>\n\t<meta property=\"og:image:width\" content=\"1080\" \/>\n\t<meta property=\"og:image:height\" content=\"1080\" \/>\n\t<meta property=\"og:image:type\" content=\"image\/png\" \/>\n<meta name=\"twitter:card\" content=\"summary_large_image\" \/>\n<meta name=\"twitter:label1\" content=\"Est. reading time\" \/>\n\t<meta name=\"twitter:data1\" content=\"1 minute\" \/>\n<script type=\"application\/ld+json\" class=\"yoast-schema-graph\">{\"@context\":\"https:\/\/schema.org\",\"@graph\":[{\"@type\":\"WebPage\",\"@id\":\"https:\/\/aliceonglerie.com\/?product=my-color-reflect-galactic\",\"url\":\"https:\/\/aliceonglerie.com\/?product=my-color-reflect-galactic\",\"name\":\"My Color Reflect Galactic - ALICE ONGLERIE\",\"isPartOf\":{\"@id\":\"https:\/\/aliceonglerie.com\/#website\"},\"primaryImageOfPage\":{\"@id\":\"https:\/\/aliceonglerie.com\/?product=my-color-reflect-galactic#primaryimage\"},\"image\":{\"@id\":\"https:\/\/aliceonglerie.com\/?product=my-color-reflect-galactic#primaryimage\"},\"thumbnailUrl\":\"https:\/\/aliceonglerie.com\/wp-content\/uploads\/2025\/01\/23403.png\",\"datePublished\":\"2025-01-11T14:48:25+00:00\",\"dateModified\":\"2025-02-08T14:36:07+00:00\",\"breadcrumb\":{\"@id\":\"https:\/\/aliceonglerie.com\/?product=my-color-reflect-galactic#breadcrumb\"},\"inLanguage\":\"en-US\",\"potentialAction\":[{\"@type\":\"ReadAction\",\"target\":[\"https:\/\/aliceonglerie.com\/?product=my-color-reflect-galactic\"]}]},{\"@type\":\"ImageObject\",\"inLanguage\":\"en-US\",\"@id\":\"https:\/\/aliceonglerie.com\/?product=my-color-reflect-galactic#primaryimage\",\"url\":\"https:\/\/aliceonglerie.com\/wp-content\/uploads\/2025\/01\/23403.png\",\"contentUrl\":\"https:\/\/aliceonglerie.com\/wp-content\/uploads\/2025\/01\/23403.png\",\"width\":1080,\"height\":1080,\"caption\":\"23403\"},{\"@type\":\"BreadcrumbList\",\"@id\":\"https:\/\/aliceonglerie.com\/?product=my-color-reflect-galactic#breadcrumb\",\"itemListElement\":[{\"@type\":\"ListItem\",\"position\":1,\"name\":\"Accueil\",\"item\":\"https:\/\/aliceonglerie.com\/\"},{\"@type\":\"ListItem\",\"position\":2,\"name\":\"Produits\",\"item\":\"https:\/\/aliceonglerie.com\/?post_type=product\"},{\"@type\":\"ListItem\",\"position\":3,\"name\":\"My Color Reflect Galactic\"}]},{\"@type\":\"WebSite\",\"@id\":\"https:\/\/aliceonglerie.com\/#website\",\"url\":\"https:\/\/aliceonglerie.com\/\",\"name\":\"ALICE ONGLERIE\",\"description\":\"\",\"publisher\":{\"@id\":\"https:\/\/aliceonglerie.com\/#organization\"},\"potentialAction\":[{\"@type\":\"SearchAction\",\"target\":{\"@type\":\"EntryPoint\",\"urlTemplate\":\"https:\/\/aliceonglerie.com\/?s={search_term_string}\"},\"query-input\":{\"@type\":\"PropertyValueSpecification\",\"valueRequired\":true,\"valueName\":\"search_term_string\"}}],\"inLanguage\":\"en-US\"},{\"@type\":\"Organization\",\"@id\":\"https:\/\/aliceonglerie.com\/#organization\",\"name\":\"ALICE ONGLERIE\",\"url\":\"https:\/\/aliceonglerie.com\/\",\"logo\":{\"@type\":\"ImageObject\",\"inLanguage\":\"en-US\",\"@id\":\"https:\/\/aliceonglerie.com\/#\/schema\/logo\/image\/\",\"url\":\"https:\/\/aliceonglerie.com\/wp-content\/uploads\/2024\/12\/Alice-1.png\",\"contentUrl\":\"https:\/\/aliceonglerie.com\/wp-content\/uploads\/2024\/12\/Alice-1.png\",\"width\":300,\"height\":100,\"caption\":\"ALICE ONGLERIE\"},\"image\":{\"@id\":\"https:\/\/aliceonglerie.com\/#\/schema\/logo\/image\/\"},\"sameAs\":[\"https:\/\/www.facebook.com\/aliceonglerie\",\"https:\/\/www.instagram.com\/aliceonglerie\/\"]}]}<\/script>\n<!-- \/ Yoast SEO plugin. -->","yoast_head_json":{"title":"My Color Reflect Galactic - ALICE ONGLERIE","robots":{"index":"index","follow":"follow","max-snippet":"max-snippet:-1","max-image-preview":"max-image-preview:large","max-video-preview":"max-video-preview:-1"},"canonical":"https:\/\/aliceonglerie.com\/?product=my-color-reflect-galactic","og_locale":"en_US","og_type":"article","og_title":"My Color Reflect Galactic - ALICE ONGLERIE","og_description":"&nbsp; Vernis Semi-Permanent My Color R\u00e9flective Description R\u00e9agit au flash et \u00e0 la lumi\u00e8re du soleil.  Couleur Micro paillet\u00e9 bleu p\u00e9trole.  Texture Medium, semi-couvrante en une seule couche.  Applications Convient pour :   Ongles naturels  Renfort \u00ab rubber \u00bb  Gel  R\u00e9sine  Acrygel  Sa pigmentation riche permet \u00e9galement une utilisation pour le Nail Art.  Tenue Dur\u00e9e prolong\u00e9e, \u00e0 associer avec notre base Rubber Clear.  Temps de Catalysation   UV : 120 s  CCFL : 90 s  LED : 60 s  Bowled : 60 s  Contenance 10 ml","og_url":"https:\/\/aliceonglerie.com\/?product=my-color-reflect-galactic","og_site_name":"ALICE ONGLERIE","article_publisher":"https:\/\/www.facebook.com\/aliceonglerie","article_modified_time":"2025-02-08T14:36:07+00:00","og_image":[{"width":1080,"height":1080,"url":"https:\/\/aliceonglerie.com\/wp-content\/uploads\/2025\/01\/23403.png","type":"image\/png"}],"twitter_card":"summary_large_image","twitter_misc":{"Est. reading time":"1 minute"},"schema":{"@context":"https:\/\/schema.org","@graph":[{"@type":"WebPage","@id":"https:\/\/aliceonglerie.com\/?product=my-color-reflect-galactic","url":"https:\/\/aliceonglerie.com\/?product=my-color-reflect-galactic","name":"My Color Reflect Galactic - ALICE ONGLERIE","isPartOf":{"@id":"https:\/\/aliceonglerie.com\/#website"},"primaryImageOfPage":{"@id":"https:\/\/aliceonglerie.com\/?product=my-color-reflect-galactic#primaryimage"},"image":{"@id":"https:\/\/aliceonglerie.com\/?product=my-color-reflect-galactic#primaryimage"},"thumbnailUrl":"https:\/\/aliceonglerie.com\/wp-content\/uploads\/2025\/01\/23403.png","datePublished":"2025-01-11T14:48:25+00:00","dateModified":"2025-02-08T14:36:07+00:00","breadcrumb":{"@id":"https:\/\/aliceonglerie.com\/?product=my-color-reflect-galactic#breadcrumb"},"inLanguage":"en-US","potentialAction":[{"@type":"ReadAction","target":["https:\/\/aliceonglerie.com\/?product=my-color-reflect-galactic"]}]},{"@type":"ImageObject","inLanguage":"en-US","@id":"https:\/\/aliceonglerie.com\/?product=my-color-reflect-galactic#primaryimage","url":"https:\/\/aliceonglerie.com\/wp-content\/uploads\/2025\/01\/23403.png","contentUrl":"https:\/\/aliceonglerie.com\/wp-content\/uploads\/2025\/01\/23403.png","width":1080,"height":1080,"caption":"23403"},{"@type":"BreadcrumbList","@id":"https:\/\/aliceonglerie.com\/?product=my-color-reflect-galactic#breadcrumb","itemListElement":[{"@type":"ListItem","position":1,"name":"Accueil","item":"https:\/\/aliceonglerie.com\/"},{"@type":"ListItem","position":2,"name":"Produits","item":"https:\/\/aliceonglerie.com\/?post_type=product"},{"@type":"ListItem","position":3,"name":"My Color Reflect Galactic"}]},{"@type":"WebSite","@id":"https:\/\/aliceonglerie.com\/#website","url":"https:\/\/aliceonglerie.com\/","name":"ALICE ONGLERIE","description":"","publisher":{"@id":"https:\/\/aliceonglerie.com\/#organization"},"potentialAction":[{"@type":"SearchAction","target":{"@type":"EntryPoint","urlTemplate":"https:\/\/aliceonglerie.com\/?s={search_term_string}"},"query-input":{"@type":"PropertyValueSpecification","valueRequired":true,"valueName":"search_term_string"}}],"inLanguage":"en-US"},{"@type":"Organization","@id":"https:\/\/aliceonglerie.com\/#organization","name":"ALICE ONGLERIE","url":"https:\/\/aliceonglerie.com\/","logo":{"@type":"ImageObject","inLanguage":"en-US","@id":"https:\/\/aliceonglerie.com\/#\/schema\/logo\/image\/","url":"https:\/\/aliceonglerie.com\/wp-content\/uploads\/2024\/12\/Alice-1.png","contentUrl":"https:\/\/aliceonglerie.com\/wp-content\/uploads\/2024\/12\/Alice-1.png","width":300,"height":100,"caption":"ALICE ONGLERIE"},"image":{"@id":"https:\/\/aliceonglerie.com\/#\/schema\/logo\/image\/"},"sameAs":["https:\/\/www.facebook.com\/aliceonglerie","https:\/\/www.instagram.com\/aliceonglerie\/"]}]}},"jetpack_sharing_enabled":true,"_links":{"self":[{"href":"https:\/\/aliceonglerie.com\/index.php?rest_route=\/wp\/v2\/product\/2319","targetHints":{"allow":["GET"]}}],"collection":[{"href":"https:\/\/aliceonglerie.com\/index.php?rest_route=\/wp\/v2\/product"}],"about":[{"href":"https:\/\/aliceonglerie.com\/index.php?rest_route=\/wp\/v2\/types\/product"}],"replies":[{"embeddable":true,"href":"https:\/\/aliceonglerie.com\/index.php?rest_route=%2Fwp%2Fv2%2Fcomments&post=2319"}],"wp:featuredmedia":[{"embeddable":true,"href":"https:\/\/aliceonglerie.com\/index.php?rest_route=\/wp\/v2\/media\/2321"}],"wp:attachment":[{"href":"https:\/\/aliceonglerie.com\/index.php?rest_route=%2Fwp%2Fv2%2Fmedia&parent=2319"}],"wp:term":[{"taxonomy":"product_brand","embeddable":true,"href":"https:\/\/aliceonglerie.com\/index.php?rest_route=%2Fwp%2Fv2%2Fproduct_brand&post=2319"},{"taxonomy":"product_cat","embeddable":true,"href":"https:\/\/aliceonglerie.com\/index.php?rest_route=%2Fwp%2Fv2%2Fproduct_cat&post=2319"},{"taxonomy":"product_tag","embeddable":true,"href":"https:\/\/aliceonglerie.com\/index.php?rest_route=%2Fwp%2Fv2%2Fproduct_tag&post=2319"}],"curies":[{"name":"wp","href":"https:\/\/api.w.org\/{rel}","templated":true}]}}