{"id":2031,"date":"2025-01-01T18:37:31","date_gmt":"2025-01-01T17:37:31","guid":{"rendered":"http:\/\/aliceonglerie.com\/?post_type=product&#038;p=2031"},"modified":"2025-02-08T15:58:51","modified_gmt":"2025-02-08T14:58:51","slug":"my-color-bomba","status":"publish","type":"product","link":"https:\/\/aliceonglerie.com\/?product=my-color-bomba","title":{"rendered":"My Color Bomba"},"content":{"rendered":"<h3><\/h3>\n<p>Notre collection de vernis semi-permanent \u00ab My Color \u00bb est con\u00e7ue pour r\u00e9pondre aux attentes les plus exigeantes de notre client\u00e8le professionnelle.<\/p>\n<ul>\n<li><strong>Textures Vari\u00e9es<\/strong> : Diff\u00e9rentes textures selon la couleur, assurant une haute couvrance d\u00e8s la premi\u00e8re application.<\/li>\n<li><strong>Flacon \u00c9l\u00e9gant<\/strong> : Un flacon qui allie esth\u00e9tique et confort, \u00e9quip\u00e9 d\u2019un pinceau plat et fin, parfaitement \u00e9quilibr\u00e9 pour une application rapide et facile.<\/li>\n<li><strong>Couleurs Tendance<\/strong> : Une palette de teintes modernes pour satisfaire les besoins actuels du march\u00e9.<\/li>\n<li><strong>Polyvalence<\/strong> : La qualit\u00e9 de nos vernis semi-permanents permet une utilisation sur de nombreuses prestations, notamment :\n<ul>\n<li>Manucure classique sur ongles naturels<\/li>\n<li>Renfort \u00ab rubber \u00bb<\/li>\n<li>Ongles en gel, r\u00e9sine, Acrygel en french ou en couleur pleine<\/li>\n<\/ul>\n<\/li>\n<\/ul>\n<p>Ils sont \u00e9galement parfaits pour le Nail Art, permettant de r\u00e9aliser d\u00e9grad\u00e9s, Babyboomers, BabyGlitters, Babycolors, et divers dessins.<\/p>\n<p>Nous avons d\u00e9velopp\u00e9 une base \u00ab Rubber \u00bb qui se r\u00e9v\u00e8le \u00eatre un alli\u00e9 fiable, que ce soit comme base, renfort (mini construction) ou pour de petites extensions.<\/p>\n<p><strong>Retrait de la Manucure<\/strong> : Deux m\u00e9thodes s\u2019offrent \u00e0 vous :<\/p>\n<ol>\n<li>Utilisation d&#8217;une solution de fonte \u00ab Remover \u00bb<\/li>\n<li>Limage m\u00e9canique avec votre ponceuse et un embout extra fin.<\/li>\n<\/ol>\n<p><strong>Attention<\/strong> :<br \/>\n\u00c0 l\u2019ouverture de My Color, il peut y avoir quelques r\u00e9sidus du pas de vis sur le goulot. Avant utilisation, veillez \u00e0 bien nettoyer pour \u00e9viter d&#8217;incorporer des particules dans le flacon.<\/p>\n<p><strong>Protocole de Pose<\/strong> :<\/p>\n<ol>\n<li>Pr\u00e9parer l&#8217;ongle avec une lime douce.<\/li>\n<li>Appliquer le Nail Prep.<\/li>\n<li>Poser une couche de Rubber Base Clear et catalyser.<\/li>\n<li>Appliquer une ou deux couches de My Color selon votre pr\u00e9f\u00e9rence et catalyser.<\/li>\n<li>Terminer avec la Supreme Gloss et l&#8217;huile \u00e0 cuticules.<\/li>\n<\/ol>\n","protected":false},"excerpt":{"rendered":"<p><strong>Description<\/strong><br \/>\nVernis semi-permanent de couleur paillet\u00e9 Sir\u00e8ne blanc avec reflets dor\u00e9s.<\/p>\n<p><strong>Caract\u00e9ristiques<\/strong><\/p>\n<ul>\n<li><strong>Texture<\/strong> : Medium, offrant une couverture en une seule couche sans se r\u00e9tracter.<\/li>\n<\/ul>\n<p><strong>Applications<\/strong><br \/>\nConvient pour :<\/p>\n<ul>\n<li>Ongles naturels<\/li>\n<li>Renfort \u00ab rubber \u00bb<\/li>\n<li>Gel<\/li>\n<li>R\u00e9sine<\/li>\n<li>Acrygel<\/li>\n<\/ul>\n<p><strong>Utilisation<\/strong><br \/>\nSa pigmentation intense est id\u00e9ale pour le Nail Art.<\/p>\n<p><strong>Tenue<\/strong><br \/>\nLongue dur\u00e9e, en association avec notre base Rubber Clear.<\/p>\n<p><strong>Temps de Catalysation<\/strong><\/p>\n<ul>\n<li>UV : 120 s<\/li>\n<li>CCFL : 90 s<\/li>\n<li>LED : 60 s<\/li>\n<li>Bowled : 40 s<\/li>\n<\/ul>\n","protected":false},"featured_media":2032,"comment_status":"open","ping_status":"closed","template":"","meta":{"_et_pb_use_builder":"","_et_pb_old_content":"","_et_gb_content_width":"","_glsr_average":0,"_glsr_ranking":0,"_glsr_reviews":0},"product_brand":[],"product_cat":[21,23],"product_tag":[],"class_list":{"0":"post-2031","1":"product","2":"type-product","3":"status-publish","4":"has-post-thumbnail","6":"product_cat-gel-polish","7":"product_cat-my-color","9":"first","10":"instock","11":"shipping-taxable","12":"purchasable","13":"product-type-simple"},"yoast_head":"<!-- This site is optimized with the Yoast SEO plugin v24.5 - https:\/\/yoast.com\/wordpress\/plugins\/seo\/ -->\n<title>My Color Bomba - ALICE ONGLERIE<\/title>\n<meta name=\"robots\" content=\"index, follow, max-snippet:-1, max-image-preview:large, max-video-preview:-1\" \/>\n<link rel=\"canonical\" href=\"https:\/\/aliceonglerie.com\/?product=my-color-bomba\" \/>\n<meta property=\"og:locale\" content=\"en_US\" \/>\n<meta property=\"og:type\" content=\"article\" \/>\n<meta property=\"og:title\" content=\"My Color Bomba - ALICE ONGLERIE\" \/>\n<meta property=\"og:description\" content=\"Description Vernis semi-permanent de couleur paillet\u00e9 Sir\u00e8ne blanc avec reflets dor\u00e9s.  Caract\u00e9ristiques   Texture : Medium, offrant une couverture en une seule couche sans se r\u00e9tracter.  Applications Convient pour :   Ongles naturels  Renfort \u00ab rubber \u00bb  Gel  R\u00e9sine  Acrygel  Utilisation Sa pigmentation intense est id\u00e9ale pour le Nail Art.  Tenue Longue dur\u00e9e, en association avec notre base Rubber Clear.  Temps de Catalysation   UV : 120 s  CCFL : 90 s  LED : 60 s  Bowled : 40 s\" \/>\n<meta property=\"og:url\" content=\"https:\/\/aliceonglerie.com\/?product=my-color-bomba\" \/>\n<meta property=\"og:site_name\" content=\"ALICE ONGLERIE\" \/>\n<meta property=\"article:publisher\" content=\"https:\/\/www.facebook.com\/aliceonglerie\" \/>\n<meta property=\"article:modified_time\" content=\"2025-02-08T14:58:51+00:00\" \/>\n<meta property=\"og:image\" content=\"https:\/\/aliceonglerie.com\/wp-content\/uploads\/2025\/01\/27040.jpg.webp\" \/>\n\t<meta property=\"og:image:width\" content=\"1080\" \/>\n\t<meta property=\"og:image:height\" content=\"1080\" \/>\n\t<meta property=\"og:image:type\" content=\"image\/webp\" \/>\n<meta name=\"twitter:card\" content=\"summary_large_image\" \/>\n<meta name=\"twitter:label1\" content=\"Est. reading time\" \/>\n\t<meta name=\"twitter:data1\" content=\"1 minute\" \/>\n<script type=\"application\/ld+json\" class=\"yoast-schema-graph\">{\"@context\":\"https:\/\/schema.org\",\"@graph\":[{\"@type\":\"WebPage\",\"@id\":\"https:\/\/aliceonglerie.com\/?product=my-color-bomba\",\"url\":\"https:\/\/aliceonglerie.com\/?product=my-color-bomba\",\"name\":\"My Color Bomba - ALICE ONGLERIE\",\"isPartOf\":{\"@id\":\"https:\/\/aliceonglerie.com\/#website\"},\"primaryImageOfPage\":{\"@id\":\"https:\/\/aliceonglerie.com\/?product=my-color-bomba#primaryimage\"},\"image\":{\"@id\":\"https:\/\/aliceonglerie.com\/?product=my-color-bomba#primaryimage\"},\"thumbnailUrl\":\"https:\/\/aliceonglerie.com\/wp-content\/uploads\/2025\/01\/27040.jpg.webp\",\"datePublished\":\"2025-01-01T17:37:31+00:00\",\"dateModified\":\"2025-02-08T14:58:51+00:00\",\"breadcrumb\":{\"@id\":\"https:\/\/aliceonglerie.com\/?product=my-color-bomba#breadcrumb\"},\"inLanguage\":\"en-US\",\"potentialAction\":[{\"@type\":\"ReadAction\",\"target\":[\"https:\/\/aliceonglerie.com\/?product=my-color-bomba\"]}]},{\"@type\":\"ImageObject\",\"inLanguage\":\"en-US\",\"@id\":\"https:\/\/aliceonglerie.com\/?product=my-color-bomba#primaryimage\",\"url\":\"https:\/\/aliceonglerie.com\/wp-content\/uploads\/2025\/01\/27040.jpg.webp\",\"contentUrl\":\"https:\/\/aliceonglerie.com\/wp-content\/uploads\/2025\/01\/27040.jpg.webp\",\"width\":1080,\"height\":1080},{\"@type\":\"BreadcrumbList\",\"@id\":\"https:\/\/aliceonglerie.com\/?product=my-color-bomba#breadcrumb\",\"itemListElement\":[{\"@type\":\"ListItem\",\"position\":1,\"name\":\"Accueil\",\"item\":\"https:\/\/aliceonglerie.com\/\"},{\"@type\":\"ListItem\",\"position\":2,\"name\":\"Produits\",\"item\":\"https:\/\/aliceonglerie.com\/?post_type=product\"},{\"@type\":\"ListItem\",\"position\":3,\"name\":\"My Color Bomba\"}]},{\"@type\":\"WebSite\",\"@id\":\"https:\/\/aliceonglerie.com\/#website\",\"url\":\"https:\/\/aliceonglerie.com\/\",\"name\":\"ALICE ONGLERIE\",\"description\":\"\",\"publisher\":{\"@id\":\"https:\/\/aliceonglerie.com\/#organization\"},\"potentialAction\":[{\"@type\":\"SearchAction\",\"target\":{\"@type\":\"EntryPoint\",\"urlTemplate\":\"https:\/\/aliceonglerie.com\/?s={search_term_string}\"},\"query-input\":{\"@type\":\"PropertyValueSpecification\",\"valueRequired\":true,\"valueName\":\"search_term_string\"}}],\"inLanguage\":\"en-US\"},{\"@type\":\"Organization\",\"@id\":\"https:\/\/aliceonglerie.com\/#organization\",\"name\":\"ALICE ONGLERIE\",\"url\":\"https:\/\/aliceonglerie.com\/\",\"logo\":{\"@type\":\"ImageObject\",\"inLanguage\":\"en-US\",\"@id\":\"https:\/\/aliceonglerie.com\/#\/schema\/logo\/image\/\",\"url\":\"https:\/\/aliceonglerie.com\/wp-content\/uploads\/2024\/12\/Alice-1.png\",\"contentUrl\":\"https:\/\/aliceonglerie.com\/wp-content\/uploads\/2024\/12\/Alice-1.png\",\"width\":300,\"height\":100,\"caption\":\"ALICE ONGLERIE\"},\"image\":{\"@id\":\"https:\/\/aliceonglerie.com\/#\/schema\/logo\/image\/\"},\"sameAs\":[\"https:\/\/www.facebook.com\/aliceonglerie\",\"https:\/\/www.instagram.com\/aliceonglerie\/\"]}]}<\/script>\n<!-- \/ Yoast SEO plugin. -->","yoast_head_json":{"title":"My Color Bomba - ALICE ONGLERIE","robots":{"index":"index","follow":"follow","max-snippet":"max-snippet:-1","max-image-preview":"max-image-preview:large","max-video-preview":"max-video-preview:-1"},"canonical":"https:\/\/aliceonglerie.com\/?product=my-color-bomba","og_locale":"en_US","og_type":"article","og_title":"My Color Bomba - ALICE ONGLERIE","og_description":"Description Vernis semi-permanent de couleur paillet\u00e9 Sir\u00e8ne blanc avec reflets dor\u00e9s.  Caract\u00e9ristiques   Texture : Medium, offrant une couverture en une seule couche sans se r\u00e9tracter.  Applications Convient pour :   Ongles naturels  Renfort \u00ab rubber \u00bb  Gel  R\u00e9sine  Acrygel  Utilisation Sa pigmentation intense est id\u00e9ale pour le Nail Art.  Tenue Longue dur\u00e9e, en association avec notre base Rubber Clear.  Temps de Catalysation   UV : 120 s  CCFL : 90 s  LED : 60 s  Bowled : 40 s","og_url":"https:\/\/aliceonglerie.com\/?product=my-color-bomba","og_site_name":"ALICE ONGLERIE","article_publisher":"https:\/\/www.facebook.com\/aliceonglerie","article_modified_time":"2025-02-08T14:58:51+00:00","og_image":[{"width":1080,"height":1080,"url":"https:\/\/aliceonglerie.com\/wp-content\/uploads\/2025\/01\/27040.jpg.webp","type":"image\/webp"}],"twitter_card":"summary_large_image","twitter_misc":{"Est. reading time":"1 minute"},"schema":{"@context":"https:\/\/schema.org","@graph":[{"@type":"WebPage","@id":"https:\/\/aliceonglerie.com\/?product=my-color-bomba","url":"https:\/\/aliceonglerie.com\/?product=my-color-bomba","name":"My Color Bomba - ALICE ONGLERIE","isPartOf":{"@id":"https:\/\/aliceonglerie.com\/#website"},"primaryImageOfPage":{"@id":"https:\/\/aliceonglerie.com\/?product=my-color-bomba#primaryimage"},"image":{"@id":"https:\/\/aliceonglerie.com\/?product=my-color-bomba#primaryimage"},"thumbnailUrl":"https:\/\/aliceonglerie.com\/wp-content\/uploads\/2025\/01\/27040.jpg.webp","datePublished":"2025-01-01T17:37:31+00:00","dateModified":"2025-02-08T14:58:51+00:00","breadcrumb":{"@id":"https:\/\/aliceonglerie.com\/?product=my-color-bomba#breadcrumb"},"inLanguage":"en-US","potentialAction":[{"@type":"ReadAction","target":["https:\/\/aliceonglerie.com\/?product=my-color-bomba"]}]},{"@type":"ImageObject","inLanguage":"en-US","@id":"https:\/\/aliceonglerie.com\/?product=my-color-bomba#primaryimage","url":"https:\/\/aliceonglerie.com\/wp-content\/uploads\/2025\/01\/27040.jpg.webp","contentUrl":"https:\/\/aliceonglerie.com\/wp-content\/uploads\/2025\/01\/27040.jpg.webp","width":1080,"height":1080},{"@type":"BreadcrumbList","@id":"https:\/\/aliceonglerie.com\/?product=my-color-bomba#breadcrumb","itemListElement":[{"@type":"ListItem","position":1,"name":"Accueil","item":"https:\/\/aliceonglerie.com\/"},{"@type":"ListItem","position":2,"name":"Produits","item":"https:\/\/aliceonglerie.com\/?post_type=product"},{"@type":"ListItem","position":3,"name":"My Color Bomba"}]},{"@type":"WebSite","@id":"https:\/\/aliceonglerie.com\/#website","url":"https:\/\/aliceonglerie.com\/","name":"ALICE ONGLERIE","description":"","publisher":{"@id":"https:\/\/aliceonglerie.com\/#organization"},"potentialAction":[{"@type":"SearchAction","target":{"@type":"EntryPoint","urlTemplate":"https:\/\/aliceonglerie.com\/?s={search_term_string}"},"query-input":{"@type":"PropertyValueSpecification","valueRequired":true,"valueName":"search_term_string"}}],"inLanguage":"en-US"},{"@type":"Organization","@id":"https:\/\/aliceonglerie.com\/#organization","name":"ALICE ONGLERIE","url":"https:\/\/aliceonglerie.com\/","logo":{"@type":"ImageObject","inLanguage":"en-US","@id":"https:\/\/aliceonglerie.com\/#\/schema\/logo\/image\/","url":"https:\/\/aliceonglerie.com\/wp-content\/uploads\/2024\/12\/Alice-1.png","contentUrl":"https:\/\/aliceonglerie.com\/wp-content\/uploads\/2024\/12\/Alice-1.png","width":300,"height":100,"caption":"ALICE ONGLERIE"},"image":{"@id":"https:\/\/aliceonglerie.com\/#\/schema\/logo\/image\/"},"sameAs":["https:\/\/www.facebook.com\/aliceonglerie","https:\/\/www.instagram.com\/aliceonglerie\/"]}]}},"jetpack_sharing_enabled":true,"_links":{"self":[{"href":"https:\/\/aliceonglerie.com\/index.php?rest_route=\/wp\/v2\/product\/2031","targetHints":{"allow":["GET"]}}],"collection":[{"href":"https:\/\/aliceonglerie.com\/index.php?rest_route=\/wp\/v2\/product"}],"about":[{"href":"https:\/\/aliceonglerie.com\/index.php?rest_route=\/wp\/v2\/types\/product"}],"replies":[{"embeddable":true,"href":"https:\/\/aliceonglerie.com\/index.php?rest_route=%2Fwp%2Fv2%2Fcomments&post=2031"}],"wp:featuredmedia":[{"embeddable":true,"href":"https:\/\/aliceonglerie.com\/index.php?rest_route=\/wp\/v2\/media\/2032"}],"wp:attachment":[{"href":"https:\/\/aliceonglerie.com\/index.php?rest_route=%2Fwp%2Fv2%2Fmedia&parent=2031"}],"wp:term":[{"taxonomy":"product_brand","embeddable":true,"href":"https:\/\/aliceonglerie.com\/index.php?rest_route=%2Fwp%2Fv2%2Fproduct_brand&post=2031"},{"taxonomy":"product_cat","embeddable":true,"href":"https:\/\/aliceonglerie.com\/index.php?rest_route=%2Fwp%2Fv2%2Fproduct_cat&post=2031"},{"taxonomy":"product_tag","embeddable":true,"href":"https:\/\/aliceonglerie.com\/index.php?rest_route=%2Fwp%2Fv2%2Fproduct_tag&post=2031"}],"curies":[{"name":"wp","href":"https:\/\/api.w.org\/{rel}","templated":true}]}}