{"id":1856,"date":"2025-01-01T14:07:42","date_gmt":"2025-01-01T13:07:42","guid":{"rendered":"http:\/\/aliceonglerie.com\/?post_type=product&#038;p=1856"},"modified":"2025-01-01T14:07:49","modified_gmt":"2025-01-01T13:07:49","slug":"rubber-flakes-pastel-violet-2","status":"publish","type":"product","link":"https:\/\/aliceonglerie.com\/?product=rubber-flakes-pastel-violet-2","title":{"rendered":"Rubber Flakes Pastel Violet"},"content":{"rendered":"<p>[et_pb_section fb_built=&#8221;1&#8243; _builder_version=&#8221;4.16&#8243; custom_padding=&#8221;0px||||false|false&#8221; global_colors_info=&#8221;{}&#8221;][et_pb_row _builder_version=&#8221;4.16&#8243; background_size=&#8221;initial&#8221; background_position=&#8221;top_left&#8221; background_repeat=&#8221;repeat&#8221; width=&#8221;100%&#8221; custom_padding=&#8221;0px||0px||false|false&#8221; global_colors_info=&#8221;{}&#8221;][et_pb_column type=&#8221;4_4&#8243; _builder_version=&#8221;4.16&#8243; custom_padding=&#8221;|||&#8221; global_colors_info=&#8221;{}&#8221; custom_padding__hover=&#8221;|||&#8221;][et_pb_wc_breadcrumb _builder_version=&#8221;4.16&#8243; global_colors_info=&#8221;{}&#8221;][\/et_pb_wc_breadcrumb][et_pb_wc_cart_notice _builder_version=&#8221;4.27.4&#8243; hover_enabled=&#8221;0&#8243; global_colors_info=&#8221;{}&#8221; background_color=&#8221;#000000&#8243; sticky_enabled=&#8221;0&#8243; custom_button=&#8221;on&#8221; button_text_color=&#8221;#000000&#8243; button_font=&#8221;Domine||||||||&#8221;][\/et_pb_wc_cart_notice][\/et_pb_column][\/et_pb_row][et_pb_row _builder_version=&#8221;4.16&#8243; background_size=&#8221;initial&#8221; background_position=&#8221;top_left&#8221; background_repeat=&#8221;repeat&#8221; width=&#8221;100%&#8221; custom_padding=&#8221;0px||||false|false&#8221; global_colors_info=&#8221;{}&#8221; column_structure=&#8221;1_2,1_2&#8243;][et_pb_column type=&#8221;1_2&#8243; _builder_version=&#8221;4.16&#8243; custom_padding=&#8221;|||&#8221; global_colors_info=&#8221;{}&#8221; custom_padding__hover=&#8221;|||&#8221;][et_pb_wc_images _builder_version=&#8221;4.16&#8243; global_colors_info=&#8221;{}&#8221;][\/et_pb_wc_images][\/et_pb_column][et_pb_column type=&#8221;1_2&#8243; _builder_version=&#8221;4.16&#8243; custom_padding=&#8221;|||&#8221; global_colors_info=&#8221;{}&#8221; custom_padding__hover=&#8221;|||&#8221;][et_pb_wc_title _builder_version=&#8221;4.27.4&#8243; hover_enabled=&#8221;0&#8243; global_colors_info=&#8221;{}&#8221; header_font=&#8221;Domine||||||||&#8221; sticky_enabled=&#8221;0&#8243;][\/et_pb_wc_title][et_pb_wc_rating _builder_version=&#8221;4.27.4&#8243; hover_enabled=&#8221;0&#8243; global_colors_info=&#8221;{}&#8221; rating_text_color=&#8221;#000000&#8243; sticky_enabled=&#8221;0&#8243; body_font=&#8221;Work Sans||||||||&#8221; body_text_color=&#8221;#000000&#8243;][\/et_pb_wc_rating][et_pb_wc_price _builder_version=&#8221;4.27.4&#8243; hover_enabled=&#8221;0&#8243; global_colors_info=&#8221;{}&#8221; body_font=&#8221;Domine||||||||&#8221; body_text_color=&#8221;#000000&#8243; sticky_enabled=&#8221;0&#8243;][\/et_pb_wc_price][et_pb_wc_description _builder_version=&#8221;4.16&#8243; global_colors_info=&#8221;{}&#8221;][\/et_pb_wc_description][et_pb_wc_add_to_cart _builder_version=&#8221;4.27.4&#8243; hover_enabled=&#8221;0&#8243; global_colors_info=&#8221;{}&#8221; custom_button=&#8221;on&#8221; button_text_color=&#8221;#FFFFFF&#8221; button_bg_color=&#8221;#000000&#8243; button_bg_enable_color=&#8221;on&#8221; sticky_enabled=&#8221;0&#8243;][\/et_pb_wc_add_to_cart][et_pb_wc_meta _builder_version=&#8221;4.27.4&#8243; hover_enabled=&#8221;0&#8243; global_colors_info=&#8221;{}&#8221; body_text_color=&#8221;#000000&#8243; sticky_enabled=&#8221;0&#8243;][\/et_pb_wc_meta][\/et_pb_column][\/et_pb_row][et_pb_row _builder_version=&#8221;4.16&#8243; background_size=&#8221;initial&#8221; background_position=&#8221;top_left&#8221; background_repeat=&#8221;repeat&#8221; width=&#8221;100%&#8221; global_colors_info=&#8221;{}&#8221;][et_pb_column type=&#8221;4_4&#8243; _builder_version=&#8221;4.16&#8243; custom_padding=&#8221;|||&#8221; global_colors_info=&#8221;{}&#8221; custom_padding__hover=&#8221;|||&#8221;][et_pb_wc_tabs _builder_version=&#8221;4.16&#8243; global_colors_info=&#8221;{}&#8221;]\t\t\t\t\t[\/et_pb_wc_tabs][et_pb_wc_upsells _builder_version=&#8221;4.16&#8243; global_colors_info=&#8221;{}&#8221;][\/et_pb_wc_upsells][et_pb_wc_related_products _builder_version=&#8221;4.16&#8243; global_colors_info=&#8221;{}&#8221;][\/et_pb_wc_related_products][\/et_pb_column][\/et_pb_row][\/et_pb_section]<\/p>\n","protected":false},"excerpt":{"rendered":"<h3>Description du Produit<\/h3>\n<p>Notre Rubber Base a \u00e9t\u00e9 soigneusement formul\u00e9e pour offrir un confort d&#8217;application et une tenue optimale.<\/p>\n<p><strong>Vernis semi-permanent base builder<\/strong> : parfait pour renforcer les ongles naturels.<\/p>\n<ul>\n<li><strong>Couleur<\/strong> : pastel violet paillet\u00e9 Flake<\/li>\n<li>Sa texture flexible, enrichie en agents adh\u00e9rents, garantit une excellente adh\u00e9rence et un grand confort.<\/li>\n<\/ul>\n<p>Utilis\u00e9e en gainage, elle permet \u00e9galement de cr\u00e9er de petites extensions. Elle prolonge la tenue du vernis semi-permanent, apportant un soutien suppl\u00e9mentaire aux ongles fins, mous et fragiles.<\/p>\n<p>Peut \u00eatre appliqu\u00e9e comme base sous votre vernis semi-permanent ou vos poses en gels et Acrygels.<\/p>\n<ul>\n<li><strong>Caract\u00e9ristiques<\/strong> : texture auto-\u00e9galissante, non collante, et sans bulles.<\/li>\n<li>Id\u00e9ale pour la technique &#8220;No File&#8221;.<\/li>\n<\/ul>\n<p><strong>Contenance<\/strong> : 15 ml en pot.<\/p>\n","protected":false},"featured_media":1857,"comment_status":"open","ping_status":"closed","template":"","meta":{"_et_pb_use_builder":"on","_et_pb_old_content":"<a href=\"https:\/\/youtu.be\/i680JGzr7DU\">https:\/\/youtu.be\/i680JGzr7DU<\/a>\r\n\r\n[embed]https:\/\/youtu.be\/i680JGzr7DU[\/embed]","_et_gb_content_width":"","_glsr_average":0,"_glsr_ranking":0,"_glsr_reviews":0},"product_brand":[],"product_cat":[22],"product_tag":[],"class_list":{"0":"post-1856","1":"product","2":"type-product","3":"status-publish","4":"has-post-thumbnail","6":"product_cat-ruber-base","8":"first","9":"instock","10":"shipping-taxable","11":"purchasable","12":"product-type-simple"},"yoast_head":"<!-- This site is optimized with the Yoast SEO plugin v24.5 - https:\/\/yoast.com\/wordpress\/plugins\/seo\/ -->\n<title>Rubber Flakes Pastel Violet - ALICE ONGLERIE<\/title>\n<meta name=\"robots\" content=\"index, follow, max-snippet:-1, max-image-preview:large, max-video-preview:-1\" \/>\n<link rel=\"canonical\" href=\"https:\/\/aliceonglerie.com\/?product=rubber-flakes-pastel-violet-2\" \/>\n<meta property=\"og:locale\" content=\"en_US\" \/>\n<meta property=\"og:type\" content=\"article\" \/>\n<meta property=\"og:title\" content=\"Rubber Flakes Pastel Violet - ALICE ONGLERIE\" \/>\n<meta property=\"og:description\" content=\"Description du Produit Notre Rubber Base a \u00e9t\u00e9 soigneusement formul\u00e9e pour offrir un confort d&#039;application et une tenue optimale.  Vernis semi-permanent base builder : parfait pour renforcer les ongles naturels.   Couleur : pastel violet paillet\u00e9 Flake  Sa texture flexible, enrichie en agents adh\u00e9rents, garantit une excellente adh\u00e9rence et un grand confort.  Utilis\u00e9e en gainage, elle permet \u00e9galement de cr\u00e9er de petites extensions. Elle prolonge la tenue du vernis semi-permanent, apportant un soutien suppl\u00e9mentaire aux ongles fins, mous et fragiles.  Peut \u00eatre appliqu\u00e9e comme base sous votre vernis semi-permanent ou vos poses en gels et Acrygels.   Caract\u00e9ristiques : texture auto-\u00e9galissante, non collante, et sans bulles.  Id\u00e9ale pour la technique &quot;No File&quot;.  Contenance : 15 ml en pot.\" \/>\n<meta property=\"og:url\" content=\"https:\/\/aliceonglerie.com\/?product=rubber-flakes-pastel-violet-2\" \/>\n<meta property=\"og:site_name\" content=\"ALICE ONGLERIE\" \/>\n<meta property=\"article:publisher\" content=\"https:\/\/www.facebook.com\/aliceonglerie\" \/>\n<meta property=\"article:modified_time\" content=\"2025-01-01T13:07:49+00:00\" \/>\n<meta property=\"og:image\" content=\"https:\/\/aliceonglerie.com\/wp-content\/uploads\/2025\/01\/23319.jpg.webp\" \/>\n\t<meta property=\"og:image:width\" content=\"1080\" \/>\n\t<meta property=\"og:image:height\" content=\"1080\" \/>\n\t<meta property=\"og:image:type\" content=\"image\/webp\" \/>\n<meta name=\"twitter:card\" content=\"summary_large_image\" \/>\n<meta name=\"twitter:label1\" content=\"Est. reading time\" \/>\n\t<meta name=\"twitter:data1\" content=\"2 minutes\" \/>\n<script type=\"application\/ld+json\" class=\"yoast-schema-graph\">{\"@context\":\"https:\/\/schema.org\",\"@graph\":[{\"@type\":\"WebPage\",\"@id\":\"https:\/\/aliceonglerie.com\/?product=rubber-flakes-pastel-violet-2\",\"url\":\"https:\/\/aliceonglerie.com\/?product=rubber-flakes-pastel-violet-2\",\"name\":\"Rubber Flakes Pastel Violet - ALICE ONGLERIE\",\"isPartOf\":{\"@id\":\"https:\/\/aliceonglerie.com\/#website\"},\"primaryImageOfPage\":{\"@id\":\"https:\/\/aliceonglerie.com\/?product=rubber-flakes-pastel-violet-2#primaryimage\"},\"image\":{\"@id\":\"https:\/\/aliceonglerie.com\/?product=rubber-flakes-pastel-violet-2#primaryimage\"},\"thumbnailUrl\":\"https:\/\/aliceonglerie.com\/wp-content\/uploads\/2025\/01\/23319.jpg.webp\",\"datePublished\":\"2025-01-01T13:07:42+00:00\",\"dateModified\":\"2025-01-01T13:07:49+00:00\",\"breadcrumb\":{\"@id\":\"https:\/\/aliceonglerie.com\/?product=rubber-flakes-pastel-violet-2#breadcrumb\"},\"inLanguage\":\"en-US\",\"potentialAction\":[{\"@type\":\"ReadAction\",\"target\":[\"https:\/\/aliceonglerie.com\/?product=rubber-flakes-pastel-violet-2\"]}]},{\"@type\":\"ImageObject\",\"inLanguage\":\"en-US\",\"@id\":\"https:\/\/aliceonglerie.com\/?product=rubber-flakes-pastel-violet-2#primaryimage\",\"url\":\"https:\/\/aliceonglerie.com\/wp-content\/uploads\/2025\/01\/23319.jpg.webp\",\"contentUrl\":\"https:\/\/aliceonglerie.com\/wp-content\/uploads\/2025\/01\/23319.jpg.webp\",\"width\":1080,\"height\":1080,\"caption\":\"23319.jpg\"},{\"@type\":\"BreadcrumbList\",\"@id\":\"https:\/\/aliceonglerie.com\/?product=rubber-flakes-pastel-violet-2#breadcrumb\",\"itemListElement\":[{\"@type\":\"ListItem\",\"position\":1,\"name\":\"Accueil\",\"item\":\"https:\/\/aliceonglerie.com\/\"},{\"@type\":\"ListItem\",\"position\":2,\"name\":\"Produits\",\"item\":\"https:\/\/aliceonglerie.com\/?post_type=product\"},{\"@type\":\"ListItem\",\"position\":3,\"name\":\"Rubber Flakes Pastel Violet\"}]},{\"@type\":\"WebSite\",\"@id\":\"https:\/\/aliceonglerie.com\/#website\",\"url\":\"https:\/\/aliceonglerie.com\/\",\"name\":\"ALICE ONGLERIE\",\"description\":\"\",\"publisher\":{\"@id\":\"https:\/\/aliceonglerie.com\/#organization\"},\"potentialAction\":[{\"@type\":\"SearchAction\",\"target\":{\"@type\":\"EntryPoint\",\"urlTemplate\":\"https:\/\/aliceonglerie.com\/?s={search_term_string}\"},\"query-input\":{\"@type\":\"PropertyValueSpecification\",\"valueRequired\":true,\"valueName\":\"search_term_string\"}}],\"inLanguage\":\"en-US\"},{\"@type\":\"Organization\",\"@id\":\"https:\/\/aliceonglerie.com\/#organization\",\"name\":\"ALICE ONGLERIE\",\"url\":\"https:\/\/aliceonglerie.com\/\",\"logo\":{\"@type\":\"ImageObject\",\"inLanguage\":\"en-US\",\"@id\":\"https:\/\/aliceonglerie.com\/#\/schema\/logo\/image\/\",\"url\":\"https:\/\/aliceonglerie.com\/wp-content\/uploads\/2024\/12\/Alice-1.png\",\"contentUrl\":\"https:\/\/aliceonglerie.com\/wp-content\/uploads\/2024\/12\/Alice-1.png\",\"width\":300,\"height\":100,\"caption\":\"ALICE ONGLERIE\"},\"image\":{\"@id\":\"https:\/\/aliceonglerie.com\/#\/schema\/logo\/image\/\"},\"sameAs\":[\"https:\/\/www.facebook.com\/aliceonglerie\",\"https:\/\/www.instagram.com\/aliceonglerie\/\"]}]}<\/script>\n<!-- \/ Yoast SEO plugin. -->","yoast_head_json":{"title":"Rubber Flakes Pastel Violet - ALICE ONGLERIE","robots":{"index":"index","follow":"follow","max-snippet":"max-snippet:-1","max-image-preview":"max-image-preview:large","max-video-preview":"max-video-preview:-1"},"canonical":"https:\/\/aliceonglerie.com\/?product=rubber-flakes-pastel-violet-2","og_locale":"en_US","og_type":"article","og_title":"Rubber Flakes Pastel Violet - ALICE ONGLERIE","og_description":"Description du Produit Notre Rubber Base a \u00e9t\u00e9 soigneusement formul\u00e9e pour offrir un confort d'application et une tenue optimale.  Vernis semi-permanent base builder : parfait pour renforcer les ongles naturels.   Couleur : pastel violet paillet\u00e9 Flake  Sa texture flexible, enrichie en agents adh\u00e9rents, garantit une excellente adh\u00e9rence et un grand confort.  Utilis\u00e9e en gainage, elle permet \u00e9galement de cr\u00e9er de petites extensions. Elle prolonge la tenue du vernis semi-permanent, apportant un soutien suppl\u00e9mentaire aux ongles fins, mous et fragiles.  Peut \u00eatre appliqu\u00e9e comme base sous votre vernis semi-permanent ou vos poses en gels et Acrygels.   Caract\u00e9ristiques : texture auto-\u00e9galissante, non collante, et sans bulles.  Id\u00e9ale pour la technique \"No File\".  Contenance : 15 ml en pot.","og_url":"https:\/\/aliceonglerie.com\/?product=rubber-flakes-pastel-violet-2","og_site_name":"ALICE ONGLERIE","article_publisher":"https:\/\/www.facebook.com\/aliceonglerie","article_modified_time":"2025-01-01T13:07:49+00:00","og_image":[{"width":1080,"height":1080,"url":"https:\/\/aliceonglerie.com\/wp-content\/uploads\/2025\/01\/23319.jpg.webp","type":"image\/webp"}],"twitter_card":"summary_large_image","twitter_misc":{"Est. reading time":"2 minutes"},"schema":{"@context":"https:\/\/schema.org","@graph":[{"@type":"WebPage","@id":"https:\/\/aliceonglerie.com\/?product=rubber-flakes-pastel-violet-2","url":"https:\/\/aliceonglerie.com\/?product=rubber-flakes-pastel-violet-2","name":"Rubber Flakes Pastel Violet - ALICE ONGLERIE","isPartOf":{"@id":"https:\/\/aliceonglerie.com\/#website"},"primaryImageOfPage":{"@id":"https:\/\/aliceonglerie.com\/?product=rubber-flakes-pastel-violet-2#primaryimage"},"image":{"@id":"https:\/\/aliceonglerie.com\/?product=rubber-flakes-pastel-violet-2#primaryimage"},"thumbnailUrl":"https:\/\/aliceonglerie.com\/wp-content\/uploads\/2025\/01\/23319.jpg.webp","datePublished":"2025-01-01T13:07:42+00:00","dateModified":"2025-01-01T13:07:49+00:00","breadcrumb":{"@id":"https:\/\/aliceonglerie.com\/?product=rubber-flakes-pastel-violet-2#breadcrumb"},"inLanguage":"en-US","potentialAction":[{"@type":"ReadAction","target":["https:\/\/aliceonglerie.com\/?product=rubber-flakes-pastel-violet-2"]}]},{"@type":"ImageObject","inLanguage":"en-US","@id":"https:\/\/aliceonglerie.com\/?product=rubber-flakes-pastel-violet-2#primaryimage","url":"https:\/\/aliceonglerie.com\/wp-content\/uploads\/2025\/01\/23319.jpg.webp","contentUrl":"https:\/\/aliceonglerie.com\/wp-content\/uploads\/2025\/01\/23319.jpg.webp","width":1080,"height":1080,"caption":"23319.jpg"},{"@type":"BreadcrumbList","@id":"https:\/\/aliceonglerie.com\/?product=rubber-flakes-pastel-violet-2#breadcrumb","itemListElement":[{"@type":"ListItem","position":1,"name":"Accueil","item":"https:\/\/aliceonglerie.com\/"},{"@type":"ListItem","position":2,"name":"Produits","item":"https:\/\/aliceonglerie.com\/?post_type=product"},{"@type":"ListItem","position":3,"name":"Rubber Flakes Pastel Violet"}]},{"@type":"WebSite","@id":"https:\/\/aliceonglerie.com\/#website","url":"https:\/\/aliceonglerie.com\/","name":"ALICE ONGLERIE","description":"","publisher":{"@id":"https:\/\/aliceonglerie.com\/#organization"},"potentialAction":[{"@type":"SearchAction","target":{"@type":"EntryPoint","urlTemplate":"https:\/\/aliceonglerie.com\/?s={search_term_string}"},"query-input":{"@type":"PropertyValueSpecification","valueRequired":true,"valueName":"search_term_string"}}],"inLanguage":"en-US"},{"@type":"Organization","@id":"https:\/\/aliceonglerie.com\/#organization","name":"ALICE ONGLERIE","url":"https:\/\/aliceonglerie.com\/","logo":{"@type":"ImageObject","inLanguage":"en-US","@id":"https:\/\/aliceonglerie.com\/#\/schema\/logo\/image\/","url":"https:\/\/aliceonglerie.com\/wp-content\/uploads\/2024\/12\/Alice-1.png","contentUrl":"https:\/\/aliceonglerie.com\/wp-content\/uploads\/2024\/12\/Alice-1.png","width":300,"height":100,"caption":"ALICE ONGLERIE"},"image":{"@id":"https:\/\/aliceonglerie.com\/#\/schema\/logo\/image\/"},"sameAs":["https:\/\/www.facebook.com\/aliceonglerie","https:\/\/www.instagram.com\/aliceonglerie\/"]}]}},"jetpack_sharing_enabled":true,"_links":{"self":[{"href":"https:\/\/aliceonglerie.com\/index.php?rest_route=\/wp\/v2\/product\/1856","targetHints":{"allow":["GET"]}}],"collection":[{"href":"https:\/\/aliceonglerie.com\/index.php?rest_route=\/wp\/v2\/product"}],"about":[{"href":"https:\/\/aliceonglerie.com\/index.php?rest_route=\/wp\/v2\/types\/product"}],"replies":[{"embeddable":true,"href":"https:\/\/aliceonglerie.com\/index.php?rest_route=%2Fwp%2Fv2%2Fcomments&post=1856"}],"wp:featuredmedia":[{"embeddable":true,"href":"https:\/\/aliceonglerie.com\/index.php?rest_route=\/wp\/v2\/media\/1857"}],"wp:attachment":[{"href":"https:\/\/aliceonglerie.com\/index.php?rest_route=%2Fwp%2Fv2%2Fmedia&parent=1856"}],"wp:term":[{"taxonomy":"product_brand","embeddable":true,"href":"https:\/\/aliceonglerie.com\/index.php?rest_route=%2Fwp%2Fv2%2Fproduct_brand&post=1856"},{"taxonomy":"product_cat","embeddable":true,"href":"https:\/\/aliceonglerie.com\/index.php?rest_route=%2Fwp%2Fv2%2Fproduct_cat&post=1856"},{"taxonomy":"product_tag","embeddable":true,"href":"https:\/\/aliceonglerie.com\/index.php?rest_route=%2Fwp%2Fv2%2Fproduct_tag&post=1856"}],"curies":[{"name":"wp","href":"https:\/\/api.w.org\/{rel}","templated":true}]}}