{"id":1714,"date":"2024-12-29T17:26:17","date_gmt":"2024-12-29T16:26:17","guid":{"rendered":"http:\/\/aliceonglerie.com\/?post_type=product&#038;p=1714"},"modified":"2024-12-29T17:26:18","modified_gmt":"2024-12-29T16:26:18","slug":"flexi-soft-clear","status":"publish","type":"product","link":"https:\/\/aliceonglerie.com\/?product=flexi-soft-clear","title":{"rendered":"Flexi Soft Clear"},"content":{"rendered":"<h3>Avertissement sur l&#8217;Utilisation du Gel de Construction Souple<\/h3>\n<p>Ce gel de construction souple n&#8217;est pas adapt\u00e9 pour les extensions ni pour les ongles rong\u00e9s.<\/p>\n<p>\u00c9vitez de l&#8217;appliquer sur de grandes longueurs. Pour une pose compl\u00e8te, il est recommand\u00e9 d&#8217;utiliser un gel rigide pour les extensions.<\/p>\n<h3>Temps de Catalysation :<\/h3>\n<ul>\n<li><strong>UV :<\/strong> 150 secondes<\/li>\n<li><strong>CCFL :<\/strong> 120 secondes<\/li>\n<li><strong>UV LED :<\/strong> 90 secondes<\/li>\n<\/ul>\n","protected":false},"excerpt":{"rendered":"<h3>Gel de Construction Souple Totalement Transparent<\/h3>\n<p>Ce gel a une texture medium, non collante et auto-\u00e9galiser, qui se travaille facilement doigt par doigt sans couler.<\/p>\n<p>Il convient parfaitement aux ongles tr\u00e8s fragiles et fins, gr\u00e2ce \u00e0 son accroche extr\u00eame et sa grande souplesse.<\/p>\n<p>De plus, il ne chauffe pas.<\/p>\n<p><strong>Contenances disponibles : <\/strong>15, 50 et 100 ml.<\/p>\n<p>Pour plus d&#8217;informations, consultez les d\u00e9tails ci-dessous.<\/p>\n","protected":false},"featured_media":1715,"comment_status":"open","ping_status":"closed","template":"","meta":{"_et_pb_use_builder":"","_et_pb_old_content":"","_et_gb_content_width":"","_glsr_average":0,"_glsr_ranking":0,"_glsr_reviews":0},"product_brand":[],"product_cat":[25],"product_tag":[],"class_list":{"0":"post-1714","1":"product","2":"type-product","3":"status-publish","4":"has-post-thumbnail","6":"product_cat-gel","8":"first","9":"instock","10":"shipping-taxable","11":"product-type-simple"},"yoast_head":"<!-- This site is optimized with the Yoast SEO plugin v24.5 - https:\/\/yoast.com\/wordpress\/plugins\/seo\/ -->\n<title>Flexi Soft Clear - ALICE ONGLERIE<\/title>\n<meta name=\"robots\" content=\"index, follow, max-snippet:-1, max-image-preview:large, max-video-preview:-1\" \/>\n<link rel=\"canonical\" href=\"https:\/\/aliceonglerie.com\/?product=flexi-soft-clear\" \/>\n<meta property=\"og:locale\" content=\"en_US\" \/>\n<meta property=\"og:type\" content=\"article\" \/>\n<meta property=\"og:title\" content=\"Flexi Soft Clear - ALICE ONGLERIE\" \/>\n<meta property=\"og:description\" content=\"Gel de Construction Souple Totalement Transparent Ce gel a une texture medium, non collante et auto-\u00e9galiser, qui se travaille facilement doigt par doigt sans couler.  Il convient parfaitement aux ongles tr\u00e8s fragiles et fins, gr\u00e2ce \u00e0 son accroche extr\u00eame et sa grande souplesse.  De plus, il ne chauffe pas.  Contenances disponibles : 15, 50 et 100 ml.  Pour plus d&#039;informations, consultez les d\u00e9tails ci-dessous.\" \/>\n<meta property=\"og:url\" content=\"https:\/\/aliceonglerie.com\/?product=flexi-soft-clear\" \/>\n<meta property=\"og:site_name\" content=\"ALICE ONGLERIE\" \/>\n<meta property=\"article:publisher\" content=\"https:\/\/www.facebook.com\/aliceonglerie\" \/>\n<meta property=\"article:modified_time\" content=\"2024-12-29T16:26:18+00:00\" \/>\n<meta property=\"og:image\" content=\"https:\/\/aliceonglerie.com\/wp-content\/uploads\/2024\/12\/25167.png\" \/>\n\t<meta property=\"og:image:width\" content=\"1080\" \/>\n\t<meta property=\"og:image:height\" content=\"1080\" \/>\n\t<meta property=\"og:image:type\" content=\"image\/png\" \/>\n<meta name=\"twitter:card\" content=\"summary_large_image\" \/>\n<script type=\"application\/ld+json\" class=\"yoast-schema-graph\">{\"@context\":\"https:\/\/schema.org\",\"@graph\":[{\"@type\":\"WebPage\",\"@id\":\"https:\/\/aliceonglerie.com\/?product=flexi-soft-clear\",\"url\":\"https:\/\/aliceonglerie.com\/?product=flexi-soft-clear\",\"name\":\"Flexi Soft Clear - ALICE ONGLERIE\",\"isPartOf\":{\"@id\":\"https:\/\/aliceonglerie.com\/#website\"},\"primaryImageOfPage\":{\"@id\":\"https:\/\/aliceonglerie.com\/?product=flexi-soft-clear#primaryimage\"},\"image\":{\"@id\":\"https:\/\/aliceonglerie.com\/?product=flexi-soft-clear#primaryimage\"},\"thumbnailUrl\":\"https:\/\/aliceonglerie.com\/wp-content\/uploads\/2024\/12\/25167.png\",\"datePublished\":\"2024-12-29T16:26:17+00:00\",\"dateModified\":\"2024-12-29T16:26:18+00:00\",\"breadcrumb\":{\"@id\":\"https:\/\/aliceonglerie.com\/?product=flexi-soft-clear#breadcrumb\"},\"inLanguage\":\"en-US\",\"potentialAction\":[{\"@type\":\"ReadAction\",\"target\":[\"https:\/\/aliceonglerie.com\/?product=flexi-soft-clear\"]}]},{\"@type\":\"ImageObject\",\"inLanguage\":\"en-US\",\"@id\":\"https:\/\/aliceonglerie.com\/?product=flexi-soft-clear#primaryimage\",\"url\":\"https:\/\/aliceonglerie.com\/wp-content\/uploads\/2024\/12\/25167.png\",\"contentUrl\":\"https:\/\/aliceonglerie.com\/wp-content\/uploads\/2024\/12\/25167.png\",\"width\":1080,\"height\":1080,\"caption\":\"25167\"},{\"@type\":\"BreadcrumbList\",\"@id\":\"https:\/\/aliceonglerie.com\/?product=flexi-soft-clear#breadcrumb\",\"itemListElement\":[{\"@type\":\"ListItem\",\"position\":1,\"name\":\"Accueil\",\"item\":\"https:\/\/aliceonglerie.com\/\"},{\"@type\":\"ListItem\",\"position\":2,\"name\":\"Produits\",\"item\":\"https:\/\/aliceonglerie.com\/?post_type=product\"},{\"@type\":\"ListItem\",\"position\":3,\"name\":\"Flexi Soft Clear\"}]},{\"@type\":\"WebSite\",\"@id\":\"https:\/\/aliceonglerie.com\/#website\",\"url\":\"https:\/\/aliceonglerie.com\/\",\"name\":\"ALICE ONGLERIE\",\"description\":\"\",\"publisher\":{\"@id\":\"https:\/\/aliceonglerie.com\/#organization\"},\"potentialAction\":[{\"@type\":\"SearchAction\",\"target\":{\"@type\":\"EntryPoint\",\"urlTemplate\":\"https:\/\/aliceonglerie.com\/?s={search_term_string}\"},\"query-input\":{\"@type\":\"PropertyValueSpecification\",\"valueRequired\":true,\"valueName\":\"search_term_string\"}}],\"inLanguage\":\"en-US\"},{\"@type\":\"Organization\",\"@id\":\"https:\/\/aliceonglerie.com\/#organization\",\"name\":\"ALICE ONGLERIE\",\"url\":\"https:\/\/aliceonglerie.com\/\",\"logo\":{\"@type\":\"ImageObject\",\"inLanguage\":\"en-US\",\"@id\":\"https:\/\/aliceonglerie.com\/#\/schema\/logo\/image\/\",\"url\":\"https:\/\/aliceonglerie.com\/wp-content\/uploads\/2024\/12\/Alice-1.png\",\"contentUrl\":\"https:\/\/aliceonglerie.com\/wp-content\/uploads\/2024\/12\/Alice-1.png\",\"width\":300,\"height\":100,\"caption\":\"ALICE ONGLERIE\"},\"image\":{\"@id\":\"https:\/\/aliceonglerie.com\/#\/schema\/logo\/image\/\"},\"sameAs\":[\"https:\/\/www.facebook.com\/aliceonglerie\",\"https:\/\/www.instagram.com\/aliceonglerie\/\"]}]}<\/script>\n<!-- \/ Yoast SEO plugin. -->","yoast_head_json":{"title":"Flexi Soft Clear - ALICE ONGLERIE","robots":{"index":"index","follow":"follow","max-snippet":"max-snippet:-1","max-image-preview":"max-image-preview:large","max-video-preview":"max-video-preview:-1"},"canonical":"https:\/\/aliceonglerie.com\/?product=flexi-soft-clear","og_locale":"en_US","og_type":"article","og_title":"Flexi Soft Clear - ALICE ONGLERIE","og_description":"Gel de Construction Souple Totalement Transparent Ce gel a une texture medium, non collante et auto-\u00e9galiser, qui se travaille facilement doigt par doigt sans couler.  Il convient parfaitement aux ongles tr\u00e8s fragiles et fins, gr\u00e2ce \u00e0 son accroche extr\u00eame et sa grande souplesse.  De plus, il ne chauffe pas.  Contenances disponibles : 15, 50 et 100 ml.  Pour plus d'informations, consultez les d\u00e9tails ci-dessous.","og_url":"https:\/\/aliceonglerie.com\/?product=flexi-soft-clear","og_site_name":"ALICE ONGLERIE","article_publisher":"https:\/\/www.facebook.com\/aliceonglerie","article_modified_time":"2024-12-29T16:26:18+00:00","og_image":[{"width":1080,"height":1080,"url":"https:\/\/aliceonglerie.com\/wp-content\/uploads\/2024\/12\/25167.png","type":"image\/png"}],"twitter_card":"summary_large_image","schema":{"@context":"https:\/\/schema.org","@graph":[{"@type":"WebPage","@id":"https:\/\/aliceonglerie.com\/?product=flexi-soft-clear","url":"https:\/\/aliceonglerie.com\/?product=flexi-soft-clear","name":"Flexi Soft Clear - ALICE ONGLERIE","isPartOf":{"@id":"https:\/\/aliceonglerie.com\/#website"},"primaryImageOfPage":{"@id":"https:\/\/aliceonglerie.com\/?product=flexi-soft-clear#primaryimage"},"image":{"@id":"https:\/\/aliceonglerie.com\/?product=flexi-soft-clear#primaryimage"},"thumbnailUrl":"https:\/\/aliceonglerie.com\/wp-content\/uploads\/2024\/12\/25167.png","datePublished":"2024-12-29T16:26:17+00:00","dateModified":"2024-12-29T16:26:18+00:00","breadcrumb":{"@id":"https:\/\/aliceonglerie.com\/?product=flexi-soft-clear#breadcrumb"},"inLanguage":"en-US","potentialAction":[{"@type":"ReadAction","target":["https:\/\/aliceonglerie.com\/?product=flexi-soft-clear"]}]},{"@type":"ImageObject","inLanguage":"en-US","@id":"https:\/\/aliceonglerie.com\/?product=flexi-soft-clear#primaryimage","url":"https:\/\/aliceonglerie.com\/wp-content\/uploads\/2024\/12\/25167.png","contentUrl":"https:\/\/aliceonglerie.com\/wp-content\/uploads\/2024\/12\/25167.png","width":1080,"height":1080,"caption":"25167"},{"@type":"BreadcrumbList","@id":"https:\/\/aliceonglerie.com\/?product=flexi-soft-clear#breadcrumb","itemListElement":[{"@type":"ListItem","position":1,"name":"Accueil","item":"https:\/\/aliceonglerie.com\/"},{"@type":"ListItem","position":2,"name":"Produits","item":"https:\/\/aliceonglerie.com\/?post_type=product"},{"@type":"ListItem","position":3,"name":"Flexi Soft Clear"}]},{"@type":"WebSite","@id":"https:\/\/aliceonglerie.com\/#website","url":"https:\/\/aliceonglerie.com\/","name":"ALICE ONGLERIE","description":"","publisher":{"@id":"https:\/\/aliceonglerie.com\/#organization"},"potentialAction":[{"@type":"SearchAction","target":{"@type":"EntryPoint","urlTemplate":"https:\/\/aliceonglerie.com\/?s={search_term_string}"},"query-input":{"@type":"PropertyValueSpecification","valueRequired":true,"valueName":"search_term_string"}}],"inLanguage":"en-US"},{"@type":"Organization","@id":"https:\/\/aliceonglerie.com\/#organization","name":"ALICE ONGLERIE","url":"https:\/\/aliceonglerie.com\/","logo":{"@type":"ImageObject","inLanguage":"en-US","@id":"https:\/\/aliceonglerie.com\/#\/schema\/logo\/image\/","url":"https:\/\/aliceonglerie.com\/wp-content\/uploads\/2024\/12\/Alice-1.png","contentUrl":"https:\/\/aliceonglerie.com\/wp-content\/uploads\/2024\/12\/Alice-1.png","width":300,"height":100,"caption":"ALICE ONGLERIE"},"image":{"@id":"https:\/\/aliceonglerie.com\/#\/schema\/logo\/image\/"},"sameAs":["https:\/\/www.facebook.com\/aliceonglerie","https:\/\/www.instagram.com\/aliceonglerie\/"]}]}},"jetpack_sharing_enabled":true,"_links":{"self":[{"href":"https:\/\/aliceonglerie.com\/index.php?rest_route=\/wp\/v2\/product\/1714","targetHints":{"allow":["GET"]}}],"collection":[{"href":"https:\/\/aliceonglerie.com\/index.php?rest_route=\/wp\/v2\/product"}],"about":[{"href":"https:\/\/aliceonglerie.com\/index.php?rest_route=\/wp\/v2\/types\/product"}],"replies":[{"embeddable":true,"href":"https:\/\/aliceonglerie.com\/index.php?rest_route=%2Fwp%2Fv2%2Fcomments&post=1714"}],"wp:featuredmedia":[{"embeddable":true,"href":"https:\/\/aliceonglerie.com\/index.php?rest_route=\/wp\/v2\/media\/1715"}],"wp:attachment":[{"href":"https:\/\/aliceonglerie.com\/index.php?rest_route=%2Fwp%2Fv2%2Fmedia&parent=1714"}],"wp:term":[{"taxonomy":"product_brand","embeddable":true,"href":"https:\/\/aliceonglerie.com\/index.php?rest_route=%2Fwp%2Fv2%2Fproduct_brand&post=1714"},{"taxonomy":"product_cat","embeddable":true,"href":"https:\/\/aliceonglerie.com\/index.php?rest_route=%2Fwp%2Fv2%2Fproduct_cat&post=1714"},{"taxonomy":"product_tag","embeddable":true,"href":"https:\/\/aliceonglerie.com\/index.php?rest_route=%2Fwp%2Fv2%2Fproduct_tag&post=1714"}],"curies":[{"name":"wp","href":"https:\/\/api.w.org\/{rel}","templated":true}]}}