{"id":1655,"date":"2024-12-29T15:22:27","date_gmt":"2024-12-29T14:22:27","guid":{"rendered":"http:\/\/aliceonglerie.com\/?post_type=product&#038;p=1655"},"modified":"2025-02-26T13:58:07","modified_gmt":"2025-02-26T12:58:07","slug":"easy-rose-light","status":"publish","type":"product","link":"https:\/\/aliceonglerie.com\/?product=easy-rose-light","title":{"rendered":"Easy Rose Light"},"content":{"rendered":"<h3>Attention !<\/h3>\n<p>La texture de ce gel peut durcir au contact du froid. Si cela se produit, laissez votre pot reposer 24 heures dans un endroit chaud pour retrouver une consistance normale.<\/p>\n<h3>Gel de Construction Rigide Rose Pastel<\/h3>\n<p>Ce gel, d&#8217;une grande solidit\u00e9, est id\u00e9al pour vos extensions, constructions et gainages.<\/p>\n<p>Sa texture medium, non collante, l\u00e9g\u00e8re (Jelly) et fondante, ainsi que sa formule auto-\u00e9galiser, sans couler, conviennent parfaitement \u00e0 toutes vos poses en salon, vous offrant une facilit\u00e9 et une rapidit\u00e9 de travail impressionnantes.<\/p>\n<p>Nous recommandons un travail doigt par doigt. Ce gel est adapt\u00e9 \u00e0 la technique \u00ab NO FILE \u00bb pour des poses rapides sans couleur.<\/p>\n<p>Cependant, il n&#8217;est pas recommand\u00e9 pour les poses artistiques ou les &#8220;reverses&#8221;.<\/p>\n<p>Nous garantissons une tenue extr\u00eame avec notre Base Rubber Clear.<\/p>\n<h3>Temps de catalysation :<\/h3>\n<ul>\n<li><strong>UV :<\/strong> 120 secondes<\/li>\n<li><strong>CCFL :<\/strong> 90 secondes<\/li>\n<li><strong>UV LED :<\/strong> 60 secondes<\/li>\n<\/ul>\n<p>&nbsp;<\/p>\n<p><iframe loading=\"lazy\" title=\"Easy Line Rose Light\" width=\"1080\" height=\"608\" src=\"https:\/\/www.youtube.com\/embed\/0vjGB8t0Kmk?feature=oembed\"  allow=\"accelerometer; autoplay; clipboard-write; encrypted-media; gyroscope; picture-in-picture; web-share\" referrerpolicy=\"strict-origin-when-cross-origin\" allowfullscreen><\/iframe><\/p>\n<p>&nbsp;<\/p>\n","protected":false},"excerpt":{"rendered":"<h3>Builder Cover Rigide Rose Pastel<\/h3>\n<p>Ce gel, d&#8217;une grande solidit\u00e9, est parfait pour vos extensions, constructions et gainages.<\/p>\n<p>Sa texture medium, non collante, ultra l\u00e9g\u00e8re (Jelly) et fondante, est auto-\u00e9galiser sans couler.<\/p>\n<p>Adapt\u00e9 \u00e0 la technique \u00ab NO FILE \u00bb, il vous garantit une tenue extr\u00eame gr\u00e2ce \u00e0 notre Base Rubber Clear.<\/p>\n<p><strong>Contenance disponible :<\/strong>\u00a0 15, 50 et 100 ml.<\/p>\n","protected":false},"featured_media":1656,"comment_status":"open","ping_status":"closed","template":"","meta":{"_et_pb_use_builder":"","_et_pb_old_content":"","_et_gb_content_width":"","_glsr_average":0,"_glsr_ranking":0,"_glsr_reviews":0},"product_brand":[],"product_cat":[35,25],"product_tag":[],"class_list":{"0":"post-1655","1":"product","2":"type-product","3":"status-publish","4":"has-post-thumbnail","6":"product_cat-easy-line","7":"product_cat-gel","9":"first","10":"instock","11":"shipping-taxable","12":"purchasable","13":"product-type-variable"},"yoast_head":"<!-- This site is optimized with the Yoast SEO plugin v24.5 - https:\/\/yoast.com\/wordpress\/plugins\/seo\/ -->\n<title>Easy Rose Light - ALICE ONGLERIE<\/title>\n<meta name=\"robots\" content=\"index, follow, max-snippet:-1, max-image-preview:large, max-video-preview:-1\" \/>\n<link rel=\"canonical\" href=\"https:\/\/aliceonglerie.com\/?product=easy-rose-light\" \/>\n<meta property=\"og:locale\" content=\"en_US\" \/>\n<meta property=\"og:type\" content=\"article\" \/>\n<meta property=\"og:title\" content=\"Easy Rose Light - ALICE ONGLERIE\" \/>\n<meta property=\"og:description\" content=\"Builder Cover Rigide Rose Pastel Ce gel, d&#039;une grande solidit\u00e9, est parfait pour vos extensions, constructions et gainages.  Sa texture medium, non collante, ultra l\u00e9g\u00e8re (Jelly) et fondante, est auto-\u00e9galiser sans couler.  Adapt\u00e9 \u00e0 la technique \u00ab NO FILE \u00bb, il vous garantit une tenue extr\u00eame gr\u00e2ce \u00e0 notre Base Rubber Clear.  Contenance disponible :\u00a0 15, 50 et 100 ml.\" \/>\n<meta property=\"og:url\" content=\"https:\/\/aliceonglerie.com\/?product=easy-rose-light\" \/>\n<meta property=\"og:site_name\" content=\"ALICE ONGLERIE\" \/>\n<meta property=\"article:publisher\" content=\"https:\/\/www.facebook.com\/aliceonglerie\" \/>\n<meta property=\"article:modified_time\" content=\"2025-02-26T12:58:07+00:00\" \/>\n<meta property=\"og:image\" content=\"https:\/\/aliceonglerie.com\/wp-content\/uploads\/2024\/12\/25182.png\" \/>\n\t<meta property=\"og:image:width\" content=\"1080\" \/>\n\t<meta property=\"og:image:height\" content=\"1080\" \/>\n\t<meta property=\"og:image:type\" content=\"image\/png\" \/>\n<meta name=\"twitter:card\" content=\"summary_large_image\" \/>\n<meta name=\"twitter:label1\" content=\"Est. reading time\" \/>\n\t<meta name=\"twitter:data1\" content=\"1 minute\" \/>\n<script type=\"application\/ld+json\" class=\"yoast-schema-graph\">{\"@context\":\"https:\/\/schema.org\",\"@graph\":[{\"@type\":\"WebPage\",\"@id\":\"https:\/\/aliceonglerie.com\/?product=easy-rose-light\",\"url\":\"https:\/\/aliceonglerie.com\/?product=easy-rose-light\",\"name\":\"Easy Rose Light - ALICE ONGLERIE\",\"isPartOf\":{\"@id\":\"https:\/\/aliceonglerie.com\/#website\"},\"primaryImageOfPage\":{\"@id\":\"https:\/\/aliceonglerie.com\/?product=easy-rose-light#primaryimage\"},\"image\":{\"@id\":\"https:\/\/aliceonglerie.com\/?product=easy-rose-light#primaryimage\"},\"thumbnailUrl\":\"https:\/\/aliceonglerie.com\/wp-content\/uploads\/2024\/12\/25182.png\",\"datePublished\":\"2024-12-29T14:22:27+00:00\",\"dateModified\":\"2025-02-26T12:58:07+00:00\",\"breadcrumb\":{\"@id\":\"https:\/\/aliceonglerie.com\/?product=easy-rose-light#breadcrumb\"},\"inLanguage\":\"en-US\",\"potentialAction\":[{\"@type\":\"ReadAction\",\"target\":[\"https:\/\/aliceonglerie.com\/?product=easy-rose-light\"]}]},{\"@type\":\"ImageObject\",\"inLanguage\":\"en-US\",\"@id\":\"https:\/\/aliceonglerie.com\/?product=easy-rose-light#primaryimage\",\"url\":\"https:\/\/aliceonglerie.com\/wp-content\/uploads\/2024\/12\/25182.png\",\"contentUrl\":\"https:\/\/aliceonglerie.com\/wp-content\/uploads\/2024\/12\/25182.png\",\"width\":1080,\"height\":1080,\"caption\":\"25182\"},{\"@type\":\"BreadcrumbList\",\"@id\":\"https:\/\/aliceonglerie.com\/?product=easy-rose-light#breadcrumb\",\"itemListElement\":[{\"@type\":\"ListItem\",\"position\":1,\"name\":\"Accueil\",\"item\":\"https:\/\/aliceonglerie.com\/\"},{\"@type\":\"ListItem\",\"position\":2,\"name\":\"Produits\",\"item\":\"https:\/\/aliceonglerie.com\/?post_type=product\"},{\"@type\":\"ListItem\",\"position\":3,\"name\":\"Easy Rose Light\"}]},{\"@type\":\"WebSite\",\"@id\":\"https:\/\/aliceonglerie.com\/#website\",\"url\":\"https:\/\/aliceonglerie.com\/\",\"name\":\"ALICE ONGLERIE\",\"description\":\"\",\"publisher\":{\"@id\":\"https:\/\/aliceonglerie.com\/#organization\"},\"potentialAction\":[{\"@type\":\"SearchAction\",\"target\":{\"@type\":\"EntryPoint\",\"urlTemplate\":\"https:\/\/aliceonglerie.com\/?s={search_term_string}\"},\"query-input\":{\"@type\":\"PropertyValueSpecification\",\"valueRequired\":true,\"valueName\":\"search_term_string\"}}],\"inLanguage\":\"en-US\"},{\"@type\":\"Organization\",\"@id\":\"https:\/\/aliceonglerie.com\/#organization\",\"name\":\"ALICE ONGLERIE\",\"url\":\"https:\/\/aliceonglerie.com\/\",\"logo\":{\"@type\":\"ImageObject\",\"inLanguage\":\"en-US\",\"@id\":\"https:\/\/aliceonglerie.com\/#\/schema\/logo\/image\/\",\"url\":\"https:\/\/aliceonglerie.com\/wp-content\/uploads\/2024\/12\/Alice-1.png\",\"contentUrl\":\"https:\/\/aliceonglerie.com\/wp-content\/uploads\/2024\/12\/Alice-1.png\",\"width\":300,\"height\":100,\"caption\":\"ALICE ONGLERIE\"},\"image\":{\"@id\":\"https:\/\/aliceonglerie.com\/#\/schema\/logo\/image\/\"},\"sameAs\":[\"https:\/\/www.facebook.com\/aliceonglerie\",\"https:\/\/www.instagram.com\/aliceonglerie\/\"]}]}<\/script>\n<!-- \/ Yoast SEO plugin. -->","yoast_head_json":{"title":"Easy Rose Light - ALICE ONGLERIE","robots":{"index":"index","follow":"follow","max-snippet":"max-snippet:-1","max-image-preview":"max-image-preview:large","max-video-preview":"max-video-preview:-1"},"canonical":"https:\/\/aliceonglerie.com\/?product=easy-rose-light","og_locale":"en_US","og_type":"article","og_title":"Easy Rose Light - ALICE ONGLERIE","og_description":"Builder Cover Rigide Rose Pastel Ce gel, d'une grande solidit\u00e9, est parfait pour vos extensions, constructions et gainages.  Sa texture medium, non collante, ultra l\u00e9g\u00e8re (Jelly) et fondante, est auto-\u00e9galiser sans couler.  Adapt\u00e9 \u00e0 la technique \u00ab NO FILE \u00bb, il vous garantit une tenue extr\u00eame gr\u00e2ce \u00e0 notre Base Rubber Clear.  Contenance disponible :\u00a0 15, 50 et 100 ml.","og_url":"https:\/\/aliceonglerie.com\/?product=easy-rose-light","og_site_name":"ALICE ONGLERIE","article_publisher":"https:\/\/www.facebook.com\/aliceonglerie","article_modified_time":"2025-02-26T12:58:07+00:00","og_image":[{"width":1080,"height":1080,"url":"https:\/\/aliceonglerie.com\/wp-content\/uploads\/2024\/12\/25182.png","type":"image\/png"}],"twitter_card":"summary_large_image","twitter_misc":{"Est. reading time":"1 minute"},"schema":{"@context":"https:\/\/schema.org","@graph":[{"@type":"WebPage","@id":"https:\/\/aliceonglerie.com\/?product=easy-rose-light","url":"https:\/\/aliceonglerie.com\/?product=easy-rose-light","name":"Easy Rose Light - ALICE ONGLERIE","isPartOf":{"@id":"https:\/\/aliceonglerie.com\/#website"},"primaryImageOfPage":{"@id":"https:\/\/aliceonglerie.com\/?product=easy-rose-light#primaryimage"},"image":{"@id":"https:\/\/aliceonglerie.com\/?product=easy-rose-light#primaryimage"},"thumbnailUrl":"https:\/\/aliceonglerie.com\/wp-content\/uploads\/2024\/12\/25182.png","datePublished":"2024-12-29T14:22:27+00:00","dateModified":"2025-02-26T12:58:07+00:00","breadcrumb":{"@id":"https:\/\/aliceonglerie.com\/?product=easy-rose-light#breadcrumb"},"inLanguage":"en-US","potentialAction":[{"@type":"ReadAction","target":["https:\/\/aliceonglerie.com\/?product=easy-rose-light"]}]},{"@type":"ImageObject","inLanguage":"en-US","@id":"https:\/\/aliceonglerie.com\/?product=easy-rose-light#primaryimage","url":"https:\/\/aliceonglerie.com\/wp-content\/uploads\/2024\/12\/25182.png","contentUrl":"https:\/\/aliceonglerie.com\/wp-content\/uploads\/2024\/12\/25182.png","width":1080,"height":1080,"caption":"25182"},{"@type":"BreadcrumbList","@id":"https:\/\/aliceonglerie.com\/?product=easy-rose-light#breadcrumb","itemListElement":[{"@type":"ListItem","position":1,"name":"Accueil","item":"https:\/\/aliceonglerie.com\/"},{"@type":"ListItem","position":2,"name":"Produits","item":"https:\/\/aliceonglerie.com\/?post_type=product"},{"@type":"ListItem","position":3,"name":"Easy Rose Light"}]},{"@type":"WebSite","@id":"https:\/\/aliceonglerie.com\/#website","url":"https:\/\/aliceonglerie.com\/","name":"ALICE ONGLERIE","description":"","publisher":{"@id":"https:\/\/aliceonglerie.com\/#organization"},"potentialAction":[{"@type":"SearchAction","target":{"@type":"EntryPoint","urlTemplate":"https:\/\/aliceonglerie.com\/?s={search_term_string}"},"query-input":{"@type":"PropertyValueSpecification","valueRequired":true,"valueName":"search_term_string"}}],"inLanguage":"en-US"},{"@type":"Organization","@id":"https:\/\/aliceonglerie.com\/#organization","name":"ALICE ONGLERIE","url":"https:\/\/aliceonglerie.com\/","logo":{"@type":"ImageObject","inLanguage":"en-US","@id":"https:\/\/aliceonglerie.com\/#\/schema\/logo\/image\/","url":"https:\/\/aliceonglerie.com\/wp-content\/uploads\/2024\/12\/Alice-1.png","contentUrl":"https:\/\/aliceonglerie.com\/wp-content\/uploads\/2024\/12\/Alice-1.png","width":300,"height":100,"caption":"ALICE ONGLERIE"},"image":{"@id":"https:\/\/aliceonglerie.com\/#\/schema\/logo\/image\/"},"sameAs":["https:\/\/www.facebook.com\/aliceonglerie","https:\/\/www.instagram.com\/aliceonglerie\/"]}]}},"jetpack_sharing_enabled":true,"_links":{"self":[{"href":"https:\/\/aliceonglerie.com\/index.php?rest_route=\/wp\/v2\/product\/1655","targetHints":{"allow":["GET"]}}],"collection":[{"href":"https:\/\/aliceonglerie.com\/index.php?rest_route=\/wp\/v2\/product"}],"about":[{"href":"https:\/\/aliceonglerie.com\/index.php?rest_route=\/wp\/v2\/types\/product"}],"replies":[{"embeddable":true,"href":"https:\/\/aliceonglerie.com\/index.php?rest_route=%2Fwp%2Fv2%2Fcomments&post=1655"}],"wp:featuredmedia":[{"embeddable":true,"href":"https:\/\/aliceonglerie.com\/index.php?rest_route=\/wp\/v2\/media\/1656"}],"wp:attachment":[{"href":"https:\/\/aliceonglerie.com\/index.php?rest_route=%2Fwp%2Fv2%2Fmedia&parent=1655"}],"wp:term":[{"taxonomy":"product_brand","embeddable":true,"href":"https:\/\/aliceonglerie.com\/index.php?rest_route=%2Fwp%2Fv2%2Fproduct_brand&post=1655"},{"taxonomy":"product_cat","embeddable":true,"href":"https:\/\/aliceonglerie.com\/index.php?rest_route=%2Fwp%2Fv2%2Fproduct_cat&post=1655"},{"taxonomy":"product_tag","embeddable":true,"href":"https:\/\/aliceonglerie.com\/index.php?rest_route=%2Fwp%2Fv2%2Fproduct_tag&post=1655"}],"curies":[{"name":"wp","href":"https:\/\/api.w.org\/{rel}","templated":true}]}}