{"id":1646,"date":"2024-12-29T15:00:16","date_gmt":"2024-12-29T14:00:16","guid":{"rendered":"http:\/\/aliceonglerie.com\/?post_type=product&#038;p=1646"},"modified":"2025-02-26T14:48:22","modified_gmt":"2025-02-26T13:48:22","slug":"easy-perfect-clear","status":"publish","type":"product","link":"https:\/\/aliceonglerie.com\/?product=easy-perfect-clear","title":{"rendered":"Easy Perfect Clear"},"content":{"rendered":"<h3>Gel de Construction Transparent Cristallin Semi-Rigide<\/h3>\n<p>Ce gel est id\u00e9al pour vos extensions, constructions et gainages.<\/p>\n<p>Sa texture miel semi-\u00e9paisse est non collante, et sa formule auto-\u00e9galiser est adapt\u00e9e \u00e0 toutes vos poses en salon et semi-artistiques, offrant une grande facilit\u00e9 de travail.<\/p>\n<p>Parfait pour recouvrir vos incrustations de paillettes, sa teinte ros\u00e9e avec des filtres UV invisibles sublimera vos paillettes sans alt\u00e9rer leur brillance, ainsi que vos frenchs. Il peut \u00e9galement \u00eatre utilis\u00e9 comme finition anti-jaunisseur. Nous recommandons de travailler doigt par doigt, sans sensation de chaleur.<\/p>\n<p>Nous garantissons une tenue extr\u00eame avec notre Base Rubber Clear.<\/p>\n<h3>Temps de catalysation :<\/h3>\n<ul>\n<li><strong>UV :<\/strong> 120 secondes<\/li>\n<li><strong>UV LED :<\/strong> 90 secondes<\/li>\n<\/ul>\n","protected":false},"excerpt":{"rendered":"<h3>Builder Transparent Cristallin Semi-Rigide<\/h3>\n<p>Ce gel est con\u00e7u pour vos extensions, constructions et gainages.<\/p>\n<p>Sa texture miel semi-\u00e9paisse est non collante et auto-\u00e9galiser, ce qui le rend adapt\u00e9 \u00e0 toutes vos poses en salon et artistiques, notamment pour recouvrir vos paillettes.<\/p>\n<p>Il ne procure pas de sensation de chaleur.<\/p>\n<p>Nous garantissons une tenue extr\u00eame gr\u00e2ce \u00e0 notre Base Rubber Clear.<\/p>\n","protected":false},"featured_media":1649,"comment_status":"open","ping_status":"closed","template":"","meta":{"_et_pb_use_builder":"","_et_pb_old_content":"","_et_gb_content_width":"","_glsr_average":0,"_glsr_ranking":0,"_glsr_reviews":0},"product_brand":[],"product_cat":[35,25],"product_tag":[],"class_list":{"0":"post-1646","1":"product","2":"type-product","3":"status-publish","4":"has-post-thumbnail","6":"product_cat-easy-line","7":"product_cat-gel","9":"first","10":"instock","11":"shipping-taxable","12":"purchasable","13":"product-type-variable"},"yoast_head":"<!-- This site is optimized with the Yoast SEO plugin v24.5 - https:\/\/yoast.com\/wordpress\/plugins\/seo\/ -->\n<title>Easy Perfect Clear - ALICE ONGLERIE<\/title>\n<meta name=\"robots\" content=\"index, follow, max-snippet:-1, max-image-preview:large, max-video-preview:-1\" \/>\n<link rel=\"canonical\" href=\"https:\/\/aliceonglerie.com\/?product=easy-perfect-clear\" \/>\n<meta property=\"og:locale\" content=\"en_US\" \/>\n<meta property=\"og:type\" content=\"article\" \/>\n<meta property=\"og:title\" content=\"Easy Perfect Clear - ALICE ONGLERIE\" \/>\n<meta property=\"og:description\" content=\"Builder Transparent Cristallin Semi-Rigide Ce gel est con\u00e7u pour vos extensions, constructions et gainages.  Sa texture miel semi-\u00e9paisse est non collante et auto-\u00e9galiser, ce qui le rend adapt\u00e9 \u00e0 toutes vos poses en salon et artistiques, notamment pour recouvrir vos paillettes.  Il ne procure pas de sensation de chaleur.  Nous garantissons une tenue extr\u00eame gr\u00e2ce \u00e0 notre Base Rubber Clear.\" \/>\n<meta property=\"og:url\" content=\"https:\/\/aliceonglerie.com\/?product=easy-perfect-clear\" \/>\n<meta property=\"og:site_name\" content=\"ALICE ONGLERIE\" \/>\n<meta property=\"article:publisher\" content=\"https:\/\/www.facebook.com\/aliceonglerie\" \/>\n<meta property=\"article:modified_time\" content=\"2025-02-26T13:48:22+00:00\" \/>\n<meta property=\"og:image\" content=\"https:\/\/aliceonglerie.com\/wp-content\/uploads\/2024\/12\/25190.png\" \/>\n\t<meta property=\"og:image:width\" content=\"1080\" \/>\n\t<meta property=\"og:image:height\" content=\"1080\" \/>\n\t<meta property=\"og:image:type\" content=\"image\/png\" \/>\n<meta name=\"twitter:card\" content=\"summary_large_image\" \/>\n<meta name=\"twitter:label1\" content=\"Est. reading time\" \/>\n\t<meta name=\"twitter:data1\" content=\"1 minute\" \/>\n<script type=\"application\/ld+json\" class=\"yoast-schema-graph\">{\"@context\":\"https:\/\/schema.org\",\"@graph\":[{\"@type\":\"WebPage\",\"@id\":\"https:\/\/aliceonglerie.com\/?product=easy-perfect-clear\",\"url\":\"https:\/\/aliceonglerie.com\/?product=easy-perfect-clear\",\"name\":\"Easy Perfect Clear - ALICE ONGLERIE\",\"isPartOf\":{\"@id\":\"https:\/\/aliceonglerie.com\/#website\"},\"primaryImageOfPage\":{\"@id\":\"https:\/\/aliceonglerie.com\/?product=easy-perfect-clear#primaryimage\"},\"image\":{\"@id\":\"https:\/\/aliceonglerie.com\/?product=easy-perfect-clear#primaryimage\"},\"thumbnailUrl\":\"https:\/\/aliceonglerie.com\/wp-content\/uploads\/2024\/12\/25190.png\",\"datePublished\":\"2024-12-29T14:00:16+00:00\",\"dateModified\":\"2025-02-26T13:48:22+00:00\",\"breadcrumb\":{\"@id\":\"https:\/\/aliceonglerie.com\/?product=easy-perfect-clear#breadcrumb\"},\"inLanguage\":\"en-US\",\"potentialAction\":[{\"@type\":\"ReadAction\",\"target\":[\"https:\/\/aliceonglerie.com\/?product=easy-perfect-clear\"]}]},{\"@type\":\"ImageObject\",\"inLanguage\":\"en-US\",\"@id\":\"https:\/\/aliceonglerie.com\/?product=easy-perfect-clear#primaryimage\",\"url\":\"https:\/\/aliceonglerie.com\/wp-content\/uploads\/2024\/12\/25190.png\",\"contentUrl\":\"https:\/\/aliceonglerie.com\/wp-content\/uploads\/2024\/12\/25190.png\",\"width\":1080,\"height\":1080},{\"@type\":\"BreadcrumbList\",\"@id\":\"https:\/\/aliceonglerie.com\/?product=easy-perfect-clear#breadcrumb\",\"itemListElement\":[{\"@type\":\"ListItem\",\"position\":1,\"name\":\"Accueil\",\"item\":\"https:\/\/aliceonglerie.com\/\"},{\"@type\":\"ListItem\",\"position\":2,\"name\":\"Produits\",\"item\":\"https:\/\/aliceonglerie.com\/?post_type=product\"},{\"@type\":\"ListItem\",\"position\":3,\"name\":\"Easy Perfect Clear\"}]},{\"@type\":\"WebSite\",\"@id\":\"https:\/\/aliceonglerie.com\/#website\",\"url\":\"https:\/\/aliceonglerie.com\/\",\"name\":\"ALICE ONGLERIE\",\"description\":\"\",\"publisher\":{\"@id\":\"https:\/\/aliceonglerie.com\/#organization\"},\"potentialAction\":[{\"@type\":\"SearchAction\",\"target\":{\"@type\":\"EntryPoint\",\"urlTemplate\":\"https:\/\/aliceonglerie.com\/?s={search_term_string}\"},\"query-input\":{\"@type\":\"PropertyValueSpecification\",\"valueRequired\":true,\"valueName\":\"search_term_string\"}}],\"inLanguage\":\"en-US\"},{\"@type\":\"Organization\",\"@id\":\"https:\/\/aliceonglerie.com\/#organization\",\"name\":\"ALICE ONGLERIE\",\"url\":\"https:\/\/aliceonglerie.com\/\",\"logo\":{\"@type\":\"ImageObject\",\"inLanguage\":\"en-US\",\"@id\":\"https:\/\/aliceonglerie.com\/#\/schema\/logo\/image\/\",\"url\":\"https:\/\/aliceonglerie.com\/wp-content\/uploads\/2024\/12\/Alice-1.png\",\"contentUrl\":\"https:\/\/aliceonglerie.com\/wp-content\/uploads\/2024\/12\/Alice-1.png\",\"width\":300,\"height\":100,\"caption\":\"ALICE ONGLERIE\"},\"image\":{\"@id\":\"https:\/\/aliceonglerie.com\/#\/schema\/logo\/image\/\"},\"sameAs\":[\"https:\/\/www.facebook.com\/aliceonglerie\",\"https:\/\/www.instagram.com\/aliceonglerie\/\"]}]}<\/script>\n<!-- \/ Yoast SEO plugin. -->","yoast_head_json":{"title":"Easy Perfect Clear - ALICE ONGLERIE","robots":{"index":"index","follow":"follow","max-snippet":"max-snippet:-1","max-image-preview":"max-image-preview:large","max-video-preview":"max-video-preview:-1"},"canonical":"https:\/\/aliceonglerie.com\/?product=easy-perfect-clear","og_locale":"en_US","og_type":"article","og_title":"Easy Perfect Clear - ALICE ONGLERIE","og_description":"Builder Transparent Cristallin Semi-Rigide Ce gel est con\u00e7u pour vos extensions, constructions et gainages.  Sa texture miel semi-\u00e9paisse est non collante et auto-\u00e9galiser, ce qui le rend adapt\u00e9 \u00e0 toutes vos poses en salon et artistiques, notamment pour recouvrir vos paillettes.  Il ne procure pas de sensation de chaleur.  Nous garantissons une tenue extr\u00eame gr\u00e2ce \u00e0 notre Base Rubber Clear.","og_url":"https:\/\/aliceonglerie.com\/?product=easy-perfect-clear","og_site_name":"ALICE ONGLERIE","article_publisher":"https:\/\/www.facebook.com\/aliceonglerie","article_modified_time":"2025-02-26T13:48:22+00:00","og_image":[{"width":1080,"height":1080,"url":"https:\/\/aliceonglerie.com\/wp-content\/uploads\/2024\/12\/25190.png","type":"image\/png"}],"twitter_card":"summary_large_image","twitter_misc":{"Est. reading time":"1 minute"},"schema":{"@context":"https:\/\/schema.org","@graph":[{"@type":"WebPage","@id":"https:\/\/aliceonglerie.com\/?product=easy-perfect-clear","url":"https:\/\/aliceonglerie.com\/?product=easy-perfect-clear","name":"Easy Perfect Clear - ALICE ONGLERIE","isPartOf":{"@id":"https:\/\/aliceonglerie.com\/#website"},"primaryImageOfPage":{"@id":"https:\/\/aliceonglerie.com\/?product=easy-perfect-clear#primaryimage"},"image":{"@id":"https:\/\/aliceonglerie.com\/?product=easy-perfect-clear#primaryimage"},"thumbnailUrl":"https:\/\/aliceonglerie.com\/wp-content\/uploads\/2024\/12\/25190.png","datePublished":"2024-12-29T14:00:16+00:00","dateModified":"2025-02-26T13:48:22+00:00","breadcrumb":{"@id":"https:\/\/aliceonglerie.com\/?product=easy-perfect-clear#breadcrumb"},"inLanguage":"en-US","potentialAction":[{"@type":"ReadAction","target":["https:\/\/aliceonglerie.com\/?product=easy-perfect-clear"]}]},{"@type":"ImageObject","inLanguage":"en-US","@id":"https:\/\/aliceonglerie.com\/?product=easy-perfect-clear#primaryimage","url":"https:\/\/aliceonglerie.com\/wp-content\/uploads\/2024\/12\/25190.png","contentUrl":"https:\/\/aliceonglerie.com\/wp-content\/uploads\/2024\/12\/25190.png","width":1080,"height":1080},{"@type":"BreadcrumbList","@id":"https:\/\/aliceonglerie.com\/?product=easy-perfect-clear#breadcrumb","itemListElement":[{"@type":"ListItem","position":1,"name":"Accueil","item":"https:\/\/aliceonglerie.com\/"},{"@type":"ListItem","position":2,"name":"Produits","item":"https:\/\/aliceonglerie.com\/?post_type=product"},{"@type":"ListItem","position":3,"name":"Easy Perfect Clear"}]},{"@type":"WebSite","@id":"https:\/\/aliceonglerie.com\/#website","url":"https:\/\/aliceonglerie.com\/","name":"ALICE ONGLERIE","description":"","publisher":{"@id":"https:\/\/aliceonglerie.com\/#organization"},"potentialAction":[{"@type":"SearchAction","target":{"@type":"EntryPoint","urlTemplate":"https:\/\/aliceonglerie.com\/?s={search_term_string}"},"query-input":{"@type":"PropertyValueSpecification","valueRequired":true,"valueName":"search_term_string"}}],"inLanguage":"en-US"},{"@type":"Organization","@id":"https:\/\/aliceonglerie.com\/#organization","name":"ALICE ONGLERIE","url":"https:\/\/aliceonglerie.com\/","logo":{"@type":"ImageObject","inLanguage":"en-US","@id":"https:\/\/aliceonglerie.com\/#\/schema\/logo\/image\/","url":"https:\/\/aliceonglerie.com\/wp-content\/uploads\/2024\/12\/Alice-1.png","contentUrl":"https:\/\/aliceonglerie.com\/wp-content\/uploads\/2024\/12\/Alice-1.png","width":300,"height":100,"caption":"ALICE ONGLERIE"},"image":{"@id":"https:\/\/aliceonglerie.com\/#\/schema\/logo\/image\/"},"sameAs":["https:\/\/www.facebook.com\/aliceonglerie","https:\/\/www.instagram.com\/aliceonglerie\/"]}]}},"jetpack_sharing_enabled":true,"_links":{"self":[{"href":"https:\/\/aliceonglerie.com\/index.php?rest_route=\/wp\/v2\/product\/1646","targetHints":{"allow":["GET"]}}],"collection":[{"href":"https:\/\/aliceonglerie.com\/index.php?rest_route=\/wp\/v2\/product"}],"about":[{"href":"https:\/\/aliceonglerie.com\/index.php?rest_route=\/wp\/v2\/types\/product"}],"replies":[{"embeddable":true,"href":"https:\/\/aliceonglerie.com\/index.php?rest_route=%2Fwp%2Fv2%2Fcomments&post=1646"}],"wp:featuredmedia":[{"embeddable":true,"href":"https:\/\/aliceonglerie.com\/index.php?rest_route=\/wp\/v2\/media\/1649"}],"wp:attachment":[{"href":"https:\/\/aliceonglerie.com\/index.php?rest_route=%2Fwp%2Fv2%2Fmedia&parent=1646"}],"wp:term":[{"taxonomy":"product_brand","embeddable":true,"href":"https:\/\/aliceonglerie.com\/index.php?rest_route=%2Fwp%2Fv2%2Fproduct_brand&post=1646"},{"taxonomy":"product_cat","embeddable":true,"href":"https:\/\/aliceonglerie.com\/index.php?rest_route=%2Fwp%2Fv2%2Fproduct_cat&post=1646"},{"taxonomy":"product_tag","embeddable":true,"href":"https:\/\/aliceonglerie.com\/index.php?rest_route=%2Fwp%2Fv2%2Fproduct_tag&post=1646"}],"curies":[{"name":"wp","href":"https:\/\/api.w.org\/{rel}","templated":true}]}}