{"id":1509,"date":"2024-12-28T16:45:49","date_gmt":"2024-12-28T15:45:49","guid":{"rendered":"http:\/\/aliceonglerie.com\/?post_type=product&#038;p=1509"},"modified":"2025-01-25T15:39:09","modified_gmt":"2025-01-25T14:39:09","slug":"art-line-neon-mandarine","status":"publish","type":"product","link":"https:\/\/aliceonglerie.com\/?product=art-line-neon-mandarine","title":{"rendered":"Art Line N\u00e9on Mandarine"},"content":{"rendered":"","protected":false},"excerpt":{"rendered":"<p>La Gamme Gel Art Line saura r\u00e9pondre aux attentes des Nail Artists les plus exigeantes.<\/p>\n<p>Ces gels de peinture, avec leur texture fluide et leur pigmentation intense, vous permettent de r\u00e9aliser de superbes Babycolor et des d\u00e9grad\u00e9s \u00e0 l\u2019\u00e9ponge en seulement deux \u00e9tapes.<\/p>\n<h3>Caract\u00e9ristiques :<\/h3>\n<ul>\n<li><strong>Adapt\u00e9s pour :<\/strong> Stamping, One Stroke et Micro Painting<\/li>\n<li><strong>Cr\u00e9ation de lignes ultra fines<\/strong><\/li>\n<li><strong>Couleur :<\/strong> n\u00e9on orange<\/li>\n<\/ul>\n<p><strong>Remarque :<\/strong> Utilisez ces gels en tr\u00e8s fines couches pour garantir une bonne catalysation, car ils ne conviennent pas aux Nail Art en relief. \u00c9vitez d\u2019utiliser le noir en couleur pleine et catalysez-le le plus longtemps possible.<\/p>\n<ul>\n<li><strong>Temps de polym\u00e9risation :<\/strong> UV 180 secondes, UV LED 120 secondes<\/li>\n<\/ul>\n<p>Les gels Art Line sont lourds en raison de leur forte concentration en pigments, ce qui signifie que le pot n&#8217;est pas compl\u00e8tement rempli.<\/p>\n<p><strong>Format disponible :<\/strong> Tube de 8 g.<\/p>\n","protected":false},"featured_media":1511,"comment_status":"open","ping_status":"closed","template":"","meta":{"_et_pb_use_builder":"","_et_pb_old_content":"","_et_gb_content_width":"","_glsr_average":0,"_glsr_ranking":0,"_glsr_reviews":0},"product_brand":[],"product_cat":[33,25],"product_tag":[],"class_list":{"0":"post-1509","1":"product","2":"type-product","3":"status-publish","4":"has-post-thumbnail","6":"product_cat-artline","7":"product_cat-gel","9":"first","10":"instock","11":"shipping-taxable","12":"product-type-simple"},"yoast_head":"<!-- This site is optimized with the Yoast SEO plugin v24.5 - https:\/\/yoast.com\/wordpress\/plugins\/seo\/ -->\n<title>Art Line N\u00e9on Mandarine - ALICE ONGLERIE<\/title>\n<meta name=\"robots\" content=\"index, follow, max-snippet:-1, max-image-preview:large, max-video-preview:-1\" \/>\n<link rel=\"canonical\" href=\"https:\/\/aliceonglerie.com\/?product=art-line-neon-mandarine\" \/>\n<meta property=\"og:locale\" content=\"en_US\" \/>\n<meta property=\"og:type\" content=\"article\" \/>\n<meta property=\"og:title\" content=\"Art Line N\u00e9on Mandarine - ALICE ONGLERIE\" \/>\n<meta property=\"og:description\" content=\"La Gamme Gel Art Line saura r\u00e9pondre aux attentes des Nail Artists les plus exigeantes.  Ces gels de peinture, avec leur texture fluide et leur pigmentation intense, vous permettent de r\u00e9aliser de superbes Babycolor et des d\u00e9grad\u00e9s \u00e0 l\u2019\u00e9ponge en seulement deux \u00e9tapes. Caract\u00e9ristiques :   Adapt\u00e9s pour : Stamping, One Stroke et Micro Painting  Cr\u00e9ation de lignes ultra fines  Couleur : n\u00e9on orange  Remarque : Utilisez ces gels en tr\u00e8s fines couches pour garantir une bonne catalysation, car ils ne conviennent pas aux Nail Art en relief. \u00c9vitez d\u2019utiliser le noir en couleur pleine et catalysez-le le plus longtemps possible.   Temps de polym\u00e9risation : UV 180 secondes, UV LED 120 secondes  Les gels Art Line sont lourds en raison de leur forte concentration en pigments, ce qui signifie que le pot n&#039;est pas compl\u00e8tement rempli.  Format disponible : Tube de 8 g.\" \/>\n<meta property=\"og:url\" content=\"https:\/\/aliceonglerie.com\/?product=art-line-neon-mandarine\" \/>\n<meta property=\"og:site_name\" content=\"ALICE ONGLERIE\" \/>\n<meta property=\"article:publisher\" content=\"https:\/\/www.facebook.com\/aliceonglerie\" \/>\n<meta property=\"article:modified_time\" content=\"2025-01-25T14:39:09+00:00\" \/>\n<meta property=\"og:image\" content=\"https:\/\/aliceonglerie.com\/wp-content\/uploads\/2024\/12\/26795-2.png\" \/>\n\t<meta property=\"og:image:width\" content=\"800\" \/>\n\t<meta property=\"og:image:height\" content=\"800\" \/>\n\t<meta property=\"og:image:type\" content=\"image\/png\" \/>\n<meta name=\"twitter:card\" content=\"summary_large_image\" \/>\n<script type=\"application\/ld+json\" class=\"yoast-schema-graph\">{\"@context\":\"https:\/\/schema.org\",\"@graph\":[{\"@type\":\"WebPage\",\"@id\":\"https:\/\/aliceonglerie.com\/?product=art-line-neon-mandarine\",\"url\":\"https:\/\/aliceonglerie.com\/?product=art-line-neon-mandarine\",\"name\":\"Art Line N\u00e9on Mandarine - ALICE ONGLERIE\",\"isPartOf\":{\"@id\":\"https:\/\/aliceonglerie.com\/#website\"},\"primaryImageOfPage\":{\"@id\":\"https:\/\/aliceonglerie.com\/?product=art-line-neon-mandarine#primaryimage\"},\"image\":{\"@id\":\"https:\/\/aliceonglerie.com\/?product=art-line-neon-mandarine#primaryimage\"},\"thumbnailUrl\":\"https:\/\/aliceonglerie.com\/wp-content\/uploads\/2024\/12\/26795-2.png\",\"datePublished\":\"2024-12-28T15:45:49+00:00\",\"dateModified\":\"2025-01-25T14:39:09+00:00\",\"breadcrumb\":{\"@id\":\"https:\/\/aliceonglerie.com\/?product=art-line-neon-mandarine#breadcrumb\"},\"inLanguage\":\"en-US\",\"potentialAction\":[{\"@type\":\"ReadAction\",\"target\":[\"https:\/\/aliceonglerie.com\/?product=art-line-neon-mandarine\"]}]},{\"@type\":\"ImageObject\",\"inLanguage\":\"en-US\",\"@id\":\"https:\/\/aliceonglerie.com\/?product=art-line-neon-mandarine#primaryimage\",\"url\":\"https:\/\/aliceonglerie.com\/wp-content\/uploads\/2024\/12\/26795-2.png\",\"contentUrl\":\"https:\/\/aliceonglerie.com\/wp-content\/uploads\/2024\/12\/26795-2.png\",\"width\":800,\"height\":800},{\"@type\":\"BreadcrumbList\",\"@id\":\"https:\/\/aliceonglerie.com\/?product=art-line-neon-mandarine#breadcrumb\",\"itemListElement\":[{\"@type\":\"ListItem\",\"position\":1,\"name\":\"Accueil\",\"item\":\"https:\/\/aliceonglerie.com\/\"},{\"@type\":\"ListItem\",\"position\":2,\"name\":\"Produits\",\"item\":\"https:\/\/aliceonglerie.com\/?post_type=product\"},{\"@type\":\"ListItem\",\"position\":3,\"name\":\"Art Line N\u00e9on Mandarine\"}]},{\"@type\":\"WebSite\",\"@id\":\"https:\/\/aliceonglerie.com\/#website\",\"url\":\"https:\/\/aliceonglerie.com\/\",\"name\":\"ALICE ONGLERIE\",\"description\":\"\",\"publisher\":{\"@id\":\"https:\/\/aliceonglerie.com\/#organization\"},\"potentialAction\":[{\"@type\":\"SearchAction\",\"target\":{\"@type\":\"EntryPoint\",\"urlTemplate\":\"https:\/\/aliceonglerie.com\/?s={search_term_string}\"},\"query-input\":{\"@type\":\"PropertyValueSpecification\",\"valueRequired\":true,\"valueName\":\"search_term_string\"}}],\"inLanguage\":\"en-US\"},{\"@type\":\"Organization\",\"@id\":\"https:\/\/aliceonglerie.com\/#organization\",\"name\":\"ALICE ONGLERIE\",\"url\":\"https:\/\/aliceonglerie.com\/\",\"logo\":{\"@type\":\"ImageObject\",\"inLanguage\":\"en-US\",\"@id\":\"https:\/\/aliceonglerie.com\/#\/schema\/logo\/image\/\",\"url\":\"https:\/\/aliceonglerie.com\/wp-content\/uploads\/2024\/12\/Alice-1.png\",\"contentUrl\":\"https:\/\/aliceonglerie.com\/wp-content\/uploads\/2024\/12\/Alice-1.png\",\"width\":300,\"height\":100,\"caption\":\"ALICE ONGLERIE\"},\"image\":{\"@id\":\"https:\/\/aliceonglerie.com\/#\/schema\/logo\/image\/\"},\"sameAs\":[\"https:\/\/www.facebook.com\/aliceonglerie\",\"https:\/\/www.instagram.com\/aliceonglerie\/\"]}]}<\/script>\n<!-- \/ Yoast SEO plugin. -->","yoast_head_json":{"title":"Art Line N\u00e9on Mandarine - ALICE ONGLERIE","robots":{"index":"index","follow":"follow","max-snippet":"max-snippet:-1","max-image-preview":"max-image-preview:large","max-video-preview":"max-video-preview:-1"},"canonical":"https:\/\/aliceonglerie.com\/?product=art-line-neon-mandarine","og_locale":"en_US","og_type":"article","og_title":"Art Line N\u00e9on Mandarine - ALICE ONGLERIE","og_description":"La Gamme Gel Art Line saura r\u00e9pondre aux attentes des Nail Artists les plus exigeantes.  Ces gels de peinture, avec leur texture fluide et leur pigmentation intense, vous permettent de r\u00e9aliser de superbes Babycolor et des d\u00e9grad\u00e9s \u00e0 l\u2019\u00e9ponge en seulement deux \u00e9tapes. Caract\u00e9ristiques :   Adapt\u00e9s pour : Stamping, One Stroke et Micro Painting  Cr\u00e9ation de lignes ultra fines  Couleur : n\u00e9on orange  Remarque : Utilisez ces gels en tr\u00e8s fines couches pour garantir une bonne catalysation, car ils ne conviennent pas aux Nail Art en relief. \u00c9vitez d\u2019utiliser le noir en couleur pleine et catalysez-le le plus longtemps possible.   Temps de polym\u00e9risation : UV 180 secondes, UV LED 120 secondes  Les gels Art Line sont lourds en raison de leur forte concentration en pigments, ce qui signifie que le pot n'est pas compl\u00e8tement rempli.  Format disponible : Tube de 8 g.","og_url":"https:\/\/aliceonglerie.com\/?product=art-line-neon-mandarine","og_site_name":"ALICE ONGLERIE","article_publisher":"https:\/\/www.facebook.com\/aliceonglerie","article_modified_time":"2025-01-25T14:39:09+00:00","og_image":[{"width":800,"height":800,"url":"https:\/\/aliceonglerie.com\/wp-content\/uploads\/2024\/12\/26795-2.png","type":"image\/png"}],"twitter_card":"summary_large_image","schema":{"@context":"https:\/\/schema.org","@graph":[{"@type":"WebPage","@id":"https:\/\/aliceonglerie.com\/?product=art-line-neon-mandarine","url":"https:\/\/aliceonglerie.com\/?product=art-line-neon-mandarine","name":"Art Line N\u00e9on Mandarine - ALICE ONGLERIE","isPartOf":{"@id":"https:\/\/aliceonglerie.com\/#website"},"primaryImageOfPage":{"@id":"https:\/\/aliceonglerie.com\/?product=art-line-neon-mandarine#primaryimage"},"image":{"@id":"https:\/\/aliceonglerie.com\/?product=art-line-neon-mandarine#primaryimage"},"thumbnailUrl":"https:\/\/aliceonglerie.com\/wp-content\/uploads\/2024\/12\/26795-2.png","datePublished":"2024-12-28T15:45:49+00:00","dateModified":"2025-01-25T14:39:09+00:00","breadcrumb":{"@id":"https:\/\/aliceonglerie.com\/?product=art-line-neon-mandarine#breadcrumb"},"inLanguage":"en-US","potentialAction":[{"@type":"ReadAction","target":["https:\/\/aliceonglerie.com\/?product=art-line-neon-mandarine"]}]},{"@type":"ImageObject","inLanguage":"en-US","@id":"https:\/\/aliceonglerie.com\/?product=art-line-neon-mandarine#primaryimage","url":"https:\/\/aliceonglerie.com\/wp-content\/uploads\/2024\/12\/26795-2.png","contentUrl":"https:\/\/aliceonglerie.com\/wp-content\/uploads\/2024\/12\/26795-2.png","width":800,"height":800},{"@type":"BreadcrumbList","@id":"https:\/\/aliceonglerie.com\/?product=art-line-neon-mandarine#breadcrumb","itemListElement":[{"@type":"ListItem","position":1,"name":"Accueil","item":"https:\/\/aliceonglerie.com\/"},{"@type":"ListItem","position":2,"name":"Produits","item":"https:\/\/aliceonglerie.com\/?post_type=product"},{"@type":"ListItem","position":3,"name":"Art Line N\u00e9on Mandarine"}]},{"@type":"WebSite","@id":"https:\/\/aliceonglerie.com\/#website","url":"https:\/\/aliceonglerie.com\/","name":"ALICE ONGLERIE","description":"","publisher":{"@id":"https:\/\/aliceonglerie.com\/#organization"},"potentialAction":[{"@type":"SearchAction","target":{"@type":"EntryPoint","urlTemplate":"https:\/\/aliceonglerie.com\/?s={search_term_string}"},"query-input":{"@type":"PropertyValueSpecification","valueRequired":true,"valueName":"search_term_string"}}],"inLanguage":"en-US"},{"@type":"Organization","@id":"https:\/\/aliceonglerie.com\/#organization","name":"ALICE ONGLERIE","url":"https:\/\/aliceonglerie.com\/","logo":{"@type":"ImageObject","inLanguage":"en-US","@id":"https:\/\/aliceonglerie.com\/#\/schema\/logo\/image\/","url":"https:\/\/aliceonglerie.com\/wp-content\/uploads\/2024\/12\/Alice-1.png","contentUrl":"https:\/\/aliceonglerie.com\/wp-content\/uploads\/2024\/12\/Alice-1.png","width":300,"height":100,"caption":"ALICE ONGLERIE"},"image":{"@id":"https:\/\/aliceonglerie.com\/#\/schema\/logo\/image\/"},"sameAs":["https:\/\/www.facebook.com\/aliceonglerie","https:\/\/www.instagram.com\/aliceonglerie\/"]}]}},"jetpack_sharing_enabled":true,"_links":{"self":[{"href":"https:\/\/aliceonglerie.com\/index.php?rest_route=\/wp\/v2\/product\/1509","targetHints":{"allow":["GET"]}}],"collection":[{"href":"https:\/\/aliceonglerie.com\/index.php?rest_route=\/wp\/v2\/product"}],"about":[{"href":"https:\/\/aliceonglerie.com\/index.php?rest_route=\/wp\/v2\/types\/product"}],"replies":[{"embeddable":true,"href":"https:\/\/aliceonglerie.com\/index.php?rest_route=%2Fwp%2Fv2%2Fcomments&post=1509"}],"wp:featuredmedia":[{"embeddable":true,"href":"https:\/\/aliceonglerie.com\/index.php?rest_route=\/wp\/v2\/media\/1511"}],"wp:attachment":[{"href":"https:\/\/aliceonglerie.com\/index.php?rest_route=%2Fwp%2Fv2%2Fmedia&parent=1509"}],"wp:term":[{"taxonomy":"product_brand","embeddable":true,"href":"https:\/\/aliceonglerie.com\/index.php?rest_route=%2Fwp%2Fv2%2Fproduct_brand&post=1509"},{"taxonomy":"product_cat","embeddable":true,"href":"https:\/\/aliceonglerie.com\/index.php?rest_route=%2Fwp%2Fv2%2Fproduct_cat&post=1509"},{"taxonomy":"product_tag","embeddable":true,"href":"https:\/\/aliceonglerie.com\/index.php?rest_route=%2Fwp%2Fv2%2Fproduct_tag&post=1509"}],"curies":[{"name":"wp","href":"https:\/\/api.w.org\/{rel}","templated":true}]}}