{"id":1444,"date":"2024-12-28T00:17:22","date_gmt":"2024-12-27T23:17:22","guid":{"rendered":"http:\/\/aliceonglerie.com\/?post_type=product&#038;p=1444"},"modified":"2025-01-25T15:47:53","modified_gmt":"2025-01-25T14:47:53","slug":"art-line-corail","status":"publish","type":"product","link":"https:\/\/aliceonglerie.com\/?product=art-line-corail","title":{"rendered":"Art Line Corail"},"content":{"rendered":"<p><iframe loading=\"lazy\" title=\"Art Line Corail\" width=\"1080\" height=\"608\" src=\"https:\/\/www.youtube.com\/embed\/vQ1I6jJWqp8?feature=oembed\"  allow=\"accelerometer; autoplay; clipboard-write; encrypted-media; gyroscope; picture-in-picture; web-share\" referrerpolicy=\"strict-origin-when-cross-origin\" allowfullscreen><\/iframe><\/p>\n","protected":false},"excerpt":{"rendered":"<p>La gamme Gel Art Line saura satisfaire les Nail Artists les plus exigeantes.<\/p>\n<p>Ces gels de peinture, d&#8217;une texture fluide et d&#8217;une pigmentation riche, vous permettront de cr\u00e9er de magnifiques babycolors et des d\u00e9grad\u00e9s \u00e0 l\u2019\u00e9ponge en seulement deux \u00e9tapes.<\/p>\n<p>Ils sont parfaitement adapt\u00e9s pour le stamping, le one stroke et le micro painting, permettant de r\u00e9aliser des lignes ultra fines.<\/p>\n<ul>\n<li><strong>Couleur :<\/strong> Orange corail<\/li>\n<\/ul>\n<p>Attention \u00e0 utiliser ces gels en tr\u00e8s fines couches pour assurer une bonne catalysation, car ils ne sont pas adapt\u00e9s aux designs en relief. \u00c9vitez d\u2019utiliser le noir en pleine couleur et catalysez-le le plus longtemps possible.<\/p>\n<ul>\n<li><strong>Temps de polym\u00e9risation :<\/strong> UV 180 secondes, UV LED 120 secondes.<\/li>\n<\/ul>\n<p>Les gels Art Line sont plus lourds en raison de leur forte concentration en pigments, ce qui explique que le pot ne soit pas compl\u00e8tement rempli.<\/p>\n<p><strong>Contenance disponible :<\/strong> Pot de 5 g ou tube de 8 g.<\/p>\n","protected":false},"featured_media":1445,"comment_status":"open","ping_status":"closed","template":"","meta":{"_et_pb_use_builder":"","_et_pb_old_content":"","_et_gb_content_width":"","_glsr_average":0,"_glsr_ranking":0,"_glsr_reviews":0},"product_brand":[],"product_cat":[33,25],"product_tag":[],"class_list":{"0":"post-1444","1":"product","2":"type-product","3":"status-publish","4":"has-post-thumbnail","6":"product_cat-artline","7":"product_cat-gel","9":"first","10":"instock","11":"shipping-taxable","12":"product-type-simple"},"yoast_head":"<!-- This site is optimized with the Yoast SEO plugin v24.5 - https:\/\/yoast.com\/wordpress\/plugins\/seo\/ -->\n<title>Art Line Corail - ALICE ONGLERIE<\/title>\n<meta name=\"robots\" content=\"index, follow, max-snippet:-1, max-image-preview:large, max-video-preview:-1\" \/>\n<link rel=\"canonical\" href=\"https:\/\/aliceonglerie.com\/?product=art-line-corail\" \/>\n<meta property=\"og:locale\" content=\"en_US\" \/>\n<meta property=\"og:type\" content=\"article\" \/>\n<meta property=\"og:title\" content=\"Art Line Corail - ALICE ONGLERIE\" \/>\n<meta property=\"og:description\" content=\"La gamme Gel Art Line saura satisfaire les Nail Artists les plus exigeantes.  Ces gels de peinture, d&#039;une texture fluide et d&#039;une pigmentation riche, vous permettront de cr\u00e9er de magnifiques babycolors et des d\u00e9grad\u00e9s \u00e0 l\u2019\u00e9ponge en seulement deux \u00e9tapes.  Ils sont parfaitement adapt\u00e9s pour le stamping, le one stroke et le micro painting, permettant de r\u00e9aliser des lignes ultra fines.   Couleur : Orange corail  Attention \u00e0 utiliser ces gels en tr\u00e8s fines couches pour assurer une bonne catalysation, car ils ne sont pas adapt\u00e9s aux designs en relief. \u00c9vitez d\u2019utiliser le noir en pleine couleur et catalysez-le le plus longtemps possible.   Temps de polym\u00e9risation : UV 180 secondes, UV LED 120 secondes.  Les gels Art Line sont plus lourds en raison de leur forte concentration en pigments, ce qui explique que le pot ne soit pas compl\u00e8tement rempli.  Contenance disponible : Pot de 5 g ou tube de 8 g.\" \/>\n<meta property=\"og:url\" content=\"https:\/\/aliceonglerie.com\/?product=art-line-corail\" \/>\n<meta property=\"og:site_name\" content=\"ALICE ONGLERIE\" \/>\n<meta property=\"article:publisher\" content=\"https:\/\/www.facebook.com\/aliceonglerie\" \/>\n<meta property=\"article:modified_time\" content=\"2025-01-25T14:47:53+00:00\" \/>\n<meta property=\"og:image\" content=\"https:\/\/aliceonglerie.com\/wp-content\/uploads\/2024\/12\/26358.png\" \/>\n\t<meta property=\"og:image:width\" content=\"1080\" \/>\n\t<meta property=\"og:image:height\" content=\"1080\" \/>\n\t<meta property=\"og:image:type\" content=\"image\/png\" \/>\n<meta name=\"twitter:card\" content=\"summary_large_image\" \/>\n<script type=\"application\/ld+json\" class=\"yoast-schema-graph\">{\"@context\":\"https:\/\/schema.org\",\"@graph\":[{\"@type\":\"WebPage\",\"@id\":\"https:\/\/aliceonglerie.com\/?product=art-line-corail\",\"url\":\"https:\/\/aliceonglerie.com\/?product=art-line-corail\",\"name\":\"Art Line Corail - ALICE ONGLERIE\",\"isPartOf\":{\"@id\":\"https:\/\/aliceonglerie.com\/#website\"},\"primaryImageOfPage\":{\"@id\":\"https:\/\/aliceonglerie.com\/?product=art-line-corail#primaryimage\"},\"image\":{\"@id\":\"https:\/\/aliceonglerie.com\/?product=art-line-corail#primaryimage\"},\"thumbnailUrl\":\"https:\/\/aliceonglerie.com\/wp-content\/uploads\/2024\/12\/26358.png\",\"datePublished\":\"2024-12-27T23:17:22+00:00\",\"dateModified\":\"2025-01-25T14:47:53+00:00\",\"breadcrumb\":{\"@id\":\"https:\/\/aliceonglerie.com\/?product=art-line-corail#breadcrumb\"},\"inLanguage\":\"en-US\",\"potentialAction\":[{\"@type\":\"ReadAction\",\"target\":[\"https:\/\/aliceonglerie.com\/?product=art-line-corail\"]}]},{\"@type\":\"ImageObject\",\"inLanguage\":\"en-US\",\"@id\":\"https:\/\/aliceonglerie.com\/?product=art-line-corail#primaryimage\",\"url\":\"https:\/\/aliceonglerie.com\/wp-content\/uploads\/2024\/12\/26358.png\",\"contentUrl\":\"https:\/\/aliceonglerie.com\/wp-content\/uploads\/2024\/12\/26358.png\",\"width\":1080,\"height\":1080,\"caption\":\"26358\"},{\"@type\":\"BreadcrumbList\",\"@id\":\"https:\/\/aliceonglerie.com\/?product=art-line-corail#breadcrumb\",\"itemListElement\":[{\"@type\":\"ListItem\",\"position\":1,\"name\":\"Accueil\",\"item\":\"https:\/\/aliceonglerie.com\/\"},{\"@type\":\"ListItem\",\"position\":2,\"name\":\"Produits\",\"item\":\"https:\/\/aliceonglerie.com\/?post_type=product\"},{\"@type\":\"ListItem\",\"position\":3,\"name\":\"Art Line Corail\"}]},{\"@type\":\"WebSite\",\"@id\":\"https:\/\/aliceonglerie.com\/#website\",\"url\":\"https:\/\/aliceonglerie.com\/\",\"name\":\"ALICE ONGLERIE\",\"description\":\"\",\"publisher\":{\"@id\":\"https:\/\/aliceonglerie.com\/#organization\"},\"potentialAction\":[{\"@type\":\"SearchAction\",\"target\":{\"@type\":\"EntryPoint\",\"urlTemplate\":\"https:\/\/aliceonglerie.com\/?s={search_term_string}\"},\"query-input\":{\"@type\":\"PropertyValueSpecification\",\"valueRequired\":true,\"valueName\":\"search_term_string\"}}],\"inLanguage\":\"en-US\"},{\"@type\":\"Organization\",\"@id\":\"https:\/\/aliceonglerie.com\/#organization\",\"name\":\"ALICE ONGLERIE\",\"url\":\"https:\/\/aliceonglerie.com\/\",\"logo\":{\"@type\":\"ImageObject\",\"inLanguage\":\"en-US\",\"@id\":\"https:\/\/aliceonglerie.com\/#\/schema\/logo\/image\/\",\"url\":\"https:\/\/aliceonglerie.com\/wp-content\/uploads\/2024\/12\/Alice-1.png\",\"contentUrl\":\"https:\/\/aliceonglerie.com\/wp-content\/uploads\/2024\/12\/Alice-1.png\",\"width\":300,\"height\":100,\"caption\":\"ALICE ONGLERIE\"},\"image\":{\"@id\":\"https:\/\/aliceonglerie.com\/#\/schema\/logo\/image\/\"},\"sameAs\":[\"https:\/\/www.facebook.com\/aliceonglerie\",\"https:\/\/www.instagram.com\/aliceonglerie\/\"]}]}<\/script>\n<!-- \/ Yoast SEO plugin. -->","yoast_head_json":{"title":"Art Line Corail - ALICE ONGLERIE","robots":{"index":"index","follow":"follow","max-snippet":"max-snippet:-1","max-image-preview":"max-image-preview:large","max-video-preview":"max-video-preview:-1"},"canonical":"https:\/\/aliceonglerie.com\/?product=art-line-corail","og_locale":"en_US","og_type":"article","og_title":"Art Line Corail - ALICE ONGLERIE","og_description":"La gamme Gel Art Line saura satisfaire les Nail Artists les plus exigeantes.  Ces gels de peinture, d'une texture fluide et d'une pigmentation riche, vous permettront de cr\u00e9er de magnifiques babycolors et des d\u00e9grad\u00e9s \u00e0 l\u2019\u00e9ponge en seulement deux \u00e9tapes.  Ils sont parfaitement adapt\u00e9s pour le stamping, le one stroke et le micro painting, permettant de r\u00e9aliser des lignes ultra fines.   Couleur : Orange corail  Attention \u00e0 utiliser ces gels en tr\u00e8s fines couches pour assurer une bonne catalysation, car ils ne sont pas adapt\u00e9s aux designs en relief. \u00c9vitez d\u2019utiliser le noir en pleine couleur et catalysez-le le plus longtemps possible.   Temps de polym\u00e9risation : UV 180 secondes, UV LED 120 secondes.  Les gels Art Line sont plus lourds en raison de leur forte concentration en pigments, ce qui explique que le pot ne soit pas compl\u00e8tement rempli.  Contenance disponible : Pot de 5 g ou tube de 8 g.","og_url":"https:\/\/aliceonglerie.com\/?product=art-line-corail","og_site_name":"ALICE ONGLERIE","article_publisher":"https:\/\/www.facebook.com\/aliceonglerie","article_modified_time":"2025-01-25T14:47:53+00:00","og_image":[{"width":1080,"height":1080,"url":"https:\/\/aliceonglerie.com\/wp-content\/uploads\/2024\/12\/26358.png","type":"image\/png"}],"twitter_card":"summary_large_image","schema":{"@context":"https:\/\/schema.org","@graph":[{"@type":"WebPage","@id":"https:\/\/aliceonglerie.com\/?product=art-line-corail","url":"https:\/\/aliceonglerie.com\/?product=art-line-corail","name":"Art Line Corail - ALICE ONGLERIE","isPartOf":{"@id":"https:\/\/aliceonglerie.com\/#website"},"primaryImageOfPage":{"@id":"https:\/\/aliceonglerie.com\/?product=art-line-corail#primaryimage"},"image":{"@id":"https:\/\/aliceonglerie.com\/?product=art-line-corail#primaryimage"},"thumbnailUrl":"https:\/\/aliceonglerie.com\/wp-content\/uploads\/2024\/12\/26358.png","datePublished":"2024-12-27T23:17:22+00:00","dateModified":"2025-01-25T14:47:53+00:00","breadcrumb":{"@id":"https:\/\/aliceonglerie.com\/?product=art-line-corail#breadcrumb"},"inLanguage":"en-US","potentialAction":[{"@type":"ReadAction","target":["https:\/\/aliceonglerie.com\/?product=art-line-corail"]}]},{"@type":"ImageObject","inLanguage":"en-US","@id":"https:\/\/aliceonglerie.com\/?product=art-line-corail#primaryimage","url":"https:\/\/aliceonglerie.com\/wp-content\/uploads\/2024\/12\/26358.png","contentUrl":"https:\/\/aliceonglerie.com\/wp-content\/uploads\/2024\/12\/26358.png","width":1080,"height":1080,"caption":"26358"},{"@type":"BreadcrumbList","@id":"https:\/\/aliceonglerie.com\/?product=art-line-corail#breadcrumb","itemListElement":[{"@type":"ListItem","position":1,"name":"Accueil","item":"https:\/\/aliceonglerie.com\/"},{"@type":"ListItem","position":2,"name":"Produits","item":"https:\/\/aliceonglerie.com\/?post_type=product"},{"@type":"ListItem","position":3,"name":"Art Line Corail"}]},{"@type":"WebSite","@id":"https:\/\/aliceonglerie.com\/#website","url":"https:\/\/aliceonglerie.com\/","name":"ALICE ONGLERIE","description":"","publisher":{"@id":"https:\/\/aliceonglerie.com\/#organization"},"potentialAction":[{"@type":"SearchAction","target":{"@type":"EntryPoint","urlTemplate":"https:\/\/aliceonglerie.com\/?s={search_term_string}"},"query-input":{"@type":"PropertyValueSpecification","valueRequired":true,"valueName":"search_term_string"}}],"inLanguage":"en-US"},{"@type":"Organization","@id":"https:\/\/aliceonglerie.com\/#organization","name":"ALICE ONGLERIE","url":"https:\/\/aliceonglerie.com\/","logo":{"@type":"ImageObject","inLanguage":"en-US","@id":"https:\/\/aliceonglerie.com\/#\/schema\/logo\/image\/","url":"https:\/\/aliceonglerie.com\/wp-content\/uploads\/2024\/12\/Alice-1.png","contentUrl":"https:\/\/aliceonglerie.com\/wp-content\/uploads\/2024\/12\/Alice-1.png","width":300,"height":100,"caption":"ALICE ONGLERIE"},"image":{"@id":"https:\/\/aliceonglerie.com\/#\/schema\/logo\/image\/"},"sameAs":["https:\/\/www.facebook.com\/aliceonglerie","https:\/\/www.instagram.com\/aliceonglerie\/"]}]}},"jetpack_sharing_enabled":true,"_links":{"self":[{"href":"https:\/\/aliceonglerie.com\/index.php?rest_route=\/wp\/v2\/product\/1444","targetHints":{"allow":["GET"]}}],"collection":[{"href":"https:\/\/aliceonglerie.com\/index.php?rest_route=\/wp\/v2\/product"}],"about":[{"href":"https:\/\/aliceonglerie.com\/index.php?rest_route=\/wp\/v2\/types\/product"}],"replies":[{"embeddable":true,"href":"https:\/\/aliceonglerie.com\/index.php?rest_route=%2Fwp%2Fv2%2Fcomments&post=1444"}],"wp:featuredmedia":[{"embeddable":true,"href":"https:\/\/aliceonglerie.com\/index.php?rest_route=\/wp\/v2\/media\/1445"}],"wp:attachment":[{"href":"https:\/\/aliceonglerie.com\/index.php?rest_route=%2Fwp%2Fv2%2Fmedia&parent=1444"}],"wp:term":[{"taxonomy":"product_brand","embeddable":true,"href":"https:\/\/aliceonglerie.com\/index.php?rest_route=%2Fwp%2Fv2%2Fproduct_brand&post=1444"},{"taxonomy":"product_cat","embeddable":true,"href":"https:\/\/aliceonglerie.com\/index.php?rest_route=%2Fwp%2Fv2%2Fproduct_cat&post=1444"},{"taxonomy":"product_tag","embeddable":true,"href":"https:\/\/aliceonglerie.com\/index.php?rest_route=%2Fwp%2Fv2%2Fproduct_tag&post=1444"}],"curies":[{"name":"wp","href":"https:\/\/api.w.org\/{rel}","templated":true}]}}