{"id":1398,"date":"2024-12-27T23:10:02","date_gmt":"2024-12-27T22:10:02","guid":{"rendered":"http:\/\/aliceonglerie.com\/?post_type=product&#038;p=1398"},"modified":"2024-12-27T23:25:29","modified_gmt":"2024-12-27T22:25:29","slug":"acrygel-milky-rose","status":"publish","type":"product","link":"https:\/\/aliceonglerie.com\/?product=acrygel-milky-rose","title":{"rendered":"Acrygel Milky Rose"},"content":{"rendered":"","protected":false},"excerpt":{"rendered":"<p>La gamme Acrygel Soft a \u00e9t\u00e9 con\u00e7ue pour les techniciennes en qu\u00eate d&#8217;une texture moins compacte, facilitant le travail.<\/p>\n<p>Gel de construction innovant, sa texture allie les avantages de la r\u00e9sine et du gel.<\/p>\n<ul>\n<li>Couleur : gel semi-transparent rose laiteux<\/li>\n<li>Consistance compacte, similaire \u00e0 une p\u00e2te<\/li>\n<li>Ne s\u00e8che pas \u00e0 l&#8217;air libre et ne coule pas<\/li>\n<\/ul>\n<p>Utilisation en extension, construction et gainage.<\/p>\n<p>Nous vous garantissons une tenue exceptionnelle avec notre base Rubber Clear.<\/p>\n","protected":false},"featured_media":1399,"comment_status":"open","ping_status":"closed","template":"","meta":{"_et_pb_use_builder":"","_et_pb_old_content":"","_et_gb_content_width":"","_glsr_average":0,"_glsr_ranking":0,"_glsr_reviews":0},"product_brand":[],"product_cat":[32,25],"product_tag":[],"class_list":{"0":"post-1398","1":"product","2":"type-product","3":"status-publish","4":"has-post-thumbnail","6":"product_cat-acrygel","7":"product_cat-gel","9":"first","10":"instock","11":"shipping-taxable","12":"product-type-simple"},"yoast_head":"<!-- This site is optimized with the Yoast SEO plugin v24.5 - https:\/\/yoast.com\/wordpress\/plugins\/seo\/ -->\n<title>Acrygel Milky Rose - ALICE ONGLERIE<\/title>\n<meta name=\"robots\" content=\"index, follow, max-snippet:-1, max-image-preview:large, max-video-preview:-1\" \/>\n<link rel=\"canonical\" href=\"https:\/\/aliceonglerie.com\/?product=acrygel-milky-rose\" \/>\n<meta property=\"og:locale\" content=\"en_US\" \/>\n<meta property=\"og:type\" content=\"article\" \/>\n<meta property=\"og:title\" content=\"Acrygel Milky Rose - ALICE ONGLERIE\" \/>\n<meta property=\"og:description\" content=\"La gamme Acrygel Soft a \u00e9t\u00e9 con\u00e7ue pour les techniciennes en qu\u00eate d&#039;une texture moins compacte, facilitant le travail.  Gel de construction innovant, sa texture allie les avantages de la r\u00e9sine et du gel.   Couleur : gel semi-transparent rose laiteux  Consistance compacte, similaire \u00e0 une p\u00e2te  Ne s\u00e8che pas \u00e0 l&#039;air libre et ne coule pas  Utilisation en extension, construction et gainage.  Nous vous garantissons une tenue exceptionnelle avec notre base Rubber Clear.\" \/>\n<meta property=\"og:url\" content=\"https:\/\/aliceonglerie.com\/?product=acrygel-milky-rose\" \/>\n<meta property=\"og:site_name\" content=\"ALICE ONGLERIE\" \/>\n<meta property=\"article:publisher\" content=\"https:\/\/www.facebook.com\/aliceonglerie\" \/>\n<meta property=\"article:modified_time\" content=\"2024-12-27T22:25:29+00:00\" \/>\n<meta property=\"og:image\" content=\"https:\/\/aliceonglerie.com\/wp-content\/uploads\/2024\/12\/26734.png\" \/>\n\t<meta property=\"og:image:width\" content=\"800\" \/>\n\t<meta property=\"og:image:height\" content=\"800\" \/>\n\t<meta property=\"og:image:type\" content=\"image\/png\" \/>\n<meta name=\"twitter:card\" content=\"summary_large_image\" \/>\n<script type=\"application\/ld+json\" class=\"yoast-schema-graph\">{\"@context\":\"https:\/\/schema.org\",\"@graph\":[{\"@type\":\"WebPage\",\"@id\":\"https:\/\/aliceonglerie.com\/?product=acrygel-milky-rose\",\"url\":\"https:\/\/aliceonglerie.com\/?product=acrygel-milky-rose\",\"name\":\"Acrygel Milky Rose - ALICE ONGLERIE\",\"isPartOf\":{\"@id\":\"https:\/\/aliceonglerie.com\/#website\"},\"primaryImageOfPage\":{\"@id\":\"https:\/\/aliceonglerie.com\/?product=acrygel-milky-rose#primaryimage\"},\"image\":{\"@id\":\"https:\/\/aliceonglerie.com\/?product=acrygel-milky-rose#primaryimage\"},\"thumbnailUrl\":\"https:\/\/aliceonglerie.com\/wp-content\/uploads\/2024\/12\/26734.png\",\"datePublished\":\"2024-12-27T22:10:02+00:00\",\"dateModified\":\"2024-12-27T22:25:29+00:00\",\"breadcrumb\":{\"@id\":\"https:\/\/aliceonglerie.com\/?product=acrygel-milky-rose#breadcrumb\"},\"inLanguage\":\"en-US\",\"potentialAction\":[{\"@type\":\"ReadAction\",\"target\":[\"https:\/\/aliceonglerie.com\/?product=acrygel-milky-rose\"]}]},{\"@type\":\"ImageObject\",\"inLanguage\":\"en-US\",\"@id\":\"https:\/\/aliceonglerie.com\/?product=acrygel-milky-rose#primaryimage\",\"url\":\"https:\/\/aliceonglerie.com\/wp-content\/uploads\/2024\/12\/26734.png\",\"contentUrl\":\"https:\/\/aliceonglerie.com\/wp-content\/uploads\/2024\/12\/26734.png\",\"width\":800,\"height\":800,\"caption\":\"26734\"},{\"@type\":\"BreadcrumbList\",\"@id\":\"https:\/\/aliceonglerie.com\/?product=acrygel-milky-rose#breadcrumb\",\"itemListElement\":[{\"@type\":\"ListItem\",\"position\":1,\"name\":\"Accueil\",\"item\":\"https:\/\/aliceonglerie.com\/\"},{\"@type\":\"ListItem\",\"position\":2,\"name\":\"Produits\",\"item\":\"https:\/\/aliceonglerie.com\/?post_type=product\"},{\"@type\":\"ListItem\",\"position\":3,\"name\":\"Acrygel Milky Rose\"}]},{\"@type\":\"WebSite\",\"@id\":\"https:\/\/aliceonglerie.com\/#website\",\"url\":\"https:\/\/aliceonglerie.com\/\",\"name\":\"ALICE ONGLERIE\",\"description\":\"\",\"publisher\":{\"@id\":\"https:\/\/aliceonglerie.com\/#organization\"},\"potentialAction\":[{\"@type\":\"SearchAction\",\"target\":{\"@type\":\"EntryPoint\",\"urlTemplate\":\"https:\/\/aliceonglerie.com\/?s={search_term_string}\"},\"query-input\":{\"@type\":\"PropertyValueSpecification\",\"valueRequired\":true,\"valueName\":\"search_term_string\"}}],\"inLanguage\":\"en-US\"},{\"@type\":\"Organization\",\"@id\":\"https:\/\/aliceonglerie.com\/#organization\",\"name\":\"ALICE ONGLERIE\",\"url\":\"https:\/\/aliceonglerie.com\/\",\"logo\":{\"@type\":\"ImageObject\",\"inLanguage\":\"en-US\",\"@id\":\"https:\/\/aliceonglerie.com\/#\/schema\/logo\/image\/\",\"url\":\"https:\/\/aliceonglerie.com\/wp-content\/uploads\/2024\/12\/Alice-1.png\",\"contentUrl\":\"https:\/\/aliceonglerie.com\/wp-content\/uploads\/2024\/12\/Alice-1.png\",\"width\":300,\"height\":100,\"caption\":\"ALICE ONGLERIE\"},\"image\":{\"@id\":\"https:\/\/aliceonglerie.com\/#\/schema\/logo\/image\/\"},\"sameAs\":[\"https:\/\/www.facebook.com\/aliceonglerie\",\"https:\/\/www.instagram.com\/aliceonglerie\/\"]}]}<\/script>\n<!-- \/ Yoast SEO plugin. -->","yoast_head_json":{"title":"Acrygel Milky Rose - ALICE ONGLERIE","robots":{"index":"index","follow":"follow","max-snippet":"max-snippet:-1","max-image-preview":"max-image-preview:large","max-video-preview":"max-video-preview:-1"},"canonical":"https:\/\/aliceonglerie.com\/?product=acrygel-milky-rose","og_locale":"en_US","og_type":"article","og_title":"Acrygel Milky Rose - ALICE ONGLERIE","og_description":"La gamme Acrygel Soft a \u00e9t\u00e9 con\u00e7ue pour les techniciennes en qu\u00eate d'une texture moins compacte, facilitant le travail.  Gel de construction innovant, sa texture allie les avantages de la r\u00e9sine et du gel.   Couleur : gel semi-transparent rose laiteux  Consistance compacte, similaire \u00e0 une p\u00e2te  Ne s\u00e8che pas \u00e0 l'air libre et ne coule pas  Utilisation en extension, construction et gainage.  Nous vous garantissons une tenue exceptionnelle avec notre base Rubber Clear.","og_url":"https:\/\/aliceonglerie.com\/?product=acrygel-milky-rose","og_site_name":"ALICE ONGLERIE","article_publisher":"https:\/\/www.facebook.com\/aliceonglerie","article_modified_time":"2024-12-27T22:25:29+00:00","og_image":[{"width":800,"height":800,"url":"https:\/\/aliceonglerie.com\/wp-content\/uploads\/2024\/12\/26734.png","type":"image\/png"}],"twitter_card":"summary_large_image","schema":{"@context":"https:\/\/schema.org","@graph":[{"@type":"WebPage","@id":"https:\/\/aliceonglerie.com\/?product=acrygel-milky-rose","url":"https:\/\/aliceonglerie.com\/?product=acrygel-milky-rose","name":"Acrygel Milky Rose - ALICE ONGLERIE","isPartOf":{"@id":"https:\/\/aliceonglerie.com\/#website"},"primaryImageOfPage":{"@id":"https:\/\/aliceonglerie.com\/?product=acrygel-milky-rose#primaryimage"},"image":{"@id":"https:\/\/aliceonglerie.com\/?product=acrygel-milky-rose#primaryimage"},"thumbnailUrl":"https:\/\/aliceonglerie.com\/wp-content\/uploads\/2024\/12\/26734.png","datePublished":"2024-12-27T22:10:02+00:00","dateModified":"2024-12-27T22:25:29+00:00","breadcrumb":{"@id":"https:\/\/aliceonglerie.com\/?product=acrygel-milky-rose#breadcrumb"},"inLanguage":"en-US","potentialAction":[{"@type":"ReadAction","target":["https:\/\/aliceonglerie.com\/?product=acrygel-milky-rose"]}]},{"@type":"ImageObject","inLanguage":"en-US","@id":"https:\/\/aliceonglerie.com\/?product=acrygel-milky-rose#primaryimage","url":"https:\/\/aliceonglerie.com\/wp-content\/uploads\/2024\/12\/26734.png","contentUrl":"https:\/\/aliceonglerie.com\/wp-content\/uploads\/2024\/12\/26734.png","width":800,"height":800,"caption":"26734"},{"@type":"BreadcrumbList","@id":"https:\/\/aliceonglerie.com\/?product=acrygel-milky-rose#breadcrumb","itemListElement":[{"@type":"ListItem","position":1,"name":"Accueil","item":"https:\/\/aliceonglerie.com\/"},{"@type":"ListItem","position":2,"name":"Produits","item":"https:\/\/aliceonglerie.com\/?post_type=product"},{"@type":"ListItem","position":3,"name":"Acrygel Milky Rose"}]},{"@type":"WebSite","@id":"https:\/\/aliceonglerie.com\/#website","url":"https:\/\/aliceonglerie.com\/","name":"ALICE ONGLERIE","description":"","publisher":{"@id":"https:\/\/aliceonglerie.com\/#organization"},"potentialAction":[{"@type":"SearchAction","target":{"@type":"EntryPoint","urlTemplate":"https:\/\/aliceonglerie.com\/?s={search_term_string}"},"query-input":{"@type":"PropertyValueSpecification","valueRequired":true,"valueName":"search_term_string"}}],"inLanguage":"en-US"},{"@type":"Organization","@id":"https:\/\/aliceonglerie.com\/#organization","name":"ALICE ONGLERIE","url":"https:\/\/aliceonglerie.com\/","logo":{"@type":"ImageObject","inLanguage":"en-US","@id":"https:\/\/aliceonglerie.com\/#\/schema\/logo\/image\/","url":"https:\/\/aliceonglerie.com\/wp-content\/uploads\/2024\/12\/Alice-1.png","contentUrl":"https:\/\/aliceonglerie.com\/wp-content\/uploads\/2024\/12\/Alice-1.png","width":300,"height":100,"caption":"ALICE ONGLERIE"},"image":{"@id":"https:\/\/aliceonglerie.com\/#\/schema\/logo\/image\/"},"sameAs":["https:\/\/www.facebook.com\/aliceonglerie","https:\/\/www.instagram.com\/aliceonglerie\/"]}]}},"jetpack_sharing_enabled":true,"_links":{"self":[{"href":"https:\/\/aliceonglerie.com\/index.php?rest_route=\/wp\/v2\/product\/1398","targetHints":{"allow":["GET"]}}],"collection":[{"href":"https:\/\/aliceonglerie.com\/index.php?rest_route=\/wp\/v2\/product"}],"about":[{"href":"https:\/\/aliceonglerie.com\/index.php?rest_route=\/wp\/v2\/types\/product"}],"replies":[{"embeddable":true,"href":"https:\/\/aliceonglerie.com\/index.php?rest_route=%2Fwp%2Fv2%2Fcomments&post=1398"}],"wp:featuredmedia":[{"embeddable":true,"href":"https:\/\/aliceonglerie.com\/index.php?rest_route=\/wp\/v2\/media\/1399"}],"wp:attachment":[{"href":"https:\/\/aliceonglerie.com\/index.php?rest_route=%2Fwp%2Fv2%2Fmedia&parent=1398"}],"wp:term":[{"taxonomy":"product_brand","embeddable":true,"href":"https:\/\/aliceonglerie.com\/index.php?rest_route=%2Fwp%2Fv2%2Fproduct_brand&post=1398"},{"taxonomy":"product_cat","embeddable":true,"href":"https:\/\/aliceonglerie.com\/index.php?rest_route=%2Fwp%2Fv2%2Fproduct_cat&post=1398"},{"taxonomy":"product_tag","embeddable":true,"href":"https:\/\/aliceonglerie.com\/index.php?rest_route=%2Fwp%2Fv2%2Fproduct_tag&post=1398"}],"curies":[{"name":"wp","href":"https:\/\/api.w.org\/{rel}","templated":true}]}}