{"id":1392,"date":"2024-12-27T23:04:17","date_gmt":"2024-12-27T22:04:17","guid":{"rendered":"http:\/\/aliceonglerie.com\/?post_type=product&#038;p=1392"},"modified":"2024-12-27T23:25:39","modified_gmt":"2024-12-27T22:25:39","slug":"acrygel-glitter-cover-rose","status":"publish","type":"product","link":"https:\/\/aliceonglerie.com\/?product=acrygel-glitter-cover-rose","title":{"rendered":"Acrygel Glitter Cover Rose"},"content":{"rendered":"<p><iframe loading=\"lazy\" title=\"Acrygel Glitter Cover Rose\" width=\"1080\" height=\"608\" src=\"https:\/\/www.youtube.com\/embed\/8zL_78z6syE?feature=oembed\"  allow=\"accelerometer; autoplay; clipboard-write; encrypted-media; gyroscope; picture-in-picture; web-share\" referrerpolicy=\"strict-origin-when-cross-origin\" allowfullscreen><\/iframe><\/p>\n<p>&nbsp;<\/p>\n","protected":false},"excerpt":{"rendered":"<p>Nouvelle formule plus dense que les Acrygel Soft, tout en pr\u00e9servant sa facilit\u00e9 d&#8217;application.<\/p>\n<p>Gel de construction innovant gr\u00e2ce \u00e0 sa texture qui combine les atouts de la r\u00e9sine et du gel.<\/p>\n<p>Cover rose paillet\u00e9 argent\u00e9.<\/p>\n<ul>\n<li>Consistance tr\u00e8s dense, semblable \u00e0 une p\u00e2te.<\/li>\n<li>Aucune chaleur durant la catalysation.<\/li>\n<li>Ne s\u00e8che pas \u00e0 l&#8217;air libre.<\/li>\n<\/ul>\n<p>Utilisation en extension, construction et gainage.<\/p>\n<p>Id\u00e9al pour la pose de Popits !<\/p>\n<p>Nous vous assurons une tenue exceptionnelle avec notre base Rubber Clear.<\/p>\n","protected":false},"featured_media":1393,"comment_status":"open","ping_status":"closed","template":"","meta":{"_et_pb_use_builder":"","_et_pb_old_content":"","_et_gb_content_width":"","_glsr_average":0,"_glsr_ranking":0,"_glsr_reviews":0},"product_brand":[],"product_cat":[32,25],"product_tag":[],"class_list":{"0":"post-1392","1":"product","2":"type-product","3":"status-publish","4":"has-post-thumbnail","6":"product_cat-acrygel","7":"product_cat-gel","9":"first","10":"instock","11":"shipping-taxable","12":"product-type-simple"},"yoast_head":"<!-- This site is optimized with the Yoast SEO plugin v24.5 - https:\/\/yoast.com\/wordpress\/plugins\/seo\/ -->\n<title>Acrygel Glitter Cover Rose - ALICE ONGLERIE<\/title>\n<meta name=\"robots\" content=\"index, follow, max-snippet:-1, max-image-preview:large, max-video-preview:-1\" \/>\n<link rel=\"canonical\" href=\"https:\/\/aliceonglerie.com\/?product=acrygel-glitter-cover-rose\" \/>\n<meta property=\"og:locale\" content=\"en_US\" \/>\n<meta property=\"og:type\" content=\"article\" \/>\n<meta property=\"og:title\" content=\"Acrygel Glitter Cover Rose - ALICE ONGLERIE\" \/>\n<meta property=\"og:description\" content=\"Nouvelle formule plus dense que les Acrygel Soft, tout en pr\u00e9servant sa facilit\u00e9 d&#039;application.  Gel de construction innovant gr\u00e2ce \u00e0 sa texture qui combine les atouts de la r\u00e9sine et du gel.  Cover rose paillet\u00e9 argent\u00e9.   Consistance tr\u00e8s dense, semblable \u00e0 une p\u00e2te.  Aucune chaleur durant la catalysation.  Ne s\u00e8che pas \u00e0 l&#039;air libre.  Utilisation en extension, construction et gainage.  Id\u00e9al pour la pose de Popits !  Nous vous assurons une tenue exceptionnelle avec notre base Rubber Clear.\" \/>\n<meta property=\"og:url\" content=\"https:\/\/aliceonglerie.com\/?product=acrygel-glitter-cover-rose\" \/>\n<meta property=\"og:site_name\" content=\"ALICE ONGLERIE\" \/>\n<meta property=\"article:publisher\" content=\"https:\/\/www.facebook.com\/aliceonglerie\" \/>\n<meta property=\"article:modified_time\" content=\"2024-12-27T22:25:39+00:00\" \/>\n<meta property=\"og:image\" content=\"https:\/\/aliceonglerie.com\/wp-content\/uploads\/2024\/12\/24231.png\" \/>\n\t<meta property=\"og:image:width\" content=\"1080\" \/>\n\t<meta property=\"og:image:height\" content=\"1080\" \/>\n\t<meta property=\"og:image:type\" content=\"image\/png\" \/>\n<meta name=\"twitter:card\" content=\"summary_large_image\" \/>\n<script type=\"application\/ld+json\" class=\"yoast-schema-graph\">{\"@context\":\"https:\/\/schema.org\",\"@graph\":[{\"@type\":\"WebPage\",\"@id\":\"https:\/\/aliceonglerie.com\/?product=acrygel-glitter-cover-rose\",\"url\":\"https:\/\/aliceonglerie.com\/?product=acrygel-glitter-cover-rose\",\"name\":\"Acrygel Glitter Cover Rose - ALICE ONGLERIE\",\"isPartOf\":{\"@id\":\"https:\/\/aliceonglerie.com\/#website\"},\"primaryImageOfPage\":{\"@id\":\"https:\/\/aliceonglerie.com\/?product=acrygel-glitter-cover-rose#primaryimage\"},\"image\":{\"@id\":\"https:\/\/aliceonglerie.com\/?product=acrygel-glitter-cover-rose#primaryimage\"},\"thumbnailUrl\":\"https:\/\/aliceonglerie.com\/wp-content\/uploads\/2024\/12\/24231.png\",\"datePublished\":\"2024-12-27T22:04:17+00:00\",\"dateModified\":\"2024-12-27T22:25:39+00:00\",\"breadcrumb\":{\"@id\":\"https:\/\/aliceonglerie.com\/?product=acrygel-glitter-cover-rose#breadcrumb\"},\"inLanguage\":\"en-US\",\"potentialAction\":[{\"@type\":\"ReadAction\",\"target\":[\"https:\/\/aliceonglerie.com\/?product=acrygel-glitter-cover-rose\"]}]},{\"@type\":\"ImageObject\",\"inLanguage\":\"en-US\",\"@id\":\"https:\/\/aliceonglerie.com\/?product=acrygel-glitter-cover-rose#primaryimage\",\"url\":\"https:\/\/aliceonglerie.com\/wp-content\/uploads\/2024\/12\/24231.png\",\"contentUrl\":\"https:\/\/aliceonglerie.com\/wp-content\/uploads\/2024\/12\/24231.png\",\"width\":1080,\"height\":1080,\"caption\":\"24231\"},{\"@type\":\"BreadcrumbList\",\"@id\":\"https:\/\/aliceonglerie.com\/?product=acrygel-glitter-cover-rose#breadcrumb\",\"itemListElement\":[{\"@type\":\"ListItem\",\"position\":1,\"name\":\"Accueil\",\"item\":\"https:\/\/aliceonglerie.com\/\"},{\"@type\":\"ListItem\",\"position\":2,\"name\":\"Produits\",\"item\":\"https:\/\/aliceonglerie.com\/?post_type=product\"},{\"@type\":\"ListItem\",\"position\":3,\"name\":\"Acrygel Glitter Cover Rose\"}]},{\"@type\":\"WebSite\",\"@id\":\"https:\/\/aliceonglerie.com\/#website\",\"url\":\"https:\/\/aliceonglerie.com\/\",\"name\":\"ALICE ONGLERIE\",\"description\":\"\",\"publisher\":{\"@id\":\"https:\/\/aliceonglerie.com\/#organization\"},\"potentialAction\":[{\"@type\":\"SearchAction\",\"target\":{\"@type\":\"EntryPoint\",\"urlTemplate\":\"https:\/\/aliceonglerie.com\/?s={search_term_string}\"},\"query-input\":{\"@type\":\"PropertyValueSpecification\",\"valueRequired\":true,\"valueName\":\"search_term_string\"}}],\"inLanguage\":\"en-US\"},{\"@type\":\"Organization\",\"@id\":\"https:\/\/aliceonglerie.com\/#organization\",\"name\":\"ALICE ONGLERIE\",\"url\":\"https:\/\/aliceonglerie.com\/\",\"logo\":{\"@type\":\"ImageObject\",\"inLanguage\":\"en-US\",\"@id\":\"https:\/\/aliceonglerie.com\/#\/schema\/logo\/image\/\",\"url\":\"https:\/\/aliceonglerie.com\/wp-content\/uploads\/2024\/12\/Alice-1.png\",\"contentUrl\":\"https:\/\/aliceonglerie.com\/wp-content\/uploads\/2024\/12\/Alice-1.png\",\"width\":300,\"height\":100,\"caption\":\"ALICE ONGLERIE\"},\"image\":{\"@id\":\"https:\/\/aliceonglerie.com\/#\/schema\/logo\/image\/\"},\"sameAs\":[\"https:\/\/www.facebook.com\/aliceonglerie\",\"https:\/\/www.instagram.com\/aliceonglerie\/\"]}]}<\/script>\n<!-- \/ Yoast SEO plugin. -->","yoast_head_json":{"title":"Acrygel Glitter Cover Rose - ALICE ONGLERIE","robots":{"index":"index","follow":"follow","max-snippet":"max-snippet:-1","max-image-preview":"max-image-preview:large","max-video-preview":"max-video-preview:-1"},"canonical":"https:\/\/aliceonglerie.com\/?product=acrygel-glitter-cover-rose","og_locale":"en_US","og_type":"article","og_title":"Acrygel Glitter Cover Rose - ALICE ONGLERIE","og_description":"Nouvelle formule plus dense que les Acrygel Soft, tout en pr\u00e9servant sa facilit\u00e9 d'application.  Gel de construction innovant gr\u00e2ce \u00e0 sa texture qui combine les atouts de la r\u00e9sine et du gel.  Cover rose paillet\u00e9 argent\u00e9.   Consistance tr\u00e8s dense, semblable \u00e0 une p\u00e2te.  Aucune chaleur durant la catalysation.  Ne s\u00e8che pas \u00e0 l'air libre.  Utilisation en extension, construction et gainage.  Id\u00e9al pour la pose de Popits !  Nous vous assurons une tenue exceptionnelle avec notre base Rubber Clear.","og_url":"https:\/\/aliceonglerie.com\/?product=acrygel-glitter-cover-rose","og_site_name":"ALICE ONGLERIE","article_publisher":"https:\/\/www.facebook.com\/aliceonglerie","article_modified_time":"2024-12-27T22:25:39+00:00","og_image":[{"width":1080,"height":1080,"url":"https:\/\/aliceonglerie.com\/wp-content\/uploads\/2024\/12\/24231.png","type":"image\/png"}],"twitter_card":"summary_large_image","schema":{"@context":"https:\/\/schema.org","@graph":[{"@type":"WebPage","@id":"https:\/\/aliceonglerie.com\/?product=acrygel-glitter-cover-rose","url":"https:\/\/aliceonglerie.com\/?product=acrygel-glitter-cover-rose","name":"Acrygel Glitter Cover Rose - ALICE ONGLERIE","isPartOf":{"@id":"https:\/\/aliceonglerie.com\/#website"},"primaryImageOfPage":{"@id":"https:\/\/aliceonglerie.com\/?product=acrygel-glitter-cover-rose#primaryimage"},"image":{"@id":"https:\/\/aliceonglerie.com\/?product=acrygel-glitter-cover-rose#primaryimage"},"thumbnailUrl":"https:\/\/aliceonglerie.com\/wp-content\/uploads\/2024\/12\/24231.png","datePublished":"2024-12-27T22:04:17+00:00","dateModified":"2024-12-27T22:25:39+00:00","breadcrumb":{"@id":"https:\/\/aliceonglerie.com\/?product=acrygel-glitter-cover-rose#breadcrumb"},"inLanguage":"en-US","potentialAction":[{"@type":"ReadAction","target":["https:\/\/aliceonglerie.com\/?product=acrygel-glitter-cover-rose"]}]},{"@type":"ImageObject","inLanguage":"en-US","@id":"https:\/\/aliceonglerie.com\/?product=acrygel-glitter-cover-rose#primaryimage","url":"https:\/\/aliceonglerie.com\/wp-content\/uploads\/2024\/12\/24231.png","contentUrl":"https:\/\/aliceonglerie.com\/wp-content\/uploads\/2024\/12\/24231.png","width":1080,"height":1080,"caption":"24231"},{"@type":"BreadcrumbList","@id":"https:\/\/aliceonglerie.com\/?product=acrygel-glitter-cover-rose#breadcrumb","itemListElement":[{"@type":"ListItem","position":1,"name":"Accueil","item":"https:\/\/aliceonglerie.com\/"},{"@type":"ListItem","position":2,"name":"Produits","item":"https:\/\/aliceonglerie.com\/?post_type=product"},{"@type":"ListItem","position":3,"name":"Acrygel Glitter Cover Rose"}]},{"@type":"WebSite","@id":"https:\/\/aliceonglerie.com\/#website","url":"https:\/\/aliceonglerie.com\/","name":"ALICE ONGLERIE","description":"","publisher":{"@id":"https:\/\/aliceonglerie.com\/#organization"},"potentialAction":[{"@type":"SearchAction","target":{"@type":"EntryPoint","urlTemplate":"https:\/\/aliceonglerie.com\/?s={search_term_string}"},"query-input":{"@type":"PropertyValueSpecification","valueRequired":true,"valueName":"search_term_string"}}],"inLanguage":"en-US"},{"@type":"Organization","@id":"https:\/\/aliceonglerie.com\/#organization","name":"ALICE ONGLERIE","url":"https:\/\/aliceonglerie.com\/","logo":{"@type":"ImageObject","inLanguage":"en-US","@id":"https:\/\/aliceonglerie.com\/#\/schema\/logo\/image\/","url":"https:\/\/aliceonglerie.com\/wp-content\/uploads\/2024\/12\/Alice-1.png","contentUrl":"https:\/\/aliceonglerie.com\/wp-content\/uploads\/2024\/12\/Alice-1.png","width":300,"height":100,"caption":"ALICE ONGLERIE"},"image":{"@id":"https:\/\/aliceonglerie.com\/#\/schema\/logo\/image\/"},"sameAs":["https:\/\/www.facebook.com\/aliceonglerie","https:\/\/www.instagram.com\/aliceonglerie\/"]}]}},"jetpack_sharing_enabled":true,"_links":{"self":[{"href":"https:\/\/aliceonglerie.com\/index.php?rest_route=\/wp\/v2\/product\/1392","targetHints":{"allow":["GET"]}}],"collection":[{"href":"https:\/\/aliceonglerie.com\/index.php?rest_route=\/wp\/v2\/product"}],"about":[{"href":"https:\/\/aliceonglerie.com\/index.php?rest_route=\/wp\/v2\/types\/product"}],"replies":[{"embeddable":true,"href":"https:\/\/aliceonglerie.com\/index.php?rest_route=%2Fwp%2Fv2%2Fcomments&post=1392"}],"wp:featuredmedia":[{"embeddable":true,"href":"https:\/\/aliceonglerie.com\/index.php?rest_route=\/wp\/v2\/media\/1393"}],"wp:attachment":[{"href":"https:\/\/aliceonglerie.com\/index.php?rest_route=%2Fwp%2Fv2%2Fmedia&parent=1392"}],"wp:term":[{"taxonomy":"product_brand","embeddable":true,"href":"https:\/\/aliceonglerie.com\/index.php?rest_route=%2Fwp%2Fv2%2Fproduct_brand&post=1392"},{"taxonomy":"product_cat","embeddable":true,"href":"https:\/\/aliceonglerie.com\/index.php?rest_route=%2Fwp%2Fv2%2Fproduct_cat&post=1392"},{"taxonomy":"product_tag","embeddable":true,"href":"https:\/\/aliceonglerie.com\/index.php?rest_route=%2Fwp%2Fv2%2Fproduct_tag&post=1392"}],"curies":[{"name":"wp","href":"https:\/\/api.w.org\/{rel}","templated":true}]}}