{"id":1345,"date":"2024-12-27T21:59:27","date_gmt":"2024-12-27T20:59:27","guid":{"rendered":"http:\/\/aliceonglerie.com\/?post_type=product&#038;p=1345"},"modified":"2024-12-27T21:59:27","modified_gmt":"2024-12-27T20:59:27","slug":"art-line-white","status":"publish","type":"product","link":"https:\/\/aliceonglerie.com\/?product=art-line-white","title":{"rendered":"Art Line White"},"content":{"rendered":"","protected":false},"excerpt":{"rendered":"<p>La gamme <strong>gel Art Line<\/strong> est con\u00e7ue pour satisfaire les Nail Artists les plus exigeants. D\u00e9couvrez des gels de peinture \u00e0 la texture fluide et \u00e0 la pigmentation exceptionnelle. R\u00e9alisez de superbes Babycolors et d\u00e9grad\u00e9s \u00e0 l&#8217;\u00e9ponge en seulement deux \u00e9tapes ! Ces gels sont id\u00e9aux pour le stamping, le One Stroke et le micro painting, vous permettant de tracer des lignes ultra fines. <strong>Couleur :<\/strong> blanc pur. Pour une catalysation optimale, veillez \u00e0 appliquer ces gels en tr\u00e8s fines couches, car ils ne conviennent pas aux Nail Art en relief. \u00c9vitez d\u2019utiliser le noir en couleur pleine et prolongez le temps de catalysation. <strong>Temps de polym\u00e9risation :<\/strong> UV 180 secondes, UV LED 120 secondes. Les Art Line sont plus lourds en raison de leur forte concentration en pigments, ce qui fait que le pot n\u2019est pas enti\u00e8rement rempli.Disponibles en pot de 5 g ou en tube de 8 g.<\/p>\n","protected":false},"featured_media":1346,"comment_status":"open","ping_status":"closed","template":"","meta":{"_et_pb_use_builder":"","_et_pb_old_content":"","_et_gb_content_width":"","_glsr_average":0,"_glsr_ranking":0,"_glsr_reviews":0},"product_brand":[],"product_cat":[26,25],"product_tag":[],"class_list":{"0":"post-1345","1":"product","2":"type-product","3":"status-publish","4":"has-post-thumbnail","6":"product_cat-base","7":"product_cat-gel","9":"first","10":"instock","11":"shipping-taxable","12":"product-type-simple"},"yoast_head":"<!-- This site is optimized with the Yoast SEO plugin v24.5 - https:\/\/yoast.com\/wordpress\/plugins\/seo\/ -->\n<title>Art Line White - ALICE ONGLERIE<\/title>\n<meta name=\"robots\" content=\"index, follow, max-snippet:-1, max-image-preview:large, max-video-preview:-1\" \/>\n<link rel=\"canonical\" href=\"https:\/\/aliceonglerie.com\/?product=art-line-white\" \/>\n<meta property=\"og:locale\" content=\"en_US\" \/>\n<meta property=\"og:type\" content=\"article\" \/>\n<meta property=\"og:title\" content=\"Art Line White - ALICE ONGLERIE\" \/>\n<meta property=\"og:description\" content=\"La gamme gel Art Line est con\u00e7ue pour satisfaire les Nail Artists les plus exigeants. D\u00e9couvrez des gels de peinture \u00e0 la texture fluide et \u00e0 la pigmentation exceptionnelle. R\u00e9alisez de superbes Babycolors et d\u00e9grad\u00e9s \u00e0 l&#039;\u00e9ponge en seulement deux \u00e9tapes ! Ces gels sont id\u00e9aux pour le stamping, le One Stroke et le micro painting, vous permettant de tracer des lignes ultra fines. Couleur : blanc pur. Pour une catalysation optimale, veillez \u00e0 appliquer ces gels en tr\u00e8s fines couches, car ils ne conviennent pas aux Nail Art en relief. \u00c9vitez d\u2019utiliser le noir en couleur pleine et prolongez le temps de catalysation. Temps de polym\u00e9risation : UV 180 secondes, UV LED 120 secondes. Les Art Line sont plus lourds en raison de leur forte concentration en pigments, ce qui fait que le pot n\u2019est pas enti\u00e8rement rempli.Disponibles en pot de 5 g ou en tube de 8 g.\" \/>\n<meta property=\"og:url\" content=\"https:\/\/aliceonglerie.com\/?product=art-line-white\" \/>\n<meta property=\"og:site_name\" content=\"ALICE ONGLERIE\" \/>\n<meta property=\"article:publisher\" content=\"https:\/\/www.facebook.com\/aliceonglerie\" \/>\n<meta property=\"og:image\" content=\"https:\/\/aliceonglerie.com\/wp-content\/uploads\/2024\/12\/23222.png\" \/>\n\t<meta property=\"og:image:width\" content=\"1080\" \/>\n\t<meta property=\"og:image:height\" content=\"1080\" \/>\n\t<meta property=\"og:image:type\" content=\"image\/png\" \/>\n<meta name=\"twitter:card\" content=\"summary_large_image\" \/>\n<script type=\"application\/ld+json\" class=\"yoast-schema-graph\">{\"@context\":\"https:\/\/schema.org\",\"@graph\":[{\"@type\":\"WebPage\",\"@id\":\"https:\/\/aliceonglerie.com\/?product=art-line-white\",\"url\":\"https:\/\/aliceonglerie.com\/?product=art-line-white\",\"name\":\"Art Line White - ALICE ONGLERIE\",\"isPartOf\":{\"@id\":\"https:\/\/aliceonglerie.com\/#website\"},\"primaryImageOfPage\":{\"@id\":\"https:\/\/aliceonglerie.com\/?product=art-line-white#primaryimage\"},\"image\":{\"@id\":\"https:\/\/aliceonglerie.com\/?product=art-line-white#primaryimage\"},\"thumbnailUrl\":\"https:\/\/aliceonglerie.com\/wp-content\/uploads\/2024\/12\/23222.png\",\"datePublished\":\"2024-12-27T20:59:27+00:00\",\"breadcrumb\":{\"@id\":\"https:\/\/aliceonglerie.com\/?product=art-line-white#breadcrumb\"},\"inLanguage\":\"en-US\",\"potentialAction\":[{\"@type\":\"ReadAction\",\"target\":[\"https:\/\/aliceonglerie.com\/?product=art-line-white\"]}]},{\"@type\":\"ImageObject\",\"inLanguage\":\"en-US\",\"@id\":\"https:\/\/aliceonglerie.com\/?product=art-line-white#primaryimage\",\"url\":\"https:\/\/aliceonglerie.com\/wp-content\/uploads\/2024\/12\/23222.png\",\"contentUrl\":\"https:\/\/aliceonglerie.com\/wp-content\/uploads\/2024\/12\/23222.png\",\"width\":1080,\"height\":1080,\"caption\":\"23222\"},{\"@type\":\"BreadcrumbList\",\"@id\":\"https:\/\/aliceonglerie.com\/?product=art-line-white#breadcrumb\",\"itemListElement\":[{\"@type\":\"ListItem\",\"position\":1,\"name\":\"Accueil\",\"item\":\"https:\/\/aliceonglerie.com\/\"},{\"@type\":\"ListItem\",\"position\":2,\"name\":\"Produits\",\"item\":\"https:\/\/aliceonglerie.com\/?post_type=product\"},{\"@type\":\"ListItem\",\"position\":3,\"name\":\"Art Line White\"}]},{\"@type\":\"WebSite\",\"@id\":\"https:\/\/aliceonglerie.com\/#website\",\"url\":\"https:\/\/aliceonglerie.com\/\",\"name\":\"ALICE ONGLERIE\",\"description\":\"\",\"publisher\":{\"@id\":\"https:\/\/aliceonglerie.com\/#organization\"},\"potentialAction\":[{\"@type\":\"SearchAction\",\"target\":{\"@type\":\"EntryPoint\",\"urlTemplate\":\"https:\/\/aliceonglerie.com\/?s={search_term_string}\"},\"query-input\":{\"@type\":\"PropertyValueSpecification\",\"valueRequired\":true,\"valueName\":\"search_term_string\"}}],\"inLanguage\":\"en-US\"},{\"@type\":\"Organization\",\"@id\":\"https:\/\/aliceonglerie.com\/#organization\",\"name\":\"ALICE ONGLERIE\",\"url\":\"https:\/\/aliceonglerie.com\/\",\"logo\":{\"@type\":\"ImageObject\",\"inLanguage\":\"en-US\",\"@id\":\"https:\/\/aliceonglerie.com\/#\/schema\/logo\/image\/\",\"url\":\"https:\/\/aliceonglerie.com\/wp-content\/uploads\/2024\/12\/Alice-1.png\",\"contentUrl\":\"https:\/\/aliceonglerie.com\/wp-content\/uploads\/2024\/12\/Alice-1.png\",\"width\":300,\"height\":100,\"caption\":\"ALICE ONGLERIE\"},\"image\":{\"@id\":\"https:\/\/aliceonglerie.com\/#\/schema\/logo\/image\/\"},\"sameAs\":[\"https:\/\/www.facebook.com\/aliceonglerie\",\"https:\/\/www.instagram.com\/aliceonglerie\/\"]}]}<\/script>\n<!-- \/ Yoast SEO plugin. -->","yoast_head_json":{"title":"Art Line White - ALICE ONGLERIE","robots":{"index":"index","follow":"follow","max-snippet":"max-snippet:-1","max-image-preview":"max-image-preview:large","max-video-preview":"max-video-preview:-1"},"canonical":"https:\/\/aliceonglerie.com\/?product=art-line-white","og_locale":"en_US","og_type":"article","og_title":"Art Line White - ALICE ONGLERIE","og_description":"La gamme gel Art Line est con\u00e7ue pour satisfaire les Nail Artists les plus exigeants. D\u00e9couvrez des gels de peinture \u00e0 la texture fluide et \u00e0 la pigmentation exceptionnelle. R\u00e9alisez de superbes Babycolors et d\u00e9grad\u00e9s \u00e0 l'\u00e9ponge en seulement deux \u00e9tapes ! Ces gels sont id\u00e9aux pour le stamping, le One Stroke et le micro painting, vous permettant de tracer des lignes ultra fines. Couleur : blanc pur. Pour une catalysation optimale, veillez \u00e0 appliquer ces gels en tr\u00e8s fines couches, car ils ne conviennent pas aux Nail Art en relief. \u00c9vitez d\u2019utiliser le noir en couleur pleine et prolongez le temps de catalysation. Temps de polym\u00e9risation : UV 180 secondes, UV LED 120 secondes. Les Art Line sont plus lourds en raison de leur forte concentration en pigments, ce qui fait que le pot n\u2019est pas enti\u00e8rement rempli.Disponibles en pot de 5 g ou en tube de 8 g.","og_url":"https:\/\/aliceonglerie.com\/?product=art-line-white","og_site_name":"ALICE ONGLERIE","article_publisher":"https:\/\/www.facebook.com\/aliceonglerie","og_image":[{"width":1080,"height":1080,"url":"https:\/\/aliceonglerie.com\/wp-content\/uploads\/2024\/12\/23222.png","type":"image\/png"}],"twitter_card":"summary_large_image","schema":{"@context":"https:\/\/schema.org","@graph":[{"@type":"WebPage","@id":"https:\/\/aliceonglerie.com\/?product=art-line-white","url":"https:\/\/aliceonglerie.com\/?product=art-line-white","name":"Art Line White - ALICE ONGLERIE","isPartOf":{"@id":"https:\/\/aliceonglerie.com\/#website"},"primaryImageOfPage":{"@id":"https:\/\/aliceonglerie.com\/?product=art-line-white#primaryimage"},"image":{"@id":"https:\/\/aliceonglerie.com\/?product=art-line-white#primaryimage"},"thumbnailUrl":"https:\/\/aliceonglerie.com\/wp-content\/uploads\/2024\/12\/23222.png","datePublished":"2024-12-27T20:59:27+00:00","breadcrumb":{"@id":"https:\/\/aliceonglerie.com\/?product=art-line-white#breadcrumb"},"inLanguage":"en-US","potentialAction":[{"@type":"ReadAction","target":["https:\/\/aliceonglerie.com\/?product=art-line-white"]}]},{"@type":"ImageObject","inLanguage":"en-US","@id":"https:\/\/aliceonglerie.com\/?product=art-line-white#primaryimage","url":"https:\/\/aliceonglerie.com\/wp-content\/uploads\/2024\/12\/23222.png","contentUrl":"https:\/\/aliceonglerie.com\/wp-content\/uploads\/2024\/12\/23222.png","width":1080,"height":1080,"caption":"23222"},{"@type":"BreadcrumbList","@id":"https:\/\/aliceonglerie.com\/?product=art-line-white#breadcrumb","itemListElement":[{"@type":"ListItem","position":1,"name":"Accueil","item":"https:\/\/aliceonglerie.com\/"},{"@type":"ListItem","position":2,"name":"Produits","item":"https:\/\/aliceonglerie.com\/?post_type=product"},{"@type":"ListItem","position":3,"name":"Art Line White"}]},{"@type":"WebSite","@id":"https:\/\/aliceonglerie.com\/#website","url":"https:\/\/aliceonglerie.com\/","name":"ALICE ONGLERIE","description":"","publisher":{"@id":"https:\/\/aliceonglerie.com\/#organization"},"potentialAction":[{"@type":"SearchAction","target":{"@type":"EntryPoint","urlTemplate":"https:\/\/aliceonglerie.com\/?s={search_term_string}"},"query-input":{"@type":"PropertyValueSpecification","valueRequired":true,"valueName":"search_term_string"}}],"inLanguage":"en-US"},{"@type":"Organization","@id":"https:\/\/aliceonglerie.com\/#organization","name":"ALICE ONGLERIE","url":"https:\/\/aliceonglerie.com\/","logo":{"@type":"ImageObject","inLanguage":"en-US","@id":"https:\/\/aliceonglerie.com\/#\/schema\/logo\/image\/","url":"https:\/\/aliceonglerie.com\/wp-content\/uploads\/2024\/12\/Alice-1.png","contentUrl":"https:\/\/aliceonglerie.com\/wp-content\/uploads\/2024\/12\/Alice-1.png","width":300,"height":100,"caption":"ALICE ONGLERIE"},"image":{"@id":"https:\/\/aliceonglerie.com\/#\/schema\/logo\/image\/"},"sameAs":["https:\/\/www.facebook.com\/aliceonglerie","https:\/\/www.instagram.com\/aliceonglerie\/"]}]}},"jetpack_sharing_enabled":true,"_links":{"self":[{"href":"https:\/\/aliceonglerie.com\/index.php?rest_route=\/wp\/v2\/product\/1345","targetHints":{"allow":["GET"]}}],"collection":[{"href":"https:\/\/aliceonglerie.com\/index.php?rest_route=\/wp\/v2\/product"}],"about":[{"href":"https:\/\/aliceonglerie.com\/index.php?rest_route=\/wp\/v2\/types\/product"}],"replies":[{"embeddable":true,"href":"https:\/\/aliceonglerie.com\/index.php?rest_route=%2Fwp%2Fv2%2Fcomments&post=1345"}],"wp:featuredmedia":[{"embeddable":true,"href":"https:\/\/aliceonglerie.com\/index.php?rest_route=\/wp\/v2\/media\/1346"}],"wp:attachment":[{"href":"https:\/\/aliceonglerie.com\/index.php?rest_route=%2Fwp%2Fv2%2Fmedia&parent=1345"}],"wp:term":[{"taxonomy":"product_brand","embeddable":true,"href":"https:\/\/aliceonglerie.com\/index.php?rest_route=%2Fwp%2Fv2%2Fproduct_brand&post=1345"},{"taxonomy":"product_cat","embeddable":true,"href":"https:\/\/aliceonglerie.com\/index.php?rest_route=%2Fwp%2Fv2%2Fproduct_cat&post=1345"},{"taxonomy":"product_tag","embeddable":true,"href":"https:\/\/aliceonglerie.com\/index.php?rest_route=%2Fwp%2Fv2%2Fproduct_tag&post=1345"}],"curies":[{"name":"wp","href":"https:\/\/api.w.org\/{rel}","templated":true}]}}