{"id":1337,"date":"2024-12-27T21:49:26","date_gmt":"2024-12-27T20:49:26","guid":{"rendered":"http:\/\/aliceonglerie.com\/?post_type=product&#038;p=1337"},"modified":"2024-12-27T21:49:26","modified_gmt":"2024-12-27T20:49:26","slug":"absolute-cover-glitter","status":"publish","type":"product","link":"https:\/\/aliceonglerie.com\/?product=absolute-cover-glitter","title":{"rendered":"Absolute Cover Glitter"},"content":{"rendered":"","protected":false},"excerpt":{"rendered":"<p>Toujours en qu\u00eate du gel parfait, COD Nail System a cr\u00e9\u00e9 un gel \u00e0 la texture id\u00e9ale. D\u00e9couvrez les atouts des gammes Easy (auto-\u00e9galisation) et Supreme (non coulant) r\u00e9unis dans un seul produit ! Ce gel de construction, enti\u00e8rement transparent, est parfait pour vos extensions, constructions et incrustations de paillettes. Il offre une chaleur minimale lors de l\u2019application. Sa texture, non collante et non \u00e9lastique, ressemble \u00e0 du \u00ab Jelly \u00bb et s\u2019auto-\u00e9galise \u00e0 100 % sans couler. Id\u00e9al pour travailler plusieurs doigts en m\u00eame temps, ce gel est tr\u00e8s rigide, donc d\u00e9conseill\u00e9 pour les mini constructions type gainage. Avec la Base Rubber Clear, nous garantissons une tenue extr\u00eame. Pour une application optimale, travaillez-le en effleurage pour \u00e9viter la formation de bulles.<\/p>\n","protected":false},"featured_media":1339,"comment_status":"open","ping_status":"closed","template":"","meta":{"_et_pb_use_builder":"","_et_pb_old_content":"","_et_gb_content_width":"","_glsr_average":0,"_glsr_ranking":0,"_glsr_reviews":0},"product_brand":[],"product_cat":[26,25],"product_tag":[],"class_list":{"0":"post-1337","1":"product","2":"type-product","3":"status-publish","4":"has-post-thumbnail","6":"product_cat-base","7":"product_cat-gel","9":"first","10":"instock","11":"shipping-taxable","12":"product-type-simple"},"yoast_head":"<!-- This site is optimized with the Yoast SEO plugin v24.5 - https:\/\/yoast.com\/wordpress\/plugins\/seo\/ -->\n<title>Absolute Cover Glitter - ALICE ONGLERIE<\/title>\n<meta name=\"robots\" content=\"index, follow, max-snippet:-1, max-image-preview:large, max-video-preview:-1\" \/>\n<link rel=\"canonical\" href=\"https:\/\/aliceonglerie.com\/?product=absolute-cover-glitter\" \/>\n<meta property=\"og:locale\" content=\"en_US\" \/>\n<meta property=\"og:type\" content=\"article\" \/>\n<meta property=\"og:title\" content=\"Absolute Cover Glitter - ALICE ONGLERIE\" \/>\n<meta property=\"og:description\" content=\"Toujours en qu\u00eate du gel parfait, COD Nail System a cr\u00e9\u00e9 un gel \u00e0 la texture id\u00e9ale. D\u00e9couvrez les atouts des gammes Easy (auto-\u00e9galisation) et Supreme (non coulant) r\u00e9unis dans un seul produit ! Ce gel de construction, enti\u00e8rement transparent, est parfait pour vos extensions, constructions et incrustations de paillettes. Il offre une chaleur minimale lors de l\u2019application. Sa texture, non collante et non \u00e9lastique, ressemble \u00e0 du \u00ab Jelly \u00bb et s\u2019auto-\u00e9galise \u00e0 100 % sans couler. Id\u00e9al pour travailler plusieurs doigts en m\u00eame temps, ce gel est tr\u00e8s rigide, donc d\u00e9conseill\u00e9 pour les mini constructions type gainage. Avec la Base Rubber Clear, nous garantissons une tenue extr\u00eame. Pour une application optimale, travaillez-le en effleurage pour \u00e9viter la formation de bulles.\" \/>\n<meta property=\"og:url\" content=\"https:\/\/aliceonglerie.com\/?product=absolute-cover-glitter\" \/>\n<meta property=\"og:site_name\" content=\"ALICE ONGLERIE\" \/>\n<meta property=\"article:publisher\" content=\"https:\/\/www.facebook.com\/aliceonglerie\" \/>\n<meta property=\"og:image\" content=\"https:\/\/aliceonglerie.com\/wp-content\/uploads\/2024\/12\/absolute-line-cover-gliiter-5-ml.png\" \/>\n\t<meta property=\"og:image:width\" content=\"800\" \/>\n\t<meta property=\"og:image:height\" content=\"800\" \/>\n\t<meta property=\"og:image:type\" content=\"image\/png\" \/>\n<meta name=\"twitter:card\" content=\"summary_large_image\" \/>\n<script type=\"application\/ld+json\" class=\"yoast-schema-graph\">{\"@context\":\"https:\/\/schema.org\",\"@graph\":[{\"@type\":\"WebPage\",\"@id\":\"https:\/\/aliceonglerie.com\/?product=absolute-cover-glitter\",\"url\":\"https:\/\/aliceonglerie.com\/?product=absolute-cover-glitter\",\"name\":\"Absolute Cover Glitter - ALICE ONGLERIE\",\"isPartOf\":{\"@id\":\"https:\/\/aliceonglerie.com\/#website\"},\"primaryImageOfPage\":{\"@id\":\"https:\/\/aliceonglerie.com\/?product=absolute-cover-glitter#primaryimage\"},\"image\":{\"@id\":\"https:\/\/aliceonglerie.com\/?product=absolute-cover-glitter#primaryimage\"},\"thumbnailUrl\":\"https:\/\/aliceonglerie.com\/wp-content\/uploads\/2024\/12\/absolute-line-cover-gliiter-5-ml.png\",\"datePublished\":\"2024-12-27T20:49:26+00:00\",\"breadcrumb\":{\"@id\":\"https:\/\/aliceonglerie.com\/?product=absolute-cover-glitter#breadcrumb\"},\"inLanguage\":\"en-US\",\"potentialAction\":[{\"@type\":\"ReadAction\",\"target\":[\"https:\/\/aliceonglerie.com\/?product=absolute-cover-glitter\"]}]},{\"@type\":\"ImageObject\",\"inLanguage\":\"en-US\",\"@id\":\"https:\/\/aliceonglerie.com\/?product=absolute-cover-glitter#primaryimage\",\"url\":\"https:\/\/aliceonglerie.com\/wp-content\/uploads\/2024\/12\/absolute-line-cover-gliiter-5-ml.png\",\"contentUrl\":\"https:\/\/aliceonglerie.com\/wp-content\/uploads\/2024\/12\/absolute-line-cover-gliiter-5-ml.png\",\"width\":800,\"height\":800,\"caption\":\"absolute-line-cover-gliiter-5-ml\"},{\"@type\":\"BreadcrumbList\",\"@id\":\"https:\/\/aliceonglerie.com\/?product=absolute-cover-glitter#breadcrumb\",\"itemListElement\":[{\"@type\":\"ListItem\",\"position\":1,\"name\":\"Accueil\",\"item\":\"https:\/\/aliceonglerie.com\/\"},{\"@type\":\"ListItem\",\"position\":2,\"name\":\"Produits\",\"item\":\"https:\/\/aliceonglerie.com\/?post_type=product\"},{\"@type\":\"ListItem\",\"position\":3,\"name\":\"Absolute Cover Glitter\"}]},{\"@type\":\"WebSite\",\"@id\":\"https:\/\/aliceonglerie.com\/#website\",\"url\":\"https:\/\/aliceonglerie.com\/\",\"name\":\"ALICE ONGLERIE\",\"description\":\"\",\"publisher\":{\"@id\":\"https:\/\/aliceonglerie.com\/#organization\"},\"potentialAction\":[{\"@type\":\"SearchAction\",\"target\":{\"@type\":\"EntryPoint\",\"urlTemplate\":\"https:\/\/aliceonglerie.com\/?s={search_term_string}\"},\"query-input\":{\"@type\":\"PropertyValueSpecification\",\"valueRequired\":true,\"valueName\":\"search_term_string\"}}],\"inLanguage\":\"en-US\"},{\"@type\":\"Organization\",\"@id\":\"https:\/\/aliceonglerie.com\/#organization\",\"name\":\"ALICE ONGLERIE\",\"url\":\"https:\/\/aliceonglerie.com\/\",\"logo\":{\"@type\":\"ImageObject\",\"inLanguage\":\"en-US\",\"@id\":\"https:\/\/aliceonglerie.com\/#\/schema\/logo\/image\/\",\"url\":\"https:\/\/aliceonglerie.com\/wp-content\/uploads\/2024\/12\/Alice-1.png\",\"contentUrl\":\"https:\/\/aliceonglerie.com\/wp-content\/uploads\/2024\/12\/Alice-1.png\",\"width\":300,\"height\":100,\"caption\":\"ALICE ONGLERIE\"},\"image\":{\"@id\":\"https:\/\/aliceonglerie.com\/#\/schema\/logo\/image\/\"},\"sameAs\":[\"https:\/\/www.facebook.com\/aliceonglerie\",\"https:\/\/www.instagram.com\/aliceonglerie\/\"]}]}<\/script>\n<!-- \/ Yoast SEO plugin. -->","yoast_head_json":{"title":"Absolute Cover Glitter - ALICE ONGLERIE","robots":{"index":"index","follow":"follow","max-snippet":"max-snippet:-1","max-image-preview":"max-image-preview:large","max-video-preview":"max-video-preview:-1"},"canonical":"https:\/\/aliceonglerie.com\/?product=absolute-cover-glitter","og_locale":"en_US","og_type":"article","og_title":"Absolute Cover Glitter - ALICE ONGLERIE","og_description":"Toujours en qu\u00eate du gel parfait, COD Nail System a cr\u00e9\u00e9 un gel \u00e0 la texture id\u00e9ale. D\u00e9couvrez les atouts des gammes Easy (auto-\u00e9galisation) et Supreme (non coulant) r\u00e9unis dans un seul produit ! Ce gel de construction, enti\u00e8rement transparent, est parfait pour vos extensions, constructions et incrustations de paillettes. Il offre une chaleur minimale lors de l\u2019application. Sa texture, non collante et non \u00e9lastique, ressemble \u00e0 du \u00ab Jelly \u00bb et s\u2019auto-\u00e9galise \u00e0 100 % sans couler. Id\u00e9al pour travailler plusieurs doigts en m\u00eame temps, ce gel est tr\u00e8s rigide, donc d\u00e9conseill\u00e9 pour les mini constructions type gainage. Avec la Base Rubber Clear, nous garantissons une tenue extr\u00eame. Pour une application optimale, travaillez-le en effleurage pour \u00e9viter la formation de bulles.","og_url":"https:\/\/aliceonglerie.com\/?product=absolute-cover-glitter","og_site_name":"ALICE ONGLERIE","article_publisher":"https:\/\/www.facebook.com\/aliceonglerie","og_image":[{"width":800,"height":800,"url":"https:\/\/aliceonglerie.com\/wp-content\/uploads\/2024\/12\/absolute-line-cover-gliiter-5-ml.png","type":"image\/png"}],"twitter_card":"summary_large_image","schema":{"@context":"https:\/\/schema.org","@graph":[{"@type":"WebPage","@id":"https:\/\/aliceonglerie.com\/?product=absolute-cover-glitter","url":"https:\/\/aliceonglerie.com\/?product=absolute-cover-glitter","name":"Absolute Cover Glitter - ALICE ONGLERIE","isPartOf":{"@id":"https:\/\/aliceonglerie.com\/#website"},"primaryImageOfPage":{"@id":"https:\/\/aliceonglerie.com\/?product=absolute-cover-glitter#primaryimage"},"image":{"@id":"https:\/\/aliceonglerie.com\/?product=absolute-cover-glitter#primaryimage"},"thumbnailUrl":"https:\/\/aliceonglerie.com\/wp-content\/uploads\/2024\/12\/absolute-line-cover-gliiter-5-ml.png","datePublished":"2024-12-27T20:49:26+00:00","breadcrumb":{"@id":"https:\/\/aliceonglerie.com\/?product=absolute-cover-glitter#breadcrumb"},"inLanguage":"en-US","potentialAction":[{"@type":"ReadAction","target":["https:\/\/aliceonglerie.com\/?product=absolute-cover-glitter"]}]},{"@type":"ImageObject","inLanguage":"en-US","@id":"https:\/\/aliceonglerie.com\/?product=absolute-cover-glitter#primaryimage","url":"https:\/\/aliceonglerie.com\/wp-content\/uploads\/2024\/12\/absolute-line-cover-gliiter-5-ml.png","contentUrl":"https:\/\/aliceonglerie.com\/wp-content\/uploads\/2024\/12\/absolute-line-cover-gliiter-5-ml.png","width":800,"height":800,"caption":"absolute-line-cover-gliiter-5-ml"},{"@type":"BreadcrumbList","@id":"https:\/\/aliceonglerie.com\/?product=absolute-cover-glitter#breadcrumb","itemListElement":[{"@type":"ListItem","position":1,"name":"Accueil","item":"https:\/\/aliceonglerie.com\/"},{"@type":"ListItem","position":2,"name":"Produits","item":"https:\/\/aliceonglerie.com\/?post_type=product"},{"@type":"ListItem","position":3,"name":"Absolute Cover Glitter"}]},{"@type":"WebSite","@id":"https:\/\/aliceonglerie.com\/#website","url":"https:\/\/aliceonglerie.com\/","name":"ALICE ONGLERIE","description":"","publisher":{"@id":"https:\/\/aliceonglerie.com\/#organization"},"potentialAction":[{"@type":"SearchAction","target":{"@type":"EntryPoint","urlTemplate":"https:\/\/aliceonglerie.com\/?s={search_term_string}"},"query-input":{"@type":"PropertyValueSpecification","valueRequired":true,"valueName":"search_term_string"}}],"inLanguage":"en-US"},{"@type":"Organization","@id":"https:\/\/aliceonglerie.com\/#organization","name":"ALICE ONGLERIE","url":"https:\/\/aliceonglerie.com\/","logo":{"@type":"ImageObject","inLanguage":"en-US","@id":"https:\/\/aliceonglerie.com\/#\/schema\/logo\/image\/","url":"https:\/\/aliceonglerie.com\/wp-content\/uploads\/2024\/12\/Alice-1.png","contentUrl":"https:\/\/aliceonglerie.com\/wp-content\/uploads\/2024\/12\/Alice-1.png","width":300,"height":100,"caption":"ALICE ONGLERIE"},"image":{"@id":"https:\/\/aliceonglerie.com\/#\/schema\/logo\/image\/"},"sameAs":["https:\/\/www.facebook.com\/aliceonglerie","https:\/\/www.instagram.com\/aliceonglerie\/"]}]}},"jetpack_sharing_enabled":true,"_links":{"self":[{"href":"https:\/\/aliceonglerie.com\/index.php?rest_route=\/wp\/v2\/product\/1337","targetHints":{"allow":["GET"]}}],"collection":[{"href":"https:\/\/aliceonglerie.com\/index.php?rest_route=\/wp\/v2\/product"}],"about":[{"href":"https:\/\/aliceonglerie.com\/index.php?rest_route=\/wp\/v2\/types\/product"}],"replies":[{"embeddable":true,"href":"https:\/\/aliceonglerie.com\/index.php?rest_route=%2Fwp%2Fv2%2Fcomments&post=1337"}],"wp:featuredmedia":[{"embeddable":true,"href":"https:\/\/aliceonglerie.com\/index.php?rest_route=\/wp\/v2\/media\/1339"}],"wp:attachment":[{"href":"https:\/\/aliceonglerie.com\/index.php?rest_route=%2Fwp%2Fv2%2Fmedia&parent=1337"}],"wp:term":[{"taxonomy":"product_brand","embeddable":true,"href":"https:\/\/aliceonglerie.com\/index.php?rest_route=%2Fwp%2Fv2%2Fproduct_brand&post=1337"},{"taxonomy":"product_cat","embeddable":true,"href":"https:\/\/aliceonglerie.com\/index.php?rest_route=%2Fwp%2Fv2%2Fproduct_cat&post=1337"},{"taxonomy":"product_tag","embeddable":true,"href":"https:\/\/aliceonglerie.com\/index.php?rest_route=%2Fwp%2Fv2%2Fproduct_tag&post=1337"}],"curies":[{"name":"wp","href":"https:\/\/api.w.org\/{rel}","templated":true}]}}