{"id":1077,"date":"2024-12-07T20:19:19","date_gmt":"2024-12-07T19:19:19","guid":{"rendered":"http:\/\/aliceonglerie.com\/?post_type=product&#038;p=1077"},"modified":"2024-12-07T20:19:20","modified_gmt":"2024-12-07T19:19:20","slug":"easy-glitter-milky-white","status":"publish","type":"product","link":"https:\/\/aliceonglerie.com\/?product=easy-glitter-milky-white","title":{"rendered":"Easy Glitter Milky White"},"content":{"rendered":"<p>Gel de construction blanc milky paillet\u00e9 holographique rigide<\/p>\n<p>Ce gel est id\u00e9al pour r\u00e9aliser des babyboomers et babyglitters. Gr\u00e2ce \u00e0 sa grande solidit\u00e9, il convient parfaitement pour les extensions, constructions et gainages.<\/p>\n<p>Sa texture m\u00e9dium, non collante, l\u00e9g\u00e8re (type Jelly) et fondante, ainsi que sa formule auto-\u00e9galisante sans couler, le rend id\u00e9al pour toutes vos poses en salon. Il vous offrira une facilit\u00e9 et une rapidit\u00e9 de travail impressionnantes.<\/p>\n<p>Nous recommandons un travail doigt par doigt. Ce gel n&#8217;est pas adapt\u00e9 aux poses artistiques ou aux &#8220;reverses&#8221;.<\/p>\n<p>Pour une tenue extr\u00eame, nous vous conseillons de l&#8217;utiliser avec notre Base Rubber Clear.<\/p>\n<p>Temps de catalysation :<\/p>\n<p>UV : 120 secondes<br \/>\nCCFL : 90 secondes<br \/>\nUV LED : 60 secondes<\/p>\n","protected":false},"excerpt":{"rendered":"<h1>Builder Cover Rigide de couleur blanc milky opaque paillet\u00e9 holographique<\/h1>\n<p>Ce gel, d&#8217;une grande solidit\u00e9, est id\u00e9al pour vos extensions, constructions et gainages. Sa texture m\u00e9dium, non collante, l\u00e9g\u00e8re (type Jelly) et fondante assure une application fluide.<\/p>\n<p>Il est auto-\u00e9galisant sans couler et garantit une tenue extr\u00eame lorsqu\u2019il est associ\u00e9 \u00e0 notre Base Rubber Clear.<\/p>\n<p>Attention, ce gel peut provoquer une sensation de chauffe importante lors de la catalysation. Il est conseill\u00e9 de faire des vas-et-vient dans la lampe les premi\u00e8res secondes.<\/p>\n","protected":false},"featured_media":1081,"comment_status":"open","ping_status":"closed","template":"","meta":{"_et_pb_use_builder":"","_et_pb_old_content":"","_et_gb_content_width":"","_glsr_average":0,"_glsr_ranking":0,"_glsr_reviews":0},"product_brand":[],"product_cat":[28,27],"product_tag":[],"class_list":{"0":"post-1077","1":"product","2":"type-product","3":"status-publish","4":"has-post-thumbnail","6":"product_cat-auto-egalisant","7":"product_cat-gel-de-construction","9":"first","10":"instock","11":"shipping-taxable","12":"product-type-simple"},"yoast_head":"<!-- This site is optimized with the Yoast SEO plugin v24.5 - https:\/\/yoast.com\/wordpress\/plugins\/seo\/ -->\n<title>Easy Glitter Milky White - ALICE ONGLERIE<\/title>\n<meta name=\"robots\" content=\"index, follow, max-snippet:-1, max-image-preview:large, max-video-preview:-1\" \/>\n<link rel=\"canonical\" href=\"https:\/\/aliceonglerie.com\/?product=easy-glitter-milky-white\" \/>\n<meta property=\"og:locale\" content=\"en_US\" \/>\n<meta property=\"og:type\" content=\"article\" \/>\n<meta property=\"og:title\" content=\"Easy Glitter Milky White - ALICE ONGLERIE\" \/>\n<meta property=\"og:description\" content=\"Builder Cover Rigide de couleur blanc milky opaque paillet\u00e9 holographique Ce gel, d&#039;une grande solidit\u00e9, est id\u00e9al pour vos extensions, constructions et gainages. Sa texture m\u00e9dium, non collante, l\u00e9g\u00e8re (type Jelly) et fondante assure une application fluide.  Il est auto-\u00e9galisant sans couler et garantit une tenue extr\u00eame lorsqu\u2019il est associ\u00e9 \u00e0 notre Base Rubber Clear.  Attention, ce gel peut provoquer une sensation de chauffe importante lors de la catalysation. Il est conseill\u00e9 de faire des vas-et-vient dans la lampe les premi\u00e8res secondes.\" \/>\n<meta property=\"og:url\" content=\"https:\/\/aliceonglerie.com\/?product=easy-glitter-milky-white\" \/>\n<meta property=\"og:site_name\" content=\"ALICE ONGLERIE\" \/>\n<meta property=\"article:publisher\" content=\"https:\/\/www.facebook.com\/aliceonglerie\" \/>\n<meta property=\"article:modified_time\" content=\"2024-12-07T19:19:20+00:00\" \/>\n<meta property=\"og:image\" content=\"https:\/\/aliceonglerie.com\/wp-content\/uploads\/2024\/12\/24136.jpg.webp\" \/>\n\t<meta property=\"og:image:width\" content=\"1080\" \/>\n\t<meta property=\"og:image:height\" content=\"1080\" \/>\n\t<meta property=\"og:image:type\" content=\"image\/webp\" \/>\n<meta name=\"twitter:card\" content=\"summary_large_image\" \/>\n<meta name=\"twitter:label1\" content=\"Est. reading time\" \/>\n\t<meta name=\"twitter:data1\" content=\"1 minute\" \/>\n<script type=\"application\/ld+json\" class=\"yoast-schema-graph\">{\"@context\":\"https:\/\/schema.org\",\"@graph\":[{\"@type\":\"WebPage\",\"@id\":\"https:\/\/aliceonglerie.com\/?product=easy-glitter-milky-white\",\"url\":\"https:\/\/aliceonglerie.com\/?product=easy-glitter-milky-white\",\"name\":\"Easy Glitter Milky White - ALICE ONGLERIE\",\"isPartOf\":{\"@id\":\"https:\/\/aliceonglerie.com\/#website\"},\"primaryImageOfPage\":{\"@id\":\"https:\/\/aliceonglerie.com\/?product=easy-glitter-milky-white#primaryimage\"},\"image\":{\"@id\":\"https:\/\/aliceonglerie.com\/?product=easy-glitter-milky-white#primaryimage\"},\"thumbnailUrl\":\"https:\/\/aliceonglerie.com\/wp-content\/uploads\/2024\/12\/24136.jpg.webp\",\"datePublished\":\"2024-12-07T19:19:19+00:00\",\"dateModified\":\"2024-12-07T19:19:20+00:00\",\"breadcrumb\":{\"@id\":\"https:\/\/aliceonglerie.com\/?product=easy-glitter-milky-white#breadcrumb\"},\"inLanguage\":\"en-US\",\"potentialAction\":[{\"@type\":\"ReadAction\",\"target\":[\"https:\/\/aliceonglerie.com\/?product=easy-glitter-milky-white\"]}]},{\"@type\":\"ImageObject\",\"inLanguage\":\"en-US\",\"@id\":\"https:\/\/aliceonglerie.com\/?product=easy-glitter-milky-white#primaryimage\",\"url\":\"https:\/\/aliceonglerie.com\/wp-content\/uploads\/2024\/12\/24136.jpg.webp\",\"contentUrl\":\"https:\/\/aliceonglerie.com\/wp-content\/uploads\/2024\/12\/24136.jpg.webp\",\"width\":1080,\"height\":1080},{\"@type\":\"BreadcrumbList\",\"@id\":\"https:\/\/aliceonglerie.com\/?product=easy-glitter-milky-white#breadcrumb\",\"itemListElement\":[{\"@type\":\"ListItem\",\"position\":1,\"name\":\"Accueil\",\"item\":\"https:\/\/aliceonglerie.com\/\"},{\"@type\":\"ListItem\",\"position\":2,\"name\":\"Produits\",\"item\":\"https:\/\/aliceonglerie.com\/?post_type=product\"},{\"@type\":\"ListItem\",\"position\":3,\"name\":\"Easy Glitter Milky White\"}]},{\"@type\":\"WebSite\",\"@id\":\"https:\/\/aliceonglerie.com\/#website\",\"url\":\"https:\/\/aliceonglerie.com\/\",\"name\":\"ALICE ONGLERIE\",\"description\":\"\",\"publisher\":{\"@id\":\"https:\/\/aliceonglerie.com\/#organization\"},\"potentialAction\":[{\"@type\":\"SearchAction\",\"target\":{\"@type\":\"EntryPoint\",\"urlTemplate\":\"https:\/\/aliceonglerie.com\/?s={search_term_string}\"},\"query-input\":{\"@type\":\"PropertyValueSpecification\",\"valueRequired\":true,\"valueName\":\"search_term_string\"}}],\"inLanguage\":\"en-US\"},{\"@type\":\"Organization\",\"@id\":\"https:\/\/aliceonglerie.com\/#organization\",\"name\":\"ALICE ONGLERIE\",\"url\":\"https:\/\/aliceonglerie.com\/\",\"logo\":{\"@type\":\"ImageObject\",\"inLanguage\":\"en-US\",\"@id\":\"https:\/\/aliceonglerie.com\/#\/schema\/logo\/image\/\",\"url\":\"https:\/\/aliceonglerie.com\/wp-content\/uploads\/2024\/12\/Alice-1.png\",\"contentUrl\":\"https:\/\/aliceonglerie.com\/wp-content\/uploads\/2024\/12\/Alice-1.png\",\"width\":300,\"height\":100,\"caption\":\"ALICE ONGLERIE\"},\"image\":{\"@id\":\"https:\/\/aliceonglerie.com\/#\/schema\/logo\/image\/\"},\"sameAs\":[\"https:\/\/www.facebook.com\/aliceonglerie\",\"https:\/\/www.instagram.com\/aliceonglerie\/\"]}]}<\/script>\n<!-- \/ Yoast SEO plugin. -->","yoast_head_json":{"title":"Easy Glitter Milky White - ALICE ONGLERIE","robots":{"index":"index","follow":"follow","max-snippet":"max-snippet:-1","max-image-preview":"max-image-preview:large","max-video-preview":"max-video-preview:-1"},"canonical":"https:\/\/aliceonglerie.com\/?product=easy-glitter-milky-white","og_locale":"en_US","og_type":"article","og_title":"Easy Glitter Milky White - ALICE ONGLERIE","og_description":"Builder Cover Rigide de couleur blanc milky opaque paillet\u00e9 holographique Ce gel, d'une grande solidit\u00e9, est id\u00e9al pour vos extensions, constructions et gainages. Sa texture m\u00e9dium, non collante, l\u00e9g\u00e8re (type Jelly) et fondante assure une application fluide.  Il est auto-\u00e9galisant sans couler et garantit une tenue extr\u00eame lorsqu\u2019il est associ\u00e9 \u00e0 notre Base Rubber Clear.  Attention, ce gel peut provoquer une sensation de chauffe importante lors de la catalysation. Il est conseill\u00e9 de faire des vas-et-vient dans la lampe les premi\u00e8res secondes.","og_url":"https:\/\/aliceonglerie.com\/?product=easy-glitter-milky-white","og_site_name":"ALICE ONGLERIE","article_publisher":"https:\/\/www.facebook.com\/aliceonglerie","article_modified_time":"2024-12-07T19:19:20+00:00","og_image":[{"width":1080,"height":1080,"url":"https:\/\/aliceonglerie.com\/wp-content\/uploads\/2024\/12\/24136.jpg.webp","type":"image\/webp"}],"twitter_card":"summary_large_image","twitter_misc":{"Est. reading time":"1 minute"},"schema":{"@context":"https:\/\/schema.org","@graph":[{"@type":"WebPage","@id":"https:\/\/aliceonglerie.com\/?product=easy-glitter-milky-white","url":"https:\/\/aliceonglerie.com\/?product=easy-glitter-milky-white","name":"Easy Glitter Milky White - ALICE ONGLERIE","isPartOf":{"@id":"https:\/\/aliceonglerie.com\/#website"},"primaryImageOfPage":{"@id":"https:\/\/aliceonglerie.com\/?product=easy-glitter-milky-white#primaryimage"},"image":{"@id":"https:\/\/aliceonglerie.com\/?product=easy-glitter-milky-white#primaryimage"},"thumbnailUrl":"https:\/\/aliceonglerie.com\/wp-content\/uploads\/2024\/12\/24136.jpg.webp","datePublished":"2024-12-07T19:19:19+00:00","dateModified":"2024-12-07T19:19:20+00:00","breadcrumb":{"@id":"https:\/\/aliceonglerie.com\/?product=easy-glitter-milky-white#breadcrumb"},"inLanguage":"en-US","potentialAction":[{"@type":"ReadAction","target":["https:\/\/aliceonglerie.com\/?product=easy-glitter-milky-white"]}]},{"@type":"ImageObject","inLanguage":"en-US","@id":"https:\/\/aliceonglerie.com\/?product=easy-glitter-milky-white#primaryimage","url":"https:\/\/aliceonglerie.com\/wp-content\/uploads\/2024\/12\/24136.jpg.webp","contentUrl":"https:\/\/aliceonglerie.com\/wp-content\/uploads\/2024\/12\/24136.jpg.webp","width":1080,"height":1080},{"@type":"BreadcrumbList","@id":"https:\/\/aliceonglerie.com\/?product=easy-glitter-milky-white#breadcrumb","itemListElement":[{"@type":"ListItem","position":1,"name":"Accueil","item":"https:\/\/aliceonglerie.com\/"},{"@type":"ListItem","position":2,"name":"Produits","item":"https:\/\/aliceonglerie.com\/?post_type=product"},{"@type":"ListItem","position":3,"name":"Easy Glitter Milky White"}]},{"@type":"WebSite","@id":"https:\/\/aliceonglerie.com\/#website","url":"https:\/\/aliceonglerie.com\/","name":"ALICE ONGLERIE","description":"","publisher":{"@id":"https:\/\/aliceonglerie.com\/#organization"},"potentialAction":[{"@type":"SearchAction","target":{"@type":"EntryPoint","urlTemplate":"https:\/\/aliceonglerie.com\/?s={search_term_string}"},"query-input":{"@type":"PropertyValueSpecification","valueRequired":true,"valueName":"search_term_string"}}],"inLanguage":"en-US"},{"@type":"Organization","@id":"https:\/\/aliceonglerie.com\/#organization","name":"ALICE ONGLERIE","url":"https:\/\/aliceonglerie.com\/","logo":{"@type":"ImageObject","inLanguage":"en-US","@id":"https:\/\/aliceonglerie.com\/#\/schema\/logo\/image\/","url":"https:\/\/aliceonglerie.com\/wp-content\/uploads\/2024\/12\/Alice-1.png","contentUrl":"https:\/\/aliceonglerie.com\/wp-content\/uploads\/2024\/12\/Alice-1.png","width":300,"height":100,"caption":"ALICE ONGLERIE"},"image":{"@id":"https:\/\/aliceonglerie.com\/#\/schema\/logo\/image\/"},"sameAs":["https:\/\/www.facebook.com\/aliceonglerie","https:\/\/www.instagram.com\/aliceonglerie\/"]}]}},"jetpack_sharing_enabled":true,"_links":{"self":[{"href":"https:\/\/aliceonglerie.com\/index.php?rest_route=\/wp\/v2\/product\/1077","targetHints":{"allow":["GET"]}}],"collection":[{"href":"https:\/\/aliceonglerie.com\/index.php?rest_route=\/wp\/v2\/product"}],"about":[{"href":"https:\/\/aliceonglerie.com\/index.php?rest_route=\/wp\/v2\/types\/product"}],"replies":[{"embeddable":true,"href":"https:\/\/aliceonglerie.com\/index.php?rest_route=%2Fwp%2Fv2%2Fcomments&post=1077"}],"wp:featuredmedia":[{"embeddable":true,"href":"https:\/\/aliceonglerie.com\/index.php?rest_route=\/wp\/v2\/media\/1081"}],"wp:attachment":[{"href":"https:\/\/aliceonglerie.com\/index.php?rest_route=%2Fwp%2Fv2%2Fmedia&parent=1077"}],"wp:term":[{"taxonomy":"product_brand","embeddable":true,"href":"https:\/\/aliceonglerie.com\/index.php?rest_route=%2Fwp%2Fv2%2Fproduct_brand&post=1077"},{"taxonomy":"product_cat","embeddable":true,"href":"https:\/\/aliceonglerie.com\/index.php?rest_route=%2Fwp%2Fv2%2Fproduct_cat&post=1077"},{"taxonomy":"product_tag","embeddable":true,"href":"https:\/\/aliceonglerie.com\/index.php?rest_route=%2Fwp%2Fv2%2Fproduct_tag&post=1077"}],"curies":[{"name":"wp","href":"https:\/\/api.w.org\/{rel}","templated":true}]}}