{"id":1001,"date":"2024-12-07T19:04:18","date_gmt":"2024-12-07T18:04:18","guid":{"rendered":"http:\/\/aliceonglerie.com\/?post_type=product&#038;p=1001"},"modified":"2025-02-08T16:13:17","modified_gmt":"2025-02-08T15:13:17","slug":"my-color-back-in-black","status":"publish","type":"product","link":"https:\/\/aliceonglerie.com\/?product=my-color-back-in-black","title":{"rendered":"My Color Back In Black"},"content":{"rendered":"<p><iframe loading=\"lazy\" title=\"My Color Back in Black\" width=\"1080\" height=\"608\" src=\"https:\/\/www.youtube.com\/embed\/42y2xpg4R8M?feature=oembed\"  allow=\"accelerometer; autoplay; clipboard-write; encrypted-media; gyroscope; picture-in-picture; web-share\" referrerpolicy=\"strict-origin-when-cross-origin\" allowfullscreen><\/iframe><\/p>\n","protected":false},"excerpt":{"rendered":"<p>Vernis semi-permanent My Color<\/p>\n<p>Une teinte classique et intemporelle, id\u00e9ale pour toutes vos poses et cr\u00e9ations Nail Art.<\/p>\n<p>&#8211; Couleur : noir, \u00e9l\u00e9gant et versatile.<br \/>\n&#8211; Texture : medium, couvrant en une seule couche, sans r\u00e9tractation.<\/p>\n<p>Applications possibles :<br \/>\n&#8211; Ongles naturels<br \/>\n&#8211; Renfort Rubber<br \/>\n&#8211; Gel<br \/>\n&#8211; R\u00e9sine<br \/>\n&#8211; Acrygel<\/p>\n<p>Sa pigmentation riche permet une utilisation parfaite pour le Nail Art.<\/p>\n<p>Tenue longue dur\u00e9e garantie lorsqu\u2019il est combin\u00e9 avec notre base Rubber Clear pour une adh\u00e9rence optimale.<\/p>\n<p>Temps de catalysation :<br \/>\n&#8211; UV : 120 secondes<br \/>\n&#8211; CCFL : 90 secondes<br \/>\n&#8211; LED : 60 secondes<br \/>\n&#8211; Bowled : 40 secondes<\/p>\n<p>Contenance : flacon de 10 ml<\/p>\n<p>Disponible en click &amp; collect \u00e0 Mouscron<\/p>\n","protected":false},"featured_media":1002,"comment_status":"open","ping_status":"closed","template":"","meta":{"_et_pb_use_builder":"","_et_pb_old_content":"","_et_gb_content_width":"","_glsr_average":0,"_glsr_ranking":0,"_glsr_reviews":0},"product_brand":[],"product_cat":[23],"product_tag":[],"class_list":{"0":"post-1001","1":"product","2":"type-product","3":"status-publish","4":"has-post-thumbnail","6":"product_cat-my-color","8":"first","9":"instock","10":"shipping-taxable","11":"purchasable","12":"product-type-simple"},"yoast_head":"<!-- This site is optimized with the Yoast SEO plugin v24.5 - https:\/\/yoast.com\/wordpress\/plugins\/seo\/ -->\n<title>My Color Back In Black - ALICE ONGLERIE<\/title>\n<meta name=\"robots\" content=\"index, follow, max-snippet:-1, max-image-preview:large, max-video-preview:-1\" \/>\n<link rel=\"canonical\" href=\"https:\/\/aliceonglerie.com\/?product=my-color-back-in-black\" \/>\n<meta property=\"og:locale\" content=\"en_US\" \/>\n<meta property=\"og:type\" content=\"article\" \/>\n<meta property=\"og:title\" content=\"My Color Back In Black - ALICE ONGLERIE\" \/>\n<meta property=\"og:description\" content=\"Vernis semi-permanent My Color  Une teinte classique et intemporelle, id\u00e9ale pour toutes vos poses et cr\u00e9ations Nail Art.  - Couleur : noir, \u00e9l\u00e9gant et versatile. - Texture : medium, couvrant en une seule couche, sans r\u00e9tractation.  Applications possibles : - Ongles naturels - Renfort Rubber - Gel - R\u00e9sine - Acrygel  Sa pigmentation riche permet une utilisation parfaite pour le Nail Art.  Tenue longue dur\u00e9e garantie lorsqu\u2019il est combin\u00e9 avec notre base Rubber Clear pour une adh\u00e9rence optimale.  Temps de catalysation : - UV : 120 secondes - CCFL : 90 secondes - LED : 60 secondes - Bowled : 40 secondes  Contenance : flacon de 10 ml  Disponible en click &amp; collect \u00e0 Mouscron\" \/>\n<meta property=\"og:url\" content=\"https:\/\/aliceonglerie.com\/?product=my-color-back-in-black\" \/>\n<meta property=\"og:site_name\" content=\"ALICE ONGLERIE\" \/>\n<meta property=\"article:publisher\" content=\"https:\/\/www.facebook.com\/aliceonglerie\" \/>\n<meta property=\"article:modified_time\" content=\"2025-02-08T15:13:17+00:00\" \/>\n<meta property=\"og:image\" content=\"https:\/\/aliceonglerie.com\/wp-content\/uploads\/2024\/12\/24093.jpg-1.webp\" \/>\n\t<meta property=\"og:image:width\" content=\"1080\" \/>\n\t<meta property=\"og:image:height\" content=\"1080\" \/>\n\t<meta property=\"og:image:type\" content=\"image\/webp\" \/>\n<meta name=\"twitter:card\" content=\"summary_large_image\" \/>\n<script type=\"application\/ld+json\" class=\"yoast-schema-graph\">{\"@context\":\"https:\/\/schema.org\",\"@graph\":[{\"@type\":\"WebPage\",\"@id\":\"https:\/\/aliceonglerie.com\/?product=my-color-back-in-black\",\"url\":\"https:\/\/aliceonglerie.com\/?product=my-color-back-in-black\",\"name\":\"My Color Back In Black - ALICE ONGLERIE\",\"isPartOf\":{\"@id\":\"https:\/\/aliceonglerie.com\/#website\"},\"primaryImageOfPage\":{\"@id\":\"https:\/\/aliceonglerie.com\/?product=my-color-back-in-black#primaryimage\"},\"image\":{\"@id\":\"https:\/\/aliceonglerie.com\/?product=my-color-back-in-black#primaryimage\"},\"thumbnailUrl\":\"https:\/\/aliceonglerie.com\/wp-content\/uploads\/2024\/12\/24093.jpg-1.webp\",\"datePublished\":\"2024-12-07T18:04:18+00:00\",\"dateModified\":\"2025-02-08T15:13:17+00:00\",\"breadcrumb\":{\"@id\":\"https:\/\/aliceonglerie.com\/?product=my-color-back-in-black#breadcrumb\"},\"inLanguage\":\"en-US\",\"potentialAction\":[{\"@type\":\"ReadAction\",\"target\":[\"https:\/\/aliceonglerie.com\/?product=my-color-back-in-black\"]}]},{\"@type\":\"ImageObject\",\"inLanguage\":\"en-US\",\"@id\":\"https:\/\/aliceonglerie.com\/?product=my-color-back-in-black#primaryimage\",\"url\":\"https:\/\/aliceonglerie.com\/wp-content\/uploads\/2024\/12\/24093.jpg-1.webp\",\"contentUrl\":\"https:\/\/aliceonglerie.com\/wp-content\/uploads\/2024\/12\/24093.jpg-1.webp\",\"width\":1080,\"height\":1080},{\"@type\":\"BreadcrumbList\",\"@id\":\"https:\/\/aliceonglerie.com\/?product=my-color-back-in-black#breadcrumb\",\"itemListElement\":[{\"@type\":\"ListItem\",\"position\":1,\"name\":\"Accueil\",\"item\":\"https:\/\/aliceonglerie.com\/\"},{\"@type\":\"ListItem\",\"position\":2,\"name\":\"Produits\",\"item\":\"https:\/\/aliceonglerie.com\/?post_type=product\"},{\"@type\":\"ListItem\",\"position\":3,\"name\":\"My Color Back In Black\"}]},{\"@type\":\"WebSite\",\"@id\":\"https:\/\/aliceonglerie.com\/#website\",\"url\":\"https:\/\/aliceonglerie.com\/\",\"name\":\"ALICE ONGLERIE\",\"description\":\"\",\"publisher\":{\"@id\":\"https:\/\/aliceonglerie.com\/#organization\"},\"potentialAction\":[{\"@type\":\"SearchAction\",\"target\":{\"@type\":\"EntryPoint\",\"urlTemplate\":\"https:\/\/aliceonglerie.com\/?s={search_term_string}\"},\"query-input\":{\"@type\":\"PropertyValueSpecification\",\"valueRequired\":true,\"valueName\":\"search_term_string\"}}],\"inLanguage\":\"en-US\"},{\"@type\":\"Organization\",\"@id\":\"https:\/\/aliceonglerie.com\/#organization\",\"name\":\"ALICE ONGLERIE\",\"url\":\"https:\/\/aliceonglerie.com\/\",\"logo\":{\"@type\":\"ImageObject\",\"inLanguage\":\"en-US\",\"@id\":\"https:\/\/aliceonglerie.com\/#\/schema\/logo\/image\/\",\"url\":\"https:\/\/aliceonglerie.com\/wp-content\/uploads\/2024\/12\/Alice-1.png\",\"contentUrl\":\"https:\/\/aliceonglerie.com\/wp-content\/uploads\/2024\/12\/Alice-1.png\",\"width\":300,\"height\":100,\"caption\":\"ALICE ONGLERIE\"},\"image\":{\"@id\":\"https:\/\/aliceonglerie.com\/#\/schema\/logo\/image\/\"},\"sameAs\":[\"https:\/\/www.facebook.com\/aliceonglerie\",\"https:\/\/www.instagram.com\/aliceonglerie\/\"]}]}<\/script>\n<!-- \/ Yoast SEO plugin. -->","yoast_head_json":{"title":"My Color Back In Black - ALICE ONGLERIE","robots":{"index":"index","follow":"follow","max-snippet":"max-snippet:-1","max-image-preview":"max-image-preview:large","max-video-preview":"max-video-preview:-1"},"canonical":"https:\/\/aliceonglerie.com\/?product=my-color-back-in-black","og_locale":"en_US","og_type":"article","og_title":"My Color Back In Black - ALICE ONGLERIE","og_description":"Vernis semi-permanent My Color  Une teinte classique et intemporelle, id\u00e9ale pour toutes vos poses et cr\u00e9ations Nail Art.  - Couleur : noir, \u00e9l\u00e9gant et versatile. - Texture : medium, couvrant en une seule couche, sans r\u00e9tractation.  Applications possibles : - Ongles naturels - Renfort Rubber - Gel - R\u00e9sine - Acrygel  Sa pigmentation riche permet une utilisation parfaite pour le Nail Art.  Tenue longue dur\u00e9e garantie lorsqu\u2019il est combin\u00e9 avec notre base Rubber Clear pour une adh\u00e9rence optimale.  Temps de catalysation : - UV : 120 secondes - CCFL : 90 secondes - LED : 60 secondes - Bowled : 40 secondes  Contenance : flacon de 10 ml  Disponible en click &amp; collect \u00e0 Mouscron","og_url":"https:\/\/aliceonglerie.com\/?product=my-color-back-in-black","og_site_name":"ALICE ONGLERIE","article_publisher":"https:\/\/www.facebook.com\/aliceonglerie","article_modified_time":"2025-02-08T15:13:17+00:00","og_image":[{"width":1080,"height":1080,"url":"https:\/\/aliceonglerie.com\/wp-content\/uploads\/2024\/12\/24093.jpg-1.webp","type":"image\/webp"}],"twitter_card":"summary_large_image","schema":{"@context":"https:\/\/schema.org","@graph":[{"@type":"WebPage","@id":"https:\/\/aliceonglerie.com\/?product=my-color-back-in-black","url":"https:\/\/aliceonglerie.com\/?product=my-color-back-in-black","name":"My Color Back In Black - ALICE ONGLERIE","isPartOf":{"@id":"https:\/\/aliceonglerie.com\/#website"},"primaryImageOfPage":{"@id":"https:\/\/aliceonglerie.com\/?product=my-color-back-in-black#primaryimage"},"image":{"@id":"https:\/\/aliceonglerie.com\/?product=my-color-back-in-black#primaryimage"},"thumbnailUrl":"https:\/\/aliceonglerie.com\/wp-content\/uploads\/2024\/12\/24093.jpg-1.webp","datePublished":"2024-12-07T18:04:18+00:00","dateModified":"2025-02-08T15:13:17+00:00","breadcrumb":{"@id":"https:\/\/aliceonglerie.com\/?product=my-color-back-in-black#breadcrumb"},"inLanguage":"en-US","potentialAction":[{"@type":"ReadAction","target":["https:\/\/aliceonglerie.com\/?product=my-color-back-in-black"]}]},{"@type":"ImageObject","inLanguage":"en-US","@id":"https:\/\/aliceonglerie.com\/?product=my-color-back-in-black#primaryimage","url":"https:\/\/aliceonglerie.com\/wp-content\/uploads\/2024\/12\/24093.jpg-1.webp","contentUrl":"https:\/\/aliceonglerie.com\/wp-content\/uploads\/2024\/12\/24093.jpg-1.webp","width":1080,"height":1080},{"@type":"BreadcrumbList","@id":"https:\/\/aliceonglerie.com\/?product=my-color-back-in-black#breadcrumb","itemListElement":[{"@type":"ListItem","position":1,"name":"Accueil","item":"https:\/\/aliceonglerie.com\/"},{"@type":"ListItem","position":2,"name":"Produits","item":"https:\/\/aliceonglerie.com\/?post_type=product"},{"@type":"ListItem","position":3,"name":"My Color Back In Black"}]},{"@type":"WebSite","@id":"https:\/\/aliceonglerie.com\/#website","url":"https:\/\/aliceonglerie.com\/","name":"ALICE ONGLERIE","description":"","publisher":{"@id":"https:\/\/aliceonglerie.com\/#organization"},"potentialAction":[{"@type":"SearchAction","target":{"@type":"EntryPoint","urlTemplate":"https:\/\/aliceonglerie.com\/?s={search_term_string}"},"query-input":{"@type":"PropertyValueSpecification","valueRequired":true,"valueName":"search_term_string"}}],"inLanguage":"en-US"},{"@type":"Organization","@id":"https:\/\/aliceonglerie.com\/#organization","name":"ALICE ONGLERIE","url":"https:\/\/aliceonglerie.com\/","logo":{"@type":"ImageObject","inLanguage":"en-US","@id":"https:\/\/aliceonglerie.com\/#\/schema\/logo\/image\/","url":"https:\/\/aliceonglerie.com\/wp-content\/uploads\/2024\/12\/Alice-1.png","contentUrl":"https:\/\/aliceonglerie.com\/wp-content\/uploads\/2024\/12\/Alice-1.png","width":300,"height":100,"caption":"ALICE ONGLERIE"},"image":{"@id":"https:\/\/aliceonglerie.com\/#\/schema\/logo\/image\/"},"sameAs":["https:\/\/www.facebook.com\/aliceonglerie","https:\/\/www.instagram.com\/aliceonglerie\/"]}]}},"jetpack_sharing_enabled":true,"_links":{"self":[{"href":"https:\/\/aliceonglerie.com\/index.php?rest_route=\/wp\/v2\/product\/1001","targetHints":{"allow":["GET"]}}],"collection":[{"href":"https:\/\/aliceonglerie.com\/index.php?rest_route=\/wp\/v2\/product"}],"about":[{"href":"https:\/\/aliceonglerie.com\/index.php?rest_route=\/wp\/v2\/types\/product"}],"replies":[{"embeddable":true,"href":"https:\/\/aliceonglerie.com\/index.php?rest_route=%2Fwp%2Fv2%2Fcomments&post=1001"}],"wp:featuredmedia":[{"embeddable":true,"href":"https:\/\/aliceonglerie.com\/index.php?rest_route=\/wp\/v2\/media\/1002"}],"wp:attachment":[{"href":"https:\/\/aliceonglerie.com\/index.php?rest_route=%2Fwp%2Fv2%2Fmedia&parent=1001"}],"wp:term":[{"taxonomy":"product_brand","embeddable":true,"href":"https:\/\/aliceonglerie.com\/index.php?rest_route=%2Fwp%2Fv2%2Fproduct_brand&post=1001"},{"taxonomy":"product_cat","embeddable":true,"href":"https:\/\/aliceonglerie.com\/index.php?rest_route=%2Fwp%2Fv2%2Fproduct_cat&post=1001"},{"taxonomy":"product_tag","embeddable":true,"href":"https:\/\/aliceonglerie.com\/index.php?rest_route=%2Fwp%2Fv2%2Fproduct_tag&post=1001"}],"curies":[{"name":"wp","href":"https:\/\/api.w.org\/{rel}","templated":true}]}}