{"id":1262,"date":"2024-12-21T20:22:05","date_gmt":"2024-12-21T19:22:05","guid":{"rendered":"http:\/\/aliceonglerie.com\/?page_id=1262"},"modified":"2024-12-21T20:22:12","modified_gmt":"2024-12-21T19:22:12","slug":"politique-de-cookies","status":"publish","type":"page","link":"https:\/\/aliceonglerie.com\/?page_id=1262","title":{"rendered":"Politique de cookies"},"content":{"rendered":"<p>[et_pb_section fb_built=&#8221;1&#8243; theme_builder_area=&#8221;post_content&#8221; _builder_version=&#8221;4.27.4&#8243; _module_preset=&#8221;default&#8221;][et_pb_row _builder_version=&#8221;4.27.4&#8243; _module_preset=&#8221;default&#8221; theme_builder_area=&#8221;post_content&#8221;][et_pb_column _builder_version=&#8221;4.27.4&#8243; _module_preset=&#8221;default&#8221; type=&#8221;4_4&#8243; theme_builder_area=&#8221;post_content&#8221;][et_pb_text _builder_version=&#8221;4.27.4&#8243; _module_preset=&#8221;default&#8221; theme_builder_area=&#8221;post_content&#8221; hover_enabled=&#8221;0&#8243; sticky_enabled=&#8221;0&#8243; header_font=&#8221;Domine||||||||&#8221;]<\/p>\n<h1 style=\"text-align: center;\">Politique de cookies<\/h1>\n<p>[\/et_pb_text][et_pb_text _builder_version=&#8221;4.27.4&#8243; _module_preset=&#8221;default&#8221; theme_builder_area=&#8221;post_content&#8221; hover_enabled=&#8221;0&#8243; sticky_enabled=&#8221;0&#8243;]<\/p>\n<p style=\"text-align: center;\"><em>Chez Alice Onglerie, nous utilisons des cookies pour am\u00e9liorer l&#8217;exp\u00e9rience utilisateur et offrir des services adapt\u00e9s \u00e0 vos besoins. Cette politique de cookies explique ce que sont les cookies, comment nous les utilisons, et comment vous pouvez g\u00e9rer vos pr\u00e9f\u00e9rences.<\/em><\/p>\n<p>[\/et_pb_text][et_pb_divider _builder_version=&#8221;4.27.4&#8243; _module_preset=&#8221;default&#8221; theme_builder_area=&#8221;post_content&#8221; hover_enabled=&#8221;0&#8243; sticky_enabled=&#8221;0&#8243; color=&#8221;rgba(0,0,0,0.18)&#8221;][\/et_pb_divider][et_pb_text _builder_version=&#8221;4.27.4&#8243; _module_preset=&#8221;default&#8221; theme_builder_area=&#8221;post_content&#8221; hover_enabled=&#8221;0&#8243; sticky_enabled=&#8221;0&#8243;]<\/p>\n<p style=\"text-align: center;\"><em>Date de derni\u00e8re mise \u00e0 jour : 21 decembre 2024<\/em><\/p>\n<p>[\/et_pb_text][\/et_pb_column][\/et_pb_row][et_pb_row _builder_version=&#8221;4.27.4&#8243; _module_preset=&#8221;default&#8221; theme_builder_area=&#8221;post_content&#8221;][et_pb_column _builder_version=&#8221;4.27.4&#8243; _module_preset=&#8221;default&#8221; type=&#8221;4_4&#8243; theme_builder_area=&#8221;post_content&#8221;][et_pb_text _builder_version=&#8221;4.27.4&#8243; _module_preset=&#8221;default&#8221; theme_builder_area=&#8221;post_content&#8221; hover_enabled=&#8221;0&#8243; sticky_enabled=&#8221;0&#8243; header_3_font=&#8221;Work Sans||||||||&#8221;]<\/p>\n<h3><span>Qu&#8217;est-ce qu&#8217;un cookie ?<\/span><\/h3>\n<p>[\/et_pb_text][et_pb_text _builder_version=&#8221;4.27.4&#8243; _module_preset=&#8221;default&#8221; theme_builder_area=&#8221;post_content&#8221; hover_enabled=&#8221;0&#8243; sticky_enabled=&#8221;0&#8243;]<\/p>\n<p><span>Un cookie est un petit fichier texte d\u00e9pos\u00e9 sur votre appareil (ordinateur, tablette ou smartphone) lorsque vous visitez un site web. Ils permettent au site de se souvenir de vos actions et pr\u00e9f\u00e9rences (comme la langue, la taille des caract\u00e8res ou les param\u00e8tres d&#8217;affichage) sur une p\u00e9riode donn\u00e9e.<\/span><\/p>\n<p>[\/et_pb_text][et_pb_text _builder_version=&#8221;4.27.4&#8243; _module_preset=&#8221;default&#8221; theme_builder_area=&#8221;post_content&#8221; hover_enabled=&#8221;0&#8243; sticky_enabled=&#8221;0&#8243; header_3_font=&#8221;Work Sans||||||||&#8221;]<\/p>\n<h3><span>Pourquoi utilisons-nous des cookies ?<\/span><\/h3>\n<p>[\/et_pb_text][et_pb_text _builder_version=&#8221;4.27.4&#8243; _module_preset=&#8221;default&#8221; theme_builder_area=&#8221;post_content&#8221; hover_enabled=&#8221;0&#8243; sticky_enabled=&#8221;0&#8243;]<\/p>\n<p><span>Nous utilisons des cookies pour garantir le bon fonctionnement du site, m\u00e9moriser vos pr\u00e9f\u00e9rences et choix, collecter des donn\u00e9es analytiques pour am\u00e9liorer nos services, et vous pr\u00e9senter des publicit\u00e9s cibl\u00e9es adapt\u00e9es \u00e0 vos centres d&#8217;int\u00e9r\u00eat.<\/span><\/p>\n<p>[\/et_pb_text][et_pb_text _builder_version=&#8221;4.27.4&#8243; _module_preset=&#8221;default&#8221; theme_builder_area=&#8221;post_content&#8221; hover_enabled=&#8221;0&#8243; sticky_enabled=&#8221;0&#8243; header_3_font=&#8221;Work Sans||||||||&#8221;]<\/p>\n<h3><span>Les types de cookies que nous utilisons<\/span><\/h3>\n<p>[\/et_pb_text][et_pb_text _builder_version=&#8221;4.27.4&#8243; _module_preset=&#8221;default&#8221; theme_builder_area=&#8221;post_content&#8221; hover_enabled=&#8221;0&#8243; sticky_enabled=&#8221;0&#8243;]<\/p>\n<p><span>Nos cookies se r\u00e9partissent en quatre cat\u00e9gories : les cookies strictement n\u00e9cessaires qui sont essentiels pour la navigation et l&#8217;utilisation des fonctionnalit\u00e9s du site, les cookies fonctionnels qui m\u00e9morisent vos choix pour une exp\u00e9rience personnalis\u00e9e, les cookies analytiques qui collectent des informations sur l&#8217;utilisation du site, et les cookies publicitaires qui permettent d&#8217;afficher des publicit\u00e9s pertinentes bas\u00e9es sur vos centres d&#8217;int\u00e9r\u00eat.<\/span><\/p>\n<p>[\/et_pb_text][et_pb_text _builder_version=&#8221;4.27.4&#8243; _module_preset=&#8221;default&#8221; theme_builder_area=&#8221;post_content&#8221; hover_enabled=&#8221;0&#8243; sticky_enabled=&#8221;0&#8243; header_3_font=&#8221;Work Sans||||||||&#8221;]<\/p>\n<h3><span>Comment g\u00e9rer vos cookies ?<\/span><\/h3>\n<p>[\/et_pb_text][et_pb_text _builder_version=&#8221;4.27.4&#8243; _module_preset=&#8221;default&#8221; theme_builder_area=&#8221;post_content&#8221; hover_enabled=&#8221;0&#8243; sticky_enabled=&#8221;0&#8243;]<\/p>\n<p><span>Un bandeau de cookies appara\u00eet lors de votre premi\u00e8re visite, vous permettant d&#8217;accepter tous les cookies, de param\u00e9trer vos pr\u00e9f\u00e9rences, ou de refuser tous les cookies non essentiels. Vous pouvez modifier ces pr\u00e9f\u00e9rences \u00e0 tout moment via les param\u00e8tres de votre navigateur (Google Chrome, Mozilla Firefox, Safari, Microsoft Edge).<\/span><\/p>\n<p>[\/et_pb_text][et_pb_text _builder_version=&#8221;4.27.4&#8243; _module_preset=&#8221;default&#8221; theme_builder_area=&#8221;post_content&#8221; hover_enabled=&#8221;0&#8243; sticky_enabled=&#8221;0&#8243; header_3_font=&#8221;Work Sans||||||||&#8221;]<\/p>\n<h3><span>Dur\u00e9e de conservation des cookies<\/span><\/h3>\n<p>[\/et_pb_text][et_pb_text _builder_version=&#8221;4.27.4&#8243; _module_preset=&#8221;default&#8221; theme_builder_area=&#8221;post_content&#8221; hover_enabled=&#8221;0&#8243; sticky_enabled=&#8221;0&#8243;]<\/p>\n<p><span>Les cookies de session sont supprim\u00e9s \u00e0 la fermeture de votre navigateur, tandis que les cookies persistants conservent vos pr\u00e9f\u00e9rences pour vos futures visites, g\u00e9n\u00e9ralement jusqu&#8217;\u00e0 13 mois.<\/span><\/p>\n<p>[\/et_pb_text][et_pb_text _builder_version=&#8221;4.27.4&#8243; _module_preset=&#8221;default&#8221; theme_builder_area=&#8221;post_content&#8221; hover_enabled=&#8221;0&#8243; sticky_enabled=&#8221;0&#8243; header_3_font=&#8221;Work Sans||||||||&#8221;]<\/p>\n<h3><span>Modification de cette politique<\/span><\/h3>\n<p>[\/et_pb_text][et_pb_text _builder_version=&#8221;4.27.4&#8243; _module_preset=&#8221;default&#8221; theme_builder_area=&#8221;post_content&#8221; hover_enabled=&#8221;0&#8243; sticky_enabled=&#8221;0&#8243;]<\/p>\n<p>Nous nous r\u00e9servons le droit de mettre \u00e0 jour cette politique de cookies pour refl\u00e9ter les changements dans leur utilisation sur notre site. Toute modification sera publi\u00e9e sur cette page.<\/p>\n<p>[\/et_pb_text][et_pb_text _builder_version=&#8221;4.27.4&#8243; _module_preset=&#8221;default&#8221; theme_builder_area=&#8221;post_content&#8221; hover_enabled=&#8221;0&#8243; sticky_enabled=&#8221;0&#8243; header_3_font=&#8221;Work Sans||||||||&#8221;]<\/p>\n<h3><span>Contact<\/span><\/h3>\n<p>[\/et_pb_text][et_pb_text _builder_version=&#8221;4.27.4&#8243; _module_preset=&#8221;default&#8221; theme_builder_area=&#8221;post_content&#8221; hover_enabled=&#8221;0&#8243; sticky_enabled=&#8221;0&#8243;]<\/p>\n<p><span>Pour toute question concernant cette politique de cookies, contactez-nous par email \u00e0 [Votre adresse email] ou par courrier \u00e0 [Votre adresse postale].<\/span><\/p>\n<p>[\/et_pb_text][\/et_pb_column][\/et_pb_row][et_pb_row _builder_version=&#8221;4.27.4&#8243; _module_preset=&#8221;default&#8221; theme_builder_area=&#8221;post_content&#8221;][et_pb_column _builder_version=&#8221;4.27.4&#8243; _module_preset=&#8221;default&#8221; type=&#8221;4_4&#8243; theme_builder_area=&#8221;post_content&#8221;][et_pb_image src=&#8221;http:\/\/aliceonglerie.com\/wp-content\/uploads\/2024\/11\/5-2-300&#215;300.png&#8221; _builder_version=&#8221;4.27.4&#8243; _module_preset=&#8221;default&#8221; theme_builder_area=&#8221;post_content&#8221; hover_enabled=&#8221;0&#8243; sticky_enabled=&#8221;0&#8243; align=&#8221;center&#8221;][\/et_pb_image][\/et_pb_column][\/et_pb_row][\/et_pb_section]<\/p>\n","protected":false},"excerpt":{"rendered":"<p>Politique de cookiesChez Alice Onglerie, nous utilisons des cookies pour am\u00e9liorer l&#8217;exp\u00e9rience utilisateur et offrir des services adapt\u00e9s \u00e0 vos besoins. Cette politique de cookies explique ce que sont les cookies, comment nous les utilisons, et comment vous pouvez g\u00e9rer vos pr\u00e9f\u00e9rences.Date de derni\u00e8re mise \u00e0 jour : 21 decembre 2024Qu&#8217;est-ce qu&#8217;un cookie ?Un cookie [&hellip;]<\/p>\n","protected":false},"author":1,"featured_media":0,"parent":0,"menu_order":0,"comment_status":"closed","ping_status":"closed","template":"","meta":{"_et_pb_use_builder":"on","_et_pb_old_content":"","_et_gb_content_width":"","_glsr_average":0,"_glsr_ranking":0,"_glsr_reviews":0,"footnotes":""},"class_list":["post-1262","page","type-page","status-publish","hentry"],"yoast_head":"<!-- This site is optimized with the Yoast SEO plugin v24.5 - https:\/\/yoast.com\/wordpress\/plugins\/seo\/ -->\n<title>Politique de cookies - ALICE ONGLERIE<\/title>\n<meta name=\"robots\" content=\"index, follow, max-snippet:-1, max-image-preview:large, max-video-preview:-1\" \/>\n<link rel=\"canonical\" href=\"https:\/\/aliceonglerie.com\/?page_id=1262\" \/>\n<meta property=\"og:locale\" content=\"en_US\" \/>\n<meta property=\"og:type\" content=\"article\" \/>\n<meta property=\"og:title\" content=\"Politique de cookies - ALICE ONGLERIE\" \/>\n<meta property=\"og:description\" content=\"Politique de cookiesChez Alice Onglerie, nous utilisons des cookies pour am\u00e9liorer l&#039;exp\u00e9rience utilisateur et offrir des services adapt\u00e9s \u00e0 vos besoins. Cette politique de cookies explique ce que sont les cookies, comment nous les utilisons, et comment vous pouvez g\u00e9rer vos pr\u00e9f\u00e9rences.Date de derni\u00e8re mise \u00e0 jour : 21 decembre 2024Qu&#039;est-ce qu&#039;un cookie ?Un cookie [&hellip;]\" \/>\n<meta property=\"og:url\" content=\"https:\/\/aliceonglerie.com\/?page_id=1262\" \/>\n<meta property=\"og:site_name\" content=\"ALICE ONGLERIE\" \/>\n<meta property=\"article:publisher\" content=\"https:\/\/www.facebook.com\/aliceonglerie\" \/>\n<meta property=\"article:modified_time\" content=\"2024-12-21T19:22:12+00:00\" \/>\n<meta name=\"twitter:card\" content=\"summary_large_image\" \/>\n<meta name=\"twitter:label1\" content=\"Est. reading time\" \/>\n\t<meta name=\"twitter:data1\" content=\"5 minutes\" \/>\n<script type=\"application\/ld+json\" class=\"yoast-schema-graph\">{\"@context\":\"https:\/\/schema.org\",\"@graph\":[{\"@type\":\"WebPage\",\"@id\":\"https:\/\/aliceonglerie.com\/?page_id=1262\",\"url\":\"https:\/\/aliceonglerie.com\/?page_id=1262\",\"name\":\"Politique de cookies - ALICE ONGLERIE\",\"isPartOf\":{\"@id\":\"https:\/\/aliceonglerie.com\/#website\"},\"datePublished\":\"2024-12-21T19:22:05+00:00\",\"dateModified\":\"2024-12-21T19:22:12+00:00\",\"breadcrumb\":{\"@id\":\"https:\/\/aliceonglerie.com\/?page_id=1262#breadcrumb\"},\"inLanguage\":\"en-US\",\"potentialAction\":[{\"@type\":\"ReadAction\",\"target\":[\"https:\/\/aliceonglerie.com\/?page_id=1262\"]}]},{\"@type\":\"BreadcrumbList\",\"@id\":\"https:\/\/aliceonglerie.com\/?page_id=1262#breadcrumb\",\"itemListElement\":[{\"@type\":\"ListItem\",\"position\":1,\"name\":\"Accueil\",\"item\":\"https:\/\/aliceonglerie.com\/\"},{\"@type\":\"ListItem\",\"position\":2,\"name\":\"Politique de cookies\"}]},{\"@type\":\"WebSite\",\"@id\":\"https:\/\/aliceonglerie.com\/#website\",\"url\":\"https:\/\/aliceonglerie.com\/\",\"name\":\"ALICE ONGLERIE\",\"description\":\"\",\"publisher\":{\"@id\":\"https:\/\/aliceonglerie.com\/#organization\"},\"potentialAction\":[{\"@type\":\"SearchAction\",\"target\":{\"@type\":\"EntryPoint\",\"urlTemplate\":\"https:\/\/aliceonglerie.com\/?s={search_term_string}\"},\"query-input\":{\"@type\":\"PropertyValueSpecification\",\"valueRequired\":true,\"valueName\":\"search_term_string\"}}],\"inLanguage\":\"en-US\"},{\"@type\":\"Organization\",\"@id\":\"https:\/\/aliceonglerie.com\/#organization\",\"name\":\"ALICE ONGLERIE\",\"url\":\"https:\/\/aliceonglerie.com\/\",\"logo\":{\"@type\":\"ImageObject\",\"inLanguage\":\"en-US\",\"@id\":\"https:\/\/aliceonglerie.com\/#\/schema\/logo\/image\/\",\"url\":\"https:\/\/aliceonglerie.com\/wp-content\/uploads\/2024\/12\/Alice-1.png\",\"contentUrl\":\"https:\/\/aliceonglerie.com\/wp-content\/uploads\/2024\/12\/Alice-1.png\",\"width\":300,\"height\":100,\"caption\":\"ALICE ONGLERIE\"},\"image\":{\"@id\":\"https:\/\/aliceonglerie.com\/#\/schema\/logo\/image\/\"},\"sameAs\":[\"https:\/\/www.facebook.com\/aliceonglerie\",\"https:\/\/www.instagram.com\/aliceonglerie\/\"]}]}<\/script>\n<!-- \/ Yoast SEO plugin. -->","yoast_head_json":{"title":"Politique de cookies - ALICE ONGLERIE","robots":{"index":"index","follow":"follow","max-snippet":"max-snippet:-1","max-image-preview":"max-image-preview:large","max-video-preview":"max-video-preview:-1"},"canonical":"https:\/\/aliceonglerie.com\/?page_id=1262","og_locale":"en_US","og_type":"article","og_title":"Politique de cookies - ALICE ONGLERIE","og_description":"Politique de cookiesChez Alice Onglerie, nous utilisons des cookies pour am\u00e9liorer l'exp\u00e9rience utilisateur et offrir des services adapt\u00e9s \u00e0 vos besoins. Cette politique de cookies explique ce que sont les cookies, comment nous les utilisons, et comment vous pouvez g\u00e9rer vos pr\u00e9f\u00e9rences.Date de derni\u00e8re mise \u00e0 jour : 21 decembre 2024Qu'est-ce qu'un cookie ?Un cookie [&hellip;]","og_url":"https:\/\/aliceonglerie.com\/?page_id=1262","og_site_name":"ALICE ONGLERIE","article_publisher":"https:\/\/www.facebook.com\/aliceonglerie","article_modified_time":"2024-12-21T19:22:12+00:00","twitter_card":"summary_large_image","twitter_misc":{"Est. reading time":"5 minutes"},"schema":{"@context":"https:\/\/schema.org","@graph":[{"@type":"WebPage","@id":"https:\/\/aliceonglerie.com\/?page_id=1262","url":"https:\/\/aliceonglerie.com\/?page_id=1262","name":"Politique de cookies - ALICE ONGLERIE","isPartOf":{"@id":"https:\/\/aliceonglerie.com\/#website"},"datePublished":"2024-12-21T19:22:05+00:00","dateModified":"2024-12-21T19:22:12+00:00","breadcrumb":{"@id":"https:\/\/aliceonglerie.com\/?page_id=1262#breadcrumb"},"inLanguage":"en-US","potentialAction":[{"@type":"ReadAction","target":["https:\/\/aliceonglerie.com\/?page_id=1262"]}]},{"@type":"BreadcrumbList","@id":"https:\/\/aliceonglerie.com\/?page_id=1262#breadcrumb","itemListElement":[{"@type":"ListItem","position":1,"name":"Accueil","item":"https:\/\/aliceonglerie.com\/"},{"@type":"ListItem","position":2,"name":"Politique de cookies"}]},{"@type":"WebSite","@id":"https:\/\/aliceonglerie.com\/#website","url":"https:\/\/aliceonglerie.com\/","name":"ALICE ONGLERIE","description":"","publisher":{"@id":"https:\/\/aliceonglerie.com\/#organization"},"potentialAction":[{"@type":"SearchAction","target":{"@type":"EntryPoint","urlTemplate":"https:\/\/aliceonglerie.com\/?s={search_term_string}"},"query-input":{"@type":"PropertyValueSpecification","valueRequired":true,"valueName":"search_term_string"}}],"inLanguage":"en-US"},{"@type":"Organization","@id":"https:\/\/aliceonglerie.com\/#organization","name":"ALICE ONGLERIE","url":"https:\/\/aliceonglerie.com\/","logo":{"@type":"ImageObject","inLanguage":"en-US","@id":"https:\/\/aliceonglerie.com\/#\/schema\/logo\/image\/","url":"https:\/\/aliceonglerie.com\/wp-content\/uploads\/2024\/12\/Alice-1.png","contentUrl":"https:\/\/aliceonglerie.com\/wp-content\/uploads\/2024\/12\/Alice-1.png","width":300,"height":100,"caption":"ALICE ONGLERIE"},"image":{"@id":"https:\/\/aliceonglerie.com\/#\/schema\/logo\/image\/"},"sameAs":["https:\/\/www.facebook.com\/aliceonglerie","https:\/\/www.instagram.com\/aliceonglerie\/"]}]}},"jetpack_sharing_enabled":true,"_links":{"self":[{"href":"https:\/\/aliceonglerie.com\/index.php?rest_route=\/wp\/v2\/pages\/1262","targetHints":{"allow":["GET"]}}],"collection":[{"href":"https:\/\/aliceonglerie.com\/index.php?rest_route=\/wp\/v2\/pages"}],"about":[{"href":"https:\/\/aliceonglerie.com\/index.php?rest_route=\/wp\/v2\/types\/page"}],"author":[{"embeddable":true,"href":"https:\/\/aliceonglerie.com\/index.php?rest_route=\/wp\/v2\/users\/1"}],"replies":[{"embeddable":true,"href":"https:\/\/aliceonglerie.com\/index.php?rest_route=%2Fwp%2Fv2%2Fcomments&post=1262"}],"version-history":[{"count":4,"href":"https:\/\/aliceonglerie.com\/index.php?rest_route=\/wp\/v2\/pages\/1262\/revisions"}],"predecessor-version":[{"id":1269,"href":"https:\/\/aliceonglerie.com\/index.php?rest_route=\/wp\/v2\/pages\/1262\/revisions\/1269"}],"wp:attachment":[{"href":"https:\/\/aliceonglerie.com\/index.php?rest_route=%2Fwp%2Fv2%2Fmedia&parent=1262"}],"curies":[{"name":"wp","href":"https:\/\/api.w.org\/{rel}","templated":true}]}}