{"id":1095,"date":"2024-12-11T21:51:32","date_gmt":"2024-12-11T20:51:32","guid":{"rendered":"http:\/\/aliceonglerie.com\/?page_id=1095"},"modified":"2024-12-29T19:56:38","modified_gmt":"2024-12-29T18:56:38","slug":"1095-2","status":"publish","type":"page","link":"https:\/\/aliceonglerie.com\/?page_id=1095","title":{"rendered":"Prendre rendez vous"},"content":{"rendered":"<p>[et_pb_section fb_built=&#8221;1&#8243; _builder_version=&#8221;4.27.4&#8243; _module_preset=&#8221;default&#8221; background_color=&#8221;rgba(0,0,0,0.35)&#8221; background_image=&#8221;http:\/\/aliceonglerie.com\/wp-content\/uploads\/2024\/12\/Design-sans-titre-8-300&#215;149.png&#8221; background_blend=&#8221;darken&#8221; custom_margin=&#8221;||||false&#8221; custom_padding=&#8221;||179px||false|false&#8221; global_colors_info=&#8221;{}&#8221;][et_pb_row _builder_version=&#8221;4.27.4&#8243; _module_preset=&#8221;default&#8221; global_colors_info=&#8221;{}&#8221;][et_pb_column type=&#8221;4_4&#8243; _builder_version=&#8221;4.27.4&#8243; _module_preset=&#8221;default&#8221; global_colors_info=&#8221;{}&#8221;][et_pb_text _builder_version=&#8221;4.27.4&#8243; _module_preset=&#8221;default&#8221; header_5_font=&#8221;Work Sans||||||||&#8221; header_5_text_color=&#8221;#FFFFFF&#8221; header_5_font_size=&#8221;14px&#8221; global_colors_info=&#8221;{}&#8221;]<\/p>\n<h5 style=\"text-align: center;\">RENDEZ-VOUS<\/h5>\n<p>[\/et_pb_text][et_pb_text _builder_version=&#8221;4.27.4&#8243; _module_preset=&#8221;default&#8221; header_font=&#8221;Domine||||||||&#8221; header_text_color=&#8221;#FFFFFF&#8221; header_font_size=&#8221;48px&#8221; global_colors_info=&#8221;{}&#8221;]<\/p>\n<h1 style=\"text-align: center;\"><span>Pr\u00eate \u00e0 sublimer vos ongles ? <\/span><\/h1>\n<h1 style=\"text-align: center;\"><span>R\u00e9servez ici.<\/span><\/h1>\n<p>[\/et_pb_text][et_pb_text _builder_version=&#8221;4.27.4&#8243; _module_preset=&#8221;default&#8221; text_font=&#8221;Work Sans||||||||&#8221; text_text_color=&#8221;#FFFFFF&#8221; text_font_size=&#8221;19px&#8221; custom_padding=&#8221;||||false|true&#8221; global_colors_info=&#8221;{}&#8221;]<\/p>\n<p style=\"text-align: center;\"><span>Un moment rien que pour vous, en quelques clics.<\/span><\/p>\n<p>[\/et_pb_text][\/et_pb_column][\/et_pb_row][\/et_pb_section][et_pb_section fb_built=&#8221;1&#8243; _builder_version=&#8221;4.27.4&#8243; _module_preset=&#8221;default&#8221; global_colors_info=&#8221;{}&#8221;][et_pb_row _builder_version=&#8221;4.27.4&#8243; _module_preset=&#8221;default&#8221; global_colors_info=&#8221;{}&#8221;][et_pb_column type=&#8221;4_4&#8243; _builder_version=&#8221;4.27.4&#8243; _module_preset=&#8221;default&#8221; global_colors_info=&#8221;{}&#8221;][et_pb_code _builder_version=&#8221;4.27.4&#8243; _module_preset=&#8221;default&#8221; global_colors_info=&#8221;{}&#8221;]<\/p>\n<div id=\"$myContainerId\"><\/div>\n<p><!-- [et_pb_line_break_holder] --><script><!-- [et_pb_line_break_holder] -->    var container = document.getElementById('$myContainerId');<!-- [et_pb_line_break_holder] -->    window.planity = {<!-- [et_pb_line_break_holder] -->        key: '-MyT6HbT8KVLsztsP0E2',<!-- [et_pb_line_break_holder] -->        primaryColor: '$primaryColor',<!-- [et_pb_line_break_holder] -->        \/\/ choisissez une des options ci-dessous<!-- [et_pb_line_break_holder] -->        container: container,<!-- [et_pb_line_break_holder] -->        \/\/ accountContainer: container,<!-- [et_pb_line_break_holder] -->        \/\/ appointmentContainer: container,<!-- [et_pb_line_break_holder] -->        \/\/ giftVoucherContainer: container,<!-- [et_pb_line_break_holder] -->        \/\/ onlineShopContainer: container<!-- [et_pb_line_break_holder] -->    };<!-- [et_pb_line_break_holder] --><\/script><!-- [et_pb_line_break_holder] --><script src=\"https:\/\/d2skjte8udjqxw.cloudfront.net\/widget\/production\/2\/polyfills.latest.js\"><\/script><!-- [et_pb_line_break_holder] --><script src=\"https:\/\/d2skjte8udjqxw.cloudfront.net\/widget\/production\/2\/app.latest.js\"><\/script><!-- [et_pb_line_break_holder] -->[\/et_pb_code][\/et_pb_column][\/et_pb_row][\/et_pb_section][et_pb_section fb_built=&#8221;1&#8243; _builder_version=&#8221;4.27.4&#8243; _module_preset=&#8221;default&#8221; hover_enabled=&#8221;0&#8243; global_colors_info=&#8221;{}&#8221; background_image=&#8221;http:\/\/aliceonglerie.com\/wp-content\/uploads\/2024\/12\/3-300&#215;300.png&#8221; background_blend=&#8221;darken&#8221; background_color=&#8221;rgba(0,0,0,0.28)&#8221; sticky_enabled=&#8221;0&#8243;][et_pb_row _builder_version=&#8221;4.27.4&#8243; _module_preset=&#8221;default&#8221; global_colors_info=&#8221;{}&#8221;][et_pb_column type=&#8221;4_4&#8243; _builder_version=&#8221;4.27.4&#8243; _module_preset=&#8221;default&#8221; global_colors_info=&#8221;{}&#8221;][et_pb_text _builder_version=&#8221;4.27.4&#8243; _module_preset=&#8221;default&#8221; hover_enabled=&#8221;0&#8243; global_colors_info=&#8221;{}&#8221; sticky_enabled=&#8221;0&#8243; header_2_font=&#8221;Domine||||||||&#8221; header_2_text_color=&#8221;#FFFFFF&#8221; header_2_font_size=&#8221;40px&#8221;]<\/p>\n<h2><span>COD Nails disponible en click and collect \u00e0 Mouscron<\/span><\/h2>\n<p>[\/et_pb_text][et_pb_text _builder_version=&#8221;4.27.4&#8243; _module_preset=&#8221;default&#8221; hover_enabled=&#8221;0&#8243; global_colors_info=&#8221;{}&#8221; text_text_color=&#8221;#FFFFFF&#8221; sticky_enabled=&#8221;0&#8243; text_font=&#8221;Work Sans||||||||&#8221; text_font_size=&#8221;15px&#8221; text_line_height=&#8221;1em&#8221; text_text_shadow_style=&#8221;preset2&#8243;]<\/p>\n<p><span>Simplifiez vos achats : commandez en ligne vos produits professionnels COD Nails et r\u00e9cup\u00e9rez-les facilement \u00e0 Mouscron. <\/span><\/p>\n<p><span>La qualit\u00e9 \u00e0 votre port\u00e9e !<\/span><\/p>\n<p>[\/et_pb_text][et_pb_button button_text=&#8221;SHOP&#8221; _builder_version=&#8221;4.27.4&#8243; _module_preset=&#8221;default&#8221; hover_enabled=&#8221;0&#8243; global_colors_info=&#8221;{}&#8221; custom_button=&#8221;on&#8221; button_text_color=&#8221;#FFFFFF&#8221; button_bg_color=&#8221;#000000&#8243; button_bg_enable_color=&#8221;on&#8221; button_border_width=&#8221;0px&#8221; button_border_radius=&#8221;0px&#8221; sticky_enabled=&#8221;0&#8243;][\/et_pb_button][\/et_pb_column][\/et_pb_row][\/et_pb_section]<\/p>\n","protected":false},"excerpt":{"rendered":"<p>RENDEZ-VOUSPr\u00eate \u00e0 sublimer vos ongles ? R\u00e9servez ici.Un moment rien que pour vous, en quelques clics.COD Nails disponible en click and collect \u00e0 MouscronSimplifiez vos achats : commandez en ligne vos produits professionnels COD Nails et r\u00e9cup\u00e9rez-les facilement \u00e0 Mouscron. La qualit\u00e9 \u00e0 votre port\u00e9e !<\/p>\n","protected":false},"author":1,"featured_media":0,"parent":0,"menu_order":0,"comment_status":"closed","ping_status":"closed","template":"","meta":{"_et_pb_use_builder":"on","_et_pb_old_content":"","_et_gb_content_width":"","_glsr_average":0,"_glsr_ranking":0,"_glsr_reviews":0,"footnotes":""},"class_list":["post-1095","page","type-page","status-publish","hentry"],"yoast_head":"<!-- This site is optimized with the Yoast SEO plugin v24.5 - https:\/\/yoast.com\/wordpress\/plugins\/seo\/ -->\n<title>Prendre rendez vous - ALICE ONGLERIE<\/title>\n<meta name=\"robots\" content=\"index, follow, max-snippet:-1, max-image-preview:large, max-video-preview:-1\" \/>\n<link rel=\"canonical\" href=\"https:\/\/aliceonglerie.com\/?page_id=1095\" \/>\n<meta property=\"og:locale\" content=\"en_US\" \/>\n<meta property=\"og:type\" content=\"article\" \/>\n<meta property=\"og:title\" content=\"Prendre rendez vous - ALICE ONGLERIE\" \/>\n<meta property=\"og:description\" content=\"RENDEZ-VOUSPr\u00eate \u00e0 sublimer vos ongles ? R\u00e9servez ici.Un moment rien que pour vous, en quelques clics.COD Nails disponible en click and collect \u00e0 MouscronSimplifiez vos achats : commandez en ligne vos produits professionnels COD Nails et r\u00e9cup\u00e9rez-les facilement \u00e0 Mouscron. La qualit\u00e9 \u00e0 votre port\u00e9e !\" \/>\n<meta property=\"og:url\" content=\"https:\/\/aliceonglerie.com\/?page_id=1095\" \/>\n<meta property=\"og:site_name\" content=\"ALICE ONGLERIE\" \/>\n<meta property=\"article:publisher\" content=\"https:\/\/www.facebook.com\/aliceonglerie\" \/>\n<meta property=\"article:modified_time\" content=\"2024-12-29T18:56:38+00:00\" \/>\n<meta name=\"twitter:card\" content=\"summary_large_image\" \/>\n<meta name=\"twitter:label1\" content=\"Est. reading time\" \/>\n\t<meta name=\"twitter:data1\" content=\"2 minutes\" \/>\n<script type=\"application\/ld+json\" class=\"yoast-schema-graph\">{\"@context\":\"https:\/\/schema.org\",\"@graph\":[{\"@type\":\"WebPage\",\"@id\":\"https:\/\/aliceonglerie.com\/?page_id=1095\",\"url\":\"https:\/\/aliceonglerie.com\/?page_id=1095\",\"name\":\"Prendre rendez vous - ALICE ONGLERIE\",\"isPartOf\":{\"@id\":\"https:\/\/aliceonglerie.com\/#website\"},\"datePublished\":\"2024-12-11T20:51:32+00:00\",\"dateModified\":\"2024-12-29T18:56:38+00:00\",\"breadcrumb\":{\"@id\":\"https:\/\/aliceonglerie.com\/?page_id=1095#breadcrumb\"},\"inLanguage\":\"en-US\",\"potentialAction\":[{\"@type\":\"ReadAction\",\"target\":[\"https:\/\/aliceonglerie.com\/?page_id=1095\"]}]},{\"@type\":\"BreadcrumbList\",\"@id\":\"https:\/\/aliceonglerie.com\/?page_id=1095#breadcrumb\",\"itemListElement\":[{\"@type\":\"ListItem\",\"position\":1,\"name\":\"Accueil\",\"item\":\"https:\/\/aliceonglerie.com\/\"},{\"@type\":\"ListItem\",\"position\":2,\"name\":\"Prendre rendez vous\"}]},{\"@type\":\"WebSite\",\"@id\":\"https:\/\/aliceonglerie.com\/#website\",\"url\":\"https:\/\/aliceonglerie.com\/\",\"name\":\"ALICE ONGLERIE\",\"description\":\"\",\"publisher\":{\"@id\":\"https:\/\/aliceonglerie.com\/#organization\"},\"potentialAction\":[{\"@type\":\"SearchAction\",\"target\":{\"@type\":\"EntryPoint\",\"urlTemplate\":\"https:\/\/aliceonglerie.com\/?s={search_term_string}\"},\"query-input\":{\"@type\":\"PropertyValueSpecification\",\"valueRequired\":true,\"valueName\":\"search_term_string\"}}],\"inLanguage\":\"en-US\"},{\"@type\":\"Organization\",\"@id\":\"https:\/\/aliceonglerie.com\/#organization\",\"name\":\"ALICE ONGLERIE\",\"url\":\"https:\/\/aliceonglerie.com\/\",\"logo\":{\"@type\":\"ImageObject\",\"inLanguage\":\"en-US\",\"@id\":\"https:\/\/aliceonglerie.com\/#\/schema\/logo\/image\/\",\"url\":\"https:\/\/aliceonglerie.com\/wp-content\/uploads\/2024\/12\/Alice-1.png\",\"contentUrl\":\"https:\/\/aliceonglerie.com\/wp-content\/uploads\/2024\/12\/Alice-1.png\",\"width\":300,\"height\":100,\"caption\":\"ALICE ONGLERIE\"},\"image\":{\"@id\":\"https:\/\/aliceonglerie.com\/#\/schema\/logo\/image\/\"},\"sameAs\":[\"https:\/\/www.facebook.com\/aliceonglerie\",\"https:\/\/www.instagram.com\/aliceonglerie\/\"]}]}<\/script>\n<!-- \/ Yoast SEO plugin. -->","yoast_head_json":{"title":"Prendre rendez vous - ALICE ONGLERIE","robots":{"index":"index","follow":"follow","max-snippet":"max-snippet:-1","max-image-preview":"max-image-preview:large","max-video-preview":"max-video-preview:-1"},"canonical":"https:\/\/aliceonglerie.com\/?page_id=1095","og_locale":"en_US","og_type":"article","og_title":"Prendre rendez vous - ALICE ONGLERIE","og_description":"RENDEZ-VOUSPr\u00eate \u00e0 sublimer vos ongles ? R\u00e9servez ici.Un moment rien que pour vous, en quelques clics.COD Nails disponible en click and collect \u00e0 MouscronSimplifiez vos achats : commandez en ligne vos produits professionnels COD Nails et r\u00e9cup\u00e9rez-les facilement \u00e0 Mouscron. La qualit\u00e9 \u00e0 votre port\u00e9e !","og_url":"https:\/\/aliceonglerie.com\/?page_id=1095","og_site_name":"ALICE ONGLERIE","article_publisher":"https:\/\/www.facebook.com\/aliceonglerie","article_modified_time":"2024-12-29T18:56:38+00:00","twitter_card":"summary_large_image","twitter_misc":{"Est. reading time":"2 minutes"},"schema":{"@context":"https:\/\/schema.org","@graph":[{"@type":"WebPage","@id":"https:\/\/aliceonglerie.com\/?page_id=1095","url":"https:\/\/aliceonglerie.com\/?page_id=1095","name":"Prendre rendez vous - ALICE ONGLERIE","isPartOf":{"@id":"https:\/\/aliceonglerie.com\/#website"},"datePublished":"2024-12-11T20:51:32+00:00","dateModified":"2024-12-29T18:56:38+00:00","breadcrumb":{"@id":"https:\/\/aliceonglerie.com\/?page_id=1095#breadcrumb"},"inLanguage":"en-US","potentialAction":[{"@type":"ReadAction","target":["https:\/\/aliceonglerie.com\/?page_id=1095"]}]},{"@type":"BreadcrumbList","@id":"https:\/\/aliceonglerie.com\/?page_id=1095#breadcrumb","itemListElement":[{"@type":"ListItem","position":1,"name":"Accueil","item":"https:\/\/aliceonglerie.com\/"},{"@type":"ListItem","position":2,"name":"Prendre rendez vous"}]},{"@type":"WebSite","@id":"https:\/\/aliceonglerie.com\/#website","url":"https:\/\/aliceonglerie.com\/","name":"ALICE ONGLERIE","description":"","publisher":{"@id":"https:\/\/aliceonglerie.com\/#organization"},"potentialAction":[{"@type":"SearchAction","target":{"@type":"EntryPoint","urlTemplate":"https:\/\/aliceonglerie.com\/?s={search_term_string}"},"query-input":{"@type":"PropertyValueSpecification","valueRequired":true,"valueName":"search_term_string"}}],"inLanguage":"en-US"},{"@type":"Organization","@id":"https:\/\/aliceonglerie.com\/#organization","name":"ALICE ONGLERIE","url":"https:\/\/aliceonglerie.com\/","logo":{"@type":"ImageObject","inLanguage":"en-US","@id":"https:\/\/aliceonglerie.com\/#\/schema\/logo\/image\/","url":"https:\/\/aliceonglerie.com\/wp-content\/uploads\/2024\/12\/Alice-1.png","contentUrl":"https:\/\/aliceonglerie.com\/wp-content\/uploads\/2024\/12\/Alice-1.png","width":300,"height":100,"caption":"ALICE ONGLERIE"},"image":{"@id":"https:\/\/aliceonglerie.com\/#\/schema\/logo\/image\/"},"sameAs":["https:\/\/www.facebook.com\/aliceonglerie","https:\/\/www.instagram.com\/aliceonglerie\/"]}]}},"jetpack_sharing_enabled":true,"_links":{"self":[{"href":"https:\/\/aliceonglerie.com\/index.php?rest_route=\/wp\/v2\/pages\/1095","targetHints":{"allow":["GET"]}}],"collection":[{"href":"https:\/\/aliceonglerie.com\/index.php?rest_route=\/wp\/v2\/pages"}],"about":[{"href":"https:\/\/aliceonglerie.com\/index.php?rest_route=\/wp\/v2\/types\/page"}],"author":[{"embeddable":true,"href":"https:\/\/aliceonglerie.com\/index.php?rest_route=\/wp\/v2\/users\/1"}],"replies":[{"embeddable":true,"href":"https:\/\/aliceonglerie.com\/index.php?rest_route=%2Fwp%2Fv2%2Fcomments&post=1095"}],"version-history":[{"count":13,"href":"https:\/\/aliceonglerie.com\/index.php?rest_route=\/wp\/v2\/pages\/1095\/revisions"}],"predecessor-version":[{"id":1793,"href":"https:\/\/aliceonglerie.com\/index.php?rest_route=\/wp\/v2\/pages\/1095\/revisions\/1793"}],"wp:attachment":[{"href":"https:\/\/aliceonglerie.com\/index.php?rest_route=%2Fwp%2Fv2%2Fmedia&parent=1095"}],"curies":[{"name":"wp","href":"https:\/\/api.w.org\/{rel}","templated":true}]}}